{"id":4808,"date":"2025-09-24T11:13:09","date_gmt":"2025-09-24T09:13:09","guid":{"rendered":"https:\/\/wp.unil.ch\/swiss100\/?page_id=4808"},"modified":"2026-01-20T11:56:50","modified_gmt":"2026-01-20T10:56:50","slug":"suor-maria-agnese-squizzato","status":"publish","type":"page","link":"https:\/\/wp.unil.ch\/swiss100\/fr\/suor-maria-agnese-squizzato\/","title":{"rendered":"Suor Maria Agnese Squizzato"},"content":{"rendered":"\n<div class=\"wp-block-columns alignwide are-vertically-aligned-center is-layout-flex wp-container-core-columns-is-layout-9d6595d7 wp-block-columns-is-layout-flex\">\n<div class=\"wp-block-column is-vertically-aligned-center is-layout-flow wp-block-column-is-layout-flow\" style=\"flex-basis:100%\">\n<h4 class=\"wp-block-heading has-text-align-center\"><strong><strong><em>\u00ab\u202f<\/em><\/strong>J\u2019ai toujours travaill\u00e9 avec joie.<em>\u00bb<\/em><\/strong><\/h4>\n<\/div>\n<\/div>\n\n\n\n<div class=\"wp-block-columns alignwide is-layout-flex wp-container-core-columns-is-layout-9d6595d7 wp-block-columns-is-layout-flex\">\n<div class=\"wp-block-column is-layout-flow wp-block-column-is-layout-flow\">\n<figure class=\"wp-block-image size-large\"><img alt=\"\" loading=\"lazy\" decoding=\"async\" width=\"1024\" height=\"1024\" src=\"https:\/\/wp.unil.ch\/swiss100\/files\/2025\/09\/dsc05017suormariaagnese_fin-1024x1024.jpeg\" alt=\"\" class=\"wp-image-5033\" srcset=\"https:\/\/wp.unil.ch\/swiss100\/files\/2025\/09\/dsc05017suormariaagnese_fin-1024x1024.jpeg 1024w, https:\/\/wp.unil.ch\/swiss100\/files\/2025\/09\/dsc05017suormariaagnese_fin-300x300.jpeg 300w, https:\/\/wp.unil.ch\/swiss100\/files\/2025\/09\/dsc05017suormariaagnese_fin-150x150.jpeg 150w, https:\/\/wp.unil.ch\/swiss100\/files\/2025\/09\/dsc05017suormariaagnese_fin-768x768.jpeg 768w, https:\/\/wp.unil.ch\/swiss100\/files\/2025\/09\/dsc05017suormariaagnese_fin-540x540.jpeg 540w, https:\/\/wp.unil.ch\/swiss100\/files\/2025\/09\/dsc05017suormariaagnese_fin-1080x1080.jpeg 1080w, https:\/\/wp.unil.ch\/swiss100\/files\/2025\/09\/dsc05017suormariaagnese_fin.jpeg 1200w\" sizes=\"auto, (max-width: 1024px) 100vw, 1024px\" \/><figcaption class=\"wp-element-caption\">\u00c2ge au moment de la photo : 101 ans<\/figcaption><\/figure>\n\n\n\n<div class=\"wp-block-media-text\" style=\"grid-template-columns:23% auto\"><figure class=\"wp-block-media-text__media\"><a href=\"https:\/\/soundcloud.com\/swiss100\/suor-maria-agnese-squizzato-4?in=swiss100\/sets\/life-narrative&amp;si=019b5247e0c24bb59028513007d34cf1&amp;utm_source=clipboard&amp;utm_medium=text&amp;utm_campaign=social_sharing\"><img loading=\"lazy\" decoding=\"async\" width=\"500\" height=\"500\" src=\"https:\/\/wp.unil.ch\/swiss100\/files\/2025\/10\/audio-1.png\" alt=\"audio\" class=\"wp-image-5652 size-full\" srcset=\"https:\/\/wp.unil.ch\/swiss100\/files\/2025\/10\/audio-1.png 500w, https:\/\/wp.unil.ch\/swiss100\/files\/2025\/10\/audio-1-300x300.png 300w, https:\/\/wp.unil.ch\/swiss100\/files\/2025\/10\/audio-1-150x150.png 150w\" sizes=\"auto, (max-width: 500px) 100vw, 500px\" \/><\/a><\/figure><div class=\"wp-block-media-text__content\">\n<p>Cliquez sur l&rsquo;ic\u00f4ne pour \u00e9couter son histoire !<\/p>\n<\/div><\/div>\n<\/div>\n\n\n\n<div class=\"wp-block-column is-layout-flow wp-block-column-is-layout-flow\">\n<p>S\u0153ur Maria Agnese na\u00eet en 1922 sous le nom d\u2019Alessandra Squizzato \u00e0 Trebaseleghe, dans la province de Padoue en Italie. C\u2019est la derni\u00e8re de cinq filles n\u00e9es dans une famille catholique de paysans comptant dix enfants.&nbsp;&nbsp;<\/p>\n\n\n\n<p>Apr\u00e8s l\u2019\u00e9cole secondaire, Alessandra doit interrompre ses \u00e9tudes, bien qu\u2019elle souhaite les poursuivre. La famille est pauvre et a besoin de bras pour travailler. D\u00e8s son plus jeune \u00e2ge, elle souffre de graves probl\u00e8mes de sant\u00e9. Elle subit plusieurs op\u00e9rations, dont une \u00e0 l\u2019\u00e2ge de 15 ans \u00e0 la colonne vert\u00e9brale, qui marquera profond\u00e9ment sa vie.&nbsp;<\/p>\n\n\n\n<p>La religion occupe une place centrale dans sa famille. Chaque matin, la jeune Alessandra va \u00e0 la messe et rend visite aux religieuses du village. Elle se souvient d\u2019heures de pri\u00e8re et d\u2019une jeunesse profond\u00e9ment marqu\u00e9e par la foi. Apr\u00e8s la guerre, l\u2019association la\u00efque Action Catholique propose de nombreuses activit\u00e9s pour les jeunes filles. Alessandra participe volontiers, mais elle sent que son chemin sera diff\u00e9rent.&nbsp;&nbsp;\u00ab Nous voulions nous faire belles pour rencontrer des gar\u00e7ons \u00bb, se rappelle-t-elle en riant, \u00ab mais moi, j\u2019avais d\u2019autres d\u00e9sirs\u202f\u00bb. \u00c0 16 ans, elle quitte l\u2019Italie pour entrer dans un couvent \u00e0 Bellinzone, l\u2019Institut Santa Maria, o\u00f9 Alessandra devient S\u0153ur Maria Agnese. Elle suit une formation de couturi\u00e8re et travaille au repassage et \u00e0 la blanchisserie. En raison de ses douleurs au dos, elle se consacre ensuite \u00e0 l\u2019enseignement.&nbsp;<\/p>\n\n\n\n<p>S\u0153ur Maria Agnese obtient le dipl\u00f4me pour enseigner \u00e0 l\u2019\u00e9cole sup\u00e9rieure de couture et s\u2019installe \u00e0 Biasca, o\u00f9 elle enseigne de 1950 \u00e0 1995. Pendant plus de 40 ans, elle y enseigne \u00e0 de jeunes femmes et devient en m\u00eame temps responsable de la communaut\u00e9 des S\u0153urs de la Sainte-Croix de Menzingen. Elle garde de bons souvenirs de cette \u00e9poque et parle affectueusement de \u00ab ses filles \u00bb. S\u0153ur Maria Agnese est une enseignante stricte, mais aussi bienveillante : il est important pour elle que chacune de ses \u00e9l\u00e8ves obtienne son dipl\u00f4me.&nbsp;<\/p>\n\n\n\n<p>En 1995, \u00e0 73 ans, elle rejoint l\u2019Institut Carmelo Santa Teresa \u00e0 Brione sopra Minusio. Bien que l\u2019habit religieux ne soit plus obligatoire depuis les ann\u00e9es 1970, S\u0153ur Maria Agnese y reste fid\u00e8le : elle est la derni\u00e8re de la congr\u00e9gation en Suisse \u00e0 porter encore la longue robe et le voile, qu\u2019elle souhaite toujours soigneusement repass\u00e9s.&nbsp;<\/p>\n\n\n\n<p>Avec son d\u00e9ambulateur, elle se d\u00e9place seule dans la maison. Elle participe aux activit\u00e9s de l\u2019institut jusqu\u2019\u00e0 l\u2019\u00e2ge de 101 ans\u202f: au cours de gymnastique, aux groupes de cuisine et, bien s\u00fbr, \u00e0 la messe quotidienne. Seule son audition r\u00e9duite l\u2019emp\u00eache d\u2019\u00eatre encore plus active dans la vie communautaire.&nbsp;&nbsp;<\/p>\n<\/div>\n<\/div>\n","protected":false},"excerpt":{"rendered":"<p>\u00ab\u202fJ\u2019ai toujours travaill\u00e9 avec joie.\u00bb Cliquez sur l&rsquo;ic\u00f4ne pour \u00e9couter son histoire ! S\u0153ur Maria Agnese na\u00eet en 1922 sous le nom d\u2019Alessandra Squizzato \u00e0 Trebaseleghe, dans la&hellip;<\/p>\n","protected":false},"author":1003049,"featured_media":0,"parent":0,"menu_order":0,"comment_status":"closed","ping_status":"closed","template":"","meta":{"_seopress_robots_primary_cat":"","_seopress_titles_title":"","_seopress_titles_desc":"","_seopress_robots_index":"","footnotes":""},"class_list":["post-4808","page","type-page","status-publish","has-post-thumbnail"],"_links":{"self":[{"href":"https:\/\/wp.unil.ch\/swiss100\/fr\/wp-json\/wp\/v2\/pages\/4808","targetHints":{"allow":["GET"]}}],"collection":[{"href":"https:\/\/wp.unil.ch\/swiss100\/fr\/wp-json\/wp\/v2\/pages"}],"about":[{"href":"https:\/\/wp.unil.ch\/swiss100\/fr\/wp-json\/wp\/v2\/types\/page"}],"author":[{"embeddable":true,"href":"https:\/\/wp.unil.ch\/swiss100\/fr\/wp-json\/wp\/v2\/users\/1003049"}],"replies":[{"embeddable":true,"href":"https:\/\/wp.unil.ch\/swiss100\/fr\/wp-json\/wp\/v2\/comments?post=4808"}],"version-history":[{"count":5,"href":"https:\/\/wp.unil.ch\/swiss100\/fr\/wp-json\/wp\/v2\/pages\/4808\/revisions"}],"predecessor-version":[{"id":6768,"href":"https:\/\/wp.unil.ch\/swiss100\/fr\/wp-json\/wp\/v2\/pages\/4808\/revisions\/6768"}],"wp:attachment":[{"href":"https:\/\/wp.unil.ch\/swiss100\/fr\/wp-json\/wp\/v2\/media?parent=4808"}],"curies":[{"name":"wp","href":"https:\/\/api.w.org\/{rel}","templated":true}]}}