{"id":4799,"date":"2025-09-24T11:06:12","date_gmt":"2025-09-24T09:06:12","guid":{"rendered":"https:\/\/wp.unil.ch\/swiss100\/?page_id=4799"},"modified":"2026-01-20T11:28:39","modified_gmt":"2026-01-20T10:28:39","slug":"verena-daerendinger","status":"publish","type":"page","link":"https:\/\/wp.unil.ch\/swiss100\/fr\/verena-daerendinger\/","title":{"rendered":"Verena Daerendinger"},"content":{"rendered":"\n<div class=\"wp-block-columns alignwide is-layout-flex wp-container-core-columns-is-layout-9d6595d7 wp-block-columns-is-layout-flex\">\n<div class=\"wp-block-column is-vertically-aligned-center is-layout-flow wp-block-column-is-layout-flow\">\n<h4 class=\"wp-block-heading has-text-align-center\"><strong>\u00abLes destins sont tous diff\u00e9rents, on ne sait jamais ce qui va venir. Je suis pleine de gratitude et je prends la vie jour apr\u00e8s jour.\u202f\u00bb<\/strong>&nbsp;<\/h4>\n<\/div>\n<\/div>\n\n\n\n<div class=\"wp-block-columns alignwide is-layout-flex wp-container-core-columns-is-layout-9d6595d7 wp-block-columns-is-layout-flex\">\n<div class=\"wp-block-column is-layout-flow wp-block-column-is-layout-flow\">\n<figure class=\"wp-block-image size-large\"><img alt=\"\" loading=\"lazy\" decoding=\"async\" width=\"1024\" height=\"1024\" src=\"https:\/\/wp.unil.ch\/swiss100\/files\/2025\/09\/dsc05361daerendinger_fin-1024x1024.jpeg\" alt=\"\" class=\"wp-image-5037\" srcset=\"https:\/\/wp.unil.ch\/swiss100\/files\/2025\/09\/dsc05361daerendinger_fin-1024x1024.jpeg 1024w, https:\/\/wp.unil.ch\/swiss100\/files\/2025\/09\/dsc05361daerendinger_fin-300x300.jpeg 300w, https:\/\/wp.unil.ch\/swiss100\/files\/2025\/09\/dsc05361daerendinger_fin-150x150.jpeg 150w, https:\/\/wp.unil.ch\/swiss100\/files\/2025\/09\/dsc05361daerendinger_fin-768x768.jpeg 768w, https:\/\/wp.unil.ch\/swiss100\/files\/2025\/09\/dsc05361daerendinger_fin-540x540.jpeg 540w, https:\/\/wp.unil.ch\/swiss100\/files\/2025\/09\/dsc05361daerendinger_fin-1080x1080.jpeg 1080w, https:\/\/wp.unil.ch\/swiss100\/files\/2025\/09\/dsc05361daerendinger_fin.jpeg 1200w\" sizes=\"auto, (max-width: 1024px) 100vw, 1024px\" \/><figcaption class=\"wp-element-caption\">\u00c2ge au moment de la photo : 101 ans<\/figcaption><\/figure>\n\n\n\n<div class=\"wp-block-media-text\" style=\"grid-template-columns:23% auto\"><figure class=\"wp-block-media-text__media\"><a href=\"https:\/\/soundcloud.com\/swiss100\/verena-daerendinger-8?si=ba1145004d5249e2947b064267dea1b8&amp;utm_source=clipboard&amp;utm_medium=text&amp;utm_campaign=social_sharing\"><img loading=\"lazy\" decoding=\"async\" width=\"500\" height=\"500\" src=\"https:\/\/wp.unil.ch\/swiss100\/files\/2025\/10\/audio-1.png\" alt=\"audio\" class=\"wp-image-5652 size-full\" srcset=\"https:\/\/wp.unil.ch\/swiss100\/files\/2025\/10\/audio-1.png 500w, https:\/\/wp.unil.ch\/swiss100\/files\/2025\/10\/audio-1-300x300.png 300w, https:\/\/wp.unil.ch\/swiss100\/files\/2025\/10\/audio-1-150x150.png 150w\" sizes=\"auto, (max-width: 500px) 100vw, 500px\" \/><\/a><\/figure><div class=\"wp-block-media-text__content\">\n<p>Cliquez sur l&rsquo;ic\u00f4ne pour \u00e9couter son histoire !<\/p>\n<\/div><\/div>\n<\/div>\n\n\n\n<div class=\"wp-block-column is-layout-flow wp-block-column-is-layout-flow\">\n<p>Verena Daerendinger na\u00eet en 1922 \u00e0 Trachselwald, dans l\u2019Emmental bernois. Elle grandit avec ses deux s\u0153urs cadettes dans la ferme familiale. Il n\u2019y a pas de salle de bains et les toilettes se trouvent dans l\u2019\u00e9table. Son enfance est belle et insouciante, surtout gr\u00e2ce \u00e0 sa grand-m\u00e8re, qui vit dans le St\u00f6ckli, la petite maison des anciens \u00e0 c\u00f4t\u00e9 de la ferme qu\u2019elle aime profond\u00e9ment. De 7 \u00e0 16 ans, Verena Daerendinger suit avec assiduit\u00e9 l\u2019\u00e9cole primaire. Elle appr\u00e9cie particuli\u00e8rement les math\u00e9matiques et l\u2019\u00e9criture, disciplines dans lesquelles elle excelle. \u00c0 l\u2019adolescence, elle passe une ann\u00e9e dans une ferme \u00e0 Blonay pour se perfectionner en fran\u00e7ais, exp\u00e9rience qui enrichit sa formation et son ouverture au monde. \u00c0 17 ans, elle revient \u00e0 la ferme familiale ; son p\u00e8re et son grand-p\u00e8re sont mobilis\u00e9s, car la Seconde Guerre mondiale \u00e9clate et chaque main devient indispensable au travail quotidien. Plus tard, elle poursuit ses \u00e9tudes \u00e0 l\u2019\u00c9cole d\u2019agriculture et obtient avec succ\u00e8s son examen professionnel.&nbsp;&nbsp;<\/p>\n\n\n\n<p>Verena Daerendinger rencontre son futur mari, Hans, \u00e0 20 ans, lors d\u2019une soir\u00e9e dansante o\u00f9 l\u2019on porte des habits traditionnels. Ensemble, ils passent leurs dimanches \u00e0 faire du v\u00e9lo, de la randonn\u00e9e ou du ski. Ils se marient en 1949. \u00c0 la fin de l\u2019ann\u00e9e 1950, leur premier fils na\u00eet. Deux ans plus tard, le second suit et, en 1957, c\u2019est au tour de la petite derni\u00e8re.&nbsp;<\/p>\n\n\n\n<p>En 1953, Verena Daerendinger et son mari s&rsquo;installent sur une exploitation agricole \u00e0 Gen\u00e8ve, ensuite en 1962 ils ont la possibilit\u00e9 d\u2019acheter un domaine agricole au bord du lac de Neuch\u00e2tel dans le canton de Vaud. &nbsp;Ils \u00e9l\u00e8vent des cochons, des vaches, des chevaux, des moutons, des poules, des lapins et des abeilles, cultivent des arbres fruitiers et entretiennent un grand jardin. Elle aime la nature, les animaux et les plantes. Aujourd\u2019hui, l\u2019exploitation est tenue par le petit-fils, en troisi\u00e8me g\u00e9n\u00e9ration.&nbsp;<\/p>\n\n\n\n<p>Verena Daerendinger surmonte les p\u00e9riodes difficiles de sa vie en retroussant ses manches et gr\u00e2ce \u00e0 sa foi profonde. Elle soutient son mari pendant ses phases de d\u00e9pression et prend soin de lui ensuite pendant longtemps. C\u2019est avec une grande tristesse qu\u2019elle perd son fils, son&nbsp;<s> <\/s>petit-fils et son beau-fils. Sa s\u0153ur Anny, avec qui elle continue de parler en suisse-allemand au t\u00e9l\u00e9phone jusqu\u2019\u00e0 un \u00e2ge avanc\u00e9, n\u2019est plus l\u00e0 non plus. Elle se demande parfois si elle aurait voulu faire quelque chose diff\u00e9remment dans sa vie et regrette de ne pas \u00eatre rest\u00e9e dans l\u2019Emmental et de ne pas avoir consacr\u00e9 plus de temps \u00e0 ses enfants, retenue sans cesse par le travail. \u00c0 l\u2019\u00e2ge de 103&nbsp; ans, elle profite pleinement de chaque instant avec ses petits-enfants et arri\u00e8re-petits-enfants.&nbsp;<\/p>\n\n\n\n<p>Verena Daerendinger vit entour\u00e9e d\u2019une grande famille. Elle habite avec son fils et sa belle-fille dans la m\u00eame maison : eux \u00e0 l\u2019\u00e9tage, elle au rez-de-chauss\u00e9e. Plusieurs petits-enfants habitent juste \u00e0 c\u00f4t\u00e9. Sa fille, avec qui elle entretient \u00e9galement de tr\u00e8s bonnes relations, vit dans le village. Elle est particuli\u00e8rement proche de ses petites-filles, dont les visites fr\u00e9quentes sont tr\u00e8s importantes pour elle.&nbsp;<\/p>\n\n\n\n<p>Elle dit qu\u2019il est \u00e0 la fois agr\u00e9able et difficile d\u2019avoir 100 ans. Sa sant\u00e9 est bonne et elle dort bien, mais elle entend et voit mal. Ce qui la g\u00eane surtout, c\u2019est son manque de mobilit\u00e9 : elle peut encore aller sur la terrasse, mais plus dans le jardin. Elle appr\u00e9cie profond\u00e9ment les soins et l\u2019attention que lui porte sa famille, mais il est important pour elle de pouvoir encore accomplir certaines t\u00e2ches par elle-m\u00eame : le dimanche, elle pr\u00e9pare elle-m\u00eame les repas afin que ses enfants puissent profiter d\u2019une journ\u00e9e libre.&nbsp;<\/p>\n\n\n\n<p>Verena Daerendinger aime \u00e9couter de la musique : la radio est allum\u00e9e de 14 h \u00e0 17 h, car \u00e0 ce moment-l\u00e0, on ne diffuse que de la musique. Elle est heureuse et ressent une profonde gratitude. Il y a dans ses yeux un \u00e9clat malicieux.&nbsp;&nbsp;<\/p>\n<\/div>\n<\/div>\n","protected":false},"excerpt":{"rendered":"<p>\u00abLes destins sont tous diff\u00e9rents, on ne sait jamais ce qui va venir. Je suis pleine de gratitude et je prends la vie jour apr\u00e8s jour.\u202f\u00bb&nbsp; Cliquez sur&hellip;<\/p>\n","protected":false},"author":1003048,"featured_media":0,"parent":0,"menu_order":0,"comment_status":"closed","ping_status":"closed","template":"","meta":{"_seopress_robots_primary_cat":"","_seopress_titles_title":"","_seopress_titles_desc":"","_seopress_robots_index":"","footnotes":""},"class_list":["post-4799","page","type-page","status-publish","has-post-thumbnail"],"_links":{"self":[{"href":"https:\/\/wp.unil.ch\/swiss100\/fr\/wp-json\/wp\/v2\/pages\/4799","targetHints":{"allow":["GET"]}}],"collection":[{"href":"https:\/\/wp.unil.ch\/swiss100\/fr\/wp-json\/wp\/v2\/pages"}],"about":[{"href":"https:\/\/wp.unil.ch\/swiss100\/fr\/wp-json\/wp\/v2\/types\/page"}],"author":[{"embeddable":true,"href":"https:\/\/wp.unil.ch\/swiss100\/fr\/wp-json\/wp\/v2\/users\/1003048"}],"replies":[{"embeddable":true,"href":"https:\/\/wp.unil.ch\/swiss100\/fr\/wp-json\/wp\/v2\/comments?post=4799"}],"version-history":[{"count":5,"href":"https:\/\/wp.unil.ch\/swiss100\/fr\/wp-json\/wp\/v2\/pages\/4799\/revisions"}],"predecessor-version":[{"id":6709,"href":"https:\/\/wp.unil.ch\/swiss100\/fr\/wp-json\/wp\/v2\/pages\/4799\/revisions\/6709"}],"wp:attachment":[{"href":"https:\/\/wp.unil.ch\/swiss100\/fr\/wp-json\/wp\/v2\/media?parent=4799"}],"curies":[{"name":"wp","href":"https:\/\/api.w.org\/{rel}","templated":true}]}}