{"id":4787,"date":"2025-09-24T10:58:26","date_gmt":"2025-09-24T08:58:26","guid":{"rendered":"https:\/\/wp.unil.ch\/swiss100\/?page_id=4787"},"modified":"2026-02-09T15:14:17","modified_gmt":"2026-02-09T14:14:17","slug":"georges-auguste-dubois","status":"publish","type":"page","link":"https:\/\/wp.unil.ch\/swiss100\/fr\/georges-auguste-dubois\/","title":{"rendered":"Georges Auguste Dubois"},"content":{"rendered":"\n<div class=\"wp-block-columns alignwide is-layout-flex wp-container-core-columns-is-layout-9d6595d7 wp-block-columns-is-layout-flex\">\n<div class=\"wp-block-column is-vertically-aligned-center is-layout-flow wp-block-column-is-layout-flow\">\n<h4 class=\"wp-block-heading has-text-align-center\"><strong>\u00ab Ne pas faire d\u2019exc\u00e8s, mais profiter de tout. \u00bb<\/strong>&nbsp;<\/h4>\n<\/div>\n<\/div>\n\n\n\n<div class=\"wp-block-columns alignwide is-layout-flex wp-container-core-columns-is-layout-9d6595d7 wp-block-columns-is-layout-flex\">\n<div class=\"wp-block-column is-layout-flow wp-block-column-is-layout-flow\">\n<figure class=\"wp-block-image size-large\"><img alt=\"\" loading=\"lazy\" decoding=\"async\" width=\"1024\" height=\"1024\" src=\"https:\/\/wp.unil.ch\/swiss100\/files\/2025\/09\/dsc06530dubois_fin-1024x1024.jpeg\" alt=\"\" class=\"wp-image-5045\" srcset=\"https:\/\/wp.unil.ch\/swiss100\/files\/2025\/09\/dsc06530dubois_fin-1024x1024.jpeg 1024w, https:\/\/wp.unil.ch\/swiss100\/files\/2025\/09\/dsc06530dubois_fin-300x300.jpeg 300w, https:\/\/wp.unil.ch\/swiss100\/files\/2025\/09\/dsc06530dubois_fin-150x150.jpeg 150w, https:\/\/wp.unil.ch\/swiss100\/files\/2025\/09\/dsc06530dubois_fin-768x768.jpeg 768w, https:\/\/wp.unil.ch\/swiss100\/files\/2025\/09\/dsc06530dubois_fin-540x540.jpeg 540w, https:\/\/wp.unil.ch\/swiss100\/files\/2025\/09\/dsc06530dubois_fin-1080x1080.jpeg 1080w, https:\/\/wp.unil.ch\/swiss100\/files\/2025\/09\/dsc06530dubois_fin.jpeg 1200w\" sizes=\"auto, (max-width: 1024px) 100vw, 1024px\" \/><figcaption class=\"wp-element-caption\">\u00c2ge au moment de la photo : 102 ans<\/figcaption><\/figure>\n\n\n\n<div class=\"wp-block-media-text\" style=\"grid-template-columns:23% auto\"><figure class=\"wp-block-media-text__media\"><a href=\"https:\/\/soundcloud.com\/swiss100\/georges-auguste-dubois-2?si=52d9a311408745e78c56cb377f8ecd0c&amp;utm_source=clipboard&amp;utm_medium=text&amp;utm_campaign=social_sharing\"><img loading=\"lazy\" decoding=\"async\" width=\"500\" height=\"500\" src=\"https:\/\/wp.unil.ch\/swiss100\/files\/2025\/10\/audio-1.png\" alt=\"audio\" class=\"wp-image-5652 size-full\" srcset=\"https:\/\/wp.unil.ch\/swiss100\/files\/2025\/10\/audio-1.png 500w, https:\/\/wp.unil.ch\/swiss100\/files\/2025\/10\/audio-1-300x300.png 300w, https:\/\/wp.unil.ch\/swiss100\/files\/2025\/10\/audio-1-150x150.png 150w\" sizes=\"auto, (max-width: 500px) 100vw, 500px\" \/><\/a><\/figure><div class=\"wp-block-media-text__content\">\n<p>Cliquez sur l&rsquo;ic\u00f4ne pour \u00e9couter son histoire !<\/p>\n<\/div><\/div>\n<\/div>\n\n\n\n<div class=\"wp-block-column is-layout-flow wp-block-column-is-layout-flow\">\n<p>Georges Auguste Dubois na\u00eet en 1921 \u00e0 Gen\u00e8ve, dans le quartier des Eaux-Vives. Il est le second d\u2019une fratrie de deux enfants. Il a un an et demi lorsque sa famille s\u2019installe dans une petite maison o\u00f9 il grandit dans la joie, port\u00e9 par l\u2019amour profond de ses parents et la complicit\u00e9 lumineuse qu\u2019il partage avec sa s\u0153ur.\u202f\u00a0<\/p>\n\n\n\n<p>Passionn\u00e9 de technique, habile de ses mains, il s\u2019oriente vers l\u2019\u00c9cole d\u2019horlogerie de Gen\u00e8ve. Mais la guerre vient brusquement interrompre son apprentissage avant qu\u2019il n\u2019ait pu passer ses examens. L\u2019exp\u00e9rience militaire, d\u2019abord d\u00e9stabilisante, le forge et le fait m\u00fbrir. \u00c0 son retour, il obtient enfin son dipl\u00f4me et entre chez Rolex, o\u00f9 il travaille trois ann\u00e9es durant.\u202f&nbsp;<\/p>\n\n\n\n<p>Une grave maladie l\u2019oblige \u00e0 subir une lourde op\u00e9ration. Affaibli, il quitte son emploi et choisit une voie inattendue : il s\u2019engage dans une ferme comme b\u00e9n\u00e9vole, refusant tout salaire, acceptant chaque t\u00e2che avec humilit\u00e9. Dans cette solitude laborieuse, il retrouve peu \u00e0 peu ses forces et, surtout, l\u2019estime de lui-m\u00eame.\u202f&nbsp;<\/p>\n\n\n\n<p>\u00c0 27 ans, regagnant sa vigueur, il reprend son m\u00e9tier d\u2019horloger et rejoint la maison Patek Philippe. Alors que sa vie semble rena\u00eetre, un drame le frappe : sa s\u0153ur meurt d\u2019une leuc\u00e9mie l\u2019ann\u00e9e de ses 33 ans. <\/p>\n\n\n\n<p>Chez Patek Philippe, il occupe le poste de chef d\u2019atelier pendant 38 ans, jusqu\u2019\u00e0 sa retraite. Il s\u2019\u00e9panouit pleinement dans ce m\u00e9tier qu\u2019il ch\u00e9rit, fabriquant de ses mains des montres d\u2019exception. C\u2019est aussi l\u00e0 qu\u2019il rencontre la femme de sa vie : \u00ab On \u00e9tait le couple Patek ! \u00bb dit-il avec tendresse. Ils se marient en 1956 au Petit-Lancy et vivent un long mariage heureux, enrichi par la naissance de deux filles auxquelles il voue une affection sans limite. Tous partagent un profond amour de la nature. \u202f&nbsp;<\/p>\n\n\n\n<p>En 1991, il perd sa femme des suites d\u2019un cancer. La blessure est immense, ineffa\u00e7able. Malgr\u00e9 tout, Georges Auguste Dubois demeure infatigable avant comme apr\u00e8s la retraite. Il parcourt le monde, visitant une trentaine de pays. Souriant, chaleureux, il s\u2019entoure d\u2019amis fid\u00e8les, aime converser, \u00e9changer, accueillir. Sa maison reste toujours ouverte aux visiteurs. \u00ab J\u2019ai h\u00e9rit\u00e9 l\u2019amour des gens de mon p\u00e8re. \u00bb, confie-t-il.\u202f&nbsp;<\/p>\n\n\n\n<p>Sa curiosit\u00e9 pour les technologies modernes ne faiblit jamais. \u00c0 103 ans, il manie son iPad et son iPhone avec une aisance joyeuse. Les progr\u00e8s de la communication le fascinent : \u00ab Petit, il fallait aller \u00e0 pied pour inviter les amis \u00e0 un go\u00fbter. Maintenant, ma fille m\u2019envoie des photos des \u00c9tats-Unis en direct ! \u00bb\u202f&nbsp;<\/p>\n\n\n\n<p>\u00c0 84 ans, il triomphe d\u2019un cancer agressif. Il en ressort plus fort, plus vivant. \u00c0 103 ans, il ne sent toujours pas le poids des ann\u00e9es et vit encore seul dans la petite maison h\u00e9rit\u00e9e de ses parents. Son secret de long\u00e9vit\u00e9 tient en une phrase, simple et juste : \u00ab Ne pas faire d\u2019exc\u00e8s, mais profiter de tout. \u00bb\u202f&nbsp;<\/p>\n\n\n\n<p>\u202f&nbsp;<\/p>\n<\/div>\n<\/div>\n","protected":false},"excerpt":{"rendered":"<p>\u00ab Ne pas faire d\u2019exc\u00e8s, mais profiter de tout. \u00bb&nbsp; Cliquez sur l&rsquo;ic\u00f4ne pour \u00e9couter son histoire ! Georges Auguste Dubois na\u00eet en 1921 \u00e0 Gen\u00e8ve, dans le&hellip;<\/p>\n","protected":false},"author":1003048,"featured_media":0,"parent":0,"menu_order":0,"comment_status":"closed","ping_status":"closed","template":"","meta":{"_seopress_robots_primary_cat":"","_seopress_titles_title":"","_seopress_titles_desc":"","_seopress_robots_index":"","footnotes":""},"class_list":["post-4787","page","type-page","status-publish","has-post-thumbnail"],"_links":{"self":[{"href":"https:\/\/wp.unil.ch\/swiss100\/fr\/wp-json\/wp\/v2\/pages\/4787","targetHints":{"allow":["GET"]}}],"collection":[{"href":"https:\/\/wp.unil.ch\/swiss100\/fr\/wp-json\/wp\/v2\/pages"}],"about":[{"href":"https:\/\/wp.unil.ch\/swiss100\/fr\/wp-json\/wp\/v2\/types\/page"}],"author":[{"embeddable":true,"href":"https:\/\/wp.unil.ch\/swiss100\/fr\/wp-json\/wp\/v2\/users\/1003048"}],"replies":[{"embeddable":true,"href":"https:\/\/wp.unil.ch\/swiss100\/fr\/wp-json\/wp\/v2\/comments?post=4787"}],"version-history":[{"count":5,"href":"https:\/\/wp.unil.ch\/swiss100\/fr\/wp-json\/wp\/v2\/pages\/4787\/revisions"}],"predecessor-version":[{"id":7047,"href":"https:\/\/wp.unil.ch\/swiss100\/fr\/wp-json\/wp\/v2\/pages\/4787\/revisions\/7047"}],"wp:attachment":[{"href":"https:\/\/wp.unil.ch\/swiss100\/fr\/wp-json\/wp\/v2\/media?parent=4787"}],"curies":[{"name":"wp","href":"https:\/\/api.w.org\/{rel}","templated":true}]}}