{"id":4772,"date":"2025-09-24T10:47:31","date_gmt":"2025-09-24T08:47:31","guid":{"rendered":"https:\/\/wp.unil.ch\/swiss100\/?page_id=4772"},"modified":"2026-01-20T11:47:17","modified_gmt":"2026-01-20T10:47:17","slug":"jeannette-loesch","status":"publish","type":"page","link":"https:\/\/wp.unil.ch\/swiss100\/fr\/jeannette-loesch\/","title":{"rendered":"Jeannette Loesch"},"content":{"rendered":"\n<div class=\"wp-block-columns alignwide is-layout-flex wp-container-core-columns-is-layout-9d6595d7 wp-block-columns-is-layout-flex\">\n<div class=\"wp-block-column is-layout-flow wp-block-column-is-layout-flow\" style=\"flex-basis:100%\">\n<h4 class=\"wp-block-heading has-text-align-center\"><strong><strong>\u00ab\u202fFaites de longues \u00e9tudes, c\u2019est pendant ces ann\u00e9es-l\u00e0 qu\u2019on acquiert le savoir et qu\u2019on tisse des liens d\u2019amiti\u00e9 pour toute la vie.\u202f\u00bb<\/strong>\u202f&nbsp;<\/strong><\/h4>\n<\/div>\n<\/div>\n\n\n\n<div class=\"wp-block-columns alignwide is-layout-flex wp-container-core-columns-is-layout-9d6595d7 wp-block-columns-is-layout-flex\">\n<div class=\"wp-block-column is-layout-flow wp-block-column-is-layout-flow\">\n<figure class=\"wp-block-image size-large\"><img alt=\"\" loading=\"lazy\" decoding=\"async\" width=\"986\" height=\"1024\" src=\"https:\/\/wp.unil.ch\/swiss100\/files\/2025\/09\/dsc_01981loesch-986x1024.jpg\" alt=\"\" class=\"wp-image-5021\" srcset=\"https:\/\/wp.unil.ch\/swiss100\/files\/2025\/09\/dsc_01981loesch-986x1024.jpg 986w, https:\/\/wp.unil.ch\/swiss100\/files\/2025\/09\/dsc_01981loesch-289x300.jpg 289w, https:\/\/wp.unil.ch\/swiss100\/files\/2025\/09\/dsc_01981loesch-145x150.jpg 145w, https:\/\/wp.unil.ch\/swiss100\/files\/2025\/09\/dsc_01981loesch-768x797.jpg 768w, https:\/\/wp.unil.ch\/swiss100\/files\/2025\/09\/dsc_01981loesch-540x561.jpg 540w, https:\/\/wp.unil.ch\/swiss100\/files\/2025\/09\/dsc_01981loesch-1080x1121.jpg 1080w, https:\/\/wp.unil.ch\/swiss100\/files\/2025\/09\/dsc_01981loesch.jpg 1156w\" sizes=\"auto, (max-width: 986px) 100vw, 986px\" \/><figcaption class=\"wp-element-caption\">\u00c2ge au moment de la photo : 101 ans<\/figcaption><\/figure>\n\n\n\n<div class=\"wp-block-media-text\" style=\"grid-template-columns:23% auto\"><figure class=\"wp-block-media-text__media\"><a href=\"https:\/\/soundcloud.com\/swiss100\/jeannette-loesch-7?si=11add40b89b64893b313518201d41590&amp;utm_source=clipboard&amp;utm_medium=text&amp;utm_campaign=social_sharing\"><img loading=\"lazy\" decoding=\"async\" width=\"500\" height=\"500\" src=\"https:\/\/wp.unil.ch\/swiss100\/files\/2025\/10\/audio-1.png\" alt=\"audio\" class=\"wp-image-5652 size-full\" srcset=\"https:\/\/wp.unil.ch\/swiss100\/files\/2025\/10\/audio-1.png 500w, https:\/\/wp.unil.ch\/swiss100\/files\/2025\/10\/audio-1-300x300.png 300w, https:\/\/wp.unil.ch\/swiss100\/files\/2025\/10\/audio-1-150x150.png 150w\" sizes=\"auto, (max-width: 500px) 100vw, 500px\" \/><\/a><\/figure><div class=\"wp-block-media-text__content\">\n<p>Cliquez sur l&rsquo;ic\u00f4ne pour \u00e9couter son histoire !<\/p>\n<\/div><\/div>\n<\/div>\n\n\n\n<div class=\"wp-block-column is-layout-flow wp-block-column-is-layout-flow\">\n<p>Jeannette Loesch na\u00eet en 1923 au Vietnam et grandit dans une fratrie de dix enfants. Elle vit avec ses parents, ses fr\u00e8res et s\u0153urs, son oncle et ses cousins, dans un environnement familial proche et soud\u00e9. Se rendre \u00e0 l\u2019\u00e9cole chaque jour est une \u00e9preuve : il faut marcher longtemps et parfois prendre un pousse-pousse. Pourtant, Jeannette Loesch est une enfant dou\u00e9e qui aime profond\u00e9ment l\u2019\u00e9cole. Comme les \u00e9tudes pour filles s\u2019arr\u00eatent au certificat d\u2019\u00e9tudes, elle doit y mettre un terme et aider sa m\u00e8re \u00e0 s\u2019occuper de ses fr\u00e8res et s\u0153urs, comme l\u2019exige la norme sociale de l\u2019\u00e9poque. Elle entretient une relation tr\u00e8s proche avec sa m\u00e8re, qu\u2019elle aime tendrement, et une complicit\u00e9 avec son p\u00e8re, avec qui elle parle souvent de politique.&nbsp;<\/p>\n\n\n\n<p>\u00c0 17 ans, elle commence sa carri\u00e8re professionnelle comme assistante dentaire, puis travaille dans une pharmacie \u00e0 proximit\u00e9. Gr\u00e2ce \u00e0 ses \u00e9conomies, elle s\u2019offre ses premi\u00e8res vacances, donnant le coup d\u2019envoi \u00e0 une longue s\u00e9rie de voyages enrichissants. Ces s\u00e9jours lui permettent de rencontrer des personnes extraordinaires, avec lesquelles elle entretient encore, \u00e0 101 ans, des liens pr\u00e9cieux. C\u2019est d\u2019ailleurs lors d\u2019un voyage qu\u2019elle rencontre le p\u00e8re de sa fille. Leur relation dure plusieurs ann\u00e9es, mais s\u2019ach\u00e8ve lorsqu\u2019elle d\u00e9couvre sa grossesse, que celui-ci refuse d\u2019assumer. D\u00e9termin\u00e9e, Jeannette Loesch d\u00e9cide d\u2019\u00e9lever seule sa fille en France. \u00c0 27 ans, elle quitte Sa\u00efgon pour la premi\u00e8re fois en bateau, \u00e0 destination de Nice.&nbsp;<\/p>\n\n\n\n<p>La r\u00e9alit\u00e9 fran\u00e7aise est bien \u00e9loign\u00e9e du paradis que lui avait d\u00e9crit son p\u00e8re. Les opportunit\u00e9s professionnelles y sont limit\u00e9es et aucune carri\u00e8re s\u00e9rieuse n\u2019est envisageable. Un an apr\u00e8s son arriv\u00e9e, elle re\u00e7oit des nouvelles d\u2019un ancien coll\u00e8gue pharmacien, qui lui confie ses sentiments et son souhait de l\u2019aider. Elle d\u00e9cide alors de retourner \u00e0 Sa\u00efgon, avec une condition : sa fille fera ses \u00e9tudes en Europe et elle passera toutes les vacances d\u2019\u00e9t\u00e9 et de No\u00ebl avec elle. Ainsi, m\u00e8re et fille retrouvent le Vietnam, o\u00f9 la petite commence l\u2019\u00e9cole maternelle avant de revenir plus tard en France.&nbsp;<\/p>\n\n\n\n<p>La vie de Jeannette Loesch est rythm\u00e9e par de fr\u00e9quents voyages et d\u00e9m\u00e9nagements. Elle prend souvent le paquebot entre la France et le Vietnam pour rendre visite \u00e0 sa famille et leur apporter son aide. Plus tard, \u00e0 cause de la guerre du Vietnam, elle d\u00e9m\u00e9nage au Cambodge, o\u00f9 elle reste dix ans avec son compagnon. Gr\u00e2ce \u00e0 ses contacts, elle envoie sa fille \u00e9tudier \u00e0 Zurich, puis en Angleterre pour compl\u00e9ter sa scolarit\u00e9. Quelques ann\u00e9es plus tard, Jeannette Loesch retourne en Europe. Elle vit d\u2019abord \u00e0 Paris, puis \u00e0 Nice, et finalement \u00e0 Gen\u00e8ve, o\u00f9 elle s\u2019installe avec sa fille, qui y vit d\u00e9j\u00e0, et y f\u00eate ses 100 ans. &nbsp;<\/p>\n\n\n\n<p>Malgr\u00e9 les ann\u00e9es, Jeannette Loesch reste tr\u00e8s active. Elle pr\u00e9pare les repas, fait les courses avec sa fille, s\u2019occupe de ses plantes, assiste \u00e0 des concerts, \u00e0 des pi\u00e8ces de th\u00e9\u00e2tre, et bien plus encore. Elle conserve une attitude positive face \u00e0 la vie, une valeur h\u00e9rit\u00e9e de sa m\u00e8re, qui lui a \u00e9galement transmis l\u2019importance de rester proche et fid\u00e8le des \u00eatres chers.&nbsp;<\/p>\n<\/div>\n<\/div>\n\n\n\n<p><\/p>\n","protected":false},"excerpt":{"rendered":"<p>\u00ab\u202fFaites de longues \u00e9tudes, c\u2019est pendant ces ann\u00e9es-l\u00e0 qu\u2019on acquiert le savoir et qu\u2019on tisse des liens d\u2019amiti\u00e9 pour toute la vie.\u202f\u00bb\u202f&nbsp; Cliquez sur l&rsquo;ic\u00f4ne pour \u00e9couter son&hellip;<\/p>\n","protected":false},"author":1003049,"featured_media":0,"parent":0,"menu_order":0,"comment_status":"closed","ping_status":"closed","template":"","meta":{"_seopress_robots_primary_cat":"","_seopress_titles_title":"","_seopress_titles_desc":"","_seopress_robots_index":"","footnotes":""},"class_list":["post-4772","page","type-page","status-publish","has-post-thumbnail"],"_links":{"self":[{"href":"https:\/\/wp.unil.ch\/swiss100\/fr\/wp-json\/wp\/v2\/pages\/4772","targetHints":{"allow":["GET"]}}],"collection":[{"href":"https:\/\/wp.unil.ch\/swiss100\/fr\/wp-json\/wp\/v2\/pages"}],"about":[{"href":"https:\/\/wp.unil.ch\/swiss100\/fr\/wp-json\/wp\/v2\/types\/page"}],"author":[{"embeddable":true,"href":"https:\/\/wp.unil.ch\/swiss100\/fr\/wp-json\/wp\/v2\/users\/1003049"}],"replies":[{"embeddable":true,"href":"https:\/\/wp.unil.ch\/swiss100\/fr\/wp-json\/wp\/v2\/comments?post=4772"}],"version-history":[{"count":5,"href":"https:\/\/wp.unil.ch\/swiss100\/fr\/wp-json\/wp\/v2\/pages\/4772\/revisions"}],"predecessor-version":[{"id":6746,"href":"https:\/\/wp.unil.ch\/swiss100\/fr\/wp-json\/wp\/v2\/pages\/4772\/revisions\/6746"}],"wp:attachment":[{"href":"https:\/\/wp.unil.ch\/swiss100\/fr\/wp-json\/wp\/v2\/media?parent=4772"}],"curies":[{"name":"wp","href":"https:\/\/api.w.org\/{rel}","templated":true}]}}