{"id":4763,"date":"2025-09-24T10:44:26","date_gmt":"2025-09-24T08:44:26","guid":{"rendered":"https:\/\/wp.unil.ch\/swiss100\/?page_id=4763"},"modified":"2026-01-20T12:14:39","modified_gmt":"2026-01-20T11:14:39","slug":"matilda-von-dardel","status":"publish","type":"page","link":"https:\/\/wp.unil.ch\/swiss100\/fr\/matilda-von-dardel\/","title":{"rendered":"Matilda Von Dardel"},"content":{"rendered":"\n<div class=\"wp-block-columns alignwide is-layout-flex wp-container-core-columns-is-layout-9d6595d7 wp-block-columns-is-layout-flex\">\n<div class=\"wp-block-column is-vertically-aligned-center is-layout-flow wp-block-column-is-layout-flow\">\n<h4 class=\"wp-block-heading has-text-align-center\"><strong>\u00ab\u202fOser faire ce qu\u2019on aime quelles que soient nos peurs, nourrir son \u00e2me par la culture et ne jamais cesser d\u2019\u00eatre curieux, s\u2019int\u00e9resser, et poser des questions.\u202f\u00bb<\/strong>\u202f&nbsp;<\/h4>\n<\/div>\n<\/div>\n\n\n\n<div class=\"wp-block-columns alignwide is-layout-flex wp-container-core-columns-is-layout-9d6595d7 wp-block-columns-is-layout-flex\">\n<div class=\"wp-block-column is-layout-flow wp-block-column-is-layout-flow\">\n<figure class=\"wp-block-image size-large\"><img alt=\"\" loading=\"lazy\" decoding=\"async\" width=\"1024\" height=\"1024\" src=\"https:\/\/wp.unil.ch\/swiss100\/files\/2025\/09\/dsc06633vondardel_fin-1024x1024.jpeg\" alt=\"\" class=\"wp-image-5049\" srcset=\"https:\/\/wp.unil.ch\/swiss100\/files\/2025\/09\/dsc06633vondardel_fin-1024x1024.jpeg 1024w, https:\/\/wp.unil.ch\/swiss100\/files\/2025\/09\/dsc06633vondardel_fin-300x300.jpeg 300w, https:\/\/wp.unil.ch\/swiss100\/files\/2025\/09\/dsc06633vondardel_fin-150x150.jpeg 150w, https:\/\/wp.unil.ch\/swiss100\/files\/2025\/09\/dsc06633vondardel_fin-768x768.jpeg 768w, https:\/\/wp.unil.ch\/swiss100\/files\/2025\/09\/dsc06633vondardel_fin-540x540.jpeg 540w, https:\/\/wp.unil.ch\/swiss100\/files\/2025\/09\/dsc06633vondardel_fin-1080x1080.jpeg 1080w, https:\/\/wp.unil.ch\/swiss100\/files\/2025\/09\/dsc06633vondardel_fin.jpeg 1200w\" sizes=\"auto, (max-width: 1024px) 100vw, 1024px\" \/><figcaption class=\"wp-element-caption\">\u00c2ge au moment de la photo : 101 ans<\/figcaption><\/figure>\n\n\n\n<div class=\"wp-block-media-text\" style=\"grid-template-columns:23% auto\"><figure class=\"wp-block-media-text__media\"><a href=\"https:\/\/soundcloud.com\/swiss100\/matilda-von-dardel-2?in=swiss100\/sets\/life-narrative&amp;si=101af81e2efc4a9bb79fc6aa6ef9b26a&amp;utm_source=clipboard&amp;utm_medium=text&amp;utm_campaign=social_sharing\"><img loading=\"lazy\" decoding=\"async\" width=\"500\" height=\"500\" src=\"https:\/\/wp.unil.ch\/swiss100\/files\/2025\/10\/audio-1.png\" alt=\"audio\" class=\"wp-image-5652 size-full\" srcset=\"https:\/\/wp.unil.ch\/swiss100\/files\/2025\/10\/audio-1.png 500w, https:\/\/wp.unil.ch\/swiss100\/files\/2025\/10\/audio-1-300x300.png 300w, https:\/\/wp.unil.ch\/swiss100\/files\/2025\/10\/audio-1-150x150.png 150w\" sizes=\"auto, (max-width: 500px) 100vw, 500px\" \/><\/a><\/figure><div class=\"wp-block-media-text__content\">\n<p>Cliquez sur l&rsquo;ic\u00f4ne pour \u00e9couter son histoire !<\/p>\n<\/div><\/div>\n<\/div>\n\n\n\n<div class=\"wp-block-column is-layout-flow wp-block-column-is-layout-flow\">\n<p>Matilda von Dardel na\u00eet en 1922 \u00e0 Stockholm. Elle grandit dans une famille o\u00f9 l\u2019art et la culture sont omnipr\u00e9sents : sa m\u00e8re am\u00e9ricaine et danoise est traductrice et son p\u00e8re su\u00e9dois est un peintre c\u00e9l\u00e8bre. Enfant unique, elle r\u00eave de partager ses joies et ses peines avec des fr\u00e8res et s\u0153urs. Comme ses parents partent r\u00e9guli\u00e8rement en voyage, elle est souvent accueillie chez des amis des parents, qui deviennent pour elle une seconde famille. \u00c0 l\u2019\u00e9cole aussi elle se constitue un cercle restreint, mais pr\u00e9cieux d\u2019amis, privil\u00e9giant la qualit\u00e9 \u00e0 la quantit\u00e9.&nbsp;<\/p>\n\n\n\n<p>Durant son enfance, ses vacances d\u2019\u00e9t\u00e9 se passent dans un milieu culturel tr\u00e8s riche dans le village pittoresque de Kerteminde au Danemark aupr\u00e8s de sa grand-m\u00e8re, figure maternelle essentielle, avec qui elle lit et peint. Ces \u00e9t\u00e9s aupr\u00e8s de sa famille danoise, notamment son grand-oncle qui \u00e9tait peintre c\u00e9l\u00e8bre, la marquent profond\u00e9ment.&nbsp;&nbsp;<\/p>\n\n\n\n<p>Depuis petite, elle est \u00e9duqu\u00e9e \u00e0 la beaut\u00e9 et \u00e0 l\u2019art par son p\u00e8re artiste qui l\u2019emm\u00e8ne aux mus\u00e9es avec lui, et lui permet de rencontrer des grands artistes modernes. Elle d\u00e9veloppe alors une grande sensibilit\u00e9 pour la forme, notamment \u00e0 travers le dessin, la sculpture et la c\u00e9ramique.&nbsp;&nbsp;&nbsp;<\/p>\n\n\n\n<p>Consciente des d\u00e9fis \u00e9conomiques que repr\u00e9sente la carri\u00e8re artistique, surtout pour les femmes, et malgr\u00e9 sa passion pour l\u2019art, elle choisit de ne pas poursuivre cette voie. Confront\u00e9e aux contraintes sociales qui p\u00e8sent sur les femmes de son \u00e9poque, elle opte pour la stabilit\u00e9 et la s\u00e9curit\u00e9. Elle \u00e9pouse un physicien qu\u2019elle aime profond\u00e9ment. Pourtant, son amour pour l\u2019art demeure au c\u0153ur de sa vie. Ensemble, ils partagent leur existence entre la Su\u00e8de et la Suisse.&nbsp;<\/p>\n\n\n\n<p>\u00c0 Stockholm, ils ont deux filles et y vivent pendant cinq ans avant de s\u2019installer en Suisse, en 1954. Lui travaille au CERN, au moment de sa cr\u00e9ation, tandis qu\u2019elle consacre son temps aux Beaux-Arts. Ensemble, ils partagent un profond amour pour la nature, profitant de balades en famille au Sal\u00e8ve et allant m\u00eame jusqu\u2019\u00e0 parcourir le tour du Mont-Blanc en une semaine.&nbsp;<\/p>\n\n\n\n<p>La vie de Matti, comme elle aime se faire appeler, prend un tournant inattendu lorsqu\u2019elle se retrouve la seule survivante d\u2019un accident d\u2019avion priv\u00e9. Elle vit alors une exp\u00e9rience de mort imminente, qui transforme sa perception de la vie et de la mort. Depuis cet \u00e9v\u00e9nement, elle consid\u00e8re la mort comme \u00ab\u202fune lumi\u00e8re merveilleuse qui ne donne pas envie de revenir sur Terre\u202f\u00bb. En tant que centenaire, elle n\u2019a pas peur de la mort.&nbsp;<\/p>\n\n\n\n<p>Elle attribue sa long\u00e9vit\u00e9 aux longues marches en montagne, aux activit\u00e9s sportives, \u00e0 sa capacit\u00e9 d\u2019adaptation au changement et \u00e0 sa passion pour la culture. Elle a du mal \u00e0 dire si d\u00e9passer les 100 ans est un v\u00e9ritable cadeau. Bien que souvent fatigu\u00e9e, elle se sent entour\u00e9e de bonheur. \u00c0 103 ans, elle est heureuse de vivre dans son bel appartement, o\u00f9 elle trouve r\u00e9confort, amis et une paix bien m\u00e9rit\u00e9e. Son vrai bonheur est de pourvoir accueillir r\u00e9guli\u00e8rement ses filles et ses petits-enfants.&nbsp;<\/p>\n<\/div>\n<\/div>\n","protected":false},"excerpt":{"rendered":"<p>\u00ab\u202fOser faire ce qu\u2019on aime quelles que soient nos peurs, nourrir son \u00e2me par la culture et ne jamais cesser d\u2019\u00eatre curieux, s\u2019int\u00e9resser, et poser des questions.\u202f\u00bb\u202f&nbsp; Cliquez&hellip;<\/p>\n","protected":false},"author":1003048,"featured_media":0,"parent":0,"menu_order":0,"comment_status":"closed","ping_status":"closed","template":"","meta":{"_seopress_robots_primary_cat":"","_seopress_titles_title":"","_seopress_titles_desc":"","_seopress_robots_index":"","footnotes":""},"class_list":["post-4763","page","type-page","status-publish","has-post-thumbnail"],"_links":{"self":[{"href":"https:\/\/wp.unil.ch\/swiss100\/fr\/wp-json\/wp\/v2\/pages\/4763","targetHints":{"allow":["GET"]}}],"collection":[{"href":"https:\/\/wp.unil.ch\/swiss100\/fr\/wp-json\/wp\/v2\/pages"}],"about":[{"href":"https:\/\/wp.unil.ch\/swiss100\/fr\/wp-json\/wp\/v2\/types\/page"}],"author":[{"embeddable":true,"href":"https:\/\/wp.unil.ch\/swiss100\/fr\/wp-json\/wp\/v2\/users\/1003048"}],"replies":[{"embeddable":true,"href":"https:\/\/wp.unil.ch\/swiss100\/fr\/wp-json\/wp\/v2\/comments?post=4763"}],"version-history":[{"count":5,"href":"https:\/\/wp.unil.ch\/swiss100\/fr\/wp-json\/wp\/v2\/pages\/4763\/revisions"}],"predecessor-version":[{"id":6808,"href":"https:\/\/wp.unil.ch\/swiss100\/fr\/wp-json\/wp\/v2\/pages\/4763\/revisions\/6808"}],"wp:attachment":[{"href":"https:\/\/wp.unil.ch\/swiss100\/fr\/wp-json\/wp\/v2\/media?parent=4763"}],"curies":[{"name":"wp","href":"https:\/\/api.w.org\/{rel}","templated":true}]}}