{"id":4744,"date":"2025-09-24T10:37:50","date_gmt":"2025-09-24T08:37:50","guid":{"rendered":"https:\/\/wp.unil.ch\/swiss100\/?page_id=4744"},"modified":"2026-01-20T11:25:10","modified_gmt":"2026-01-20T10:25:10","slug":"gaston-collet","status":"publish","type":"page","link":"https:\/\/wp.unil.ch\/swiss100\/fr\/gaston-collet\/","title":{"rendered":"Gaston Collet"},"content":{"rendered":"\n<div class=\"wp-block-columns alignwide is-layout-flex wp-container-core-columns-is-layout-9d6595d7 wp-block-columns-is-layout-flex\">\n<div class=\"wp-block-column is-vertically-aligned-center is-layout-flow wp-block-column-is-layout-flow\">\n<h4 class=\"wp-block-heading has-text-align-center\"><strong>\u00ab Je me consid\u00e8re comme un homme heureux. \u00bb<\/strong><\/h4>\n<\/div>\n<\/div>\n\n\n\n<div class=\"wp-block-columns alignwide is-layout-flex wp-container-core-columns-is-layout-9d6595d7 wp-block-columns-is-layout-flex\">\n<div class=\"wp-block-column is-layout-flow wp-block-column-is-layout-flow\">\n<figure class=\"wp-block-image size-large\"><img alt=\"\" loading=\"lazy\" decoding=\"async\" width=\"1024\" height=\"1024\" src=\"https:\/\/wp.unil.ch\/swiss100\/files\/2025\/09\/dsc06892collet-1024x1024.jpeg\" alt=\"\" class=\"wp-image-5061\" srcset=\"https:\/\/wp.unil.ch\/swiss100\/files\/2025\/09\/dsc06892collet-1024x1024.jpeg 1024w, https:\/\/wp.unil.ch\/swiss100\/files\/2025\/09\/dsc06892collet-300x300.jpeg 300w, https:\/\/wp.unil.ch\/swiss100\/files\/2025\/09\/dsc06892collet-150x150.jpeg 150w, https:\/\/wp.unil.ch\/swiss100\/files\/2025\/09\/dsc06892collet-768x768.jpeg 768w, https:\/\/wp.unil.ch\/swiss100\/files\/2025\/09\/dsc06892collet-540x540.jpeg 540w, https:\/\/wp.unil.ch\/swiss100\/files\/2025\/09\/dsc06892collet-1080x1080.jpeg 1080w, https:\/\/wp.unil.ch\/swiss100\/files\/2025\/09\/dsc06892collet.jpeg 1200w\" sizes=\"auto, (max-width: 1024px) 100vw, 1024px\" \/><figcaption class=\"wp-element-caption\">\u00c2ge au moment de la photo : 102 ans<\/figcaption><\/figure>\n\n\n\n<div class=\"wp-block-media-text\" style=\"grid-template-columns:23% auto\"><figure class=\"wp-block-media-text__media\"><a href=\"https:\/\/soundcloud.com\/swiss100\/gaston-collet-4?si=0cec25dcaf97423ab61e4e16c901fadb&amp;utm_source=clipboard&amp;utm_medium=text&amp;utm_campaign=social_sharing\"><img loading=\"lazy\" decoding=\"async\" width=\"500\" height=\"500\" src=\"https:\/\/wp.unil.ch\/swiss100\/files\/2025\/10\/audio-1.png\" alt=\"audio\" class=\"wp-image-5652 size-full\" srcset=\"https:\/\/wp.unil.ch\/swiss100\/files\/2025\/10\/audio-1.png 500w, https:\/\/wp.unil.ch\/swiss100\/files\/2025\/10\/audio-1-300x300.png 300w, https:\/\/wp.unil.ch\/swiss100\/files\/2025\/10\/audio-1-150x150.png 150w\" sizes=\"auto, (max-width: 500px) 100vw, 500px\" \/><\/a><\/figure><div class=\"wp-block-media-text__content\">\n<p>Cliquez sur l&rsquo;ic\u00f4ne pour \u00e9couter son histoire !<\/p>\n<\/div><\/div>\n<\/div>\n\n\n\n<div class=\"wp-block-column is-layout-flow wp-block-column-is-layout-flow\">\n<p>Gaston Collet na\u00eet en 1921 \u00e0 Lausanne, d\u2019une m\u00e8re pi\u00e9montaise cuisini\u00e8re d\u2019h\u00f4tel et d\u2019un p\u00e8re sommelier. L\u2019h\u00f4tel familial dans lequel il travaille durant son enfance doit \u00eatre vendu par ses parents apr\u00e8s le krach boursier. Il grandit avec ses quatre fr\u00e8res et s\u0153urs dans un environnement familial chaleureux, bien que son enfance soit marqu\u00e9e par les difficult\u00e9s : en raison de sa petite taille, de sa timidit\u00e9 et de ses origines, il est souvent victime de moqueries et d\u2019exclusion. Bien qu\u2019il compte parmi les meilleurs \u00e9l\u00e8ves de sa classe, il reste souvent seul dans la cour de r\u00e9cr\u00e9ation. Cette solitude entrave sa confiance en lui pendant de nombreuses ann\u00e9es.&nbsp;<\/p>\n\n\n\n<p>Depuis son adolescence, Gaston Collet se passionne pour les sciences et l\u2019\u00e9lectricit\u00e9, toujours avide de savoir \u00ab o\u00f9, quoi, quand et comment \u00bb. Il souhaite \u00e9tudier l\u2019\u00e9lectrotechnique \u00e0 l\u2019\u00c9cole des m\u00e9tiers, mais, en raison de la crise \u00e9conomique, ses parents s\u2019y opposent. Il fr\u00e9quente alors l\u2019\u00c9cole de commerce \u00e0 B\u00e2le, o\u00f9 il se d\u00e9couvre un v\u00e9ritable int\u00e9r\u00eat pour la chimie et la science des mat\u00e9riaux. Il envisage une carri\u00e8re dans les services douaniers, projet que la guerre et la fermeture des fronti\u00e8res viennent interrompre. En 1945, il entre \u00e0 la Poste \u00e0 Lausanne, o\u00f9 il entame une longue carri\u00e8re. Ce nouvel emploi marque un tournant dans sa vie : apr\u00e8s les \u00e9preuves de son enfance, c\u2019est gr\u00e2ce \u00e0 sa carri\u00e8re et \u00e0 son ascension sociale qu\u2019il retrouve son estime de soi.&nbsp;<\/p>\n\n\n\n<p>C\u2019est \u00e0 Lausanne qu\u2019il rencontre Esther, apprentie t\u00e9l\u00e9phoniste aux \u00ab beaux yeux noirs \u00bb. En 1948, ils se marient et fondent une grande famille de cinq enfants. \u00ab J\u2019ai eu une femme admirable, incomparable. \u00bb, confie-t-il. Le couple m\u00e8ne une vie heureuse pendant 64 ans, jusqu\u2019au d\u00e9c\u00e8s de son \u00e9pouse en 2012.&nbsp;<\/p>\n\n\n\n<p>Au travail, il gravit les \u00e9chelons et acc\u00e8de \u00e0 la Direction des postes de Lausanne. \u00c0 50 ans, en qu\u00eate de nouveaut\u00e9, il rejoint la direction g\u00e9n\u00e9rale de la Poste \u00e0 Berne. Il se r\u00e9jouit du chemin parcouru et du travail accompli, qui occupe une grande place dans sa vie.&nbsp;<\/p>\n\n\n\n<p>Une fois les enfants partis de la maison, il voyage \u00e0 travers le monde avec son \u00e9pouse et continue \u00e0 parcourir la Suisse chaque semaine \u00e0 pied et en train. Ces nouvelles exp\u00e9riences marquent pour lui un second souffle. Gaston Collet aime dire qu\u2019il a v\u00e9cu deux vies : une avant et une apr\u00e8s la retraite. \u00ab Je me suis \u00e9clat\u00e9. \u00bb, dit-il avec malice. Passionn\u00e9 de pal\u00e9oarch\u00e9ologie, d\u2019histoire, d\u2019astronomie, de botanique et de musique, il suit des cours \u00e0 l\u2019Universit\u00e9 populaire, joue du piano et restaure des objets \u00e9lectriques, renouant ainsi avec son r\u00eave d\u2019enfant. Il devient aussi guide touristique \u00e0 Lausanne, partageant avec enthousiasme sa curiosit\u00e9 et son amour de la ville.&nbsp;<\/p>\n\n\n\n<p>\u00c0 102 ans, il t\u00e9moigne d\u2019une curiosit\u00e9 toujours vive, soutenue par un optimisme constant. Il attribue sa long\u00e9vit\u00e9 \u00e0 sa soif d\u2019apprendre, \u00e0 la richesse de son r\u00e9seau social et aux exercices de yoga quotidiens qu\u2019il pratique depuis l\u2019\u00e2ge de quarante ans ainsi qu\u2019\u00e0 la pratique de la randonn\u00e9e avec le club alpin jusqu\u2019\u00e0 95 ans. N\u2019ayant jamais eu pour but de vivre aussi longtemps, Gaston Collet a toujours v\u00e9cu au jour le jour, port\u00e9 par une foi profonde et une vie spirituelle apais\u00e9e.&nbsp;&nbsp;<\/p>\n<\/div>\n<\/div>\n","protected":false},"excerpt":{"rendered":"<p>\u00ab Je me consid\u00e8re comme un homme heureux. \u00bb Cliquez sur l&rsquo;ic\u00f4ne pour \u00e9couter son histoire ! Gaston Collet na\u00eet en 1921 \u00e0 Lausanne, d\u2019une m\u00e8re pi\u00e9montaise cuisini\u00e8re&hellip;<\/p>\n","protected":false},"author":1003049,"featured_media":0,"parent":0,"menu_order":0,"comment_status":"closed","ping_status":"closed","template":"","meta":{"_seopress_robots_primary_cat":"","_seopress_titles_title":"","_seopress_titles_desc":"","_seopress_robots_index":"","footnotes":""},"class_list":["post-4744","page","type-page","status-publish","has-post-thumbnail"],"_links":{"self":[{"href":"https:\/\/wp.unil.ch\/swiss100\/fr\/wp-json\/wp\/v2\/pages\/4744","targetHints":{"allow":["GET"]}}],"collection":[{"href":"https:\/\/wp.unil.ch\/swiss100\/fr\/wp-json\/wp\/v2\/pages"}],"about":[{"href":"https:\/\/wp.unil.ch\/swiss100\/fr\/wp-json\/wp\/v2\/types\/page"}],"author":[{"embeddable":true,"href":"https:\/\/wp.unil.ch\/swiss100\/fr\/wp-json\/wp\/v2\/users\/1003049"}],"replies":[{"embeddable":true,"href":"https:\/\/wp.unil.ch\/swiss100\/fr\/wp-json\/wp\/v2\/comments?post=4744"}],"version-history":[{"count":5,"href":"https:\/\/wp.unil.ch\/swiss100\/fr\/wp-json\/wp\/v2\/pages\/4744\/revisions"}],"predecessor-version":[{"id":6698,"href":"https:\/\/wp.unil.ch\/swiss100\/fr\/wp-json\/wp\/v2\/pages\/4744\/revisions\/6698"}],"wp:attachment":[{"href":"https:\/\/wp.unil.ch\/swiss100\/fr\/wp-json\/wp\/v2\/media?parent=4744"}],"curies":[{"name":"wp","href":"https:\/\/api.w.org\/{rel}","templated":true}]}}