{"id":4743,"date":"2025-09-24T10:37:58","date_gmt":"2025-09-24T08:37:58","guid":{"rendered":"https:\/\/wp.unil.ch\/swiss100\/?page_id=4743"},"modified":"2026-02-09T15:31:41","modified_gmt":"2026-02-09T14:31:41","slug":"hans-widmer","status":"publish","type":"page","link":"https:\/\/wp.unil.ch\/swiss100\/fr\/hans-widmer\/","title":{"rendered":"Hans Widmer"},"content":{"rendered":"\n<div class=\"wp-block-columns alignwide are-vertically-aligned-center is-layout-flex wp-container-core-columns-is-layout-9d6595d7 wp-block-columns-is-layout-flex\">\n<div class=\"wp-block-column is-vertically-aligned-center is-layout-flow wp-block-column-is-layout-flow\">\n<h4 class=\"wp-block-heading has-text-align-center\"><strong>\u00ab\u202fIl faut absolument tirer les le\u00e7ons du pass\u00e9 et ne pas commettre les m\u00eames erreurs.\u202f\u00bb<\/strong>&nbsp;<\/h4>\n<\/div>\n<\/div>\n\n\n\n<div class=\"wp-block-columns alignwide is-layout-flex wp-container-core-columns-is-layout-9d6595d7 wp-block-columns-is-layout-flex\">\n<div class=\"wp-block-column is-layout-flow wp-block-column-is-layout-flow\">\n<figure class=\"wp-block-image size-large\"><img alt=\"\" loading=\"lazy\" decoding=\"async\" width=\"1024\" height=\"1024\" src=\"https:\/\/wp.unil.ch\/swiss100\/files\/2025\/09\/dsc06735widmer_fin-1024x1024.jpeg\" alt=\"\" class=\"wp-image-5053\" srcset=\"https:\/\/wp.unil.ch\/swiss100\/files\/2025\/09\/dsc06735widmer_fin-1024x1024.jpeg 1024w, https:\/\/wp.unil.ch\/swiss100\/files\/2025\/09\/dsc06735widmer_fin-300x300.jpeg 300w, https:\/\/wp.unil.ch\/swiss100\/files\/2025\/09\/dsc06735widmer_fin-150x150.jpeg 150w, https:\/\/wp.unil.ch\/swiss100\/files\/2025\/09\/dsc06735widmer_fin-768x768.jpeg 768w, https:\/\/wp.unil.ch\/swiss100\/files\/2025\/09\/dsc06735widmer_fin-540x540.jpeg 540w, https:\/\/wp.unil.ch\/swiss100\/files\/2025\/09\/dsc06735widmer_fin-1080x1080.jpeg 1080w, https:\/\/wp.unil.ch\/swiss100\/files\/2025\/09\/dsc06735widmer_fin.jpeg 1200w\" sizes=\"auto, (max-width: 1024px) 100vw, 1024px\" \/><figcaption class=\"wp-element-caption\">\u00c2ge au moment de la photo : 101 ans<\/figcaption><\/figure>\n\n\n\n<div class=\"wp-block-media-text\" style=\"grid-template-columns:23% auto\"><figure class=\"wp-block-media-text__media\"><a href=\"https:\/\/soundcloud.com\/swiss100\/hans-widmer-6?si=704dd5ad4dec494c87eb63b280d5e83a&amp;utm_source=clipboard&amp;utm_medium=text&amp;utm_campaign=social_sharing\"><img loading=\"lazy\" decoding=\"async\" width=\"500\" height=\"500\" src=\"https:\/\/wp.unil.ch\/swiss100\/files\/2025\/10\/audio-1.png\" alt=\"audio\" class=\"wp-image-5652 size-full\" srcset=\"https:\/\/wp.unil.ch\/swiss100\/files\/2025\/10\/audio-1.png 500w, https:\/\/wp.unil.ch\/swiss100\/files\/2025\/10\/audio-1-300x300.png 300w, https:\/\/wp.unil.ch\/swiss100\/files\/2025\/10\/audio-1-150x150.png 150w\" sizes=\"auto, (max-width: 500px) 100vw, 500px\" \/><\/a><\/figure><div class=\"wp-block-media-text__content\">\n<p>Cliquez sur l&rsquo;ic\u00f4ne pour \u00e9couter son histoire !<\/p>\n<\/div><\/div>\n<\/div>\n\n\n\n<div class=\"wp-block-column is-layout-flow wp-block-column-is-layout-flow\">\n<p>Hans Widmer na\u00eet en 1922 dans la campagne appenzelloise. Fils d\u2019instituteur, il grandit dans un village frapp\u00e9 par le ch\u00f4mage dans l\u2019industrie du textile. Sa famille suscite l\u2019envie \u00e0 cause du salaire du p\u00e8re. Dou\u00e9 pour les langues et \u00e9l\u00e8ve ambitieux, il gagne de l\u2019argent de poche durant sa jeunesse en r\u00e9digeant des r\u00e9dactions pour des camarades plus ais\u00e9s.\u00a0<\/p>\n\n\n\n<p>Suivant les pas de son p\u00e8re, Hans Widmer devient enseignant. Apr\u00e8s sa formation \u00e0 l\u2019universit\u00e9 de Zurich, il obtient un poste fixe dans une \u00e9cole secondaire dans le canton de B\u00e2le, o\u00f9 il enseigne les langues et l\u2019histoire. Apr\u00e8s 12 ans, il rejoint l\u2019\u00c9cole professionnelle et f\u00e9minine de B\u00e2le. Il y devient chef de d\u00e9partement et assure le lien avec le monde du travail. C\u2019est \u00e0 cette \u00e9poque qu\u2019il rencontre celle qui deviendra sa femme, avec laquelle il vivra heureux toute sa vie.&nbsp;<\/p>\n\n\n\n<p>Hans Widmer est t\u00e9moin de nombreux bouleversements historiques et sociaux qui s\u2019impriment dans sa m\u00e9moire. Il se souvient, par exemple, de la gr\u00e8ve g\u00e9n\u00e9rale de 1948, marqu\u00e9e par des violences militaires et des pertes tragiques.&nbsp; Il se rappelle aussi de la Seconde Guerre mondiale, du jour de l\u2019Armistice et du 1er mai 1945, qui restent grav\u00e9s dans son esprit. \u00c9tudiant, il voit la chute du nazisme et le soulagement de l\u2019apr\u00e8s-guerre. Il d\u00e9crit la d\u00e9cennie qui suit la guerre comme l\u2019une des meilleures p\u00e9riodes de sa vie.&nbsp;<\/p>\n\n\n\n<p>Devenir centenaire n\u2019a jamais \u00e9t\u00e9 pour lui un objectif\u202f; la vie est un cadeau qu\u2019il cherche toujours \u00e0 savourer pleinement. Malgr\u00e9 les d\u00e9fis, il conserve une vision optimiste de la vie, un attachement profond \u00e0 la nature et une passion pour la litt\u00e9rature. Il vit sans exc\u00e8s, mange \u00e9quilibr\u00e9 et reste actif. Ayant grandi avec la vue sur le S\u00e4ntis, il nourrit un amour durable pour les montagnes, qu\u2019il explore toute sa vie \u00e0 pied, avec son \u00e9pouse, lors de randonn\u00e9es \u00e0 travers toute la Suisse.&nbsp;<\/p>\n\n\n\n<p>Pour lui, la vie est une s\u00e9rie de le\u00e7ons qu\u2019il importe de transmettre. Il est toujours en contact r\u00e9gulier avec un petit groupe d&rsquo;anciens \u00e9l\u00e8ves de l\u2019\u00e9cole secondaire et les retrouve une fois par mois pour \u00e9changer leurs id\u00e9es et d\u00e9jeuner ensemble. \u00c0 100 ans, Hans Widmer suit encore l\u2019actualit\u00e9, s\u2019inqui\u00e8te du changement climatique et veille sur ses deux filles. Fort de ses exp\u00e9riences, il conseille d\u2019\u00eatre souple et ouvert d\u2019esprit pour s\u2019adapter aux transformations du monde, tout en r\u00e9sistant \u00e0 celles qui sont n\u00e9fastes. Selon lui, il est crucial d\u2019apprendre du pass\u00e9 et de ne jamais r\u00e9p\u00e9ter les m\u00eames erreurs.&nbsp;&nbsp;<\/p>\n<\/div>\n<\/div>\n","protected":false},"excerpt":{"rendered":"<p>\u00ab\u202fIl faut absolument tirer les le\u00e7ons du pass\u00e9 et ne pas commettre les m\u00eames erreurs.\u202f\u00bb&nbsp; Cliquez sur l&rsquo;ic\u00f4ne pour \u00e9couter son histoire ! Hans Widmer na\u00eet en 1922&hellip;<\/p>\n","protected":false},"author":1003048,"featured_media":0,"parent":0,"menu_order":0,"comment_status":"closed","ping_status":"closed","template":"","meta":{"_seopress_robots_primary_cat":"","_seopress_titles_title":"","_seopress_titles_desc":"","_seopress_robots_index":"","footnotes":""},"class_list":["post-4743","page","type-page","status-publish","has-post-thumbnail"],"_links":{"self":[{"href":"https:\/\/wp.unil.ch\/swiss100\/fr\/wp-json\/wp\/v2\/pages\/4743","targetHints":{"allow":["GET"]}}],"collection":[{"href":"https:\/\/wp.unil.ch\/swiss100\/fr\/wp-json\/wp\/v2\/pages"}],"about":[{"href":"https:\/\/wp.unil.ch\/swiss100\/fr\/wp-json\/wp\/v2\/types\/page"}],"author":[{"embeddable":true,"href":"https:\/\/wp.unil.ch\/swiss100\/fr\/wp-json\/wp\/v2\/users\/1003048"}],"replies":[{"embeddable":true,"href":"https:\/\/wp.unil.ch\/swiss100\/fr\/wp-json\/wp\/v2\/comments?post=4743"}],"version-history":[{"count":4,"href":"https:\/\/wp.unil.ch\/swiss100\/fr\/wp-json\/wp\/v2\/pages\/4743\/revisions"}],"predecessor-version":[{"id":7051,"href":"https:\/\/wp.unil.ch\/swiss100\/fr\/wp-json\/wp\/v2\/pages\/4743\/revisions\/7051"}],"wp:attachment":[{"href":"https:\/\/wp.unil.ch\/swiss100\/fr\/wp-json\/wp\/v2\/media?parent=4743"}],"curies":[{"name":"wp","href":"https:\/\/api.w.org\/{rel}","templated":true}]}}