{"id":4726,"date":"2025-09-24T10:24:40","date_gmt":"2025-09-24T08:24:40","guid":{"rendered":"https:\/\/wp.unil.ch\/swiss100\/?page_id=4726"},"modified":"2026-01-20T11:38:55","modified_gmt":"2026-01-20T10:38:55","slug":"yvette-helfer","status":"publish","type":"page","link":"https:\/\/wp.unil.ch\/swiss100\/fr\/yvette-helfer\/","title":{"rendered":"Yvette Helfer"},"content":{"rendered":"\n<div class=\"wp-block-columns alignwide is-layout-flex wp-container-core-columns-is-layout-9d6595d7 wp-block-columns-is-layout-flex\">\n<div class=\"wp-block-column is-vertically-aligned-center is-layout-flow wp-block-column-is-layout-flow\">\n<h4 class=\"wp-block-heading has-text-align-center\"><strong>\u00ab Favoriser la paix, s\u2019engager pour la solidarit\u00e9 et aimer la vie. \u00bb &nbsp;<\/strong><\/h4>\n<\/div>\n<\/div>\n\n\n\n<div class=\"wp-block-columns alignwide is-layout-flex wp-container-core-columns-is-layout-9d6595d7 wp-block-columns-is-layout-flex\">\n<div class=\"wp-block-column is-layout-flow wp-block-column-is-layout-flow\">\n<figure class=\"wp-block-image size-large\"><img alt=\"\" loading=\"lazy\" decoding=\"async\" width=\"1024\" height=\"1024\" src=\"https:\/\/wp.unil.ch\/swiss100\/files\/2025\/09\/dsc07035helfer_fin-1024x1024.jpeg\" alt=\"\" class=\"wp-image-5065\" srcset=\"https:\/\/wp.unil.ch\/swiss100\/files\/2025\/09\/dsc07035helfer_fin-1024x1024.jpeg 1024w, https:\/\/wp.unil.ch\/swiss100\/files\/2025\/09\/dsc07035helfer_fin-300x300.jpeg 300w, https:\/\/wp.unil.ch\/swiss100\/files\/2025\/09\/dsc07035helfer_fin-150x150.jpeg 150w, https:\/\/wp.unil.ch\/swiss100\/files\/2025\/09\/dsc07035helfer_fin-768x768.jpeg 768w, https:\/\/wp.unil.ch\/swiss100\/files\/2025\/09\/dsc07035helfer_fin-540x540.jpeg 540w, https:\/\/wp.unil.ch\/swiss100\/files\/2025\/09\/dsc07035helfer_fin-1080x1080.jpeg 1080w, https:\/\/wp.unil.ch\/swiss100\/files\/2025\/09\/dsc07035helfer_fin.jpeg 1200w\" sizes=\"auto, (max-width: 1024px) 100vw, 1024px\" \/><figcaption class=\"wp-element-caption\">\u00c2ge au moment de la photo : 102 ans<\/figcaption><\/figure>\n\n\n\n<div class=\"wp-block-media-text\" style=\"grid-template-columns:23% auto\"><figure class=\"wp-block-media-text__media\"><a href=\"https:\/\/soundcloud.com\/swiss100\/yvette-helfer-9?si=2dd4f4bdd93d4e95a13e9cb412b46043&amp;utm_source=clipboard&amp;utm_medium=text&amp;utm_campaign=social_sharing\"><img loading=\"lazy\" decoding=\"async\" width=\"500\" height=\"500\" src=\"https:\/\/wp.unil.ch\/swiss100\/files\/2025\/10\/audio-1.png\" alt=\"audio\" class=\"wp-image-5652 size-full\" srcset=\"https:\/\/wp.unil.ch\/swiss100\/files\/2025\/10\/audio-1.png 500w, https:\/\/wp.unil.ch\/swiss100\/files\/2025\/10\/audio-1-300x300.png 300w, https:\/\/wp.unil.ch\/swiss100\/files\/2025\/10\/audio-1-150x150.png 150w\" sizes=\"auto, (max-width: 500px) 100vw, 500px\" \/><\/a><\/figure><div class=\"wp-block-media-text__content\">\n<p>Cliquez sur l&rsquo;ic\u00f4ne pour \u00e9couter son histoire !<\/p>\n<\/div><\/div>\n<\/div>\n\n\n\n<div class=\"wp-block-column is-layout-flow wp-block-column-is-layout-flow\">\n<p>Yvette Helfer na\u00eet \u00e0 Vallorbe en 1921. Fille unique, elle adore l&rsquo;\u00e9cole, surtout la litt\u00e9rature fran\u00e7aise et les langues. Apr\u00e8s sa scolarit\u00e9, elle entreprend tout d&rsquo;abord un apprentissage d&#8217;employ\u00e9e de bureau avant d&rsquo;\u00eatre engag\u00e9e comme t\u00e9l\u00e9phoniste-t\u00e9l\u00e9graphiste. La guerre \u00e9clate, Vallorbe est sur le poste fronti\u00e8re et les communications sont tr\u00e8s urgentes et importantes. C&rsquo;est \u00e0 la centrale t\u00e9l\u00e9phonique de Vallorbe, justement, qu&rsquo;elle re\u00e7oit un appel qui va bouleverser sa vie : celui d&rsquo;un lieutenant mobilis\u00e9 au fort de Pr\u00e9-Girou. Un soir, il l&rsquo;appelle et, charm\u00e9 par sa voix, lui demande de rester un moment en ligne. La conversation se prolonge, l\u00e9g\u00e8re et complice, jusqu&rsquo;\u00e0 ce qu&rsquo;il lui propose de se rencontrer. Ils descendent \u00e0 Lausanne et passent une journ\u00e9e magnifique \u00e0 Ouchy. Peu apr\u00e8s, elle re\u00e7oit une lettre : le d\u00e9but d&rsquo;une histoire d&rsquo;amour qui durera 72 ans.<\/p>\n\n\n\n<p><br>Optimistes et amoureux, ils se marient en pleine guerre et b\u00e2tissent une union solide, fond\u00e9e sur le respect mutuel et l&rsquo;ind\u00e9pendance. En 1951, ils s&rsquo;installent \u00e0 Lausanne o\u00f9 ils \u00e9l\u00e8vent leurs deux enfants, Michel et Jocelyne, qu&rsquo;elle ch\u00e9rit profond\u00e9ment.<\/p>\n\n\n\n<p><br>Apr\u00e8s la naissance de ses enfants, Yvette Helfer s&rsquo;engage dans le b\u00e9n\u00e9volat. Elle accompagne des jeunes femmes qui ne peuvent pas garder leurs enfants apr\u00e8s la naissance \u00e0 la Maternit\u00e9, puis fonde avec une amie le Vestiaire de Terre des Hommes. \u00c0 50 ans, elle reprend son travail de t\u00e9l\u00e9phoniste \u00e0 la centrale t\u00e9l\u00e9phonique de Lausanne aux renseignements internationaux. Sa connaissance de l&rsquo;allemand, de l&rsquo;italien et de l&rsquo;anglais lui est alors tr\u00e8s utile. Apr\u00e8s sa retraite, elle s&rsquo;engage aux c\u00f4t\u00e9s de sa fille pasteure dans la distribution de nourriture pour les personnes toxicomanes et dans le besoin, dans le cadre de la paroisse St-Laurent. Elle en prend la responsabilit\u00e9 jusqu&rsquo;en 2004.<\/p>\n\n\n\n<p><br>Femme libre et sociable, profond\u00e9ment touch\u00e9e par la souffrance des autres, Yvette Helfer s&rsquo;engage aussi en politique en participant, en tant que militante de base, \u00e0 la cr\u00e9ation avec Daniel Brelaz du Groupement pour la protection de l&rsquo;environnement qui deviendra les Verts.<\/p>\n\n\n\n<p><br>Les ann\u00e9es passant, la sant\u00e9 de son mari d\u00e9cline; plusieurs chutes rendent la vie plus difficile. Elle s&rsquo;occupe de lui avec d\u00e9vouement jusqu&rsquo;\u00e0 son d\u00e9c\u00e8s en 2016. Sa disparition est une grande \u00e9preuve. \u00c0 l&rsquo;\u00e2ge de 95 ans, elle d\u00e9cide alors de s&rsquo;installer chez sa fille.<\/p>\n\n\n\n<p><br>Pour Yvette Helfer, vivre en accord avec ses convictions a toujours \u00e9t\u00e9 essentiel. Elle sait combien une vision claire et optimiste peut offrir la force de traverser les moments sombres. Elle attribue d&rsquo;ailleurs sa long\u00e9vit\u00e9 \u00e0 son amour de la vie. \u00c0 102 ans, elle consid\u00e8re son \u00e2ge comme une surprise : ni un cadeau, ni un fardeau.&nbsp;<\/p>\n\n\n\n<p>Apr\u00e8s une vie riche en exp\u00e9riences, en voyages et en engagements sociaux, Yvette Helfer laisse derri\u00e8re elle un h\u00e9ritage de convictions fortes et d&rsquo;amour.<\/p>\n<\/div>\n<\/div>\n","protected":false},"excerpt":{"rendered":"<p>\u00ab Favoriser la paix, s\u2019engager pour la solidarit\u00e9 et aimer la vie. \u00bb &nbsp; Cliquez sur l&rsquo;ic\u00f4ne pour \u00e9couter son histoire ! Yvette Helfer na\u00eet \u00e0 Vallorbe en&hellip;<\/p>\n","protected":false},"author":1003048,"featured_media":0,"parent":0,"menu_order":0,"comment_status":"closed","ping_status":"closed","template":"","meta":{"_seopress_robots_primary_cat":"","_seopress_titles_title":"","_seopress_titles_desc":"","_seopress_robots_index":"","footnotes":""},"class_list":["post-4726","page","type-page","status-publish","has-post-thumbnail"],"_links":{"self":[{"href":"https:\/\/wp.unil.ch\/swiss100\/fr\/wp-json\/wp\/v2\/pages\/4726","targetHints":{"allow":["GET"]}}],"collection":[{"href":"https:\/\/wp.unil.ch\/swiss100\/fr\/wp-json\/wp\/v2\/pages"}],"about":[{"href":"https:\/\/wp.unil.ch\/swiss100\/fr\/wp-json\/wp\/v2\/types\/page"}],"author":[{"embeddable":true,"href":"https:\/\/wp.unil.ch\/swiss100\/fr\/wp-json\/wp\/v2\/users\/1003048"}],"replies":[{"embeddable":true,"href":"https:\/\/wp.unil.ch\/swiss100\/fr\/wp-json\/wp\/v2\/comments?post=4726"}],"version-history":[{"count":5,"href":"https:\/\/wp.unil.ch\/swiss100\/fr\/wp-json\/wp\/v2\/pages\/4726\/revisions"}],"predecessor-version":[{"id":6741,"href":"https:\/\/wp.unil.ch\/swiss100\/fr\/wp-json\/wp\/v2\/pages\/4726\/revisions\/6741"}],"wp:attachment":[{"href":"https:\/\/wp.unil.ch\/swiss100\/fr\/wp-json\/wp\/v2\/media?parent=4726"}],"curies":[{"name":"wp","href":"https:\/\/api.w.org\/{rel}","templated":true}]}}