{"id":4725,"date":"2025-09-24T10:27:29","date_gmt":"2025-09-24T08:27:29","guid":{"rendered":"https:\/\/wp.unil.ch\/swiss100\/?page_id=4725"},"modified":"2026-01-20T11:29:56","modified_gmt":"2026-01-20T10:29:56","slug":"william-de-rham","status":"publish","type":"page","link":"https:\/\/wp.unil.ch\/swiss100\/fr\/william-de-rham\/","title":{"rendered":"William de Rham"},"content":{"rendered":"\n<div class=\"wp-block-columns alignwide is-layout-flex wp-container-core-columns-is-layout-9d6595d7 wp-block-columns-is-layout-flex\">\n<div class=\"wp-block-column is-layout-flow wp-block-column-is-layout-flow\" style=\"flex-basis:100%\">\n<h4 class=\"wp-block-heading has-text-align-center\"><strong>\u00ab Restez fid\u00e8les \u00e0 vous-m\u00eames, ne vous laissez pas influencer par les autres et cultivez une confiance in\u00e9branlable en vos capacit\u00e9s\u202f! \u00bb<\/strong>\u202f&nbsp;<\/h4>\n<\/div>\n<\/div>\n\n\n\n<div class=\"wp-block-columns alignwide is-layout-flex wp-container-core-columns-is-layout-9d6595d7 wp-block-columns-is-layout-flex\">\n<div class=\"wp-block-column is-layout-flow wp-block-column-is-layout-flow\">\n<figure class=\"wp-block-image size-large\"><img alt=\"\" loading=\"lazy\" decoding=\"async\" width=\"1024\" height=\"1024\" src=\"https:\/\/wp.unil.ch\/swiss100\/files\/2025\/09\/dsc06810derahm_fin-1024x1024.jpeg\" alt=\"\" class=\"wp-image-5057\" srcset=\"https:\/\/wp.unil.ch\/swiss100\/files\/2025\/09\/dsc06810derahm_fin-1024x1024.jpeg 1024w, https:\/\/wp.unil.ch\/swiss100\/files\/2025\/09\/dsc06810derahm_fin-300x300.jpeg 300w, https:\/\/wp.unil.ch\/swiss100\/files\/2025\/09\/dsc06810derahm_fin-150x150.jpeg 150w, https:\/\/wp.unil.ch\/swiss100\/files\/2025\/09\/dsc06810derahm_fin-768x768.jpeg 768w, https:\/\/wp.unil.ch\/swiss100\/files\/2025\/09\/dsc06810derahm_fin-540x540.jpeg 540w, https:\/\/wp.unil.ch\/swiss100\/files\/2025\/09\/dsc06810derahm_fin-1080x1080.jpeg 1080w, https:\/\/wp.unil.ch\/swiss100\/files\/2025\/09\/dsc06810derahm_fin.jpeg 1200w\" sizes=\"auto, (max-width: 1024px) 100vw, 1024px\" \/><figcaption class=\"wp-element-caption\">\u00c2ge au moment de la photo : 102 ans<\/figcaption><\/figure>\n\n\n\n<div class=\"wp-block-media-text\" style=\"grid-template-columns:19% auto\"><figure class=\"wp-block-media-text__media\"><a href=\"https:\/\/soundcloud.com\/swiss100\/william-de-rham-1?si=cda03520d8be4d86a39157ac063ba1f1&amp;utm_source=clipboard&amp;utm_medium=text&amp;utm_campaign=social_sharing\"><img alt=\"audio\" loading=\"lazy\" decoding=\"async\" width=\"500\" height=\"500\" src=\"https:\/\/wp.unil.ch\/swiss100\/files\/2025\/10\/audio-1.png\" alt=\"\" class=\"wp-image-5652 size-full\" srcset=\"https:\/\/wp.unil.ch\/swiss100\/files\/2025\/10\/audio-1.png 500w, https:\/\/wp.unil.ch\/swiss100\/files\/2025\/10\/audio-1-300x300.png 300w, https:\/\/wp.unil.ch\/swiss100\/files\/2025\/10\/audio-1-150x150.png 150w\" sizes=\"auto, (max-width: 500px) 100vw, 500px\" \/><\/a><\/figure><div class=\"wp-block-media-text__content\">\n<p>Cliquez sur l&rsquo;ic\u00f4ne pour \u00e9couter son histoire !<\/p>\n<\/div><\/div>\n<\/div>\n\n\n\n<div class=\"wp-block-column is-layout-flow wp-block-column-is-layout-flow\">\n<p>William de Rham na\u00eet en 1922 \u00e0 Lausanne, a\u00een\u00e9 d\u2019une fratrie de cinq enfants. Il grandit face \u00e0 la clinique \u00ab La Source \u00bb, en plein c\u0153ur de la ville.&nbsp;Il garde un souvenir marquant de ses ann\u00e9es d\u2019\u00e9cole : tant \u00e0 Pully, o\u00f9 il reconna\u00eet avoir peu brill\u00e9, qu\u2019\u00e0 l\u2019\u00c9cole nouvelle de Chailly, o\u00f9 il d\u00e9couvre une p\u00e9dagogie centr\u00e9e sur la pratique et le sens des responsabilit\u00e9s. Chaque matin, en allant \u00e0 l\u2019\u00e9cole en tram, il croise le G\u00e9n\u00e9ral Guisan. Une rencontre discr\u00e8te, mais marquante, qui pr\u00e9figure son futur engagement militaire.&nbsp;<\/p>\n\n\n\n<p>\u00c0 15 ans, il se passionne pour l&rsquo;\u00e9quitation, qu\u2019il pratique chaque jour. Cette passion l\u2019accompagne toute sa vie et il rejoint alors la cavalerie. En 1956, il participe m\u00eame aux Jeux Olympiques de Stockholm, o\u00f9 il repr\u00e9sente la Suisse avec son cheval <em>Va Vite<\/em>.&nbsp;<\/p>\n\n\n\n<p>Sa carri\u00e8re professionnelle commence avec des \u00e9tudes de commerce, puis William de Rham sert quatre ans comme officier dans l\u2019arm\u00e9e. Pendant ce temps, sa famille a d\u00e9m\u00e9nag\u00e9 \u00e0 la campagne. Il les rejoint plus tard, ce qu&rsquo;il lui permet de d\u00e9velopper une grande diversit\u00e9 de savoir-faire : il apprend la menuiserie, le soin des animaux et nourrit un amour profond pour la nature. Ces exp\u00e9riences fa\u00e7onnent la suite de son parcours.&nbsp;Apr\u00e8s son service militaire, il entre dans l&rsquo;entreprise immobili\u00e8re familiale, <em>de Rham Immobilier<\/em>, o\u00f9 il est form\u00e9 par des coll\u00e8gues bienveillants. Progressivement, il obtient des responsabilit\u00e9s de plus en plus importantes, jusqu\u2019\u00e0 succ\u00e9der \u00e0 son p\u00e8re en 1960. Il dirige l\u2019entreprise jusqu\u2019en 1990.&nbsp;William de Rham reste engag\u00e9 dans la soci\u00e9t\u00e9 familiale jusqu\u2019\u00e0 un \u00e2ge avanc\u00e9. Il ne prend jamais vraiment sa retraite. Il continue donc d\u2019\u00eatre impliqu\u00e9 dans la gestion de l\u2019entreprise. Il accompagne d\u2019abord ses enfants, puis ses petits-enfants dans la direction de la structure, assurant ainsi la p\u00e9rennit\u00e9 de cette tradition.&nbsp;<\/p>\n\n\n\n<p>Quant \u00e0 son mariage, d\u2019heureuses circonstances ou le destin ? Le retard de son bateau pour les \u00c9tats-Unis lui offre l\u2019opportunit\u00e9 de passer davantage de temps avec une jeune Hollandaise h\u00e9berg\u00e9e chez ses parents. Les deux s\u2019\u00e9taient d\u00e9j\u00e0 rencontr\u00e9s enfants, pendant les vacances. L\u2019\u00e9tincelle se produit. Durant une ann\u00e9e, ils s\u2019\u00e9crivent des lettres d\u2019amour. Quatre ans plus tard, en 1949, ils se marient et \u00e9l\u00e8vent quatre enfants dans la maison familiale historique. Jusqu\u2019au d\u00e9c\u00e8s de sa femme en 2023, le couple vit dans le bonheur et l\u2019harmonie.&nbsp;<\/p>\n\n\n\n<p>\u00c0 102 ans, William de Rham parle de sa long\u00e9vit\u00e9 avec humilit\u00e9. Il est convaincu que l&rsquo;\u00e9quitation a contribu\u00e9 \u00e0 sa vitalit\u00e9 ; jusqu\u2019\u00e0 85 ans, il monte encore en selle. Il attribue \u00e9galement sa long\u00e9vit\u00e9 \u00e0 une alimentation saine, \u00e0 la vigilance attentive de sa femme et \u00e0 son optimisme, qui le porte au fil des ans.&nbsp;<\/p>\n<\/div>\n<\/div>\n","protected":false},"excerpt":{"rendered":"<p>\u00ab Restez fid\u00e8les \u00e0 vous-m\u00eames, ne vous laissez pas influencer par les autres et cultivez une confiance in\u00e9branlable en vos capacit\u00e9s\u202f! \u00bb\u202f&nbsp; Cliquez sur l&rsquo;ic\u00f4ne pour \u00e9couter son&hellip;<\/p>\n","protected":false},"author":1003049,"featured_media":0,"parent":0,"menu_order":0,"comment_status":"closed","ping_status":"closed","template":"","meta":{"_seopress_robots_primary_cat":"","_seopress_titles_title":"","_seopress_titles_desc":"","_seopress_robots_index":"","footnotes":""},"class_list":["post-4725","page","type-page","status-publish","has-post-thumbnail"],"_links":{"self":[{"href":"https:\/\/wp.unil.ch\/swiss100\/fr\/wp-json\/wp\/v2\/pages\/4725","targetHints":{"allow":["GET"]}}],"collection":[{"href":"https:\/\/wp.unil.ch\/swiss100\/fr\/wp-json\/wp\/v2\/pages"}],"about":[{"href":"https:\/\/wp.unil.ch\/swiss100\/fr\/wp-json\/wp\/v2\/types\/page"}],"author":[{"embeddable":true,"href":"https:\/\/wp.unil.ch\/swiss100\/fr\/wp-json\/wp\/v2\/users\/1003049"}],"replies":[{"embeddable":true,"href":"https:\/\/wp.unil.ch\/swiss100\/fr\/wp-json\/wp\/v2\/comments?post=4725"}],"version-history":[{"count":5,"href":"https:\/\/wp.unil.ch\/swiss100\/fr\/wp-json\/wp\/v2\/pages\/4725\/revisions"}],"predecessor-version":[{"id":6717,"href":"https:\/\/wp.unil.ch\/swiss100\/fr\/wp-json\/wp\/v2\/pages\/4725\/revisions\/6717"}],"wp:attachment":[{"href":"https:\/\/wp.unil.ch\/swiss100\/fr\/wp-json\/wp\/v2\/media?parent=4725"}],"curies":[{"name":"wp","href":"https:\/\/api.w.org\/{rel}","templated":true}]}}