{"id":4705,"date":"2025-09-24T10:15:59","date_gmt":"2025-09-24T08:15:59","guid":{"rendered":"https:\/\/wp.unil.ch\/swiss100\/?page_id=4705"},"modified":"2026-04-28T17:15:04","modified_gmt":"2026-04-28T15:15:04","slug":"germaine-graf","status":"publish","type":"page","link":"https:\/\/wp.unil.ch\/swiss100\/fr\/germaine-graf\/","title":{"rendered":"Germaine Graf"},"content":{"rendered":"\n<div class=\"wp-block-columns alignwide is-layout-flex wp-container-core-columns-is-layout-9d6595d7 wp-block-columns-is-layout-flex\">\n<div class=\"wp-block-column is-vertically-aligned-center is-layout-flow wp-block-column-is-layout-flow\">\n<h4 class=\"wp-block-heading has-text-align-center\"><strong><strong>\u00ab Profitez bien, entourez-vous d\u2019amour ! \u00bb<\/strong>\u202f&nbsp;<\/strong><\/h4>\n<\/div>\n<\/div>\n\n\n\n<div class=\"wp-block-columns alignwide is-layout-flex wp-container-core-columns-is-layout-9d6595d7 wp-block-columns-is-layout-flex\">\n<div class=\"wp-block-column is-layout-flow wp-block-column-is-layout-flow\">\n<figure class=\"wp-block-image size-large\"><img alt=\"\" loading=\"lazy\" decoding=\"async\" width=\"1024\" height=\"1024\" src=\"https:\/\/wp.unil.ch\/swiss100\/files\/2025\/09\/swiss100_graf05457_fin-1024x1024.jpeg\" alt=\"\" class=\"wp-image-5077\" srcset=\"https:\/\/wp.unil.ch\/swiss100\/files\/2025\/09\/swiss100_graf05457_fin-1024x1024.jpeg 1024w, https:\/\/wp.unil.ch\/swiss100\/files\/2025\/09\/swiss100_graf05457_fin-300x300.jpeg 300w, https:\/\/wp.unil.ch\/swiss100\/files\/2025\/09\/swiss100_graf05457_fin-150x150.jpeg 150w, https:\/\/wp.unil.ch\/swiss100\/files\/2025\/09\/swiss100_graf05457_fin-768x768.jpeg 768w, https:\/\/wp.unil.ch\/swiss100\/files\/2025\/09\/swiss100_graf05457_fin-540x540.jpeg 540w, https:\/\/wp.unil.ch\/swiss100\/files\/2025\/09\/swiss100_graf05457_fin-1080x1080.jpeg 1080w, https:\/\/wp.unil.ch\/swiss100\/files\/2025\/09\/swiss100_graf05457_fin.jpeg 1200w\" sizes=\"auto, (max-width: 1024px) 100vw, 1024px\" \/><figcaption class=\"wp-element-caption\">\u00c2ge au moment de la photo : 104 ans<\/figcaption><\/figure>\n\n\n\n<div class=\"wp-block-media-text\" style=\"grid-template-columns:23% auto\"><figure class=\"wp-block-media-text__media\"><a href=\"https:\/\/soundcloud.com\/welcome-to-your-future\/graf-13?in=welcome-to-your-future\/sets\/welcome-to-your-future&amp;si=5ee4b0e1ff4746fdaf49b64b64bfe938&amp;utm_source=clipboard&amp;utm_medium=text&amp;utm_campaign=social_sharing\"><img loading=\"lazy\" decoding=\"async\" width=\"500\" height=\"500\" src=\"https:\/\/wp.unil.ch\/swiss100\/files\/2025\/10\/audio-1.png\" alt=\"audio\" class=\"wp-image-5652 size-full\" srcset=\"https:\/\/wp.unil.ch\/swiss100\/files\/2025\/10\/audio-1.png 500w, https:\/\/wp.unil.ch\/swiss100\/files\/2025\/10\/audio-1-300x300.png 300w, https:\/\/wp.unil.ch\/swiss100\/files\/2025\/10\/audio-1-150x150.png 150w\" sizes=\"auto, (max-width: 500px) 100vw, 500px\" \/><\/a><\/figure><div class=\"wp-block-media-text__content\">\n<p>Cliquez sur l&rsquo;ic\u00f4ne pour \u00e9couter son histoire !<\/p>\n<\/div><\/div>\n<\/div>\n\n\n\n<div class=\"wp-block-column is-layout-flow wp-block-column-is-layout-flow\">\n<p>Germaine Graf na\u00eet en 1919 \u00e0 Morges. Elle grandit entour\u00e9e de ses trois s\u0153urs et vit une enfance heureuse au sein d&rsquo;une famille attentive et aimante. Ses parents veillent \u00e0 offrir \u00e0 leurs filles une \u00e9ducation de qualit\u00e9.<\/p>\n\n\n\n<p>Germaine Graf choisit de devenir modiste, un m\u00e9tier qui la comble. Elle fait preuve d&rsquo;un talent remarquable et s&rsquo;investit pleinement dans son apprentissage, remportant m\u00eame un prix d&rsquo;excellence \u00e0 l&rsquo;\u00c9cole professionnelle. Elle cr\u00e9e d&rsquo;ailleurs un chapeau pour l&rsquo;\u00e9pouse du G\u00e9n\u00e9ral Guisan, un souvenir dont elle se montre fi\u00e8re ! Pendant son temps libre, elle chante dans un ch\u0153ur, participe aux f\u00eates cantonales et se passionne pour la broderie. Ces ann\u00e9es sont rythm\u00e9es de joie, d&rsquo;\u00e9changes, de rencontres familiales, de concerts, de musique et de chants. C&rsquo;est \u00e9galement durant cette p\u00e9riode qu&rsquo;elle rencontre son futur mari.<\/p>\n\n\n\n<p>Le couple se marie en 1944, Germaine Graf a 25 ans. Deux ans plus tard, elle est m\u00e8re de deux enfants. Ce mariage, empreint d&rsquo;un amour profond, dure 60 ans.<\/p>\n\n\n\n<p>La famille \u00e9volue dans le respect de la foi, le go\u00fbt du travail et l&rsquo;amour du prochain. Germaine Graf cultive constamment la reconnaissance pour ce que la vie lui offre. Elle garde une attitude positive, m\u00eame face aux \u00e9preuves de la guerre, lorsque la tristesse l&rsquo;envahit parfois et que l&rsquo;avenir de ses enfants semble incertain. La chorale et son cercle d&rsquo;amies contribuent \u00e0 maintenir une vie joyeuse et un \u00e9quilibre familial solide.<\/p>\n\n\n\n<p>Elle doit attendre l&rsquo;\u00e2ge de 52 ans pour obtenir le droit de vote, mais son ind\u00e9pendance se manifeste d\u00e9j\u00e0 dans d&rsquo;autres sph\u00e8res. Les changements dans le monde l&rsquo;enthousiasment : le progr\u00e8s technique, l&rsquo;aviation, l&rsquo;arriv\u00e9e du r\u00e9frig\u00e9rateur, la t\u00e9l\u00e9vision et son impact sur la soci\u00e9t\u00e9\u2026 Tant de nouveaut\u00e9s traversent sa longue existence !<\/p>\n\n\n\n<p>Jusqu&rsquo;\u00e0 plus de 68 ans, elle collabore avec son mari dans le salon de coiffure de Chauderon \u00e0 Lausanne. Ensemble, ils partagent tout et travaillent main dans la main. Elle accueille les clients, encadre les apprentis et les collaborateurs. Dans les ann\u00e9es difficiles, ils pr\u00e9f\u00e8rent g\u00e2ter leurs employ\u00e9s \u00e0 No\u00ebl plut\u00f4t que de s&rsquo;offrir des cadeaux. Pour elle, l&rsquo;int\u00e9grit\u00e9 et la reconnaissance envers autrui sont essentielles dans son m\u00e9tier.<\/p>\n\n\n\n<p>Germaine Graf n&rsquo;a jamais imagin\u00e9 vivre si longtemps. En y pensant, elle se dit que son attitude positive et sa bienveillance y ont contribu\u00e9. Elle n&rsquo;a pas pratiqu\u00e9 de sport particulier, mais elle suit une alimentation saine et m\u00e8ne une vie remplie d&rsquo;amour pour les autres.<\/p>\n\n\n\n<p>\u00c0 105 ans, Germaine Graf est r\u00e9sidente \u00e0 l&rsquo;institut B\u00e9thanie \u00e0 Lausanne, depuis trois ans. Elle trouve que c&rsquo;est une bonne solution pour que ses enfants puissent avoir leur vie \u00e0 eux. Sa famille lui rend r\u00e9guli\u00e8rement visite et elle se rend chaque dimanche chez sa fille et son beau-fils pour le repas de midi. Elle re\u00e7oit \u00e9galement la visite des enfants d&rsquo;amis et d&#8217;employ\u00e9s disparus. Dans cet environnement bienveillant, entour\u00e9e d&rsquo;un personnel attentif, elle mesure chaque jour sa chance. La mort ne l&rsquo;inqui\u00e8te pas. Ses journ\u00e9es restent actives : elle participe aux cours de gymnastique et au ch\u0153ur. Aux jeunes, elle recommande : \u00ab Profitez pleinement de la vie et entourez-vous d&rsquo;amour ! \u00bb<\/p>\n<\/div>\n<\/div>\n","protected":false},"excerpt":{"rendered":"<p>\u00ab Profitez bien, entourez-vous d\u2019amour ! \u00bb\u202f&nbsp; Cliquez sur l&rsquo;ic\u00f4ne pour \u00e9couter son histoire ! Germaine Graf na\u00eet en 1919 \u00e0 Morges. Elle grandit entour\u00e9e de ses trois&hellip;<\/p>\n","protected":false},"author":1003048,"featured_media":0,"parent":0,"menu_order":0,"comment_status":"closed","ping_status":"closed","template":"","meta":{"_seopress_robots_primary_cat":"","_seopress_titles_title":"","_seopress_titles_desc":"","_seopress_robots_index":"","footnotes":""},"class_list":["post-4705","page","type-page","status-publish","has-post-thumbnail"],"_links":{"self":[{"href":"https:\/\/wp.unil.ch\/swiss100\/fr\/wp-json\/wp\/v2\/pages\/4705","targetHints":{"allow":["GET"]}}],"collection":[{"href":"https:\/\/wp.unil.ch\/swiss100\/fr\/wp-json\/wp\/v2\/pages"}],"about":[{"href":"https:\/\/wp.unil.ch\/swiss100\/fr\/wp-json\/wp\/v2\/types\/page"}],"author":[{"embeddable":true,"href":"https:\/\/wp.unil.ch\/swiss100\/fr\/wp-json\/wp\/v2\/users\/1003048"}],"replies":[{"embeddable":true,"href":"https:\/\/wp.unil.ch\/swiss100\/fr\/wp-json\/wp\/v2\/comments?post=4705"}],"version-history":[{"count":5,"href":"https:\/\/wp.unil.ch\/swiss100\/fr\/wp-json\/wp\/v2\/pages\/4705\/revisions"}],"predecessor-version":[{"id":8168,"href":"https:\/\/wp.unil.ch\/swiss100\/fr\/wp-json\/wp\/v2\/pages\/4705\/revisions\/8168"}],"wp:attachment":[{"href":"https:\/\/wp.unil.ch\/swiss100\/fr\/wp-json\/wp\/v2\/media?parent=4705"}],"curies":[{"name":"wp","href":"https:\/\/api.w.org\/{rel}","templated":true}]}}