{"id":4694,"date":"2025-09-24T10:12:48","date_gmt":"2025-09-24T08:12:48","guid":{"rendered":"https:\/\/wp.unil.ch\/swiss100\/?page_id=4694"},"modified":"2026-04-08T11:34:52","modified_gmt":"2026-04-08T09:34:52","slug":"france-blanc","status":"publish","type":"page","link":"https:\/\/wp.unil.ch\/swiss100\/fr\/france-blanc\/","title":{"rendered":"France Blanc"},"content":{"rendered":"\n<div class=\"wp-block-columns alignwide is-layout-flex wp-container-core-columns-is-layout-9d6595d7 wp-block-columns-is-layout-flex\">\n<div class=\"wp-block-column is-layout-flow wp-block-column-is-layout-flow\" style=\"flex-basis:100%\">\n<h4 class=\"wp-block-heading has-text-align-center\"><strong>\u00ab\u202f\u00catre tr\u00e8s vieille comme moi, c\u2019est pas rigolo. Il faut lutter tous les jours.\u202f\u00bb<\/strong>&nbsp;<\/h4>\n<\/div>\n<\/div>\n\n\n\n<div class=\"wp-block-columns alignwide is-layout-flex wp-container-core-columns-is-layout-9d6595d7 wp-block-columns-is-layout-flex\">\n<div class=\"wp-block-column is-layout-flow wp-block-column-is-layout-flow\">\n<figure class=\"wp-block-image alignwide size-large\"><img alt=\"\" loading=\"lazy\" decoding=\"async\" width=\"1018\" height=\"1024\" src=\"https:\/\/wp.unil.ch\/swiss100\/files\/2025\/09\/dscblanc06614_fin-1018x1024.jpeg\" alt=\"\" class=\"wp-image-5069\" srcset=\"https:\/\/wp.unil.ch\/swiss100\/files\/2025\/09\/dscblanc06614_fin-1018x1024.jpeg 1018w, https:\/\/wp.unil.ch\/swiss100\/files\/2025\/09\/dscblanc06614_fin-298x300.jpeg 298w, https:\/\/wp.unil.ch\/swiss100\/files\/2025\/09\/dscblanc06614_fin-150x150.jpeg 150w, https:\/\/wp.unil.ch\/swiss100\/files\/2025\/09\/dscblanc06614_fin-768x773.jpeg 768w, https:\/\/wp.unil.ch\/swiss100\/files\/2025\/09\/dscblanc06614_fin-540x543.jpeg 540w, https:\/\/wp.unil.ch\/swiss100\/files\/2025\/09\/dscblanc06614_fin-1080x1086.jpeg 1080w, https:\/\/wp.unil.ch\/swiss100\/files\/2025\/09\/dscblanc06614_fin.jpeg 1193w\" sizes=\"auto, (max-width: 1018px) 100vw, 1018px\" \/><figcaption class=\"wp-element-caption\">\u00c2ge au moment de la photo : 105 ans<\/figcaption><\/figure>\n\n\n\n<div class=\"wp-block-media-text\" style=\"grid-template-columns:23% auto\"><figure class=\"wp-block-media-text__media\"><a href=\"https:\/\/soundcloud.com\/swiss100\/france-blanc-2?in=swiss100\/sets\/life-narrative-swiss100&amp;si=2f69e2ade7b04552aeec5adf9d3ca76d&amp;utm_source=clipboard&amp;utm_medium=text&amp;utm_campaign=social_sharing\"><img loading=\"lazy\" decoding=\"async\" width=\"500\" height=\"500\" src=\"https:\/\/wp.unil.ch\/swiss100\/files\/2025\/10\/audio-1.png\" alt=\"audio\" class=\"wp-image-5652 size-full\" srcset=\"https:\/\/wp.unil.ch\/swiss100\/files\/2025\/10\/audio-1.png 500w, https:\/\/wp.unil.ch\/swiss100\/files\/2025\/10\/audio-1-300x300.png 300w, https:\/\/wp.unil.ch\/swiss100\/files\/2025\/10\/audio-1-150x150.png 150w\" sizes=\"auto, (max-width: 500px) 100vw, 500px\" \/><\/a><\/figure><div class=\"wp-block-media-text__content\">\n<p>Cliquez sur l&rsquo;ic\u00f4ne pour \u00e9couter son histoire !<\/p>\n<\/div><\/div>\n\n\n\n<p><audio preload=\"metadata\"><\/audio><\/p>\n<\/div>\n\n\n\n<div class=\"wp-block-column is-layout-flow wp-block-column-is-layout-flow\">\n<p>France Blanc na\u00eet en 1919 \u00e0 Gen\u00e8ve. \u00c0 sa naissance, en voyant sa taille minuscule et sa p\u00e2leur, son p\u00e8re dit \u00e0 sa m\u00e8re : \u00ab Tu sais, Marie, ne te r\u00e9jouis pas comme \u00e7a, cette petite ne peut pas vivre. \u00bb&nbsp;Ce \u00e0 quoi sa m\u00e8re r\u00e9pond, avec une force tranquille : \u00ab Moi, je la ferai vivre.&nbsp;\u00bb&nbsp;<\/p>\n\n\n\n<p>Fille d\u2019un p\u00e8re chauffeur de taxi et d\u2019une m\u00e8re couturi\u00e8re, elle grandit dans une enfance simple et heureuse. Elle entretient une relation fusionnelle avec sa m\u00e8re, qui l\u2019appelle tendrement \u00ab suce la pomme.&nbsp;\u00bb&nbsp;Son p\u00e8re, plus s\u00e9v\u00e8re,&nbsp;veille au respect des r\u00e8gles de la maison. Elle a aussi une s\u0153ur, avec laquelle la complicit\u00e9 n\u2019est pas toujours \u00e9vidente ; France&nbsp;Blanc&nbsp;en garde encore un souvenir un peu amer.&nbsp;<\/p>\n\n\n\n<p>Devenue jeune femme, elle croise un jour, au d\u00e9tour d\u2019une promenade, un homme qui lui dit : \u00ab Bonjour Mademoiselle, vous ne me reconnaissez pas ? On \u00e9tait \u00e0 l\u2019\u00e9cole enfantine ensemble&nbsp;\u00bb.&nbsp;C\u2019est Louis, son ancien camarade de classe. Cette rencontre change sa vie. Ils tombent amoureux et d\u00e9cident de se marier en 1945.&nbsp;<\/p>\n\n\n\n<p>Couturi\u00e8re de m\u00e9tier, France Blanc gagne alors sa vie modestement. Pour assurer un revenu plus stable, elle encourage son mari \u00e0 apprendre un m\u00e9tier : il devient&nbsp;alors \u00e9b\u00e9niste. Malgr\u00e9 un talent certain, son fort caract\u00e8re le pousse \u00e0 changer souvent d\u2019emploi, non sans inqui\u00e9ter son \u00e9pouse.&nbsp;<\/p>\n\n\n\n<p>Ayant toujours r\u00eav\u00e9 d\u2019avoir des enfants, France&nbsp;Blanc&nbsp;tombe enfin enceinte apr\u00e8s sept ans de mariage. C\u2019est l\u2019une des plus belles nouvelles de sa vie. Sa premi\u00e8re fille, Fran\u00e7oise, na\u00eet et remplit son existence de bonheur. Quelques ann\u00e9es plus tard,&nbsp;sa fille&nbsp;Christine vient au monde. Ses enfants deviennent toute sa vie.&nbsp;<\/p>\n\n\n\n<p>En 1992, France Blanc perd son mari, emport\u00e9 par un cancer. En 2008, sa vie est de nouveau&nbsp;boulevers\u00e9e&nbsp;:&nbsp;elle doit faire face, cette fois, \u00e0 la disparition de sa fille Christine. France&nbsp;Blanc&nbsp;pense \u00e0 elle chaque jour ; l\u2019absence de sa cadette reste une plaie ouverte.&nbsp;<\/p>\n\n\n\n<p>M\u00eame dans les moments les plus douloureux, France Blanc garde le sourire. Elle aime rire, plaisanter, passer du temps avec ceux qu\u2019elle aime. L\u2019humour, depuis toujours, apporte de la l\u00e9g\u00e8ret\u00e9 \u00e0 son existence, m\u00eame dans les p\u00e9riodes les plus sombres.&nbsp;<\/p>\n\n\n\n<p>Pourtant, \u00e0 ses yeux, avoir&nbsp;100&nbsp;ans n\u2019est pas un cadeau. Croyante depuis toujours, elle confie parfois \u00e0 Dieu, au fil de ses pri\u00e8res quotidiennes, de ne pas l\u2019oublier. Elle lui dit que ses efforts sont pour lui, et que, m\u00eame si elle aimerait le rejoindre, elle saura attendre avec patience.&nbsp;<\/p>\n\n\n\n<p>\u00c0&nbsp;105 ans, elle s\u2019int\u00e9resse encore \u00e0 l\u2019actualit\u00e9. Elle dit avoir toujours soutenu les id\u00e9es sociales et \u00e9cologiques et s\u2019inqui\u00e8te pour l\u2019avenir. Marqu\u00e9e par les souffrances de la Seconde Guerre mondiale, elle en garde une profonde tristesse. Elle ne comprend pas que l\u2019humanit\u00e9 puisse encore faire la guerre apr\u00e8s avoir connu tant d\u2019horreurs.&nbsp;<\/p>\n<\/div>\n<\/div>\n","protected":false},"excerpt":{"rendered":"<p>\u00ab\u202f\u00catre tr\u00e8s vieille comme moi, c\u2019est pas rigolo. Il faut lutter tous les jours.\u202f\u00bb&nbsp; Cliquez sur l&rsquo;ic\u00f4ne pour \u00e9couter son histoire ! France Blanc na\u00eet en 1919 \u00e0&hellip;<\/p>\n","protected":false},"author":1003049,"featured_media":0,"parent":0,"menu_order":0,"comment_status":"closed","ping_status":"closed","template":"","meta":{"_seopress_robots_primary_cat":"","_seopress_titles_title":"","_seopress_titles_desc":"","_seopress_robots_index":"","footnotes":""},"class_list":["post-4694","page","type-page","status-publish","has-post-thumbnail"],"_links":{"self":[{"href":"https:\/\/wp.unil.ch\/swiss100\/fr\/wp-json\/wp\/v2\/pages\/4694","targetHints":{"allow":["GET"]}}],"collection":[{"href":"https:\/\/wp.unil.ch\/swiss100\/fr\/wp-json\/wp\/v2\/pages"}],"about":[{"href":"https:\/\/wp.unil.ch\/swiss100\/fr\/wp-json\/wp\/v2\/types\/page"}],"author":[{"embeddable":true,"href":"https:\/\/wp.unil.ch\/swiss100\/fr\/wp-json\/wp\/v2\/users\/1003049"}],"replies":[{"embeddable":true,"href":"https:\/\/wp.unil.ch\/swiss100\/fr\/wp-json\/wp\/v2\/comments?post=4694"}],"version-history":[{"count":5,"href":"https:\/\/wp.unil.ch\/swiss100\/fr\/wp-json\/wp\/v2\/pages\/4694\/revisions"}],"predecessor-version":[{"id":7967,"href":"https:\/\/wp.unil.ch\/swiss100\/fr\/wp-json\/wp\/v2\/pages\/4694\/revisions\/7967"}],"wp:attachment":[{"href":"https:\/\/wp.unil.ch\/swiss100\/fr\/wp-json\/wp\/v2\/media?parent=4694"}],"curies":[{"name":"wp","href":"https:\/\/api.w.org\/{rel}","templated":true}]}}