{"id":4681,"date":"2025-09-23T15:17:39","date_gmt":"2025-09-23T13:17:39","guid":{"rendered":"https:\/\/wp.unil.ch\/swiss100\/?page_id=4681"},"modified":"2026-01-20T11:55:05","modified_gmt":"2026-01-20T10:55:05","slug":"jean-jacques-sollberger","status":"publish","type":"page","link":"https:\/\/wp.unil.ch\/swiss100\/fr\/jean-jacques-sollberger\/","title":{"rendered":"Jean-Jacques Sollberger"},"content":{"rendered":"\n<div class=\"wp-block-columns alignwide is-layout-flex wp-container-core-columns-is-layout-9d6595d7 wp-block-columns-is-layout-flex\">\n<div class=\"wp-block-column is-vertically-aligned-center is-layout-flow wp-block-column-is-layout-flow\">\n<div class=\"wp-block-columns is-layout-flex wp-container-core-columns-is-layout-9d6595d7 wp-block-columns-is-layout-flex\">\n<div class=\"wp-block-column is-layout-flow wp-block-column-is-layout-flow\">\n<div class=\"wp-block-columns alignwide is-layout-flex wp-container-core-columns-is-layout-9d6595d7 wp-block-columns-is-layout-flex\">\n<div class=\"wp-block-column is-layout-flow wp-block-column-is-layout-flow\">\n<h4 class=\"wp-block-heading has-text-align-center\"><strong><strong>\u00ab\u202f Profitez de tous les choix qui s\u2019offrent \u00e0 vous ! Lancez-vous ! Mais jamais \u00e0 cr\u00e9dit. Cela vous d\u00e9truira.\u00bb<\/strong>&nbsp;<\/strong><\/h4>\n<\/div>\n<\/div>\n<\/div>\n<\/div>\n<\/div>\n<\/div>\n\n\n\n<div class=\"wp-block-columns alignwide is-layout-flex wp-container-core-columns-is-layout-9d6595d7 wp-block-columns-is-layout-flex\">\n<div class=\"wp-block-column is-layout-flow wp-block-column-is-layout-flow\">\n<figure class=\"wp-block-image size-large\"><img alt=\"\" loading=\"lazy\" decoding=\"async\" width=\"1014\" height=\"1024\" src=\"https:\/\/wp.unil.ch\/swiss100\/files\/2025\/09\/swiss100_sollberger06090_fin-1014x1024.jpeg\" alt=\"\" class=\"wp-image-5081\" srcset=\"https:\/\/wp.unil.ch\/swiss100\/files\/2025\/09\/swiss100_sollberger06090_fin-1014x1024.jpeg 1014w, https:\/\/wp.unil.ch\/swiss100\/files\/2025\/09\/swiss100_sollberger06090_fin-297x300.jpeg 297w, https:\/\/wp.unil.ch\/swiss100\/files\/2025\/09\/swiss100_sollberger06090_fin-150x150.jpeg 150w, https:\/\/wp.unil.ch\/swiss100\/files\/2025\/09\/swiss100_sollberger06090_fin-768x776.jpeg 768w, https:\/\/wp.unil.ch\/swiss100\/files\/2025\/09\/swiss100_sollberger06090_fin-540x545.jpeg 540w, https:\/\/wp.unil.ch\/swiss100\/files\/2025\/09\/swiss100_sollberger06090_fin-1080x1091.jpeg 1080w, https:\/\/wp.unil.ch\/swiss100\/files\/2025\/09\/swiss100_sollberger06090_fin.jpeg 1188w\" sizes=\"auto, (max-width: 1014px) 100vw, 1014px\" \/><figcaption class=\"wp-element-caption\">\u00c2ge au moment de la photo : 101 ans<\/figcaption><\/figure>\n\n\n\n<div class=\"wp-block-media-text\" style=\"grid-template-columns:23% auto\"><figure class=\"wp-block-media-text__media\"><a href=\"https:\/\/soundcloud.com\/swiss100\/jean-jacques-sollberger-1?in=swiss100\/sets\/life-narrative&amp;si=2cd7abd73da2474eab29e27fccb4fa28&amp;utm_source=clipboard&amp;utm_medium=text&amp;utm_campaign=social_sharing\"><img loading=\"lazy\" decoding=\"async\" width=\"500\" height=\"500\" src=\"https:\/\/wp.unil.ch\/swiss100\/files\/2025\/10\/audio-1.png\" alt=\"audio\" class=\"wp-image-5652 size-full\" srcset=\"https:\/\/wp.unil.ch\/swiss100\/files\/2025\/10\/audio-1.png 500w, https:\/\/wp.unil.ch\/swiss100\/files\/2025\/10\/audio-1-300x300.png 300w, https:\/\/wp.unil.ch\/swiss100\/files\/2025\/10\/audio-1-150x150.png 150w\" sizes=\"auto, (max-width: 500px) 100vw, 500px\" \/><\/a><\/figure><div class=\"wp-block-media-text__content\">\n<p>Cliquez sur l&rsquo;ic\u00f4ne pour \u00e9couter son histoire !<\/p>\n<\/div><\/div>\n<\/div>\n\n\n\n<div class=\"wp-block-column is-layout-flow wp-block-column-is-layout-flow\">\n<p>Jean-Jacques Sollberger na\u00eet en 1922 \u00e0 Montreux. Il n&rsquo;a pas beaucoup de souvenirs de sa petite enfance, mais plut\u00f4t de la p\u00e9riode de l&rsquo;\u00e9cole, o\u00f9 il essaie de gagner de l&rsquo;argent pour aider la famille : ramer pour des touristes anglaises qui se laissent guider dans de petites barques, ramasser du bois flottant pour l&rsquo;hiver ou r\u00e9cup\u00e9rer le charbon sous les wagons \u00e0 la gare.<\/p>\n\n\n\n<p>Adolescent, Jean-Jacques Sollberger s&rsquo;int\u00e9resse \u00e0 la photographie. Il d\u00e9couvre une boutique de photographie, o\u00f9 il effectue de petits travaux et apprend, pendant deux ans, la technique et le travail de laboratoire. C&rsquo;est le tout d\u00e9but de la photographie en couleur ! Mais son p\u00e8re refuse qu&rsquo;il fasse un apprentissage dans ce \u00ab m\u00e9tier de cr\u00e8ve-la-faim \u00bb, comme il le dit. Finalement, c&rsquo;est dans une quincaillerie qu&rsquo;il commence son apprentissage. D\u00e8s le premier jour, il apprend \u00e0 ranger chaque chose \u00e0 sa place.<\/p>\n\n\n\n<p>Apr\u00e8s trois ans de formation, Jean-Jacques Sollberger travaille dans diff\u00e9rentes entreprises. C&rsquo;est un collaborateur appr\u00e9ci\u00e9, connu pour son honn\u00eatet\u00e9 et sa franchise. Son parcours de vie le conduit \u00e0 Moudon, \u00e0 Bienne et \u00e0 Lucerne, o\u00f9 il rencontre son \u00e9pouse en 1944. Le couple s&rsquo;installe au Locle apr\u00e8s la guerre. Ils se marient en 1951. Les Sollberger restent sans enfants pendant de longues ann\u00e9es et se consolent avec un chien, avant d&rsquo;accueillir une premi\u00e8re fille en 1959, Christiane. Une ann\u00e9e plus tard, c&rsquo;est Nicole qui na\u00eet.<\/p>\n\n\n\n<p>Apr\u00e8s avoir \u00e9lev\u00e9 leurs deux filles, le couple revient \u00e0 Montreux en 1976 pour reprendre le commerce familial. D&rsquo;un c\u00f4t\u00e9 du magasin : la bijouterie, l&rsquo;argenterie, les montres, le domaine de son \u00e9pouse. De l&rsquo;autre c\u00f4t\u00e9 : les souvenirs, les jouets et les trains miniatures, son domaine \u00e0 lui. Une vraie passion !<\/p>\n\n\n\n<p>Ils ferment le magasin, 20 ans plus tard, et prennent leur retraite. Lors de la liquidation, une grande partie du stock reste invendue et se trouve encore dans la cave de sa maison de Blonay, qui surplombe le lac L\u00e9man.<\/p>\n\n\n\n<p>De sa vie, il a tout gard\u00e9 : la collection de timbres, les photos, les films, les encyclop\u00e9dies, les documents de ses multiples voyages, les cartes de g\u00e9ographie, la revue Reader&rsquo;s Digest depuis le tout premier num\u00e9ro, les poup\u00e9es de collection toutes encore bien coiff\u00e9es et les photos des chers disparus qui ornent les murs et qu&rsquo;il regarde depuis son large bureau en bois, o\u00f9 il fait sa paperasse.<\/p>\n\n\n\n<p>\u00c0 l&rsquo;\u00e2ge de 101 ans, Jean-Jacques Sollberger lit le \u00ab 24 Heures \u00bb chaque jour et regarde la t\u00e9l\u00e9vision. Ses filles lui rendent visite et la tristesse de la perte de sa ch\u00e8re \u00e9pouse en 2022 s&rsquo;att\u00e9nue peu \u00e0 peu. Ils ont \u00e9t\u00e9 mari\u00e9s pendant 72 ans. Apr\u00e8s sa mort, il se sent parfois seul, mais il aime parler avec son copain jardinier, qui a lui-m\u00eame pr\u00e8s de 80 ans.<\/p>\n\n\n\n<p>Aux jeunes, il dit : \u00ab Profitez de tous les choix qui s&rsquo;offrent \u00e0 vous, lancez-vous ! De nos jours, les jeunes peuvent choisir leur profession, c&rsquo;est merveilleux ! \u00bb.<\/p>\n<\/div>\n<\/div>\n","protected":false},"excerpt":{"rendered":"<p>\u00ab\u202f Profitez de tous les choix qui s\u2019offrent \u00e0 vous ! Lancez-vous ! Mais jamais \u00e0 cr\u00e9dit. Cela vous d\u00e9truira.\u00bb&nbsp; Cliquez sur l&rsquo;ic\u00f4ne pour \u00e9couter son histoire !&hellip;<\/p>\n","protected":false},"author":1002828,"featured_media":0,"parent":0,"menu_order":0,"comment_status":"closed","ping_status":"closed","template":"","meta":{"_seopress_robots_primary_cat":"","_seopress_titles_title":"","_seopress_titles_desc":"","_seopress_robots_index":"","footnotes":""},"class_list":["post-4681","page","type-page","status-publish","has-post-thumbnail"],"_links":{"self":[{"href":"https:\/\/wp.unil.ch\/swiss100\/fr\/wp-json\/wp\/v2\/pages\/4681","targetHints":{"allow":["GET"]}}],"collection":[{"href":"https:\/\/wp.unil.ch\/swiss100\/fr\/wp-json\/wp\/v2\/pages"}],"about":[{"href":"https:\/\/wp.unil.ch\/swiss100\/fr\/wp-json\/wp\/v2\/types\/page"}],"author":[{"embeddable":true,"href":"https:\/\/wp.unil.ch\/swiss100\/fr\/wp-json\/wp\/v2\/users\/1002828"}],"replies":[{"embeddable":true,"href":"https:\/\/wp.unil.ch\/swiss100\/fr\/wp-json\/wp\/v2\/comments?post=4681"}],"version-history":[{"count":5,"href":"https:\/\/wp.unil.ch\/swiss100\/fr\/wp-json\/wp\/v2\/pages\/4681\/revisions"}],"predecessor-version":[{"id":6764,"href":"https:\/\/wp.unil.ch\/swiss100\/fr\/wp-json\/wp\/v2\/pages\/4681\/revisions\/6764"}],"wp:attachment":[{"href":"https:\/\/wp.unil.ch\/swiss100\/fr\/wp-json\/wp\/v2\/media?parent=4681"}],"curies":[{"name":"wp","href":"https:\/\/api.w.org\/{rel}","templated":true}]}}