{"id":4678,"date":"2025-09-23T11:57:45","date_gmt":"2025-09-23T09:57:45","guid":{"rendered":"https:\/\/wp.unil.ch\/swiss100\/?page_id=4678"},"modified":"2026-01-20T11:26:58","modified_gmt":"2026-01-20T10:26:58","slug":"cesar-cornaz","status":"publish","type":"page","link":"https:\/\/wp.unil.ch\/swiss100\/fr\/cesar-cornaz\/","title":{"rendered":"C\u00e9sar Cornaz"},"content":{"rendered":"\n<div class=\"wp-block-columns alignwide is-layout-flex wp-container-core-columns-is-layout-9d6595d7 wp-block-columns-is-layout-flex\">\n<div class=\"wp-block-column is-layout-flow wp-block-column-is-layout-flow\" style=\"flex-basis:100%\">\n<h4 class=\"wp-block-heading has-text-align-center\"><strong>\u00ab\u202fRestez simples, proches de la nature et mod\u00e9rez vos envies. On ne peut pas tout avoir.\u202f\u00bb\u202f<\/strong>&nbsp;&nbsp;<\/h4>\n<\/div>\n<\/div>\n\n\n\n<div class=\"wp-block-columns alignwide is-layout-flex wp-container-core-columns-is-layout-9d6595d7 wp-block-columns-is-layout-flex\">\n<div class=\"wp-block-column is-layout-flow wp-block-column-is-layout-flow\">\n<figure class=\"wp-block-image size-large\"><img alt=\"\" loading=\"lazy\" decoding=\"async\" width=\"1024\" height=\"1024\" src=\"https:\/\/wp.unil.ch\/swiss100\/files\/2025\/09\/dsc_cornaz_07859fin-1024x1024.jpeg\" alt=\"\" class=\"wp-image-5029\" srcset=\"https:\/\/wp.unil.ch\/swiss100\/files\/2025\/09\/dsc_cornaz_07859fin-1024x1024.jpeg 1024w, https:\/\/wp.unil.ch\/swiss100\/files\/2025\/09\/dsc_cornaz_07859fin-300x300.jpeg 300w, https:\/\/wp.unil.ch\/swiss100\/files\/2025\/09\/dsc_cornaz_07859fin-150x150.jpeg 150w, https:\/\/wp.unil.ch\/swiss100\/files\/2025\/09\/dsc_cornaz_07859fin-768x768.jpeg 768w, https:\/\/wp.unil.ch\/swiss100\/files\/2025\/09\/dsc_cornaz_07859fin-540x540.jpeg 540w, https:\/\/wp.unil.ch\/swiss100\/files\/2025\/09\/dsc_cornaz_07859fin-1080x1080.jpeg 1080w, https:\/\/wp.unil.ch\/swiss100\/files\/2025\/09\/dsc_cornaz_07859fin.jpeg 1200w\" sizes=\"auto, (max-width: 1024px) 100vw, 1024px\" \/><figcaption class=\"wp-element-caption\">\u00c2ge au moment de la photo : 101 ans<\/figcaption><\/figure>\n\n\n\n<div class=\"wp-block-media-text\" style=\"grid-template-columns:23% auto\"><figure class=\"wp-block-media-text__media\"><a href=\"https:\/\/soundcloud.com\/swiss100\/cesar-cornaz-3?in=swiss100\/sets\/life-narrative&amp;si=fbffab608a94470eba44254b553acfb5&amp;utm_source=clipboard&amp;utm_medium=text&amp;utm_campaign=social_sharing\"><img alt=\"audio\" loading=\"lazy\" decoding=\"async\" width=\"500\" height=\"500\" src=\"https:\/\/wp.unil.ch\/swiss100\/files\/2025\/10\/audio-1.png\" alt=\"\" class=\"wp-image-5652 size-full\" srcset=\"https:\/\/wp.unil.ch\/swiss100\/files\/2025\/10\/audio-1.png 500w, https:\/\/wp.unil.ch\/swiss100\/files\/2025\/10\/audio-1-300x300.png 300w, https:\/\/wp.unil.ch\/swiss100\/files\/2025\/10\/audio-1-150x150.png 150w\" sizes=\"auto, (max-width: 500px) 100vw, 500px\" \/><\/a><\/figure><div class=\"wp-block-media-text__content\">\n<p>Cliquez sur l&rsquo;ic\u00f4ne pour \u00e9couter son histoire !<\/p>\n<\/div><\/div>\n<\/div>\n\n\n\n<div class=\"wp-block-column is-layout-flow wp-block-column-is-layout-flow\">\n<p>C\u00e9sar Cornaz na\u00eet en 1922 \u00e0 Faoug, sur la rive sud du lac de Morat. Son p\u00e8re est machiniste dans une carri\u00e8re d&rsquo;\u00c9tat et gagne \u00e0 peine de quoi nourrir sa famille de cinq personnes. Tous vivent pr\u00e8s d&rsquo;une tuilerie. Le p\u00e8re, au caract\u00e8re difficile, contraste avec la douceur de sa m\u00e8re.<\/p>\n\n\n\n<p>En grandissant, C\u00e9sar Cornaz nourrit son go\u00fbt pour les collections : timbres, cartes postales, documents, photos, films. Enfant, en contemplant un timbre du Costa Rica, il r\u00eave de voyager. Le petit C\u00e9sar est bon \u00e0 l&rsquo;\u00e9cole. Cela lui permet de suivre un chemin diff\u00e9rent de celui qui semble r\u00e9serv\u00e9 \u00e0 un fils de famille pauvre. Il effectue un apprentissage de trois ans \u00e0 la Banque cantonale vaudoise d&rsquo;Avenches, puis travaille \u00e0 Zurich, \u00e0 Londres, \u00e0 Bruxelles, \u00e0 Milan et \u00e0 Gen\u00e8ve. De son apprentissage, il garde un souvenir particulier : le jour o\u00f9 il tient entre ses mains le buste en or de Marc Aur\u00e8le, d\u00e9couvert en 1939 lors des fouilles romaines \u00e0 Avenches. Il assiste au transfert de cette d\u00e9couverte exceptionnelle du coffre-fort de la Banque cantonale au mus\u00e9e de Lausanne pour y \u00eatre pr\u00e9sent\u00e9e au monde.<\/p>\n\n\n\n<p>\u00c0 son retour en Suisse, C\u00e9sar Cornaz s&rsquo;associe avec un chimiste hongrois et fonde un laboratoire d&rsquo;antibiotiques puis une usine de produits pharmaceutiques \u00e0 Meyrin. En tant que directeur commercial, il voyage dans le monde entier. En contact avec diff\u00e9rentes religions et cultures, il d\u00e9veloppe une certaine r\u00e9ticence \u00e0 l&rsquo;\u00e9gard de la politique, \u00e0 l&rsquo;exception du droit de vote des femmes, pour lequel il a vot\u00e9.<\/p>\n\n\n\n<p>Son \u00e9pouse, une Bernoise rencontr\u00e9e \u00e0 Zurich, travaille aussi toute sa vie. En plus, elle s&rsquo;occupe de la famille lorsque C\u00e9sar Cornaz est en d\u00e9placement. Sa petite derni\u00e8re, n\u00e9e dix ans apr\u00e8s les deux premiers enfants, b\u00e9n\u00e9ficie davantage de sa pr\u00e9sence. \u00c0 plus de 100 ans, il entretient des relations \u00e9troites avec tous ses enfants : son fils vit dans le village voisin et ses filles lui rendent visite tous les jeudis.<\/p>\n\n\n\n<p>Plus tard, il vend ses parts de l&rsquo;usine et s&rsquo;offre un magasin de philat\u00e9lie \u00e0 Gen\u00e8ve, concr\u00e9tisant ainsi sa passion d&rsquo;enfance. Pendant une quinzaine d&rsquo;ann\u00e9es, il ach\u00e8te et revend des timbres et des documents rares. Les affaires marchent bien, si bien qu&rsquo;en 1985, il s&rsquo;offre un terrain \u00e0 Vallamand et y fait construire une maison vaste, ouverte et lumineuse. Il vit d\u00e9sormais sur l&rsquo;autre rive du lac de Morat, en face de l&rsquo;endroit o\u00f9 il a grandi.<\/p>\n\n\n\n<p>Depuis sa baie vitr\u00e9e, il regarde les \u00e9tourneaux se rassembler avant la migration. Les oiseaux, la nature, les insectes ! Quelle tristesse de les voir dispara\u00eetre. Il voudrait dire \u00e0 la nouvelle g\u00e9n\u00e9ration de prendre soin de la nature, de la pr\u00e9server.<\/p>\n\n\n\n<p>Aux jeunes, il dit : \u00ab Restez simples, proches de la nature, et mod\u00e9rez vos envies. On ne peut pas tout avoir. \u00bb Veuf deux fois, il aime la vie, rire et chanter. C\u00e9sar Cornaz poursuit : \u00ab Je suis centenaire sans l&rsquo;avoir r\u00eav\u00e9, c&rsquo;est arriv\u00e9 petit \u00e0 petit ! J&rsquo;ai la sant\u00e9, mais je n&rsquo;ai rien fait pour. C&rsquo;est une chance ! \u00bb. Ce qui est s\u00fbr, c&rsquo;est qu&rsquo;il ne s&rsquo;est jamais ennuy\u00e9. Il s&rsquo;est tromp\u00e9 aussi, il a \u00e9t\u00e9 rattrap\u00e9 par la vie, comme tout le monde. Mais il a toujours repris le dessus.<\/p>\n<\/div>\n<\/div>\n","protected":false},"excerpt":{"rendered":"<p>\u00ab\u202fRestez simples, proches de la nature et mod\u00e9rez vos envies. On ne peut pas tout avoir.\u202f\u00bb\u202f&nbsp;&nbsp; Cliquez sur l&rsquo;ic\u00f4ne pour \u00e9couter son histoire ! C\u00e9sar Cornaz na\u00eet en&hellip;<\/p>\n","protected":false},"author":1002828,"featured_media":0,"parent":0,"menu_order":0,"comment_status":"closed","ping_status":"closed","template":"","meta":{"_seopress_robots_primary_cat":"","_seopress_titles_title":"","_seopress_titles_desc":"","_seopress_robots_index":"","footnotes":""},"class_list":["post-4678","page","type-page","status-publish","has-post-thumbnail"],"_links":{"self":[{"href":"https:\/\/wp.unil.ch\/swiss100\/fr\/wp-json\/wp\/v2\/pages\/4678","targetHints":{"allow":["GET"]}}],"collection":[{"href":"https:\/\/wp.unil.ch\/swiss100\/fr\/wp-json\/wp\/v2\/pages"}],"about":[{"href":"https:\/\/wp.unil.ch\/swiss100\/fr\/wp-json\/wp\/v2\/types\/page"}],"author":[{"embeddable":true,"href":"https:\/\/wp.unil.ch\/swiss100\/fr\/wp-json\/wp\/v2\/users\/1002828"}],"replies":[{"embeddable":true,"href":"https:\/\/wp.unil.ch\/swiss100\/fr\/wp-json\/wp\/v2\/comments?post=4678"}],"version-history":[{"count":5,"href":"https:\/\/wp.unil.ch\/swiss100\/fr\/wp-json\/wp\/v2\/pages\/4678\/revisions"}],"predecessor-version":[{"id":6702,"href":"https:\/\/wp.unil.ch\/swiss100\/fr\/wp-json\/wp\/v2\/pages\/4678\/revisions\/6702"}],"wp:attachment":[{"href":"https:\/\/wp.unil.ch\/swiss100\/fr\/wp-json\/wp\/v2\/media?parent=4678"}],"curies":[{"name":"wp","href":"https:\/\/api.w.org\/{rel}","templated":true}]}}