{"id":4394,"date":"2025-07-02T08:53:08","date_gmt":"2025-07-02T06:53:08","guid":{"rendered":"https:\/\/wp.unil.ch\/swiss100\/?page_id=4394"},"modified":"2025-07-02T08:54:37","modified_gmt":"2025-07-02T06:54:37","slug":"public-conference-centenarians-of-switzerland","status":"publish","type":"page","link":"https:\/\/wp.unil.ch\/swiss100\/fr\/public-conference-centenarians-of-switzerland\/","title":{"rendered":"conf\u00e9rence publique &#8211; Les centenaires en Suisse : Vuln\u00e9rabilit\u00e9 et r\u00e9silience"},"content":{"rendered":"\n<p>D\u00e9couvrez les r\u00e9sultats de SWISS100, la premi\u00e8re \u00e9tude nationale sur les centenaires en Suisse, le 22 mai 2025 sur le campus de l&rsquo;Universit\u00e9 de Lausanne.<\/p>\n\n\n\n<p>Programme:<\/p>\n\n\n\n<p><strong>Accueil, introduction g\u00e9n\u00e9rale et introduction \u00e0 SWISS100<\/strong> : Prof. Daniela Jopp (UNIL)<\/p>\n\n\n\n<p><strong>R\u00e9sultats de SWISS100 : Aper\u00e7u des domaines principaux (I)<\/strong><\/p>\n\n\n\n<ul class=\"wp-block-list\">\n<li>Les centenaires en Suisse&nbsp;: D\u00e9veloppement d\u00e9mographique, sant\u00e9 et fonctionnement cognitif &#8211; Prof. Francois Herrmann &amp; Dr. Justine Falciola (HUG)<\/li>\n\n\n\n<li>Comparaison des biomarqueurs entre centenaires et personnes moins \u00e2g\u00e9es &#8211; Dr. Flavien Delhaes (CHUV, HUG) &amp; Prof. Karl-Heinz Krause (HUG)<\/li>\n\n\n\n<li>D\u00e9pression et autres conditions psychiatriques chez les centenaires &#8211; Prof. Armin von Gunten (CHUV) &amp; Carla Gomes da Rocha, doctorante (HES-SO Valais)<\/li>\n<\/ul>\n\n\n\n<p><strong>R\u00e9sultats de SWISS100 : Aper\u00e7u des domaines principaux (II)<\/strong><\/p>\n\n\n\n<ul class=\"wp-block-list\">\n<li>R\u00e9seaux sociaux et sentiment de solitude chez les centenaires &#8211; Prof. Stefano Cavalli &amp; Dr. Daniele Zaccaria (SUPSI)<\/li>\n\n\n\n<li>Activit\u00e9s de loisirs dans la vie quotidienne des centenaires &#8211; Dr. Christina R\u00f6cke (UZH)<\/li>\n\n\n\n<li>Recevoir de l&rsquo;aide \u00e0 100 ans : entre besoins objectifs et exp\u00e9riences subjectives &#8211;&nbsp; Dr. Barbara Masotti (SUPSI)<\/li>\n\n\n\n<li>Bien-\u00eatre et qualit\u00e9 de vie&nbsp;: content \u00e0 100 ans&nbsp;? &#8211; Prof. Daniela Jopp (UNIL) &amp; Adar Hoffman (UNIL)<\/li>\n<\/ul>\n","protected":false},"excerpt":{"rendered":"<p>D\u00e9couvrez les r\u00e9sultats de SWISS100, la premi\u00e8re \u00e9tude nationale sur les centenaires en Suisse, le 22 mai 2025 sur le campus de l&rsquo;Universit\u00e9 de Lausanne. Programme: Accueil, introduction&hellip;<\/p>\n","protected":false},"author":1002828,"featured_media":0,"parent":0,"menu_order":0,"comment_status":"closed","ping_status":"closed","template":"","meta":{"_seopress_robots_primary_cat":"","_seopress_titles_title":"","_seopress_titles_desc":"","_seopress_robots_index":"","footnotes":""},"class_list":["post-4394","page","type-page","status-publish","has-post-thumbnail"],"_links":{"self":[{"href":"https:\/\/wp.unil.ch\/swiss100\/fr\/wp-json\/wp\/v2\/pages\/4394","targetHints":{"allow":["GET"]}}],"collection":[{"href":"https:\/\/wp.unil.ch\/swiss100\/fr\/wp-json\/wp\/v2\/pages"}],"about":[{"href":"https:\/\/wp.unil.ch\/swiss100\/fr\/wp-json\/wp\/v2\/types\/page"}],"author":[{"embeddable":true,"href":"https:\/\/wp.unil.ch\/swiss100\/fr\/wp-json\/wp\/v2\/users\/1002828"}],"replies":[{"embeddable":true,"href":"https:\/\/wp.unil.ch\/swiss100\/fr\/wp-json\/wp\/v2\/comments?post=4394"}],"version-history":[{"count":2,"href":"https:\/\/wp.unil.ch\/swiss100\/fr\/wp-json\/wp\/v2\/pages\/4394\/revisions"}],"predecessor-version":[{"id":4396,"href":"https:\/\/wp.unil.ch\/swiss100\/fr\/wp-json\/wp\/v2\/pages\/4394\/revisions\/4396"}],"wp:attachment":[{"href":"https:\/\/wp.unil.ch\/swiss100\/fr\/wp-json\/wp\/v2\/media?parent=4394"}],"curies":[{"name":"wp","href":"https:\/\/api.w.org\/{rel}","templated":true}]}}