{"id":3071,"date":"2022-03-28T12:19:38","date_gmt":"2022-03-28T10:19:38","guid":{"rendered":"https:\/\/wp.unil.ch\/swiss100\/?page_id=3071"},"modified":"2022-03-28T12:20:36","modified_gmt":"2022-03-28T10:20:36","slug":"stefano-cavalli","status":"publish","type":"page","link":"https:\/\/wp.unil.ch\/swiss100\/fr\/team\/stefano-cavalli\/","title":{"rendered":"Stefano Cavalli"},"content":{"rendered":"\n<div class=\"wp-block-columns is-layout-flex wp-container-core-columns-is-layout-9d6595d7 wp-block-columns-is-layout-flex\">\n<div class=\"wp-block-column is-layout-flow wp-block-column-is-layout-flow\" style=\"flex-basis:33.33%\">\n<div class=\"wp-block-image\"><figure class=\"aligncenter size-large\"><img alt=\"\" loading=\"lazy\" decoding=\"async\" width=\"819\" height=\"1024\" src=\"https:\/\/wp.unil.ch\/swiss100\/files\/2021\/12\/stefanoVH-819x1024.jpg\" alt=\"\" class=\"wp-image-2477\" srcset=\"https:\/\/wp.unil.ch\/swiss100\/files\/2021\/12\/stefanoVH-819x1024.jpg 819w, https:\/\/wp.unil.ch\/swiss100\/files\/2021\/12\/stefanoVH-240x300.jpg 240w, https:\/\/wp.unil.ch\/swiss100\/files\/2021\/12\/stefanoVH-120x150.jpg 120w, https:\/\/wp.unil.ch\/swiss100\/files\/2021\/12\/stefanoVH-768x960.jpg 768w, https:\/\/wp.unil.ch\/swiss100\/files\/2021\/12\/stefanoVH-540x675.jpg 540w, https:\/\/wp.unil.ch\/swiss100\/files\/2021\/12\/stefanoVH.jpg 960w\" sizes=\"auto, (max-width: 819px) 100vw, 819px\" \/><figcaption><strong>Chef de projet<\/strong><\/figcaption><\/figure><\/div>\n\n\n\n<blockquote class=\"wp-block-quote is-layout-flow wp-block-quote-is-layout-flow\"><p><em><em>Dans le cadre de SWISS100, je m&rsquo;int\u00e9resse particuli\u00e8rement \u00e0 la mani\u00e8re dont les centenaires vivent les changements dans leur vie et \u00e0 la mani\u00e8re dont le p\u00e9riodes et les lieux historiques influencent leur parcours de vie.<\/em><\/em><\/p><\/blockquote>\n<\/div>\n\n\n\n<div class=\"wp-block-column is-layout-flow wp-block-column-is-layout-flow\" style=\"flex-basis:66.66%\">\n<h2 class=\"has-medium-font-size wp-block-heading\">Fonctions Actuelles<\/h2>\n\n\n\n<ul class=\"wp-block-list\"><li>Professeur eon Parrcours de Vie et Vieillissement, Haute \u00e9cole sp\u00e9cialis\u00e9e de la Suisse italienne (<a href=\"https:\/\/www.supsi.ch\/\">SUPSI<\/a>)<\/li><li>Responsable du Centre de comp\u00e9tences sur le vieillissement, SUPSI<\/li><li>Membre du corps professoral de la Swiss School of Public Health (<a href=\"https:\/\/ssphplus.ch\/\">SSPH+<\/a>)<\/li><\/ul>\n\n\n\n<h2 class=\"has-medium-font-size wp-block-heading\">Formation<\/h2>\n\n\n\n<ul class=\"wp-block-list\"><li>Doctorate en Sociologie, Universit\u00e9 de Gen\u00e8ve<\/li><\/ul>\n\n\n\n<h2 class=\"has-medium-font-size wp-block-heading\">Exp\u00e9riences Ant\u00e9rieures<\/h2>\n\n\n\n<ul class=\"wp-block-list\"><li>Chercheur, Centre interfacultaire de g\u00e9rontologie et d&rsquo;\u00e9tudes des vuln\u00e9rabilit\u00e9s (CIGEV), Universit\u00e9 de Gen\u00e8ve (UNIGE)<\/li><li>Chercheur, NCCR LIVES \u00ab\u00a0Overcoming vulnerability: Life course perspectives\u00a0\u00bb<\/li><li>Chercheur invit\u00e9, D\u00e9partment de sociologie, Case Western Reserve University, E.U.A.<\/li><li>Charg\u00e9 de cours: Universit\u00e9 de Lausanne, Universit\u00e9 de Gen\u00e8ve, Universidad de Chile<\/li><\/ul>\n\n\n\n<h2 class=\"has-medium-font-size wp-block-heading\">axes de recherche<\/h2>\n\n\n\n<ul class=\"wp-block-list\"><li>Construction sociale du parcours de vie<\/li><li>Transitions, \u00e9v\u00e9nements de la vie et <em>turning points<\/em><\/li><li>Vuln\u00e9rabilit\u00e9 et exclusion sociale dans la vieillesse<\/li><\/ul>\n\n\n\n<h2 class=\"has-medium-font-size wp-block-heading\"><strong>Autres Exp\u00e9riences<\/strong><\/h2>\n\n\n\n<ul class=\"wp-block-list\"><li>CEVI &#8211; Changements et \u00e9v\u00e9nements au cours de la vie : Une \u00e9tude internationale (15 pays) (Directeur et coordinateur du r\u00e9seau international)<\/li><li>Adh\u00e9rer \u00e0 une soci\u00e9t\u00e9 pour le droit \u00e0 mourir dans la dignit\u00e9: Analyse d&rsquo;une transition au cours de la vie (Chercheur principal)<\/li><li>Membre du groupe de recherche \u00ab\u00a0Culture, Cognition et Emotions\u00a0\u00bb, Universit\u00e9 du Pays basque, Espagne<\/li><\/ul>\n<\/div>\n<\/div>\n","protected":false},"excerpt":{"rendered":"<p>Dans le cadre de SWISS100, je m&rsquo;int\u00e9resse particuli\u00e8rement \u00e0 la mani\u00e8re dont les centenaires vivent les changements dans leur vie et \u00e0 la mani\u00e8re dont le p\u00e9riodes et&hellip;<\/p>\n","protected":false},"author":1002150,"featured_media":0,"parent":915,"menu_order":-1,"comment_status":"closed","ping_status":"closed","template":"template-full-width.php","meta":{"_seopress_robots_primary_cat":"","_seopress_titles_title":"","_seopress_titles_desc":"","_seopress_robots_index":"","footnotes":""},"class_list":["post-3071","page","type-page","status-publish","has-post-thumbnail"],"_links":{"self":[{"href":"https:\/\/wp.unil.ch\/swiss100\/fr\/wp-json\/wp\/v2\/pages\/3071","targetHints":{"allow":["GET"]}}],"collection":[{"href":"https:\/\/wp.unil.ch\/swiss100\/fr\/wp-json\/wp\/v2\/pages"}],"about":[{"href":"https:\/\/wp.unil.ch\/swiss100\/fr\/wp-json\/wp\/v2\/types\/page"}],"author":[{"embeddable":true,"href":"https:\/\/wp.unil.ch\/swiss100\/fr\/wp-json\/wp\/v2\/users\/1002150"}],"replies":[{"embeddable":true,"href":"https:\/\/wp.unil.ch\/swiss100\/fr\/wp-json\/wp\/v2\/comments?post=3071"}],"version-history":[{"count":0,"href":"https:\/\/wp.unil.ch\/swiss100\/fr\/wp-json\/wp\/v2\/pages\/3071\/revisions"}],"up":[{"embeddable":true,"href":"https:\/\/wp.unil.ch\/swiss100\/fr\/wp-json\/wp\/v2\/pages\/915"}],"wp:attachment":[{"href":"https:\/\/wp.unil.ch\/swiss100\/fr\/wp-json\/wp\/v2\/media?parent=3071"}],"curies":[{"name":"wp","href":"https:\/\/api.w.org\/{rel}","templated":true}]}}