{"id":2800,"date":"2022-02-07T10:39:31","date_gmt":"2022-02-07T09:39:31","guid":{"rendered":"https:\/\/wp.unil.ch\/swiss100\/?page_id=2800"},"modified":"2022-03-28T12:04:50","modified_gmt":"2022-03-28T10:04:50","slug":"justine-falciola","status":"publish","type":"page","link":"https:\/\/wp.unil.ch\/swiss100\/fr\/team\/justine-falciola\/","title":{"rendered":"Justine Falciola"},"content":{"rendered":"\n<div class=\"wp-block-columns is-layout-flex wp-container-core-columns-is-layout-9d6595d7 wp-block-columns-is-layout-flex\">\n<div class=\"wp-block-column is-layout-flow wp-block-column-is-layout-flow\" style=\"flex-basis:33.33%\">\n<figure class=\"wp-block-image size-large\"><img alt=\"\" loading=\"lazy\" decoding=\"async\" width=\"819\" height=\"1024\" src=\"https:\/\/wp.unil.ch\/swiss100\/files\/2022\/02\/justine-819x1024.jpg\" alt=\"\" class=\"wp-image-2788\" srcset=\"https:\/\/wp.unil.ch\/swiss100\/files\/2022\/02\/justine-819x1024.jpg 819w, https:\/\/wp.unil.ch\/swiss100\/files\/2022\/02\/justine-240x300.jpg 240w, https:\/\/wp.unil.ch\/swiss100\/files\/2022\/02\/justine-120x150.jpg 120w, https:\/\/wp.unil.ch\/swiss100\/files\/2022\/02\/justine-768x960.jpg 768w, https:\/\/wp.unil.ch\/swiss100\/files\/2022\/02\/justine-540x675.jpg 540w, https:\/\/wp.unil.ch\/swiss100\/files\/2022\/02\/justine.jpg 960w\" sizes=\"auto, (max-width: 819px) 100vw, 819px\" \/><figcaption>Chercheuse<\/figcaption><\/figure>\n\n\n\n<blockquote class=\"wp-block-quote is-layout-flow wp-block-quote-is-layout-flow\"><p><\/p><\/blockquote>\n<\/div>\n\n\n\n<div class=\"wp-block-column is-layout-flow wp-block-column-is-layout-flow\" style=\"flex-basis:66.66%\">\n<h2 class=\"has-medium-font-size wp-block-heading\" id=\"fonction-actuelle\">Fonction Actuelle<\/h2>\n\n\n\n<ul class=\"wp-block-list\"><li>Chercheuse postdoctorale FNS \u00e0 la Facult\u00e9 de M\u00e9decine, Universit\u00e9 de Gen\u00e8ve<\/li><li>Charg\u00e9e d&rsquo;enseignement \u00e0 la Facult\u00e9 d&rsquo;\u00c9conomie et de Management, Universit\u00e9 de Gen\u00e8ve<\/li><\/ul>\n\n\n\n<h2 class=\"has-medium-font-size wp-block-heading\" id=\"formation\">Formation <\/h2>\n\n\n\n<ul class=\"wp-block-list\"><li>Bachelor et Master en \u00c9conomie, Universit\u00e9 de Gen\u00e8ve<\/li><li>Th\u00e8se de doctorat en \u00c9conom\u00e9trie sur la mod\u00e9lisation de variables latentes et l\u2019inf\u00e9rence causale, Universit\u00e9 de Gen\u00e8ve<\/li><\/ul>\n\n\n\n<h2 class=\"has-medium-font-size wp-block-heading\" id=\"experience-anterieure\">Exp\u00e9rience ant\u00e9rieure<\/h2>\n\n\n\n<ul class=\"wp-block-list\"><li>Assistante chercheuse et d\u2019enseignement, Universit\u00e9 de Gen\u00e8ve<\/li><li>Chercheuse consultante et analyste de donn\u00e9es, United Nations Conference on Trade and Development<\/li><li>Chercheuse consultante et analyste de donn\u00e9es, International Trade Center<\/li><\/ul>\n\n\n\n<h2 class=\"has-medium-font-size wp-block-heading\" id=\"axes-de-recherche\">Axes de recherche<\/h2>\n\n\n\n<ul class=\"wp-block-list\"><li>La th\u00e9orie et la pratique de la mod\u00e9lisation de variables latentes<\/li><li>L\u2019\u00e9tude de la vuln\u00e9rabilit\u00e9 et de la r\u00e9silience des entreprises<\/li><li>L\u2019inf\u00e9rence causale et la statistique robuste<\/li><\/ul>\n\n\n\n<h2 class=\"has-medium-font-size wp-block-heading\" id=\"autres-experiences\">Autres exp\u00e9riences<\/h2>\n\n\n\n<ul class=\"wp-block-list\"><li>Coordinatrice du MOOC \u00ab&nbsp;Statistiques mondiales &#8211; Indices composites pour la comparaison internationale&nbsp;\u00bb, Universit\u00e9 de Gen\u00e8ve<\/li><li>Assistante d\u2019enseignement pour le cours \u00ab&nbsp;\u00c9valuation des politiques: impact et estimation de l&rsquo;effret du traitement&nbsp;\u00bb, Geneva Summer Schools, Universit\u00e9 de Gen\u00e8ve<\/li><li>Chercheuse invit\u00e9e \u00e0 la Fondazione Marco Biagi, Modena, Italy<\/li><li>Prix du meilleur article au Young Scholars\u2019 Workshop, Marco Biagi Prize 2016<\/li><\/ul>\n\n\n\n<h4 class=\"wp-block-heading\">R\u00f4le dans Swiss100<\/h4>\n\n\n\n<ul class=\"wp-block-list\"><li>Gestion des donn\u00e9es<\/li><li>Soutien statistiques \u00e0 l&rsquo;\u00e9quipe de recherche<\/li><li>Analyse et publications sur le caract\u00e9ristiques socio-\u00e9conomiwues des centenaires en Suisse<\/li><\/ul>\n<\/div>\n<\/div>\n","protected":false},"excerpt":{"rendered":"<p>Fonction Actuelle Chercheuse postdoctorale FNS \u00e0 la Facult\u00e9 de M\u00e9decine, Universit\u00e9 de Gen\u00e8ve Charg\u00e9e d&rsquo;enseignement \u00e0 la Facult\u00e9 d&rsquo;\u00c9conomie et de Management, Universit\u00e9 de Gen\u00e8ve Formation Bachelor et&hellip;<\/p>\n","protected":false},"author":1002150,"featured_media":0,"parent":915,"menu_order":0,"comment_status":"closed","ping_status":"closed","template":"","meta":{"_seopress_robots_primary_cat":"","_seopress_titles_title":"","_seopress_titles_desc":"","_seopress_robots_index":"","footnotes":""},"class_list":["post-2800","page","type-page","status-publish","has-post-thumbnail"],"_links":{"self":[{"href":"https:\/\/wp.unil.ch\/swiss100\/fr\/wp-json\/wp\/v2\/pages\/2800","targetHints":{"allow":["GET"]}}],"collection":[{"href":"https:\/\/wp.unil.ch\/swiss100\/fr\/wp-json\/wp\/v2\/pages"}],"about":[{"href":"https:\/\/wp.unil.ch\/swiss100\/fr\/wp-json\/wp\/v2\/types\/page"}],"author":[{"embeddable":true,"href":"https:\/\/wp.unil.ch\/swiss100\/fr\/wp-json\/wp\/v2\/users\/1002150"}],"replies":[{"embeddable":true,"href":"https:\/\/wp.unil.ch\/swiss100\/fr\/wp-json\/wp\/v2\/comments?post=2800"}],"version-history":[{"count":0,"href":"https:\/\/wp.unil.ch\/swiss100\/fr\/wp-json\/wp\/v2\/pages\/2800\/revisions"}],"up":[{"embeddable":true,"href":"https:\/\/wp.unil.ch\/swiss100\/fr\/wp-json\/wp\/v2\/pages\/915"}],"wp:attachment":[{"href":"https:\/\/wp.unil.ch\/swiss100\/fr\/wp-json\/wp\/v2\/media?parent=2800"}],"curies":[{"name":"wp","href":"https:\/\/api.w.org\/{rel}","templated":true}]}}