{"id":2306,"date":"2021-10-05T14:35:32","date_gmt":"2021-10-05T12:35:32","guid":{"rendered":"https:\/\/wp.unil.ch\/swiss100\/?page_id=2306"},"modified":"2021-12-13T13:39:44","modified_gmt":"2021-12-13T12:39:44","slug":"garnelle-ziade","status":"publish","type":"page","link":"https:\/\/wp.unil.ch\/swiss100\/fr\/team\/garnelle-ziade\/","title":{"rendered":"Garnelle Ziade"},"content":{"rendered":"\n<div class=\"wp-block-columns is-layout-flex wp-container-core-columns-is-layout-9d6595d7 wp-block-columns-is-layout-flex\">\n<div class=\"wp-block-column is-layout-flow wp-block-column-is-layout-flow\" style=\"flex-basis:33.33%\">\n<figure class=\"wp-block-image size-large\"><img alt=\"\" loading=\"lazy\" decoding=\"async\" width=\"819\" height=\"1024\" src=\"https:\/\/wp.unil.ch\/swiss100\/files\/2021\/12\/garnelleVH-819x1024.jpg\" alt=\"\" class=\"wp-image-2521\" srcset=\"https:\/\/wp.unil.ch\/swiss100\/files\/2021\/12\/garnelleVH-819x1024.jpg 819w, https:\/\/wp.unil.ch\/swiss100\/files\/2021\/12\/garnelleVH-240x300.jpg 240w, https:\/\/wp.unil.ch\/swiss100\/files\/2021\/12\/garnelleVH-120x150.jpg 120w, https:\/\/wp.unil.ch\/swiss100\/files\/2021\/12\/garnelleVH-768x960.jpg 768w, https:\/\/wp.unil.ch\/swiss100\/files\/2021\/12\/garnelleVH-540x675.jpg 540w, https:\/\/wp.unil.ch\/swiss100\/files\/2021\/12\/garnelleVH.jpg 960w\" sizes=\"auto, (max-width: 819px) 100vw, 819px\" \/><figcaption><strong>Doctoral Student<\/strong><\/figcaption><\/figure>\n\n\n\n<blockquote class=\"wp-block-quote is-layout-flow wp-block-quote-is-layout-flow\"><p><em>Mon principal int\u00e9r\u00eat dans SWISS100 est d&rsquo;apprendre plus sur les relations interpersonnelles des centenaires et leur influence sur le fonctionnement psychologique.&nbsp;<\/em><\/p><\/blockquote>\n<\/div>\n\n\n\n<div class=\"wp-block-column is-layout-flow wp-block-column-is-layout-flow\" style=\"flex-basis:66.66%\">\n<h2 class=\"has-normal-font-size wp-block-heading\">Fonction Acutelle<\/h2>\n\n\n\n<ul class=\"wp-block-list\"><li>Doctorante en Psychologie, Institut de psychologie, Universit\u00e9 de Lausanne, Suisse<\/li><\/ul>\n\n\n\n<h2 class=\"has-normal-font-size wp-block-heading\">Formations<\/h2>\n\n\n\n<ul class=\"wp-block-list\"><li>Master en Psychologie Clinique et de la Sant\u00e9, Universit\u00e9 de Fribourg, Suisse<\/li><li>Bachelor en Psychologie Clinique, Universit\u00e9 Saint-Esprit de Kaslik (USEK), Liban<\/li><\/ul>\n\n\n\n<h2 class=\"has-normal-font-size wp-block-heading\">Exp\u00e9rience Ant\u00e9rieur<\/h2>\n\n\n\n<ul class=\"wp-block-list\"><li>Intervention psychosociale dans le secteur post-sevrage de l&rsquo;alcoholisme, Fondation Le Torry, Fribourg<\/li><li>Collaboration dans le projet de pr\u00e9vention PA-TRAGEN (pr\u00e9vention de l&rsquo;alcoholisme trans-g\u00e9n\u00e9rationnel), FERARIHS-HEALTH, Villars-sur-Gl\u00e2ne<\/li><li>R\u00e9alisation d\u2019outils (quiz sant\u00e9) concernant la maladie d\u2019Alzheimer pour les personnes \u00e2g\u00e9es, FERARIHS-HEALTH, Fribourg<\/li><li>Soutien social et psychologique aux personnes \u00e2g\u00e9es souffrant d\u2019un handicap physique et\/ou mental, association St. Camille, Marly<\/li><\/ul>\n\n\n\n<h2 class=\"has-normal-font-size wp-block-heading\">Research Focus<\/h2>\n\n\n\n<ul class=\"wp-block-list\"><li>L\u2019effet d\u2019un trait de personnalit\u00e9 sur le fonctionnement du couple<\/li><li>Interactions psychosociales&nbsp;<\/li><li>Les relations interpersonnelles<\/li><\/ul>\n<\/div>\n<\/div>\n","protected":false},"excerpt":{"rendered":"<p>Mon principal int\u00e9r\u00eat dans SWISS100 est d&rsquo;apprendre plus sur les relations interpersonnelles des centenaires et leur influence sur le fonctionnement psychologique.&nbsp; Fonction Acutelle Doctorante en Psychologie, Institut de&hellip;<\/p>\n","protected":false},"author":1002150,"featured_media":0,"parent":915,"menu_order":-1,"comment_status":"closed","ping_status":"closed","template":"template-full-width.php","meta":{"_seopress_robots_primary_cat":"","_seopress_titles_title":"","_seopress_titles_desc":"","_seopress_robots_index":"","footnotes":""},"class_list":["post-2306","page","type-page","status-publish","has-post-thumbnail"],"_links":{"self":[{"href":"https:\/\/wp.unil.ch\/swiss100\/fr\/wp-json\/wp\/v2\/pages\/2306","targetHints":{"allow":["GET"]}}],"collection":[{"href":"https:\/\/wp.unil.ch\/swiss100\/fr\/wp-json\/wp\/v2\/pages"}],"about":[{"href":"https:\/\/wp.unil.ch\/swiss100\/fr\/wp-json\/wp\/v2\/types\/page"}],"author":[{"embeddable":true,"href":"https:\/\/wp.unil.ch\/swiss100\/fr\/wp-json\/wp\/v2\/users\/1002150"}],"replies":[{"embeddable":true,"href":"https:\/\/wp.unil.ch\/swiss100\/fr\/wp-json\/wp\/v2\/comments?post=2306"}],"version-history":[{"count":0,"href":"https:\/\/wp.unil.ch\/swiss100\/fr\/wp-json\/wp\/v2\/pages\/2306\/revisions"}],"up":[{"embeddable":true,"href":"https:\/\/wp.unil.ch\/swiss100\/fr\/wp-json\/wp\/v2\/pages\/915"}],"wp:attachment":[{"href":"https:\/\/wp.unil.ch\/swiss100\/fr\/wp-json\/wp\/v2\/media?parent=2306"}],"curies":[{"name":"wp","href":"https:\/\/api.w.org\/{rel}","templated":true}]}}