{"id":1894,"date":"2021-10-04T21:25:13","date_gmt":"2021-10-04T19:25:13","guid":{"rendered":"https:\/\/wp.unil.ch\/swiss100\/?page_id=1894"},"modified":"2025-11-11T11:55:32","modified_gmt":"2025-11-11T10:55:32","slug":"swiss100-la-premiere-etude-nationale-concernant-les-centenaires-en-suisse","status":"publish","type":"page","link":"https:\/\/wp.unil.ch\/swiss100\/fr\/","title":{"rendered":"SWISS100 &#8211; la premi\u00e8re \u00e9tude nationale sur les centenaires en Suisse"},"content":{"rendered":"\n<div class=\"wp-block-group alignwide\"><div class=\"wp-block-group__inner-container is-layout-flow wp-block-group-is-layout-flow\">\n<p class=\"has-drop-cap\" style=\"font-size:22px\">SWISS100 est la premi\u00e8re \u00e9tude nationale concernant sur les centenaires en Suisse, men\u00e9e par des experts de diff\u00e9rentes disciplines. Le projet a commenc\u00e9 en 2020 et la phase d&rsquo;entretiens s&rsquo;est achev\u00e9e en 2025. Il vise \u00e0 identifier les caract\u00e9ristiques, les d\u00e9fis et les besoins sp\u00e9cifiques des centenaires suisses.<\/p>\n\n\n\n<p style=\"font-size:22px\">En plus de permettre aux centenaires et \u00e0 leurs familles de partager leurs exp\u00e9riences personnelles, nous souhaitons \u00e9galement aider le public \u00e0 comprendre les d\u00e9fis li\u00e9s \u00e0 l&rsquo;\u00e2ge tr\u00e8s avanc\u00e9. De plus, nous souhaitons aider les instances politiques \u00e0 prendre des d\u00e9cisions \u00e9clair\u00e9es sur les aspects pouvant influencer la qualit\u00e9 de vie des centenaires et de leurs proches.<\/p>\n<\/div><\/div>\n\n\n\n<div class=\"wp-block-columns alignwide is-layout-flex wp-container-core-columns-is-layout-9d6595d7 wp-block-columns-is-layout-flex\">\n<div class=\"wp-block-column is-layout-flow wp-block-column-is-layout-flow\">\n<div class=\"wp-block-group\"><div class=\"wp-block-group__inner-container is-layout-flow wp-block-group-is-layout-flow\">\n<figure class=\"wp-block-image alignfull size-large\"><a href=\"https:\/\/wp.unil.ch\/swiss100\/fr\/participants\/#telephonestudy\"><img alt=\"\" loading=\"lazy\" decoding=\"async\" width=\"1024\" height=\"768\" src=\"https:\/\/wp.unil.ch\/swiss100\/files\/2021\/10\/telefonstudie-01-01-1024x768.png\" alt=\"\" class=\"wp-image-1827\" srcset=\"https:\/\/wp.unil.ch\/swiss100\/files\/2021\/10\/telefonstudie-01-01-1024x768.png 1024w, https:\/\/wp.unil.ch\/swiss100\/files\/2021\/10\/telefonstudie-01-01-300x225.png 300w, https:\/\/wp.unil.ch\/swiss100\/files\/2021\/10\/telefonstudie-01-01-150x113.png 150w, https:\/\/wp.unil.ch\/swiss100\/files\/2021\/10\/telefonstudie-01-01-768x576.png 768w, https:\/\/wp.unil.ch\/swiss100\/files\/2021\/10\/telefonstudie-01-01-1536x1152.png 1536w, https:\/\/wp.unil.ch\/swiss100\/files\/2021\/10\/telefonstudie-01-01-1120x840.png 1120w, https:\/\/wp.unil.ch\/swiss100\/files\/2021\/10\/telefonstudie-01-01-540x405.png 540w, https:\/\/wp.unil.ch\/swiss100\/files\/2021\/10\/telefonstudie-01-01-1080x810.png 1080w, https:\/\/wp.unil.ch\/swiss100\/files\/2021\/10\/telefonstudie-01-01.png 1600w\" sizes=\"auto, (max-width: 1024px) 100vw, 1024px\" \/><\/a><\/figure>\n\n\n\n<h3 class=\"wp-block-heading\">\u00c9tude t\u00e9l\u00e9phonique<\/h3>\n\n\n\n<p>D\u00e9cembre 2020 \u2014 2021<\/p>\n\n\n\n<div class=\"wp-block-button is-style-outline is-style-outline--1\"><a class=\"wp-block-button__link has-accent-color has-text-color wp-element-button\" href=\"https:\/\/wp.unil.ch\/swiss100\/fr\/participants\/#telephonestudy\" target=\"_blank\" rel=\"noreferrer noopener\">Lire plus<\/a><\/div>\n<\/div><\/div>\n\n\n\n<div class=\"wp-block-group\"><div class=\"wp-block-group__inner-container is-layout-flow wp-block-group-is-layout-flow\">\n<figure class=\"wp-block-image alignfull size-large\"><a href=\"https:\/\/wp.unil.ch\/swiss100\/fr\/team\/\"><img alt=\"\" loading=\"lazy\" decoding=\"async\" width=\"1024\" height=\"768\" src=\"https:\/\/wp.unil.ch\/swiss100\/files\/2021\/10\/team-01-01-1024x768.png\" alt=\"\" class=\"wp-image-1837\" srcset=\"https:\/\/wp.unil.ch\/swiss100\/files\/2021\/10\/team-01-01-1024x768.png 1024w, https:\/\/wp.unil.ch\/swiss100\/files\/2021\/10\/team-01-01-300x225.png 300w, https:\/\/wp.unil.ch\/swiss100\/files\/2021\/10\/team-01-01-150x113.png 150w, https:\/\/wp.unil.ch\/swiss100\/files\/2021\/10\/team-01-01-768x576.png 768w, https:\/\/wp.unil.ch\/swiss100\/files\/2021\/10\/team-01-01-1536x1152.png 1536w, https:\/\/wp.unil.ch\/swiss100\/files\/2021\/10\/team-01-01-1120x840.png 1120w, https:\/\/wp.unil.ch\/swiss100\/files\/2021\/10\/team-01-01-540x405.png 540w, https:\/\/wp.unil.ch\/swiss100\/files\/2021\/10\/team-01-01-1080x810.png 1080w, https:\/\/wp.unil.ch\/swiss100\/files\/2021\/10\/team-01-01.png 1600w\" sizes=\"auto, (max-width: 1024px) 100vw, 1024px\" \/><\/a><\/figure>\n\n\n\n<h3 class=\"wp-block-heading\">\u00c9quipe<\/h3>\n\n\n\n<div style=\"height:9px\" aria-hidden=\"true\" class=\"wp-block-spacer\"><\/div>\n\n\n\n<div class=\"wp-block-button is-style-outline is-style-outline--2\"><a class=\"wp-block-button__link wp-element-button\" href=\"https:\/\/wp.unil.ch\/swiss100\/fr\/team\/\" target=\"_blank\" rel=\"noreferrer noopener\">Lire plus<\/a><\/div>\n<\/div><\/div>\n<\/div>\n\n\n\n<div class=\"wp-block-column is-layout-flow wp-block-column-is-layout-flow\">\n<div class=\"wp-block-group\"><div class=\"wp-block-group__inner-container is-layout-flow wp-block-group-is-layout-flow\">\n<figure class=\"wp-block-image alignfull size-large\"><a href=\"https:\/\/wp.unil.ch\/swiss100\/fr\/participants\/#inpersonstudy\"><img alt=\"\" loading=\"lazy\" decoding=\"async\" width=\"1024\" height=\"768\" src=\"https:\/\/wp.unil.ch\/swiss100\/files\/2021\/10\/persoenliche-01-01-01-1024x768.png\" alt=\"\" class=\"wp-image-1831\" srcset=\"https:\/\/wp.unil.ch\/swiss100\/files\/2021\/10\/persoenliche-01-01-01-1024x768.png 1024w, https:\/\/wp.unil.ch\/swiss100\/files\/2021\/10\/persoenliche-01-01-01-300x225.png 300w, https:\/\/wp.unil.ch\/swiss100\/files\/2021\/10\/persoenliche-01-01-01-150x113.png 150w, https:\/\/wp.unil.ch\/swiss100\/files\/2021\/10\/persoenliche-01-01-01-768x576.png 768w, https:\/\/wp.unil.ch\/swiss100\/files\/2021\/10\/persoenliche-01-01-01-1536x1152.png 1536w, https:\/\/wp.unil.ch\/swiss100\/files\/2021\/10\/persoenliche-01-01-01-1120x840.png 1120w, https:\/\/wp.unil.ch\/swiss100\/files\/2021\/10\/persoenliche-01-01-01-540x405.png 540w, https:\/\/wp.unil.ch\/swiss100\/files\/2021\/10\/persoenliche-01-01-01-1080x810.png 1080w, https:\/\/wp.unil.ch\/swiss100\/files\/2021\/10\/persoenliche-01-01-01.png 1600w\" sizes=\"auto, (max-width: 1024px) 100vw, 1024px\" \/><\/a><\/figure>\n\n\n\n<h3 class=\"wp-block-heading\">Entretien en personne<\/h3>\n\n\n\n<p>Automne 2022 &#8211; Printemps 2025<\/p>\n\n\n\n<div class=\"wp-block-button is-style-outline is-style-outline--3\"><a class=\"wp-block-button__link has-accent-color has-text-color wp-element-button\" href=\"https:\/\/wp.unil.ch\/swiss100\/fr\/participants\/#inpersonstudy\" target=\"_blank\" rel=\"noreferrer noopener\">Lire plus<\/a><\/div>\n<\/div><\/div>\n\n\n\n<div class=\"wp-block-group\"><div class=\"wp-block-group__inner-container is-layout-flow wp-block-group-is-layout-flow\">\n<figure class=\"wp-block-image alignfull size-large\"><a href=\"https:\/\/wp.unil.ch\/swiss100\/fr\/biobank-and-biomarkers\/\"><img alt=\"\" loading=\"lazy\" decoding=\"async\" width=\"1024\" height=\"768\" src=\"https:\/\/wp.unil.ch\/swiss100\/files\/2021\/10\/Lab-01-1024x768.png\" alt=\"\" class=\"wp-image-1841\" srcset=\"https:\/\/wp.unil.ch\/swiss100\/files\/2021\/10\/Lab-01-1024x768.png 1024w, https:\/\/wp.unil.ch\/swiss100\/files\/2021\/10\/Lab-01-300x225.png 300w, https:\/\/wp.unil.ch\/swiss100\/files\/2021\/10\/Lab-01-150x113.png 150w, https:\/\/wp.unil.ch\/swiss100\/files\/2021\/10\/Lab-01-768x576.png 768w, https:\/\/wp.unil.ch\/swiss100\/files\/2021\/10\/Lab-01-1536x1152.png 1536w, https:\/\/wp.unil.ch\/swiss100\/files\/2021\/10\/Lab-01-1120x840.png 1120w, https:\/\/wp.unil.ch\/swiss100\/files\/2021\/10\/Lab-01-540x405.png 540w, https:\/\/wp.unil.ch\/swiss100\/files\/2021\/10\/Lab-01-1080x810.png 1080w, https:\/\/wp.unil.ch\/swiss100\/files\/2021\/10\/Lab-01.png 1600w\" sizes=\"auto, (max-width: 1024px) 100vw, 1024px\" \/><\/a><\/figure>\n\n\n\n<h3 class=\"wp-block-heading\">d\u00e9terminants biologiques de la long\u00e9vit\u00e9 <\/h3>\n\n\n\n<div class=\"wp-block-button is-style-outline is-style-outline--4\"><a class=\"wp-block-button__link wp-element-button\" href=\"https:\/\/wp.unil.ch\/swiss100\/fr\/biobank-and-biomarkers\/\" target=\"_blank\" rel=\"noreferrer noopener\">Lire plus<\/a><\/div>\n<\/div><\/div>\n<\/div>\n<\/div>\n\n\n\n<figure class=\"wp-block-image alignfull size-large\"><img alt=\"\" loading=\"lazy\" decoding=\"async\" width=\"1024\" height=\"213\" src=\"https:\/\/wp.unil.ch\/swiss100\/files\/2021\/12\/baum_2-1024x213.jpg\" alt=\"\" class=\"wp-image-2467\" srcset=\"https:\/\/wp.unil.ch\/swiss100\/files\/2021\/12\/baum_2-1024x213.jpg 1024w, https:\/\/wp.unil.ch\/swiss100\/files\/2021\/12\/baum_2-300x63.jpg 300w, https:\/\/wp.unil.ch\/swiss100\/files\/2021\/12\/baum_2-150x31.jpg 150w, https:\/\/wp.unil.ch\/swiss100\/files\/2021\/12\/baum_2-768x160.jpg 768w, https:\/\/wp.unil.ch\/swiss100\/files\/2021\/12\/baum_2-1536x320.jpg 1536w, https:\/\/wp.unil.ch\/swiss100\/files\/2021\/12\/baum_2-1120x233.jpg 1120w, https:\/\/wp.unil.ch\/swiss100\/files\/2021\/12\/baum_2-540x113.jpg 540w, https:\/\/wp.unil.ch\/swiss100\/files\/2021\/12\/baum_2-1080x225.jpg 1080w, https:\/\/wp.unil.ch\/swiss100\/files\/2021\/12\/baum_2.jpg 1920w\" sizes=\"auto, (max-width: 1024px) 100vw, 1024px\" \/><\/figure>\n\n\n\n<div class=\"wp-block-group alignwide\"><div class=\"wp-block-group__inner-container is-layout-flow wp-block-group-is-layout-flow\">\n<h2 class=\"wp-block-heading has-text-align-center has-accent-color has-text-color\">\u201cEn 2020 La Suisse comptait 1700 centenaires. en 2024 ils sont pr\u00e8s de 2200 &#8211; un nombre Destin\u00e9 \u00e0 cro\u00eetre rapidement \u00e0 l&rsquo;avenir.\u201d<\/h2>\n<\/div><\/div>\n\n\n\n<p class=\"has-drop-cap\">La Suisse est l\u2019un des pays au monde o\u00f9 l\u2019esp\u00e9rance de vie est la plus \u00e9lev\u00e9e. \u00c0 ce jour, sur un million de personnes, 240 sont centenaires, un nombre destin\u00e9 \u00e0 croitre dans l\u2019avenir. L\u2019Office F\u00e9d\u00e9ral de la Statistique (2024) montre que le nombre de centenaires suisses a doubl\u00e9 tous les dix ans de 1950 \u00e0 2010 et qu\u2019il continue d\u2019augmenter. Malgr\u00e9 cela, nous ne connaissons presque rien sur les centenaires dans notre pays.<\/p>\n\n\n\n<figure class=\"wp-block-gallery alignwide has-nested-images columns-default wp-block-gallery-5 is-layout-flex wp-block-gallery-is-layout-flex\">\n<figure class=\"wp-block-image size-large\"><img alt=\"\" loading=\"lazy\" decoding=\"async\" width=\"1024\" height=\"791\" data-id=\"5981\" src=\"https:\/\/wp.unil.ch\/swiss100\/files\/2025\/11\/french_number-1024x791.png\" alt=\"\" class=\"wp-image-5981\" srcset=\"https:\/\/wp.unil.ch\/swiss100\/files\/2025\/11\/french_number-1024x791.png 1024w, https:\/\/wp.unil.ch\/swiss100\/files\/2025\/11\/french_number-300x232.png 300w, https:\/\/wp.unil.ch\/swiss100\/files\/2025\/11\/french_number-150x116.png 150w, https:\/\/wp.unil.ch\/swiss100\/files\/2025\/11\/french_number-768x593.png 768w, https:\/\/wp.unil.ch\/swiss100\/files\/2025\/11\/french_number-540x417.png 540w, https:\/\/wp.unil.ch\/swiss100\/files\/2025\/11\/french_number-1080x834.png 1080w, https:\/\/wp.unil.ch\/swiss100\/files\/2025\/11\/french_number.png 1500w\" sizes=\"auto, (max-width: 1024px) 100vw, 1024px\" \/><\/figure>\n\n\n\n<figure class=\"wp-block-image size-large\"><img alt=\"\" loading=\"lazy\" decoding=\"async\" width=\"792\" height=\"612\" data-id=\"2653\" src=\"https:\/\/wp.unil.ch\/swiss100\/files\/2021\/12\/CentMap_FR_Zeichenflache-1-1.png\" alt=\"\" class=\"wp-image-2653\" srcset=\"https:\/\/wp.unil.ch\/swiss100\/files\/2021\/12\/CentMap_FR_Zeichenflache-1-1.png 792w, https:\/\/wp.unil.ch\/swiss100\/files\/2021\/12\/CentMap_FR_Zeichenflache-1-1-300x232.png 300w, https:\/\/wp.unil.ch\/swiss100\/files\/2021\/12\/CentMap_FR_Zeichenflache-1-1-150x116.png 150w, https:\/\/wp.unil.ch\/swiss100\/files\/2021\/12\/CentMap_FR_Zeichenflache-1-1-768x593.png 768w, https:\/\/wp.unil.ch\/swiss100\/files\/2021\/12\/CentMap_FR_Zeichenflache-1-1-540x417.png 540w\" sizes=\"auto, (max-width: 792px) 100vw, 792px\" \/><\/figure>\n<\/figure>\n\n\n\n<div class=\"wp-block-columns is-layout-flex wp-container-core-columns-is-layout-9d6595d7 wp-block-columns-is-layout-flex\"><\/div>\n","protected":false},"excerpt":{"rendered":"<p>SWISS100 est la premi\u00e8re \u00e9tude nationale concernant sur les centenaires en Suisse, men\u00e9e par des experts de diff\u00e9rentes disciplines. Le projet a commenc\u00e9 en 2020 et la phase&hellip;<\/p>\n","protected":false},"author":1002150,"featured_media":2462,"parent":0,"menu_order":0,"comment_status":"closed","ping_status":"closed","template":"","meta":{"_seopress_robots_primary_cat":"","_seopress_titles_title":"","_seopress_titles_desc":"","_seopress_robots_index":"","footnotes":""},"class_list":["post-1894","page","type-page","status-publish","has-post-thumbnail"],"_links":{"self":[{"href":"https:\/\/wp.unil.ch\/swiss100\/fr\/wp-json\/wp\/v2\/pages\/1894","targetHints":{"allow":["GET"]}}],"collection":[{"href":"https:\/\/wp.unil.ch\/swiss100\/fr\/wp-json\/wp\/v2\/pages"}],"about":[{"href":"https:\/\/wp.unil.ch\/swiss100\/fr\/wp-json\/wp\/v2\/types\/page"}],"author":[{"embeddable":true,"href":"https:\/\/wp.unil.ch\/swiss100\/fr\/wp-json\/wp\/v2\/users\/1002150"}],"replies":[{"embeddable":true,"href":"https:\/\/wp.unil.ch\/swiss100\/fr\/wp-json\/wp\/v2\/comments?post=1894"}],"version-history":[{"count":5,"href":"https:\/\/wp.unil.ch\/swiss100\/fr\/wp-json\/wp\/v2\/pages\/1894\/revisions"}],"predecessor-version":[{"id":6035,"href":"https:\/\/wp.unil.ch\/swiss100\/fr\/wp-json\/wp\/v2\/pages\/1894\/revisions\/6035"}],"wp:featuredmedia":[{"embeddable":true,"href":"https:\/\/wp.unil.ch\/swiss100\/fr\/wp-json\/wp\/v2\/media\/2462"}],"wp:attachment":[{"href":"https:\/\/wp.unil.ch\/swiss100\/fr\/wp-json\/wp\/v2\/media?parent=1894"}],"curies":[{"name":"wp","href":"https:\/\/api.w.org\/{rel}","templated":true}]}}