{"id":1272,"date":"2020-09-17T12:09:12","date_gmt":"2020-09-17T10:09:12","guid":{"rendered":"https:\/\/wp.unil.ch\/swiss100\/team\/kim-uittenhove\/"},"modified":"2022-03-28T11:54:02","modified_gmt":"2022-03-28T09:54:02","slug":"kim-uittenhove","status":"publish","type":"page","link":"https:\/\/wp.unil.ch\/swiss100\/fr\/team\/kim-uittenhove\/","title":{"rendered":"Kim Uittenhove"},"content":{"rendered":"\n<div class=\"wp-block-columns is-layout-flex wp-container-core-columns-is-layout-9d6595d7 wp-block-columns-is-layout-flex\">\n<div class=\"wp-block-column is-layout-flow wp-block-column-is-layout-flow\" style=\"flex-basis:33.33%\">\n<figure class=\"wp-block-image size-large\"><img alt=\"\" loading=\"lazy\" decoding=\"async\" width=\"819\" height=\"1024\" src=\"https:\/\/wp.unil.ch\/swiss100\/files\/2021\/12\/kimVH-819x1024.jpg\" alt=\"\" class=\"wp-image-2501\" srcset=\"https:\/\/wp.unil.ch\/swiss100\/files\/2021\/12\/kimVH-819x1024.jpg 819w, https:\/\/wp.unil.ch\/swiss100\/files\/2021\/12\/kimVH-240x300.jpg 240w, https:\/\/wp.unil.ch\/swiss100\/files\/2021\/12\/kimVH-120x150.jpg 120w, https:\/\/wp.unil.ch\/swiss100\/files\/2021\/12\/kimVH-768x960.jpg 768w, https:\/\/wp.unil.ch\/swiss100\/files\/2021\/12\/kimVH-540x675.jpg 540w, https:\/\/wp.unil.ch\/swiss100\/files\/2021\/12\/kimVH.jpg 960w\" sizes=\"auto, (max-width: 819px) 100vw, 819px\" \/><figcaption>Chercheuse<\/figcaption><\/figure>\n\n\n\n<blockquote class=\"wp-block-quote is-layout-flow wp-block-quote-is-layout-flow\"><p><em><em>Au sein de SWISS100, je me focalise sur les ressources intellectuelles des centenaires. Par exemple, la m\u00e9moire et l\u2019attention \u00e0 l\u2019\u00e2ge de 100 ans.<\/em><\/em><\/p><\/blockquote>\n<\/div>\n\n\n\n<div class=\"wp-block-column is-layout-flow wp-block-column-is-layout-flow\" style=\"flex-basis:66.66%\">\n<h2 class=\"has-normal-font-size wp-block-heading\">Fonctions Actuelles<\/h2>\n\n\n\n<ul class=\"wp-block-list\"><li>Chercheuse FNS senior \u00e0 l\u2019Institut de Psychology, Universit\u00e9 de Lausanne<\/li><li>Collaboratrice scientifique \u00e0 la Facult\u00e9 de Psychologie et des Sciences de l\u2019Education, Universit\u00e9 de Gen\u00e8ve<\/li><\/ul>\n\n\n\n<h2 class=\"has-medium-font-size wp-block-heading\">Formation<\/h2>\n\n\n\n<ul class=\"wp-block-list\" id=\"block-82d45760-1412-4242-b42b-9a17f48881fc\"><li>Bachelor et Master en Psychologie Th\u00e9or\u00e9tique et Exp\u00e9rimentale, Universit\u00e9 de Gand, Belgique<\/li><li>Th\u00e8se de doctorat sur le vieillissement cognitif, Universit\u00e9 Aix-Marseille, France<\/li><\/ul>\n\n\n\n<h2 class=\"has-medium-font-size wp-block-heading\"><strong>Exp\u00e9rience ant\u00e9rieure<\/strong><\/h2>\n\n\n\n<ul class=\"wp-block-list\"><li>Chercheuse postdoc, Universit\u00e9 de Lausanne<\/li><li>Chercheuse postdoc, Universit\u00e9 de Gen\u00e8ve<\/li><li>Chercheuse doctorante, Universit\u00e9 Aix-Marseille<\/li><li>Enseignements sur la cognition math\u00e9matique aux Universit\u00e9s de Fribourg et de Gen\u00e8ve<\/li><\/ul>\n\n\n\n<h2 class=\"has-medium-font-size wp-block-heading\"><strong>Axes de recherche<\/strong><\/h2>\n\n\n\n<ul class=\"wp-block-list\"><li>Le fonctionnement cognitif chez le jeune adulte et la personne \u00e2g\u00e9e<\/li><li>Les strat\u00e9gies qui sous-tendent le fonctionnement cognitif au cours de la vie<\/li><li>La m\u00e9moire de travail et l\u2019attention<\/li><li>La cognition math\u00e9matique<\/li><\/ul>\n\n\n\n<h2 class=\"has-medium-font-size wp-block-heading\"><strong>Autres exp\u00e9riences<\/strong><\/h2>\n\n\n\n<ul class=\"wp-block-list\"><li>Investigatrice principale sur un projet qui vise \u00e0 utiliser l\u2019intelligence artificielle pour r\u00e9v\u00e9ler les strat\u00e9gies du comportement humain, financ\u00e9 par une bourse SPARK (FNS, 11\/2019)<\/li><li>Prix de th\u00e8se pour dissertation sur \u00ab&nbsp;Le Vieillissement et les Variations Strat\u00e9giques dans la Cognition Num\u00e9rique&nbsp;\u00bb \u00e0 l\u2019Universit\u00e9 de Aix-Marseille (12\/2012)<\/li><\/ul>\n\n\n\n<h4 class=\"wp-block-heading\">R\u00f4le dans Swiss100<\/h4>\n\n\n\n<ul class=\"wp-block-list\"><li>Coordinatrice de l&rsquo;\u00e9tude<\/li><li>Analyse et publications relatives aux caract\u00e9ristiques psychologiques des centenaires (notamment la cognition)<\/li><\/ul>\n<\/div>\n<\/div>\n","protected":false},"excerpt":{"rendered":"<p>Au sein de SWISS100, je me focalise sur les ressources intellectuelles des centenaires. Par exemple, la m\u00e9moire et l\u2019attention \u00e0 l\u2019\u00e2ge de 100 ans. Fonctions Actuelles Chercheuse FNS&hellip;<\/p>\n","protected":false},"author":1002140,"featured_media":0,"parent":915,"menu_order":-1,"comment_status":"closed","ping_status":"closed","template":"template-full-width.php","meta":{"_seopress_robots_primary_cat":"","_seopress_titles_title":"","_seopress_titles_desc":"","_seopress_robots_index":"","footnotes":""},"class_list":["post-1272","page","type-page","status-publish","has-post-thumbnail"],"_links":{"self":[{"href":"https:\/\/wp.unil.ch\/swiss100\/fr\/wp-json\/wp\/v2\/pages\/1272","targetHints":{"allow":["GET"]}}],"collection":[{"href":"https:\/\/wp.unil.ch\/swiss100\/fr\/wp-json\/wp\/v2\/pages"}],"about":[{"href":"https:\/\/wp.unil.ch\/swiss100\/fr\/wp-json\/wp\/v2\/types\/page"}],"author":[{"embeddable":true,"href":"https:\/\/wp.unil.ch\/swiss100\/fr\/wp-json\/wp\/v2\/users\/1002140"}],"replies":[{"embeddable":true,"href":"https:\/\/wp.unil.ch\/swiss100\/fr\/wp-json\/wp\/v2\/comments?post=1272"}],"version-history":[{"count":0,"href":"https:\/\/wp.unil.ch\/swiss100\/fr\/wp-json\/wp\/v2\/pages\/1272\/revisions"}],"up":[{"embeddable":true,"href":"https:\/\/wp.unil.ch\/swiss100\/fr\/wp-json\/wp\/v2\/pages\/915"}],"wp:attachment":[{"href":"https:\/\/wp.unil.ch\/swiss100\/fr\/wp-json\/wp\/v2\/media?parent=1272"}],"curies":[{"name":"wp","href":"https:\/\/api.w.org\/{rel}","templated":true}]}}