{"id":1237,"date":"2020-09-17T15:19:34","date_gmt":"2020-09-17T13:19:34","guid":{"rendered":"https:\/\/wp.unil.ch\/swiss100\/team\/karl-heinz-krause\/"},"modified":"2022-03-15T13:24:58","modified_gmt":"2022-03-15T12:24:58","slug":"karl-heinz-krause","status":"publish","type":"page","link":"https:\/\/wp.unil.ch\/swiss100\/fr\/team\/karl-heinz-krause\/","title":{"rendered":"Karl-Heinz Krause"},"content":{"rendered":"\n<div class=\"wp-block-columns is-layout-flex wp-container-core-columns-is-layout-9d6595d7 wp-block-columns-is-layout-flex\">\n<div class=\"wp-block-column is-layout-flow wp-block-column-is-layout-flow\" style=\"flex-basis:33.33%\">\n<figure class=\"wp-block-image size-full\"><img alt=\"\" loading=\"lazy\" decoding=\"async\" width=\"451\" height=\"562\" src=\"https:\/\/wp.unil.ch\/swiss100\/files\/2021\/12\/karl_vh.jpg\" alt=\"\" class=\"wp-image-2541\" srcset=\"https:\/\/wp.unil.ch\/swiss100\/files\/2021\/12\/karl_vh.jpg 451w, https:\/\/wp.unil.ch\/swiss100\/files\/2021\/12\/karl_vh-241x300.jpg 241w, https:\/\/wp.unil.ch\/swiss100\/files\/2021\/12\/karl_vh-120x150.jpg 120w\" sizes=\"auto, (max-width: 451px) 100vw, 451px\" \/><figcaption>Partenaire du projet<\/figcaption><\/figure>\n\n\n\n<blockquote class=\"wp-block-quote is-layout-flow wp-block-quote-is-layout-flow\"><p><em>Dans le cadre du projet SWISS100, j&rsquo;\u00e9tudie sp\u00e9cifiquement les marqueurs biologiques du vieillissement chez les centenaires.<\/em><\/p><\/blockquote>\n<\/div>\n\n\n\n<div class=\"wp-block-column is-layout-flow wp-block-column-is-layout-flow\" style=\"flex-basis:66.66%\">\n<h2 class=\"has-medium-font-size wp-block-heading\">Fonctions Actuelles<\/h2>\n\n\n\n<ul class=\"wp-block-list\"><li>Professeur de m\u00e9decine, H\u00f4pitaux universitaires de Gen\u00e8ve et Facult\u00e9 de m\u00e9decine&nbsp;<\/li><li>Membre \u00e9lu de l&rsquo;Acad\u00e9mie suisse des sciences m\u00e9dicales et de l&rsquo;American Soci sn Society of Clinical investigation&nbsp;<\/li><\/ul>\n\n\n\n<h2 class=\"has-medium-font-size wp-block-heading\">Formation<\/h2>\n\n\n\n<ul class=\"wp-block-list\"><li>Facult\u00e9 de m\u00e9decine, Universit\u00e9 de Munich, Allemagne.&nbsp;<\/li><li>Certification du conseil de m\u00e9decine interne (Chambre Bavaroise des M\u00e9decins, Munich, Allemagne)&nbsp;<\/li><li>Privat-Docent, Universit\u00e9 de Gen\u00e8ve, Facult\u00e9 de M\u00e9decine, Suisse. Titre de la th\u00e8se : \u00a0\u00bb Mechanisms and pharmacology of receptor-mediated Ca2+ influx in neutrophil granulocytes and other non-excitable tissues \u00a0\u00bb&nbsp;<\/li><\/ul>\n\n\n\n<h2 class=\"has-medium-font-size wp-block-heading\">Exp\u00e9rience Ant\u00e9rieure<\/h2>\n\n\n\n<ul class=\"wp-block-list\"><li>Interne en m\u00e9decine : H\u00f4pitaux universitaires de Munich et Gen\u00e8ve&nbsp;<\/li><li>Chercheur en maladies infectieuses, University Hospitals Iowa, \u00c9tats-Unis&nbsp;<\/li><li>Professeur associ\u00e9, Universit\u00e9 de Gen\u00e8ve&nbsp;<\/li><\/ul>\n\n\n\n<h2 class=\"has-medium-font-size wp-block-heading\">Axes de Recherche<\/h2>\n\n\n\n<ul class=\"wp-block-list\"><li>NADPH oxydases, stress oxydatif et biologie redox&nbsp;<\/li><li>M\u00e9canismes biologiques du vieillissement&nbsp;<\/li><li>Cellules souches et th\u00e9rapie cellulaire&nbsp;<\/li><\/ul>\n\n\n\n<h2 class=\"has-medium-font-size wp-block-heading\">Autre Exp\u00e9riences<\/h2>\n\n\n\n<ul class=\"wp-block-list\"><li>Scientific Counselor for the Swiss <\/li><\/ul>\n\n\n\n<ul class=\"wp-block-list\"><li>Conseiller scientifique du Fonds National Suisse de la recherche scientifique 2002-2010&nbsp;<\/li><li>Fondateur de plusieurs soci\u00e9t\u00e9s de biotechnologie (Genkyotex, Transcure Bioservices, Antion Biosciences, Neurix, HPlus Therapeutics)&nbsp;<\/li><li>Professeur honoraire, H\u00f4pital de P\u00e9kin, P\u00e9kin, Chine, 2000.&nbsp;<\/li><li>Prix \u200b\u200bde l&rsquo;amiti\u00e9 du gouvernement chinois, P\u00e9kin, Chine, 2003&nbsp;<\/li><li>Ernst Klenk-Conf\u00e9rencier, Universit\u00e9 de Cologne, 2010&nbsp;<\/li><li>M\u00e9daille de l&rsquo;Innovation de l&rsquo;Universit\u00e9 de Gen\u00e8ve, 2016&nbsp;<\/li><\/ul>\n\n\n\n<p><\/p>\n<\/div>\n<\/div>\n\n\n\n<p><\/p>\n","protected":false},"excerpt":{"rendered":"<p>Dans le cadre du projet SWISS100, j&rsquo;\u00e9tudie sp\u00e9cifiquement les marqueurs biologiques du vieillissement chez les centenaires. Fonctions Actuelles Professeur de m\u00e9decine, H\u00f4pitaux universitaires de Gen\u00e8ve et Facult\u00e9 de&hellip;<\/p>\n","protected":false},"author":1002140,"featured_media":0,"parent":915,"menu_order":-1,"comment_status":"closed","ping_status":"closed","template":"template-full-width.php","meta":{"_seopress_robots_primary_cat":"","_seopress_titles_title":"","_seopress_titles_desc":"","_seopress_robots_index":"","footnotes":""},"class_list":["post-1237","page","type-page","status-publish","has-post-thumbnail"],"_links":{"self":[{"href":"https:\/\/wp.unil.ch\/swiss100\/fr\/wp-json\/wp\/v2\/pages\/1237","targetHints":{"allow":["GET"]}}],"collection":[{"href":"https:\/\/wp.unil.ch\/swiss100\/fr\/wp-json\/wp\/v2\/pages"}],"about":[{"href":"https:\/\/wp.unil.ch\/swiss100\/fr\/wp-json\/wp\/v2\/types\/page"}],"author":[{"embeddable":true,"href":"https:\/\/wp.unil.ch\/swiss100\/fr\/wp-json\/wp\/v2\/users\/1002140"}],"replies":[{"embeddable":true,"href":"https:\/\/wp.unil.ch\/swiss100\/fr\/wp-json\/wp\/v2\/comments?post=1237"}],"version-history":[{"count":0,"href":"https:\/\/wp.unil.ch\/swiss100\/fr\/wp-json\/wp\/v2\/pages\/1237\/revisions"}],"up":[{"embeddable":true,"href":"https:\/\/wp.unil.ch\/swiss100\/fr\/wp-json\/wp\/v2\/pages\/915"}],"wp:attachment":[{"href":"https:\/\/wp.unil.ch\/swiss100\/fr\/wp-json\/wp\/v2\/media?parent=1237"}],"curies":[{"name":"wp","href":"https:\/\/api.w.org\/{rel}","templated":true}]}}