{"id":1235,"date":"2020-09-17T15:16:47","date_gmt":"2020-09-17T13:16:47","guid":{"rendered":"https:\/\/wp.unil.ch\/swiss100\/team\/francois-hermann\/"},"modified":"2022-04-11T16:29:59","modified_gmt":"2022-04-11T14:29:59","slug":"francois-hermann","status":"publish","type":"page","link":"https:\/\/wp.unil.ch\/swiss100\/fr\/team\/francois-hermann\/","title":{"rendered":"Fran\u00e7ois Herrmann"},"content":{"rendered":"\n<div class=\"wp-block-columns is-layout-flex wp-container-core-columns-is-layout-9d6595d7 wp-block-columns-is-layout-flex\">\n<div class=\"wp-block-column is-layout-flow wp-block-column-is-layout-flow\" style=\"flex-basis:33.33%\">\n<figure class=\"wp-block-image size-large\"><img alt=\"\" loading=\"lazy\" decoding=\"async\" width=\"819\" height=\"1024\" src=\"https:\/\/wp.unil.ch\/swiss100\/files\/2021\/12\/francoisVH-819x1024.jpg\" alt=\"\" class=\"wp-image-2485\" srcset=\"https:\/\/wp.unil.ch\/swiss100\/files\/2021\/12\/francoisVH-819x1024.jpg 819w, https:\/\/wp.unil.ch\/swiss100\/files\/2021\/12\/francoisVH-240x300.jpg 240w, https:\/\/wp.unil.ch\/swiss100\/files\/2021\/12\/francoisVH-120x150.jpg 120w, https:\/\/wp.unil.ch\/swiss100\/files\/2021\/12\/francoisVH-768x960.jpg 768w, https:\/\/wp.unil.ch\/swiss100\/files\/2021\/12\/francoisVH-540x675.jpg 540w, https:\/\/wp.unil.ch\/swiss100\/files\/2021\/12\/francoisVH.jpg 960w\" sizes=\"auto, (max-width: 819px) 100vw, 819px\" \/><figcaption>Chef de projet<\/figcaption><\/figure>\n\n\n\n<blockquote class=\"wp-block-quote is-layout-flow wp-block-quote-is-layout-flow\"><p><em><em><em>Dans SWISS100, je recherche des donn\u00e9es sur la d\u00e9mographie et les activit\u00e9s des centenaires ainsi que l&rsquo;\u00e9change d&rsquo;exp\u00e9riences avec des coll\u00e8gues.<\/em><\/em><\/em><\/p><\/blockquote>\n<\/div>\n\n\n\n<div class=\"wp-block-column is-layout-flow wp-block-column-is-layout-flow\" style=\"flex-basis:66.66%\">\n<h2 class=\"has-medium-font-size wp-block-heading\">Fonctions Actuelles<\/h2>\n\n\n\n<ul class=\"wp-block-list\"><li>M\u00e9decin adjoint agr\u00e9g\u00e9, D\u00e9partement de r\u00e9adaptation et g\u00e9riatrie, H\u00f4pitaux universitaires de Gen\u00e8ve (HUG), Suisse<\/li><li>Professeur associ\u00e9 de r\u00e9habilitation et g\u00e9riatrie, Facult\u00e9 de m\u00e9decine de l&rsquo;Universit\u00e9 de Gen\u00e8ve, Suisse<\/li><li>Consultant au Service de la qualit\u00e9 des soins des H\u00f4pitaux Universitaire de Gen\u00e8ve (HUG)<\/li><\/ul>\n\n\n\n<h2 class=\"has-medium-font-size wp-block-heading\">Formation<\/h2>\n\n\n\n<ul class=\"wp-block-list\"><li>MD Facult\u00e9 de m\u00e9decine de l&rsquo;Universit\u00e9 de Gen\u00e8ve, Suisse<\/li><li>MPH <em>Harvard University School of Public Health<\/em>, Boston, \u00c9tats-Unis<\/li><li>CAS en gestion de soins, Geneva University Business School (HEC), Suisse<\/li><\/ul>\n\n\n\n<h2 class=\"has-medium-font-size wp-block-heading\">Exp\u00e9rience ant\u00e9rieure<\/h2>\n\n\n\n<ul class=\"wp-block-list\"><li>Bourse de recherche en informatique m\u00e9dicale, <em>Center for Clinical Computing<\/em>,<em> Beth Israel Hospital<\/em>, <em>Harvard University School of Medicine<\/em>, Boston, \u00c9tats-Unis<\/li><li>Chef de projet au D\u00e9partement de g\u00e9riatrie, au service informatique et au Service de la qualit\u00e9 de soins, H\u00f4pitaux universitaires de Gen\u00e8ve (HUG), Suisse<\/li><\/ul>\n\n\n\n<h2 class=\"has-medium-font-size wp-block-heading\">Axes de recherche<\/h2>\n\n\n\n<ul class=\"wp-block-list\"><li>L&rsquo;\u00e9pid\u00e9miologie g\u00e9riatrique, qui va de la g\u00e9n\u00e9tique et du laboratoire aux \u00e9tudes cliniques et d\u00e9mographiques<\/li><li>\u00c9tudes de la mortalit\u00e9 quotidienne dans 16 pays europ\u00e9ens et association avec le changement climatique<\/li><li>Imagerie et d\u00e9clin cognitif<\/li><\/ul>\n\n\n\n<h2 class=\"has-medium-font-size wp-block-heading\"><strong>Autres exp\u00e9riences<\/strong><\/h2>\n\n\n\n<ul class=\"wp-block-list\"><li>Premi\u00e8re \u00e9tude sur la pr\u00e9valence de la d\u00e9mence en Suisse<\/li><li>Premi\u00e8re \u00e9tude internationale coordonn\u00e9e sur les centenaires (5-COOP)<\/li><li>Membre de la commission cantonale d&rsquo;\u00e9thique de Gen\u00e8ve<\/li><\/ul>\n<\/div>\n<\/div>\n","protected":false},"excerpt":{"rendered":"<p>Dans SWISS100, je recherche des donn\u00e9es sur la d\u00e9mographie et les activit\u00e9s des centenaires ainsi que l&rsquo;\u00e9change d&rsquo;exp\u00e9riences avec des coll\u00e8gues. Fonctions Actuelles M\u00e9decin adjoint agr\u00e9g\u00e9, D\u00e9partement de&hellip;<\/p>\n","protected":false},"author":1002140,"featured_media":0,"parent":915,"menu_order":-1,"comment_status":"closed","ping_status":"closed","template":"template-full-width.php","meta":{"_seopress_robots_primary_cat":"","_seopress_titles_title":"","_seopress_titles_desc":"","_seopress_robots_index":"","footnotes":""},"class_list":["post-1235","page","type-page","status-publish","has-post-thumbnail"],"_links":{"self":[{"href":"https:\/\/wp.unil.ch\/swiss100\/fr\/wp-json\/wp\/v2\/pages\/1235","targetHints":{"allow":["GET"]}}],"collection":[{"href":"https:\/\/wp.unil.ch\/swiss100\/fr\/wp-json\/wp\/v2\/pages"}],"about":[{"href":"https:\/\/wp.unil.ch\/swiss100\/fr\/wp-json\/wp\/v2\/types\/page"}],"author":[{"embeddable":true,"href":"https:\/\/wp.unil.ch\/swiss100\/fr\/wp-json\/wp\/v2\/users\/1002140"}],"replies":[{"embeddable":true,"href":"https:\/\/wp.unil.ch\/swiss100\/fr\/wp-json\/wp\/v2\/comments?post=1235"}],"version-history":[{"count":0,"href":"https:\/\/wp.unil.ch\/swiss100\/fr\/wp-json\/wp\/v2\/pages\/1235\/revisions"}],"up":[{"embeddable":true,"href":"https:\/\/wp.unil.ch\/swiss100\/fr\/wp-json\/wp\/v2\/pages\/915"}],"wp:attachment":[{"href":"https:\/\/wp.unil.ch\/swiss100\/fr\/wp-json\/wp\/v2\/media?parent=1235"}],"curies":[{"name":"wp","href":"https:\/\/api.w.org\/{rel}","templated":true}]}}