{"id":1225,"date":"2020-09-17T15:09:41","date_gmt":"2020-09-17T13:09:41","guid":{"rendered":"https:\/\/wp.unil.ch\/swiss100\/team\/daniela-s-jopp\/"},"modified":"2022-03-28T11:49:33","modified_gmt":"2022-03-28T09:49:33","slug":"daniela-s-jopp","status":"publish","type":"page","link":"https:\/\/wp.unil.ch\/swiss100\/fr\/team\/daniela-s-jopp\/","title":{"rendered":"Daniela S. Jopp"},"content":{"rendered":"\n<div class=\"wp-block-columns is-layout-flex wp-container-core-columns-is-layout-9d6595d7 wp-block-columns-is-layout-flex\">\n<div class=\"wp-block-column is-layout-flow wp-block-column-is-layout-flow\" style=\"flex-basis:33.33%\">\n<figure class=\"wp-block-image size-large\"><img alt=\"\" loading=\"lazy\" decoding=\"async\" width=\"819\" height=\"1024\" src=\"https:\/\/wp.unil.ch\/swiss100\/files\/2021\/12\/danielaVH-819x1024.jpg\" alt=\"\" class=\"wp-image-2473\" srcset=\"https:\/\/wp.unil.ch\/swiss100\/files\/2021\/12\/danielaVH-819x1024.jpg 819w, https:\/\/wp.unil.ch\/swiss100\/files\/2021\/12\/danielaVH-240x300.jpg 240w, https:\/\/wp.unil.ch\/swiss100\/files\/2021\/12\/danielaVH-120x150.jpg 120w, https:\/\/wp.unil.ch\/swiss100\/files\/2021\/12\/danielaVH-768x960.jpg 768w, https:\/\/wp.unil.ch\/swiss100\/files\/2021\/12\/danielaVH-540x675.jpg 540w, https:\/\/wp.unil.ch\/swiss100\/files\/2021\/12\/danielaVH.jpg 960w\" sizes=\"auto, (max-width: 819px) 100vw, 819px\" \/><figcaption><strong>Cheffe de projet principale<\/strong><\/figcaption><\/figure>\n\n\n\n<blockquote class=\"wp-block-quote is-layout-flow wp-block-quote-is-layout-flow\"><p><em>Au sein de SWISS100, je m\u2019int\u00e9resse le plus aux sentiments des centenaires par rapport \u00e0 la vie \u00e0 100 ans, et les raisons pourquoi beaucoup de centenaires sont satisfaits.<\/em><\/p><\/blockquote>\n<\/div>\n\n\n\n<div class=\"wp-block-column is-layout-flow wp-block-column-is-layout-flow\" style=\"flex-basis:66.66%\">\n<h2 class=\"has-medium-font-size wp-block-heading\">Fonctions Actuelles<\/h2>\n\n\n\n<ul class=\"wp-block-list\"><li>Professeure de Psychologie \u00e0 l&rsquo;Institut de psychologie, Universit\u00e9 de Lausanne<\/li><li>Membre du P\u00f4le de Recherche National (PRN) \u00ab\u00a0<a rel=\"noreferrer noopener\" href=\"https:\/\/www2.unil.ch\/dorigny40\/pole-de-recherche-national-lives\/index.html\" target=\"_blank\">LIVES-Surmonter la vuln\u00e9rabilit\u00e9: Perspective du parcours de vie<\/a><\/li><li>Membre du Laboratoire de Psychologie de la Sant\u00e9, le Vieillissement et le Sport (<a rel=\"noreferrer noopener\" href=\"https:\/\/www.unil.ch\/phase\/fr\/home\/menuinst\/phase.html\" target=\"_blank\">PHASE<\/a>)<\/li><\/ul>\n\n\n\n<h2 class=\"has-medium-font-size wp-block-heading\">Formation<\/h2>\n\n\n\n<ul class=\"wp-block-list\"><li>Dipl\u00f4me en Psychologie, Universit\u00e9 Libre de Berlin, Allemagne  <\/li><li>Th\u00e8se de doctorat \u00e0 l&rsquo;Universit\u00e9 Libre de Berlin, Allemagne <\/li><\/ul>\n\n\n\n<h2 class=\"has-medium-font-size wp-block-heading\">Exp\u00e9rience ant\u00e9rieure<\/h2>\n\n\n\n<ul class=\"wp-block-list\"><li>Chercheuse postdoc, Institut de Technologie de Georgia, Atlanta, USA<\/li><li>Chercheuse postdoc, Centre de Recherche sur le Vieillissement, Universit\u00e9 de Heidelberg, Allemagne<\/li><li>Professeure-assistante en Psychologie du D\u00e9veloppement Appliqu\u00e9, Universit\u00e9 de Fordham, New York, USA<\/li><\/ul>\n\n\n\n<h2 class=\"has-medium-font-size wp-block-heading\">Axes de recherche<\/h2>\n\n\n\n<ul class=\"wp-block-list\"><li>La r\u00e9silience chez l&rsquo;adulte et dans l&rsquo;\u00e2ge avanc\u00e9<\/li><li>Les facteurs personnels, sociaux, et culturels associ\u00e9s au vieillissement r\u00e9ussi<\/li><\/ul>\n\n\n\n<h2 class=\"has-medium-font-size wp-block-heading\"><strong>Autres exp\u00e9riences<\/strong><\/h2>\n\n\n\n<ul class=\"wp-block-list\"><li>Chercheuse principale de la deuxi\u00e8me \u00e9tude centenaire de Heidelberg<\/li><li>Chercheuse principale de l&rsquo;\u00e9tude centenaire de Fordham<\/li><li>Prix \u00abMargret-M.-Baltes\u00bb<\/li><li>Prix \u00abBrookdale Leadership in Aging\u00bb, Fondation Brookdale<\/li><li>Prix \u00abQuality of Life in Old Age Award\u00bb, Fondation Leenaards<\/li><\/ul>\n\n\n\n<p><\/p>\n<\/div>\n<\/div>\n","protected":false},"excerpt":{"rendered":"<p>Au sein de SWISS100, je m\u2019int\u00e9resse le plus aux sentiments des centenaires par rapport \u00e0 la vie \u00e0 100 ans, et les raisons pourquoi beaucoup de centenaires sont&hellip;<\/p>\n","protected":false},"author":1002140,"featured_media":0,"parent":915,"menu_order":-1,"comment_status":"closed","ping_status":"closed","template":"template-full-width.php","meta":{"_seopress_robots_primary_cat":"","_seopress_titles_title":"","_seopress_titles_desc":"","_seopress_robots_index":"","footnotes":""},"class_list":["post-1225","page","type-page","status-publish","has-post-thumbnail"],"_links":{"self":[{"href":"https:\/\/wp.unil.ch\/swiss100\/fr\/wp-json\/wp\/v2\/pages\/1225","targetHints":{"allow":["GET"]}}],"collection":[{"href":"https:\/\/wp.unil.ch\/swiss100\/fr\/wp-json\/wp\/v2\/pages"}],"about":[{"href":"https:\/\/wp.unil.ch\/swiss100\/fr\/wp-json\/wp\/v2\/types\/page"}],"author":[{"embeddable":true,"href":"https:\/\/wp.unil.ch\/swiss100\/fr\/wp-json\/wp\/v2\/users\/1002140"}],"replies":[{"embeddable":true,"href":"https:\/\/wp.unil.ch\/swiss100\/fr\/wp-json\/wp\/v2\/comments?post=1225"}],"version-history":[{"count":0,"href":"https:\/\/wp.unil.ch\/swiss100\/fr\/wp-json\/wp\/v2\/pages\/1225\/revisions"}],"up":[{"embeddable":true,"href":"https:\/\/wp.unil.ch\/swiss100\/fr\/wp-json\/wp\/v2\/pages\/915"}],"wp:attachment":[{"href":"https:\/\/wp.unil.ch\/swiss100\/fr\/wp-json\/wp\/v2\/media?parent=1225"}],"curies":[{"name":"wp","href":"https:\/\/api.w.org\/{rel}","templated":true}]}}