{"id":1213,"date":"2020-09-17T15:12:54","date_gmt":"2020-09-17T13:12:54","guid":{"rendered":"https:\/\/wp.unil.ch\/swiss100\/armin-von-gunten\/"},"modified":"2021-12-13T13:31:26","modified_gmt":"2021-12-13T12:31:26","slug":"armin-von-gunten","status":"publish","type":"page","link":"https:\/\/wp.unil.ch\/swiss100\/fr\/team\/armin-von-gunten\/","title":{"rendered":"Armin von Gunten"},"content":{"rendered":"\n<div class=\"wp-block-columns is-layout-flex wp-container-core-columns-is-layout-9d6595d7 wp-block-columns-is-layout-flex\">\n<div class=\"wp-block-column is-layout-flow wp-block-column-is-layout-flow\" style=\"flex-basis:33.33%\">\n<figure class=\"wp-block-image size-large\"><img alt=\"\" loading=\"lazy\" decoding=\"async\" width=\"819\" height=\"1024\" src=\"https:\/\/wp.unil.ch\/swiss100\/files\/2021\/12\/arminVH-819x1024.jpg\" alt=\"\" class=\"wp-image-2481\" srcset=\"https:\/\/wp.unil.ch\/swiss100\/files\/2021\/12\/arminVH-819x1024.jpg 819w, https:\/\/wp.unil.ch\/swiss100\/files\/2021\/12\/arminVH-240x300.jpg 240w, https:\/\/wp.unil.ch\/swiss100\/files\/2021\/12\/arminVH-120x150.jpg 120w, https:\/\/wp.unil.ch\/swiss100\/files\/2021\/12\/arminVH-768x960.jpg 768w, https:\/\/wp.unil.ch\/swiss100\/files\/2021\/12\/arminVH-540x675.jpg 540w, https:\/\/wp.unil.ch\/swiss100\/files\/2021\/12\/arminVH.jpg 960w\" sizes=\"auto, (max-width: 819px) 100vw, 819px\" \/><figcaption>Chef de projet<\/figcaption><\/figure>\n\n\n\n<blockquote class=\"wp-block-quote is-layout-flow wp-block-quote-is-layout-flow\"><p><em><em><em>Dans SWISS100, je m&rsquo;int\u00e9resse surtout aux d\u00e9terminants de la psychopathologie des personnes tr\u00e8s \u00e2g\u00e9es tout au long de leur vie.<\/em><\/em><\/em><\/p><\/blockquote>\n<\/div>\n\n\n\n<div class=\"wp-block-column is-layout-flow wp-block-column-is-layout-flow\" style=\"flex-basis:66.66%\">\n<h2 class=\"has-medium-font-size wp-block-heading\"><strong>Fonctio<\/strong>ns Actuelles<\/h2>\n\n\n\n<ul class=\"wp-block-list\"><li>Chef de service du Service universitaire de psychiatrie de l\u2019\u00e2ge avanc\u00e9 (SUPAA), D\u00e9partement de psychiatrie (DP), Centre hospitalier universitaire vaudois (CHUV)<\/li><li>Professeur ordinaire de psychiatrie g\u00e9riatrique et de psychoth\u00e9rapie \u00e0 l&rsquo;Universit\u00e9 de Lausanne (UNIL)<\/li><li>Vice-President de la Soci\u00e9t\u00e9 suisse de psychiatrie de la personne \u00e2g\u00e9e<\/li><li>Vice-pr\u00e9sident de la <em>European Association of Geriatric Psychiatry<\/em><\/li><\/ul>\n\n\n\n<h2 class=\"has-medium-font-size wp-block-heading\">Formation<\/h2>\n\n\n\n<ul class=\"wp-block-list\"><li>Sp\u00e9cialit\u00e9 FMH\/ ISFM en psychiatrie et psychoth\u00e9rapie<\/li><li>Sous-sp\u00e9cialit\u00e9 FMH \/ ISFM en psychiatrie et psychoth\u00e9rapie de la personne \u00e2g\u00e9e<\/li><li>Sous-sp\u00e9cialit\u00e9 FMH \/ ISFM en psychiatrie de consultation et de liaison<\/li><li>Certificat FMH \/ ISFM en psychiatrie interventionnelle<\/li><\/ul>\n\n\n\n<h2 class=\"has-medium-font-size wp-block-heading\"><strong>Exp\u00e9rience ant\u00e9rieure<\/strong><\/h2>\n\n\n\n<ul class=\"wp-block-list\"><li>Formation clinique en psychiatrie et psychoth\u00e9rapie en Suisse romande et \u00e0 l&rsquo;Universidade federale de Cear\u00e1, Br\u00e9sil<\/li><li>Bourse post-doctorale de recherche clinique en neuropsychiatrie \u00e0 <em>l\u2019Institut of Neurology<\/em>, <em>University College London <\/em>(UCL), Royaume-Uni<\/li><li>Bourse post-doctorale de recherche clinique en neuroscience \u00e0 la Mount Sinai School of Medicine, New York, \u00c9tats-Unis<\/li><li>Professeur invit\u00e9 \u00e0 <em>la Pontif\u00edcia Universidade Cat\u00f3lica do Rio Grande do Sul<\/em>, Porto Alegre, Br\u00e9sil<\/li><\/ul>\n\n\n\n<h2 class=\"has-medium-font-size wp-block-heading\"><strong>Axes de recherche<\/strong><\/h2>\n\n\n\n<ul class=\"wp-block-list\"><li>Pr\u00e9dicteurs de sympt\u00f4mes et de signes comportementaux et psychologiques chez les personnes \u00e2g\u00e9es souffrant de troubles cognitifs utilisant des m\u00e9thodologies d\u00e9riv\u00e9es de la psychopathologie, des math\u00e9matiques, de la neuropsychologie, de l&rsquo;\u00e9pid\u00e9miologie, de la g\u00e9n\u00e9tique, du m\u00e9tabolisme et de la neuroimagerie ainsi que des mod\u00e8les animaux<\/li><\/ul>\n\n\n\n<h2 class=\"has-medium-font-size wp-block-heading\"><strong>Autres exp\u00e9riences<\/strong><\/h2>\n\n\n\n<ul class=\"wp-block-list\"><li>Ancien directeur du Centre collaborateur de l&rsquo;OMS pour la psychiatrie de l\u2019\u00e2ge avanc\u00e9<\/li><li>Pr\u00e9sident du groupe de travail sur les sympt\u00f4mes comportementaux et psychologiques des troubles neurocognitifs et du groupe de travail sur la perspective de l\u2019\u00e2ge avanc\u00e9 de la CIM-11 de l&rsquo;OMS<\/li><li>Membre fondateur de la Soci\u00e9t\u00e9 suisse de psychiatrie interventionnelle<\/li><\/ul>\n<\/div>\n<\/div>\n","protected":false},"excerpt":{"rendered":"<p>Dans SWISS100, je m&rsquo;int\u00e9resse surtout aux d\u00e9terminants de la psychopathologie des personnes tr\u00e8s \u00e2g\u00e9es tout au long de leur vie. Fonctions Actuelles Chef de service du Service universitaire&hellip;<\/p>\n","protected":false},"author":1002140,"featured_media":0,"parent":915,"menu_order":-1,"comment_status":"closed","ping_status":"closed","template":"template-full-width.php","meta":{"_seopress_robots_primary_cat":"","_seopress_titles_title":"","_seopress_titles_desc":"","_seopress_robots_index":"","footnotes":""},"class_list":["post-1213","page","type-page","status-publish","has-post-thumbnail"],"_links":{"self":[{"href":"https:\/\/wp.unil.ch\/swiss100\/fr\/wp-json\/wp\/v2\/pages\/1213","targetHints":{"allow":["GET"]}}],"collection":[{"href":"https:\/\/wp.unil.ch\/swiss100\/fr\/wp-json\/wp\/v2\/pages"}],"about":[{"href":"https:\/\/wp.unil.ch\/swiss100\/fr\/wp-json\/wp\/v2\/types\/page"}],"author":[{"embeddable":true,"href":"https:\/\/wp.unil.ch\/swiss100\/fr\/wp-json\/wp\/v2\/users\/1002140"}],"replies":[{"embeddable":true,"href":"https:\/\/wp.unil.ch\/swiss100\/fr\/wp-json\/wp\/v2\/comments?post=1213"}],"version-history":[{"count":0,"href":"https:\/\/wp.unil.ch\/swiss100\/fr\/wp-json\/wp\/v2\/pages\/1213\/revisions"}],"up":[{"embeddable":true,"href":"https:\/\/wp.unil.ch\/swiss100\/fr\/wp-json\/wp\/v2\/pages\/915"}],"wp:attachment":[{"href":"https:\/\/wp.unil.ch\/swiss100\/fr\/wp-json\/wp\/v2\/media?parent=1213"}],"curies":[{"name":"wp","href":"https:\/\/api.w.org\/{rel}","templated":true}]}}