{"id":1207,"date":"2020-09-17T16:37:05","date_gmt":"2020-09-17T14:37:05","guid":{"rendered":"https:\/\/wp.unil.ch\/swiss100\/carla-gomes-da-rocha\/"},"modified":"2022-03-28T12:04:24","modified_gmt":"2022-03-28T10:04:24","slug":"carla-gomes-da-rocha","status":"publish","type":"page","link":"https:\/\/wp.unil.ch\/swiss100\/fr\/team\/carla-gomes-da-rocha\/","title":{"rendered":"Carla Gomes da Rocha"},"content":{"rendered":"\n<div class=\"wp-block-columns is-layout-flex wp-container-core-columns-is-layout-9d6595d7 wp-block-columns-is-layout-flex\">\n<div class=\"wp-block-column is-layout-flow wp-block-column-is-layout-flow\" style=\"flex-basis:33.33%\">\n<figure class=\"wp-block-image size-large\"><img alt=\"\" loading=\"lazy\" decoding=\"async\" width=\"819\" height=\"1024\" src=\"https:\/\/wp.unil.ch\/swiss100\/files\/2021\/12\/carlaVH-819x1024.jpg\" alt=\"\" class=\"wp-image-2513\" srcset=\"https:\/\/wp.unil.ch\/swiss100\/files\/2021\/12\/carlaVH-819x1024.jpg 819w, https:\/\/wp.unil.ch\/swiss100\/files\/2021\/12\/carlaVH-240x300.jpg 240w, https:\/\/wp.unil.ch\/swiss100\/files\/2021\/12\/carlaVH-120x150.jpg 120w, https:\/\/wp.unil.ch\/swiss100\/files\/2021\/12\/carlaVH-768x960.jpg 768w, https:\/\/wp.unil.ch\/swiss100\/files\/2021\/12\/carlaVH-540x675.jpg 540w, https:\/\/wp.unil.ch\/swiss100\/files\/2021\/12\/carlaVH.jpg 960w\" sizes=\"auto, (max-width: 819px) 100vw, 819px\" \/><figcaption>Doctorante<\/figcaption><\/figure>\n\n\n\n<blockquote class=\"wp-block-quote is-layout-flow wp-block-quote-is-layout-flow\"><p><em>Dans SWISS100, je suis surtout int\u00e9ress\u00e9e en mieux comprendre dans quelle mesure la symptomatologie d\u00e9pressive peut impacter la sant\u00e9 mentale \u00e0 un \u00e2ge tr\u00e8s avanc\u00e9.<\/em><\/p><\/blockquote>\n<\/div>\n\n\n\n<div class=\"wp-block-column is-layout-flow wp-block-column-is-layout-flow\" style=\"flex-basis:66.66%\">\n<h2 class=\"has-medium-font-size wp-block-heading\">Fonction Actuelle<\/h2>\n\n\n\n<ul class=\"wp-block-list\"><li>Adjointe scientifique HES, Haute \u00c9cole de Sant\u00e9, HES-SO Valais-Wallis<\/li><\/ul>\n\n\n\n<h2 class=\"has-medium-font-size wp-block-heading\">Formation<\/h2>\n\n\n\n<ul class=\"wp-block-list\"><li>Doctorante en Sciences Infirmi\u00e8res, Universit\u00e9 de Porto, Portugal<\/li><li>Master en Sciences Infirmi\u00e8res, Universit\u00e9 de Lausanne, Suisse<\/li><li>Bachelor en Soins Infirmiers, Haute \u00c9cole de Soins Infirmiers de Coimbra, Portugal<\/li><\/ul>\n\n\n\n<h2 class=\"has-medium-font-size wp-block-heading\"><strong><strong>Exp\u00e9rience ant\u00e9rieure<\/strong><\/strong><\/h2>\n\n\n\n<ul class=\"wp-block-list\"><li>Infirmi\u00e8re clinicienne sp\u00e9cialis\u00e9e en g\u00e9riatrie, Centre hospitalier universitaire vaudois (CHUV)<\/li><li>Infirmi\u00e8re dipl\u00f4m\u00e9e, unit\u00e9s de m\u00e9decine interne et g\u00e9riatrie aigu\u00eb, Centre hospitalier universitaire vaudois (CHUV)<\/li><\/ul>\n\n\n\n<h2 class=\"has-medium-font-size wp-block-heading\"><strong><strong>Axes de recherche<\/strong><\/strong><\/h2>\n\n\n\n<ul class=\"wp-block-list\"><li>Sympt\u00f4mes comportementaux et psychologiques de la d\u00e9mence<\/li><li>L\u2019\u00e9tat confusionnel aigu chez la personne \u00e2g\u00e9e<\/li><li>Vuln\u00e9rabilit\u00e9 psychiatrique en \u00e2ge avanc\u00e9<\/li><\/ul>\n\n\n\n<h4 class=\"wp-block-heading\">R\u00f4le dans Swiss100<\/h4>\n\n\n\n<ul class=\"wp-block-list\"><li>Collecte des donn\u00e9es sur le site francophone<\/li><li>Th\u00e8se de doctorat en science infirmi\u00e8res &#8211; psychiatrie de l&rsquo;\u00e2ge avanc\u00e9, portant noramment sur la symptomatologie d\u00e9pressive chez les centenaires<\/li><\/ul>\n<\/div>\n<\/div>\n\n\n\n<p><\/p>\n","protected":false},"excerpt":{"rendered":"<p>Dans SWISS100, je suis surtout int\u00e9ress\u00e9e en mieux comprendre dans quelle mesure la symptomatologie d\u00e9pressive peut impacter la sant\u00e9 mentale \u00e0 un \u00e2ge tr\u00e8s avanc\u00e9. Fonction Actuelle Adjointe&hellip;<\/p>\n","protected":false},"author":1002140,"featured_media":0,"parent":915,"menu_order":-1,"comment_status":"closed","ping_status":"closed","template":"template-full-width.php","meta":{"_seopress_robots_primary_cat":"","_seopress_titles_title":"","_seopress_titles_desc":"","_seopress_robots_index":"","footnotes":""},"class_list":["post-1207","page","type-page","status-publish","has-post-thumbnail"],"_links":{"self":[{"href":"https:\/\/wp.unil.ch\/swiss100\/fr\/wp-json\/wp\/v2\/pages\/1207","targetHints":{"allow":["GET"]}}],"collection":[{"href":"https:\/\/wp.unil.ch\/swiss100\/fr\/wp-json\/wp\/v2\/pages"}],"about":[{"href":"https:\/\/wp.unil.ch\/swiss100\/fr\/wp-json\/wp\/v2\/types\/page"}],"author":[{"embeddable":true,"href":"https:\/\/wp.unil.ch\/swiss100\/fr\/wp-json\/wp\/v2\/users\/1002140"}],"replies":[{"embeddable":true,"href":"https:\/\/wp.unil.ch\/swiss100\/fr\/wp-json\/wp\/v2\/comments?post=1207"}],"version-history":[{"count":0,"href":"https:\/\/wp.unil.ch\/swiss100\/fr\/wp-json\/wp\/v2\/pages\/1207\/revisions"}],"up":[{"embeddable":true,"href":"https:\/\/wp.unil.ch\/swiss100\/fr\/wp-json\/wp\/v2\/pages\/915"}],"wp:attachment":[{"href":"https:\/\/wp.unil.ch\/swiss100\/fr\/wp-json\/wp\/v2\/media?parent=1207"}],"curies":[{"name":"wp","href":"https:\/\/api.w.org\/{rel}","templated":true}]}}