{"id":888,"date":"2020-07-27T12:07:11","date_gmt":"2020-07-27T10:07:11","guid":{"rendered":"https:\/\/wp.unil.ch\/swiss100\/participants\/"},"modified":"2022-08-24T22:17:52","modified_gmt":"2022-08-24T20:17:52","slug":"participants","status":"publish","type":"page","link":"https:\/\/wp.unil.ch\/swiss100\/de\/participants\/","title":{"rendered":"Teilnehmende"},"content":{"rendered":"\n<h2 class=\"wp-block-heading\" id=\"forcentsandfriends\">F\u00fcr Hundertj\u00e4hrige und ihre familie und Freunde\/Freundinnen<\/h2>\n\n\n\n<p>In unserer Studie m\u00f6chten wir auch mit jemandem sprechen, der den\/die Hundertj\u00e4hrige\/n sehr gut kennt und\/oder der sich um den\/die Hundertj\u00e4hrige\/n k\u00fcmmert, zum Beispiel ein Familienmitglied oder einen Freund. Auf diese Weise k\u00f6nnen wir mehr \u00fcber ihre Sichtweise der Herausforderungen des Lebens mit 100 Jahren und die Auswirkungen auf die Familie erfahren. Wir w\u00fcnschen uns regelm\u00e4ssigen Kontakt, pers\u00f6nlich oder am Telefon, um Informationen \u00fcber m\u00f6gliche Ver\u00e4nderungen zu erhalten.<\/p>\n\n\n\n<p>Wenn Sie ein hundert Jahre alt sind, oder eine\/n Hundertj\u00e4hrige\/n in Ihrer Familie haben, w\u00fcrden wir uns gerne mit Ihnen bez\u00fcglich unserer Studie in Verbindung setzen! Sie k\u00f6nnen den Flyer f\u00fcr das Telefoninterview unten herunterladen und\/oder uns eine Nachricht an SWISS100@dynage.uzh.ch senden.<\/p>\n\n\n\n<div class=\"wp-block-file\"><a id=\"wp-block-file--media-bb1ee795-b5f4-4354-8cc4-cf90110da5f1\" href=\"https:\/\/wp.unil.ch\/swiss100\/files\/2022\/08\/SWISS100_Flyer_GE_2022_07_05.pdf\">SWISS100_Flyer_GE_2022_07_05<\/a><a href=\"https:\/\/wp.unil.ch\/swiss100\/files\/2022\/08\/SWISS100_Flyer_GE_2022_07_05.pdf\" class=\"wp-block-file__button\" download aria-describedby=\"wp-block-file--media-bb1ee795-b5f4-4354-8cc4-cf90110da5f1\">Download<\/a><\/div>\n\n\n\n<div style=\"height:180px\" aria-hidden=\"true\" class=\"wp-block-spacer\"><\/div>\n\n\n\n<h2 class=\"wp-block-heading\" id=\"telephonestudy\">TeleFonstudie <\/h2>\n\n\n\n<div class=\"wp-block-columns is-layout-flex wp-container-core-columns-is-layout-9d6595d7 wp-block-columns-is-layout-flex\">\n<div class=\"wp-block-column is-layout-flow wp-block-column-is-layout-flow\" style=\"flex-basis:66.66%\">\n<p>Seit 2020 f\u00fchren wir eine erste Studie durch, zu der wir Hundertj\u00e4hrige aus der ganzen Schweiz zu einem kurzen Telefoninterview einladen. Durch die erhebliche Bedeutung unserer Studie f\u00fcr die \u00d6ffentlichkeit haben wir vom Bundesamt f\u00fcr Statistik Adressinformationen von Hundertj\u00e4hrigen in der Schweiz zur Verf\u00fcgung gestellt bekommen. Aus dieser Liste werden wir nach dem Zufallsprinzip bis zu 20 Hundertj\u00e4hrige aus jedem Kanton ausw\u00e4hlen und sie einladen, mit uns am Telefon \u00fcber ihre Lebenssituation zu sprechen. Wir m\u00f6chten auch erfahren, wie die Hundertj\u00e4hrigen in der Schweiz \u00fcber das Coronavirus und seine Auswirkungen denken.<\/p>\n<\/div>\n\n\n\n<div class=\"wp-block-column is-layout-flow wp-block-column-is-layout-flow\" style=\"flex-basis:33.33%\">\n<h1 class=\"has-text-align-left wp-block-heading\">SEIT<br>DEZEMBER <br>2020<\/h1>\n<\/div>\n<\/div>\n\n\n\n<div style=\"height:180px\" aria-hidden=\"true\" class=\"wp-block-spacer\"><\/div>\n\n\n\n<div class=\"wp-block-columns is-layout-flex wp-container-core-columns-is-layout-9d6595d7 wp-block-columns-is-layout-flex\">\n<div class=\"wp-block-column is-layout-flow wp-block-column-is-layout-flow\" style=\"flex-basis:33.33%\">\n<div style=\"height:28px\" aria-hidden=\"true\" class=\"wp-block-spacer\"><\/div>\n\n\n\n<h1 class=\"has-text-align-right wp-block-heading\">BeginnT 2022<\/h1>\n\n\n\n<p><\/p>\n<\/div>\n\n\n\n<div class=\"wp-block-column is-layout-flow wp-block-column-is-layout-flow\" style=\"flex-basis:66.66%\">\n<h2 class=\"wp-block-heading\" id=\"inpersonstudy\">Pers\u00f6nliche Studie <\/h2>\n\n\n\n<p>Ab 2022 werden pers\u00f6nliche Treffen mit Hundertj\u00e4hrigen aus 3 verschiedenen Sprachregionen der Schweiz (Kantone BE, BS, GE, TI, VD, ZH) durchgef\u00fchrt. Es handelt sich dabei um zwei Treffen, die wir an einem Ort und zu einer Zeit abhalten, die den Teilnehmenden freigestellt sind. Wir werden Fragen zu grundlegenden Merkmalen wie Bildung und Lebenssituation, Gesundheit, sozialen Beziehungen und Wohlbefinden stellen. Wenn m\u00f6glich, m\u00f6chten wir regelm\u00e4\u00dfige Folgetreffen durchf\u00fchren, um uns \u00fcber zwischenzeitliche Ver\u00e4nderungen zu informieren.<\/p>\n<\/div>\n<\/div>\n\n\n\n<div style=\"height:180px\" aria-hidden=\"true\" class=\"wp-block-spacer\"><\/div>\n\n\n\n<figure class=\"wp-block-image size-large\"><img alt=\"\" loading=\"lazy\" decoding=\"async\" width=\"1024\" height=\"686\" src=\"https:\/\/wp.unil.ch\/swiss100\/files\/2021\/10\/Switzerland_Detailed_Map_With_States-1024x686.png\" alt=\"\" class=\"wp-image-2074\" srcset=\"https:\/\/wp.unil.ch\/swiss100\/files\/2021\/10\/Switzerland_Detailed_Map_With_States-1024x686.png 1024w, https:\/\/wp.unil.ch\/swiss100\/files\/2021\/10\/Switzerland_Detailed_Map_With_States-300x201.png 300w, https:\/\/wp.unil.ch\/swiss100\/files\/2021\/10\/Switzerland_Detailed_Map_With_States-150x101.png 150w, https:\/\/wp.unil.ch\/swiss100\/files\/2021\/10\/Switzerland_Detailed_Map_With_States-768x515.png 768w, https:\/\/wp.unil.ch\/swiss100\/files\/2021\/10\/Switzerland_Detailed_Map_With_States-1536x1029.png 1536w, https:\/\/wp.unil.ch\/swiss100\/files\/2021\/10\/Switzerland_Detailed_Map_With_States-2048x1372.png 2048w, https:\/\/wp.unil.ch\/swiss100\/files\/2021\/10\/Switzerland_Detailed_Map_With_States-1120x750.png 1120w, https:\/\/wp.unil.ch\/swiss100\/files\/2021\/10\/Switzerland_Detailed_Map_With_States-540x362.png 540w, https:\/\/wp.unil.ch\/swiss100\/files\/2021\/10\/Switzerland_Detailed_Map_With_States-1080x724.png 1080w, https:\/\/wp.unil.ch\/swiss100\/files\/2021\/10\/Switzerland_Detailed_Map_With_States-1980x1327.png 1980w\" sizes=\"auto, (max-width: 1024px) 100vw, 1024px\" \/><figcaption>Gesamt CH ist f\u00fcr die Telefonstudie vorgesehen. Die roten Kantone werden ebenfalls in den pers\u00f6nlichen Interviews kontaktiert.<\/figcaption><\/figure>\n","protected":false},"excerpt":{"rendered":"<p>F\u00fcr Hundertj\u00e4hrige und ihre familie und Freunde\/Freundinnen In unserer Studie m\u00f6chten wir auch mit jemandem sprechen, der den\/die Hundertj\u00e4hrige\/n sehr gut kennt und\/oder der sich um den\/die Hundertj\u00e4hrige\/n&hellip;<\/p>\n","protected":false},"author":163,"featured_media":0,"parent":0,"menu_order":0,"comment_status":"closed","ping_status":"closed","template":"template-full-width.php","meta":{"_seopress_robots_primary_cat":"","_seopress_titles_title":"","_seopress_titles_desc":"","_seopress_robots_index":"","footnotes":""},"class_list":["post-888","page","type-page","status-publish","has-post-thumbnail"],"_links":{"self":[{"href":"https:\/\/wp.unil.ch\/swiss100\/de\/wp-json\/wp\/v2\/pages\/888","targetHints":{"allow":["GET"]}}],"collection":[{"href":"https:\/\/wp.unil.ch\/swiss100\/de\/wp-json\/wp\/v2\/pages"}],"about":[{"href":"https:\/\/wp.unil.ch\/swiss100\/de\/wp-json\/wp\/v2\/types\/page"}],"author":[{"embeddable":true,"href":"https:\/\/wp.unil.ch\/swiss100\/de\/wp-json\/wp\/v2\/users\/163"}],"replies":[{"embeddable":true,"href":"https:\/\/wp.unil.ch\/swiss100\/de\/wp-json\/wp\/v2\/comments?post=888"}],"version-history":[{"count":0,"href":"https:\/\/wp.unil.ch\/swiss100\/de\/wp-json\/wp\/v2\/pages\/888\/revisions"}],"wp:attachment":[{"href":"https:\/\/wp.unil.ch\/swiss100\/de\/wp-json\/wp\/v2\/media?parent=888"}],"curies":[{"name":"wp","href":"https:\/\/api.w.org\/{rel}","templated":true}]}}