{"id":853,"date":"2020-07-27T12:00:05","date_gmt":"2020-07-27T10:00:05","guid":{"rendered":"https:\/\/wp.unil.ch\/swiss100\/faq\/"},"modified":"2023-09-14T14:00:12","modified_gmt":"2023-09-14T12:00:12","slug":"faq","status":"publish","type":"page","link":"https:\/\/wp.unil.ch\/swiss100\/de\/faq\/","title":{"rendered":"H\u00e4ufig gestellte Fragen"},"content":{"rendered":"\n<details class=\"wp-block-details is-layout-flow wp-block-details-is-layout-flow\"><summary>Was sind die Vorteile, wenn ich an SWISS100 teilnehme?<\/summary>\n<div class=\"wp-block-group\"><div class=\"wp-block-group__inner-container is-layout-constrained wp-block-group-is-layout-constrained\">\n<p>F\u00fcr die Teilnahme an SWISS100 gibt es keine finanzielle Entsch\u00e4digung. Die Teilnahme wird jedoch von fr\u00fcheren Teilnehmenden oft als interessant und\/oder angenehm empfunden. Sie berichten h\u00e4ufig, dass es ihnen Spass macht, ihre Lebenserfahrungen mit unseren Interviewern zu teilen. Aus einer breiteren Perspektive ist die Teilnahme vorteilhaft, um die Forschung und die Sozialpolitik im Zusammenhang mit den Herausforderungen im hohen Alter voranzubringen.<\/p>\n<\/div><\/div>\n<\/details>\n\n\n\n<details class=\"wp-block-details\"><summary><span role=\"textbox\" aria-label=\"Accordion title...\" class=\"block-editor-rich-text__editable rich-text is-layout-flow wp-block-details-is-layout-flow\" style=\"min-width: 1px\">Wer ist zur Teilnahme an SWISS100 berechtigt?<\/span><\/summary>\n<div class=\"wp-block-group\"><div class=\"wp-block-group__inner-container is-layout-constrained wp-block-group-is-layout-constrained\">\n<p>Telefoninterview (Studie 1): Teilnahmeberechtigt sind Hundertj\u00e4hrige aus allen Kantonen der Schweiz. Wir werden auch eine dem\/der Hundertj\u00e4hrigen nahestehende Person zur Teilnahme einladen, um seine\/ihre Sichtweise berichten zu k\u00f6nnen.<\/p>\n\n\n\n<p>Pers\u00f6nliche Treffen (Studie 2): Diese werden im Jahr 2022 stattfinden und Hundertj\u00e4hrige aus einigen ausgew\u00e4hlten Kantonen (BE, BS, GE, TI, VD und ZH) betreffen. Wie beim Telefoninterview werden wir auch hier darum bitten, dass jemand, der dem\/der Hundertj\u00e4hrigen nahesteht, an einigen Treffen teilnimmt.<\/p>\n<\/div><\/div>\n<\/details>\n\n\n\n<details class=\"wp-block-details\"><summary><span role=\"textbox\" aria-label=\"Accordion title...\" class=\"block-editor-rich-text__editable rich-text is-layout-flow wp-block-details-is-layout-flow\" style=\"min-width: 1px\">Ist diese Studie vertraulich?<\/span><\/summary>\n<div class=\"wp-block-group\"><div class=\"wp-block-group__inner-container is-layout-constrained wp-block-group-is-layout-constrained\">\n<p>Ja. SWISS100 respektiert alle Grunds\u00e4tze des Datengeheimnisses und h\u00e4lt alle gesetzlichen Bestimmungen ein. Zudem wurde die Studie von der Ethikkommission f\u00fcr Humanforschung genehmigt. Dies bedeutet, dass alle Informationen streng vertraulich behandelt werden und die Ergebnisse der Studie nur zu Forschungszwecken verwendet werden. Die Daten sind und bleiben anonym. Es wird f\u00fcr niemanden m\u00f6glich sein, die Teilnehmenden anhand der Studienergebnisse zu identifizieren.<\/p>\n<\/div><\/div>\n<\/details>\n\n\n\n<details class=\"wp-block-details\"><summary><span role=\"textbox\" aria-label=\"Accordion title...\" class=\"block-editor-rich-text__editable rich-text is-layout-flow wp-block-details-is-layout-flow\" style=\"min-width: 1px\">Ich habe ein Einladungsschreiben f\u00fcr SWISS100 erhalten, warum?<\/span><\/summary>\n<div class=\"wp-block-group\"><div class=\"wp-block-group__inner-container is-layout-constrained wp-block-group-is-layout-constrained\">\n<p>Angesichts der nationalen Bedeutung unserer Studie hat das Bundesamt f\u00fcr Statistik SWISS100 eine Liste mit Kontaktdaten von Hundertj\u00e4hrigen in der Schweiz zur Verf\u00fcgung gestellt. Wir haben Ihnen das Einladungsschreiben zugeschickt, da Sie zu den zuf\u00e4llig ausgew\u00e4hlten Teilnehmenden aus der ganzen Schweiz geh\u00f6ren.<\/p>\n<\/div><\/div>\n<\/details>\n\n\n\n<details class=\"wp-block-details\"><summary><span role=\"textbox\" aria-label=\"Accordion title...\" class=\"block-editor-rich-text__editable rich-text is-layout-flow wp-block-details-is-layout-flow\" style=\"min-width: 1px\">Wer sind die Interviewer\/-innen und wie kann ich sie identifizieren?<\/span><\/summary>\n<div class=\"wp-block-group\"><div class=\"wp-block-group__inner-container is-layout-constrained wp-block-group-is-layout-constrained\">\n<p>Telefongespr\u00e4che (Studie 1): Die Interviewer\/-innen werden sich Ihnen gegen\u00fcber am Telefon namentlich identifizieren.<\/p>\n\n\n\n<p>Pers\u00f6nliche Treffen (Studie 2): Die Interviewer\/-innen identifizieren sich Ihnen gegen\u00fcber mit einem Ausweis.<\/p>\n\n\n\n<p>Unsere Interviewer und Interviewerinnen sind gut ausgebildete Fachleute und werden Sie <strong>niemals<\/strong> nach sensiblen Informationen wie Ihrer Kontonummer fragen. Sie erhalten weitere Informationen und ein Fotos der Interviewer\/innen zusammen mit dem Einladungsschreiben und der Kurzbrosch\u00fcre.<\/p>\n<\/div><\/div>\n<\/details>\n\n\n\n<details class=\"wp-block-details is-layout-flow wp-block-details-is-layout-flow\"><summary>Was sind die Unterschiede zwischen Telefoninterviews (Studie 1) und pers\u00f6nlichen Treffen (Studie 2)?<\/summary>\n<div class=\"wp-block-group\"><div class=\"wp-block-group__inner-container is-layout-constrained wp-block-group-is-layout-constrained\">\n<p>Unsere Telefoninterviews (Studie 1) umfassen alle Schweizer Kantone und dauern etwa 20 Minuten. Ziel ist es, nicht nur einen allgemeinen \u00dcberblick \u00fcber die Gesundheit und das Wohlbefinden der Hundertj\u00e4hrigen in der Schweiz zu erhalten, sondern auch dar\u00fcber, wie sich die Coronavirus-Pandemie auf ihren Alltag auswirkt.<\/p>\n\n\n\n<p>An den pers\u00f6nlichen Treffen (Studie 2) werden jedoch nur einige ausgew\u00e4hlte Kantone (BE, BS, GE, TI, VD und ZH) teilnehmen. Jede Sitzung wird etwa 90 Minuten dauern. Zus\u00e4tzlich wird auch ein Familienmitglied oder eine dem\/der Hundertj\u00e4hrigen nahestehende Person zur Teilnahme eingeladen. Ziel dieser zweiten Studie ist es, die spezifischen Merkmale, Herausforderungen und Bed\u00fcrfnisse der Hundertj\u00e4hrigen in der Schweiz besser zu verstehen. F\u00fcr weitere Informationen besuchen Sie bitte die <a rel=\"noreferrer noopener\" href=\"https:\/\/wp.unil.ch\/swiss100\/de\/\" target=\"_blank\">Projektbeschreibung<\/a>.<\/p>\n<\/div><\/div>\n<\/details>\n\n\n\n<details class=\"wp-block-details is-layout-flow wp-block-details-is-layout-flow\"><summary>Warum bitten wir jemanden, der dem\/der Hundertj\u00e4hrigen nahesteht, ebenfalls, an der Studie teilzunehmen?<\/summary>\n<div class=\"wp-block-group\"><div class=\"wp-block-group__inner-container is-layout-constrained wp-block-group-is-layout-constrained\">\n<p>Die Teilnahme eines Familienmitglieds, einer Pflegekraft oder einer anderen Person, die dem\/der Hundertj\u00e4hrigen nahe steht, erm\u00f6glicht es uns, ihre Sichtweise der Herausforderungen des Lebens mit 100 Jahren und die Auswirkungen auf Menschen, die dem\/der Hundertj\u00e4hrigen nahe stehen, kennen zu lernen.<\/p>\n<\/div><\/div>\n<\/details>\n\n\n\n<details class=\"wp-block-details\"><summary><span role=\"textbox\" aria-label=\"Accordion title...\" class=\"block-editor-rich-text__editable rich-text is-layout-flow wp-block-details-is-layout-flow\" style=\"min-width: 1px\">An wen kann ich mich f\u00fcr weitere Fragen wenden?<\/span><\/summary>\n<div class=\"wp-block-group\"><div class=\"wp-block-group__inner-container is-layout-constrained wp-block-group-is-layout-constrained\">\n<p>F\u00fcr weitere Fragen senden Sie bitte eine E-Mail an SWISS100@dynage.uzh.ch<\/p>\n<\/div><\/div>\n<\/details>\n","protected":false},"excerpt":{"rendered":"","protected":false},"author":163,"featured_media":0,"parent":0,"menu_order":0,"comment_status":"closed","ping_status":"closed","template":"","meta":{"_seopress_robots_primary_cat":"","_seopress_titles_title":"","_seopress_titles_desc":"","_seopress_robots_index":"","footnotes":""},"class_list":["post-853","page","type-page","status-publish","has-post-thumbnail"],"_links":{"self":[{"href":"https:\/\/wp.unil.ch\/swiss100\/de\/wp-json\/wp\/v2\/pages\/853","targetHints":{"allow":["GET"]}}],"collection":[{"href":"https:\/\/wp.unil.ch\/swiss100\/de\/wp-json\/wp\/v2\/pages"}],"about":[{"href":"https:\/\/wp.unil.ch\/swiss100\/de\/wp-json\/wp\/v2\/types\/page"}],"author":[{"embeddable":true,"href":"https:\/\/wp.unil.ch\/swiss100\/de\/wp-json\/wp\/v2\/users\/163"}],"replies":[{"embeddable":true,"href":"https:\/\/wp.unil.ch\/swiss100\/de\/wp-json\/wp\/v2\/comments?post=853"}],"version-history":[{"count":0,"href":"https:\/\/wp.unil.ch\/swiss100\/de\/wp-json\/wp\/v2\/pages\/853\/revisions"}],"wp:attachment":[{"href":"https:\/\/wp.unil.ch\/swiss100\/de\/wp-json\/wp\/v2\/media?parent=853"}],"curies":[{"name":"wp","href":"https:\/\/api.w.org\/{rel}","templated":true}]}}