{"id":811,"date":"2020-07-27T12:00:59","date_gmt":"2020-07-27T10:00:59","guid":{"rendered":"https:\/\/wp.unil.ch\/swiss100\/confidentiality\/"},"modified":"2021-10-05T12:17:37","modified_gmt":"2021-10-05T10:17:37","slug":"confidentiality","status":"publish","type":"page","link":"https:\/\/wp.unil.ch\/swiss100\/de\/confidentiality\/","title":{"rendered":"Vertraulichkeit"},"content":{"rendered":"\n<p class=\"has-medium-font-size\">SWISS100 respektiert alle Grunds\u00e4tze des Datengeheimnisses und h\u00e4lt alle gesetzlichen Anforderungen ein. Zudem wurde die Studie von der Ethikkommission f\u00fcr Humanforschung genehmigt: Waadt (<a rel=\"noreferrer noopener\" href=\"https:\/\/www.cer-vd.ch\/\" target=\"_blank\">Commission cantonale d&#8217;ethique de la recherche sur l&#8217;etre humain<\/a>),  Tessin (<a rel=\"noreferrer noopener\" href=\"https:\/\/www4.ti.ch\/dss\/dsp\/us\/ce\/\" target=\"_blank\">Comitato etico cantonale)&nbsp;<\/a>and Z\u00fcrich (<a rel=\"noreferrer noopener\" href=\"https:\/\/www.zh.ch\/de\/gesundheitsdirektion\/ethikkommission.html\" target=\"_blank\">Kantonale Ethikkommission<\/a>). Dies bedeutet, dass alle Informationen streng vertraulich behandelt werden und die Ergebnisse der Studie nur zu Forschungszwecken verwendet werden. Die Daten sind und bleiben anonym. Es wird f\u00fcr niemanden m\u00f6glich sein, die Teilnehmenden anhand der Studienergebnisse zu identifizieren.<\/p>\n","protected":false},"excerpt":{"rendered":"<p>SWISS100 respektiert alle Grunds\u00e4tze des Datengeheimnisses und h\u00e4lt alle gesetzlichen Anforderungen ein. Zudem wurde die Studie von der Ethikkommission f\u00fcr Humanforschung genehmigt: Waadt (Commission cantonale d&#8217;ethique de la&hellip;<\/p>\n","protected":false},"author":163,"featured_media":0,"parent":0,"menu_order":0,"comment_status":"closed","ping_status":"closed","template":"","meta":{"_seopress_robots_primary_cat":"","_seopress_titles_title":"","_seopress_titles_desc":"","_seopress_robots_index":"","footnotes":""},"class_list":["post-811","page","type-page","status-publish","has-post-thumbnail"],"_links":{"self":[{"href":"https:\/\/wp.unil.ch\/swiss100\/de\/wp-json\/wp\/v2\/pages\/811","targetHints":{"allow":["GET"]}}],"collection":[{"href":"https:\/\/wp.unil.ch\/swiss100\/de\/wp-json\/wp\/v2\/pages"}],"about":[{"href":"https:\/\/wp.unil.ch\/swiss100\/de\/wp-json\/wp\/v2\/types\/page"}],"author":[{"embeddable":true,"href":"https:\/\/wp.unil.ch\/swiss100\/de\/wp-json\/wp\/v2\/users\/163"}],"replies":[{"embeddable":true,"href":"https:\/\/wp.unil.ch\/swiss100\/de\/wp-json\/wp\/v2\/comments?post=811"}],"version-history":[{"count":0,"href":"https:\/\/wp.unil.ch\/swiss100\/de\/wp-json\/wp\/v2\/pages\/811\/revisions"}],"wp:attachment":[{"href":"https:\/\/wp.unil.ch\/swiss100\/de\/wp-json\/wp\/v2\/media?parent=811"}],"curies":[{"name":"wp","href":"https:\/\/api.w.org\/{rel}","templated":true}]}}