{"id":800,"date":"2020-09-08T11:45:41","date_gmt":"2020-09-08T09:45:41","guid":{"rendered":"https:\/\/wp.unil.ch\/swiss100\/biobank-and-biomarkers\/"},"modified":"2022-03-22T09:57:52","modified_gmt":"2022-03-22T08:57:52","slug":"biobank-and-biomarkers","status":"publish","type":"page","link":"https:\/\/wp.unil.ch\/swiss100\/de\/biobank-and-biomarkers\/","title":{"rendered":"Biobank und Biomarker"},"content":{"rendered":"\n<p>Die Art und Weise, wie Menschen altern, ist sehr unterschiedlich: W\u00e4hrend einige gebrechlich sind, Sinneseinschr\u00e4nkungen entwickeln und an chronischen Krankheiten leiden, bleiben andere hoch aktiv, haben scharfe Sinne und sind frei von Krankheiten. Trotz ihrer Bedeutung ist die Heterogenit\u00e4t des Alterungsprozesses beim Menschen noch immer kaum verstanden. Unsere Gruppe ist daran interessiert, die biologischen Prozesse zu verstehen, die f\u00fcr diese individuellen Unterschiede im Alterungsprozess verantwortlich sind. <\/p>\n\n\n\n<p>Die Forschung deutet darauf hin, dass Hundertj\u00e4hrige ihre au\u00dfergew\u00f6hnliche Langlebigkeit durch die Entwicklung einer gewissen Form von Resilienz\/Widerstandsf\u00e4higkeit erreichen k\u00f6nnen. Tats\u00e4chlich bleiben einige Hundertj\u00e4hrige von einigen t\u00f6dlichen Krankheiten verschont und k\u00f6nnen das Auftreten chronischer Krankheiten im Vergleich zur Normalbev\u00f6lkerung deutlich bis ins hohe Alter hinausschieben. Andere Hundertj\u00e4hrige scheinen besser mit chronischen Krankheiten leben zu k\u00f6nnen, w\u00e4hrend einige von ihnen diesen Krankheiten sogar ganz entkommen. Ein genaues Verst\u00e4ndnis der physiologischen und molekularen Ver\u00e4nderungen, die w\u00e4hrend des Alterns insbesondere bei Hundertj\u00e4hrigen auftreten, fehlt jedoch noch. Das Ziel dieser nationalen Studie in verschiedenen Kantonen und Sprachen (deutsch-, franz\u00f6sisch- und italienischsprachig) ist es, weitere Marker f\u00fcr Langlebigkeit in der Schweizer Bev\u00f6lkerung zu identifizieren.<\/p>\n\n\n\n<p>Um biologische Marker zu definieren, die mit dem Altern assoziiert sind, werden wir zun\u00e4chst eine globale \u00dcberwachung der molekularen Profile durchf\u00fchren. Blut- und Speichelproben von Hundertj\u00e4hrigen werden von interessierten Teilnehmern der SWISS100-Studie entnommen und mit &#8222;Omics&#8220;-Technologie ausgewertet. Anhand von Kontrollgruppen, bestehend aus j\u00fcngeren Personen (Durchschnittsalter 45 Jahre) und geriatrischen Patienten (Durchschnittsalter 85 Jahre), werden Unterschiede bei den Biomarkern ermittelt. Ein Vergleich der drei Gruppen und umfassende Analyse der Unterschiede zwischen den Entwicklungen, die diese einschlagen, wird die Identifizierung neuer biologischer Funktionen erm\u00f6glicht, die am Alterungsprozess beteiligt sind (z. B. Gene und Proteine, die mit Entz\u00fcndungen, Stoffwechsel, Immunreaktion und oxidativen Stressmarkern in Verbindung stehen).<\/p>\n\n\n\n<p>Die Ergebnisse dieser Studie werden es erm\u00f6glichen, neue biologische Parameter zu identifizieren und unser Verst\u00e4ndnis dar\u00fcber zu verbessern, wie das Altern zum Auftreten chronischer Krankheiten f\u00fchren kann, sowie deren fr\u00fchzeitige Erkennung und idealerweise deren Vermeidung. Dies kann f\u00fcr die F\u00f6rderung des Wohlbefindens und der Lebensqualit\u00e4t und f\u00fcr die entsprechende Anpassung der Pflege wichtig sein.<\/p>\n\n\n\n<p>Sollten Sie weitere Fragen haben oder weitere Erl\u00e4uterungen ben\u00f6tigen, z\u00f6gern Sie bitte nicht uns eine E-Mail zu senden.<\/p>\n\n\n\n<ul class=\"wp-block-list\"><li>(Franz\u00f6sisch oder Englisch: Flavien Delhaes, Flavien.Delhaes[at]unige.ch<\/li><li>(Deutsch) : Karl-Heinz\u00a0Krause, karl-heinz.krause[at]unige.ch<\/li><li>(Italienisch) : Stefano Cavalli, swiss100[at]supsi.ch<\/li><\/ul>\n","protected":false},"excerpt":{"rendered":"<p>Die Art und Weise, wie Menschen altern, ist sehr unterschiedlich: W\u00e4hrend einige gebrechlich sind, Sinneseinschr\u00e4nkungen entwickeln und an chronischen Krankheiten leiden, bleiben andere hoch aktiv, haben scharfe Sinne&hellip;<\/p>\n","protected":false},"author":1002150,"featured_media":0,"parent":0,"menu_order":0,"comment_status":"closed","ping_status":"closed","template":"","meta":{"_seopress_robots_primary_cat":"","_seopress_titles_title":"","_seopress_titles_desc":"","_seopress_robots_index":"","footnotes":""},"class_list":["post-800","page","type-page","status-publish","has-post-thumbnail"],"_links":{"self":[{"href":"https:\/\/wp.unil.ch\/swiss100\/de\/wp-json\/wp\/v2\/pages\/800","targetHints":{"allow":["GET"]}}],"collection":[{"href":"https:\/\/wp.unil.ch\/swiss100\/de\/wp-json\/wp\/v2\/pages"}],"about":[{"href":"https:\/\/wp.unil.ch\/swiss100\/de\/wp-json\/wp\/v2\/types\/page"}],"author":[{"embeddable":true,"href":"https:\/\/wp.unil.ch\/swiss100\/de\/wp-json\/wp\/v2\/users\/1002150"}],"replies":[{"embeddable":true,"href":"https:\/\/wp.unil.ch\/swiss100\/de\/wp-json\/wp\/v2\/comments?post=800"}],"version-history":[{"count":0,"href":"https:\/\/wp.unil.ch\/swiss100\/de\/wp-json\/wp\/v2\/pages\/800\/revisions"}],"wp:attachment":[{"href":"https:\/\/wp.unil.ch\/swiss100\/de\/wp-json\/wp\/v2\/media?parent=800"}],"curies":[{"name":"wp","href":"https:\/\/api.w.org\/{rel}","templated":true}]}}