{"id":7991,"date":"2026-04-08T13:32:02","date_gmt":"2026-04-08T11:32:02","guid":{"rendered":"https:\/\/wp.unil.ch\/swiss100\/?page_id=7991"},"modified":"2026-04-08T13:56:06","modified_gmt":"2026-04-08T11:56:06","slug":"lausanne","status":"publish","type":"page","link":"https:\/\/wp.unil.ch\/swiss100\/de\/lausanne\/","title":{"rendered":"Lausanne"},"content":{"rendered":"\n<h3 class=\"wp-block-heading alignfull has-text-align-center\">WELCOME TO YOUR FUTURE: HUNDERTJ\u00c4HRIGE IN DER SCHWEIZ<br>&nbsp;&nbsp;&nbsp;&nbsp;&nbsp;&nbsp;&nbsp;&nbsp;&nbsp;&nbsp;&nbsp;AUSSTELLUNG IM Forum de l&#8217;h\u00f4tel de ville<\/h3>\n\n\n\n<figure class=\"wp-block-image alignwide size-full\"><img alt=\"\" loading=\"lazy\" decoding=\"async\" width=\"2528\" height=\"1422\" src=\"https:\/\/wp.unil.ch\/swiss100\/files\/2026\/04\/lausanne_hoteldeville_c_lausanne_tourisme-p.waterton-edited.webp\" alt=\"\" class=\"wp-image-8005\" srcset=\"https:\/\/wp.unil.ch\/swiss100\/files\/2026\/04\/lausanne_hoteldeville_c_lausanne_tourisme-p.waterton-edited.webp 2528w, https:\/\/wp.unil.ch\/swiss100\/files\/2026\/04\/lausanne_hoteldeville_c_lausanne_tourisme-p.waterton-edited-300x169.webp 300w, https:\/\/wp.unil.ch\/swiss100\/files\/2026\/04\/lausanne_hoteldeville_c_lausanne_tourisme-p.waterton-edited-1024x576.webp 1024w, https:\/\/wp.unil.ch\/swiss100\/files\/2026\/04\/lausanne_hoteldeville_c_lausanne_tourisme-p.waterton-edited-150x84.webp 150w, https:\/\/wp.unil.ch\/swiss100\/files\/2026\/04\/lausanne_hoteldeville_c_lausanne_tourisme-p.waterton-edited-768x432.webp 768w, https:\/\/wp.unil.ch\/swiss100\/files\/2026\/04\/lausanne_hoteldeville_c_lausanne_tourisme-p.waterton-edited-1536x864.webp 1536w, https:\/\/wp.unil.ch\/swiss100\/files\/2026\/04\/lausanne_hoteldeville_c_lausanne_tourisme-p.waterton-edited-2048x1152.webp 2048w, https:\/\/wp.unil.ch\/swiss100\/files\/2026\/04\/lausanne_hoteldeville_c_lausanne_tourisme-p.waterton-edited-540x304.webp 540w, https:\/\/wp.unil.ch\/swiss100\/files\/2026\/04\/lausanne_hoteldeville_c_lausanne_tourisme-p.waterton-edited-1080x608.webp 1080w, https:\/\/wp.unil.ch\/swiss100\/files\/2026\/04\/lausanne_hoteldeville_c_lausanne_tourisme-p.waterton-edited-1980x1114.webp 1980w\" sizes=\"auto, (max-width: 2528px) 100vw, 2528px\" \/><\/figure>\n\n\n\n<div class=\"wp-block-columns alignwide is-layout-flex wp-container-core-columns-is-layout-9d6595d7 wp-block-columns-is-layout-flex\">\n<div class=\"wp-block-column is-vertically-aligned-center is-layout-flow wp-block-column-is-layout-flow\">\n<h3 class=\"wp-block-heading\">INFORMATIONEN<\/h3>\n\n\n\n<p class=\"has-text-align-left\"><strong><strong>Daten<\/strong><\/strong> : 9th june to 4th july 2026<\/p>\n\n\n\n<p class=\"has-text-align-left\"><strong>Adresse:<\/strong>&nbsp;Pl. de la Palud 2, 1003 Lausanne<\/p>\n\n\n\n<p><strong><strong>\u00d6ffnungszeiten<\/strong><\/strong> : <\/p>\n\n\n\n<div class=\"wp-block-columns is-layout-flex wp-container-core-columns-is-layout-9d6595d7 wp-block-columns-is-layout-flex\">\n<div class=\"wp-block-column is-layout-flow wp-block-column-is-layout-flow\">\n<div class=\"wp-block-columns is-layout-flex wp-container-core-columns-is-layout-9d6595d7 wp-block-columns-is-layout-flex\">\n<div class=\"wp-block-column is-layout-flow wp-block-column-is-layout-flow\">\n<h3 class=\"wp-block-heading\">Programm<\/h3>\n\n\n\n<details class=\"wp-block-details is-layout-flow wp-block-details-is-layout-flow\"><summary><strong>Vernissage,09.06.2026 &#8211; 17:30<\/strong><\/summary>\n<p><a href=\"https:\/\/docs.google.com\/forms\/d\/e\/1FAIpQLSf75TO80ElB1HmwvrA05gEpzimHGe4XULsGrdNqOFPIRXkM8w\/viewform?usp=header\">Anmeldung<\/a> (bei Fragen wenden Sie sich bitte an swiss100@unil.ch)<\/p>\n\n\n\n<p>Vernissage auf Franz\u00f6sisch<\/p>\n\n\n\n<h6 class=\"wp-block-heading\"><strong>Begr\u00fcssung<\/strong><\/h6>\n\n\n\n<p>Emilie&nbsp;Moeschler,<strong>&nbsp;<\/strong>Direction Sports et coh\u00e9sion sociale,&nbsp;&nbsp;<\/p>\n\n\n\n<p>Muriel Chenaux&nbsp;Mesnier,&nbsp;d\u00e9l\u00e9gu\u00e9e&nbsp;aux&nbsp;seniors,&nbsp;Ville de&nbsp;Lausanne&nbsp;<\/p>\n\n\n\n<h6 class=\"wp-block-heading\"><strong>Pr\u00e4sentationen<\/strong><\/h6>\n\n\n\n<p>Pr.&nbsp;Daniela&nbsp;Jopp,&nbsp;directrice&nbsp;\u00e9tude&nbsp;SWISS100,&nbsp;Institut&nbsp;de psychologie,&nbsp;Universit\u00e9 de Lausanne&nbsp;<br><em>Centenaires en Suisse&nbsp;:&nbsp;\u00c9tude&nbsp;SWISS100&nbsp;et exposition<\/em>&nbsp;<\/p>\n\n\n\n<p>Pr.&nbsp;Dario&nbsp;Spini,&nbsp;Universit\u00e9 de Lausanne, <em>Centenaires \u2013 un nouveau continent<\/em>&nbsp;<\/p>\n\n\n\n<h6 class=\"wp-block-heading\"><strong><strong><strong>Austausch und Diskussion zwischen Fachpersonen und Publikum<\/strong><br><\/strong><\/strong><\/h6>\n<\/details>\n\n\n\n<details class=\"wp-block-details is-layout-flow wp-block-details-is-layout-flow\"><summary><strong><strong>Pr\u00e4sentationsabend :<\/strong>&nbsp;Freitag, 19.06.2026, 18:30 Uhr&nbsp;&#8211; Kognitive Funktionen, Risikofaktoren und Pr\u00e4diktoren<\/strong><\/summary>\n<h6 class=\"wp-block-heading\"><strong>Kognitive Funktionen, Risikofaktoren und Pr\u00e4diktoren<\/strong><\/h6>\n\n\n\n<h6 class=\"wp-block-heading\"><strong>Pr\u00e4sentationen<\/strong>&nbsp;<\/h6>\n\n\n\n<p>Dr&nbsp;Charikleia&nbsp;Lampraki,&nbsp;UNIGE,&nbsp;CIGEV, LIVES&nbsp;&#8211; <em>Connectivit\u00e9 sociale et fonctionnement cognitif<\/em>&nbsp;<\/p>\n\n\n\n<p>Sayonara&nbsp;Pereira da Silva,&nbsp;UNIGE&nbsp;&nbsp;&#8211; <em>Stronger&nbsp;mind,&nbsp;lower&nbsp;risk:&nbsp;can&nbsp;we&nbsp;protect&nbsp;our&nbsp;brains&nbsp;against&nbsp;Alzheimer&#8217;s&nbsp;disease&nbsp;genetic&nbsp;risk?&nbsp;<\/em>(auf English)<\/p>\n\n\n\n<p>Dr&nbsp;Ulrike&nbsp;Rimmele,&nbsp;UNIL&nbsp;&#8211; <em>Emotion, cognition et vieillissement<\/em>&nbsp;<\/p>\n\n\n\n<h6 class=\"wp-block-heading\"><strong><strong><strong><strong><strong>Austausch und Diskussion zwischen Fachpersonen und Publikum<\/strong><br><\/strong><\/strong><\/strong><\/strong><\/h6>\n<\/details>\n\n\n\n<details class=\"wp-block-details is-layout-flow wp-block-details-is-layout-flow\"><summary><strong>Pr\u00e4sentationsabend :&nbsp;Donnerstag, 25.06.2026, 18:30 Uhr &#8211; Psychische Gesundheit: Herausforderungen im Alter<\/strong><\/summary>\n<h6 class=\"wp-block-heading\">Psychische Gesundheit: Herausforderungen im Alter<\/h6>\n\n\n\n<h6 class=\"wp-block-heading\"><strong><strong>Pr\u00e4sentationen<\/strong><\/strong>&nbsp;&nbsp;<\/h6>\n\n\n\n<p>Pr Armin von&nbsp;Gunten,&nbsp;Service Universitaire de Psychiatrie de l&#8217;\u00c2ge Avanc\u00e9 (SUPAA)&nbsp;&#8211; <em>Sympt\u00f4mes neuropsychiatriques chez des personnes tr\u00e8s \u00e2g\u00e9es<\/em>&nbsp;<\/p>\n\n\n\n<p>Carla Gomes da Rocha, Adjointe scientifique,&nbsp;HEdS, HES-SO Valais-Wallis&nbsp;&#8211; <em>Sympt\u00f4mes d\u00e9pressifs et d\u00e9pendance dans les activit\u00e9s de la vie quotidienne chez les personnes centenaires en Suisse<\/em>&nbsp;<\/p>\n\n\n\n<p>Dr&nbsp;Beatriz Pozuelo-Moyano,&nbsp;Service Universitaire de Psychiatrie de l&#8217;\u00c2ge Avanc\u00e9 (SUPAA)&nbsp;&#8211; <em>D\u00e9pression chez la personne \u00e2g\u00e9e et d\u00e9mence<\/em><\/p>\n\n\n\n<h6 class=\"wp-block-heading\"><strong><strong><strong><strong><strong><strong><strong>Austausch und Diskussion zwischen Fachpersonen und Publikum<\/strong><br><\/strong><\/strong><\/strong><\/strong><\/strong><\/strong><\/h6>\n<\/details>\n\n\n\n<div class=\"wp-block-columns is-layout-flex wp-container-core-columns-is-layout-9d6595d7 wp-block-columns-is-layout-flex\">\n<div class=\"wp-block-column is-layout-flow wp-block-column-is-layout-flow\">\n<h3 class=\"wp-block-heading\">INFORMATIONEN F\u00dcR SCHULKLASSEN<\/h3>\n\n\n\n<p>F\u00fchrungen f\u00fcr Sch\u00fclerinnen und Sch\u00fcler der 5P bis 10P<\/p>\n\n\n\n<p>Die Ausstellung l\u00e4dt Schulklassen zu einer&nbsp;<strong>immersiven und interaktiven Erfahrung<\/strong>&nbsp;rund um das Thema Alter ein. Anhand von 28 Fotoportr\u00e4ts, Lebensgeschichten und den Ergebnissen einer umfassenden wissenschaftlichen Studie entdecken die Sch\u00fcler das \u00c4lterwerden aus einer ganz neuen Perspektive \u2013 fernab von g\u00e4ngigen Klischees.<\/p>\n\n\n\n<p>Der Besuch er\u00f6ffnet einen&nbsp;<strong>Raum f\u00fcr den Dialog zwischen den Generationen<\/strong>, regt zur kritischen Reflexion \u00fcber das Vergehen der Zeit an und f\u00f6rdert Empathie, Neugier sowie das Hinterfragen von Altersstereotypen.<\/p>\n\n\n\n<p>Sind Sie an einer F\u00fchrung f\u00fcr Ihre Klasse interessiert? :&nbsp;<a href=\"https:\/\/docs.google.com\/forms\/d\/e\/1FAIpQLSdTIIF_-qWNwrDMg0R1MLGBt5KTTVtgJtfSd7A_bbZHWkzjFw\/viewform?usp=sharing&amp;ouid=111317936218582563829\">Anmeldung f\u00fcr Schulklassen<\/a><\/p>\n<\/div>\n<\/div>\n<\/div>\n<\/div>\n<\/div>\n<\/div>\n<\/div>\n<\/div>\n","protected":false},"excerpt":{"rendered":"<p>WELCOME TO YOUR FUTURE: HUNDERTJ\u00c4HRIGE IN DER SCHWEIZ&nbsp;&nbsp;&nbsp;&nbsp;&nbsp;&nbsp;&nbsp;&nbsp;&nbsp;&nbsp;&nbsp;AUSSTELLUNG IM Forum de l&#8217;h\u00f4tel de ville INFORMATIONEN Daten : 9th june to 4th july 2026 Adresse:&nbsp;Pl. de la Palud 2,&hellip;<\/p>\n","protected":false},"author":1003049,"featured_media":0,"parent":0,"menu_order":0,"comment_status":"closed","ping_status":"closed","template":"","meta":{"_seopress_robots_primary_cat":"","_seopress_titles_title":"","_seopress_titles_desc":"","_seopress_robots_index":"","footnotes":""},"class_list":["post-7991","page","type-page","status-publish","has-post-thumbnail"],"_links":{"self":[{"href":"https:\/\/wp.unil.ch\/swiss100\/de\/wp-json\/wp\/v2\/pages\/7991","targetHints":{"allow":["GET"]}}],"collection":[{"href":"https:\/\/wp.unil.ch\/swiss100\/de\/wp-json\/wp\/v2\/pages"}],"about":[{"href":"https:\/\/wp.unil.ch\/swiss100\/de\/wp-json\/wp\/v2\/types\/page"}],"author":[{"embeddable":true,"href":"https:\/\/wp.unil.ch\/swiss100\/de\/wp-json\/wp\/v2\/users\/1003049"}],"replies":[{"embeddable":true,"href":"https:\/\/wp.unil.ch\/swiss100\/de\/wp-json\/wp\/v2\/comments?post=7991"}],"version-history":[{"count":5,"href":"https:\/\/wp.unil.ch\/swiss100\/de\/wp-json\/wp\/v2\/pages\/7991\/revisions"}],"predecessor-version":[{"id":8009,"href":"https:\/\/wp.unil.ch\/swiss100\/de\/wp-json\/wp\/v2\/pages\/7991\/revisions\/8009"}],"wp:attachment":[{"href":"https:\/\/wp.unil.ch\/swiss100\/de\/wp-json\/wp\/v2\/media?parent=7991"}],"curies":[{"name":"wp","href":"https:\/\/api.w.org\/{rel}","templated":true}]}}