{"id":7814,"date":"2026-02-10T16:37:26","date_gmt":"2026-02-10T15:37:26","guid":{"rendered":"https:\/\/wp.unil.ch\/swiss100\/geneve\/"},"modified":"2026-04-08T10:47:22","modified_gmt":"2026-04-08T08:47:22","slug":"geneve","status":"publish","type":"page","link":"https:\/\/wp.unil.ch\/swiss100\/de\/geneve\/","title":{"rendered":"genf"},"content":{"rendered":"\n<h3 class=\"wp-block-heading alignwide has-text-align-center\">WELCOME TO YOUR FUTURE: HUNDERTJ\u00c4HRIGE IN DER SCHWEIZ<br>&nbsp;&nbsp;&nbsp;&nbsp;&nbsp;&nbsp;&nbsp;&nbsp;&nbsp;&nbsp;&nbsp;AUSSTELLUNG im Ausstellungsraum der UNIGE<\/h3>\n\n\n\n<figure class=\"wp-block-image alignwide size-full\"><img alt=\"uni carl vogt 20221011 0060\" loading=\"lazy\" decoding=\"async\" width=\"1697\" height=\"1200\" src=\"https:\/\/wp.unil.ch\/swiss100\/files\/2026\/02\/uni_carl-vogt_20221011_0060.jpg\" alt=\"\" class=\"wp-image-7160\" srcset=\"https:\/\/wp.unil.ch\/swiss100\/files\/2026\/02\/uni_carl-vogt_20221011_0060.jpg 1697w, https:\/\/wp.unil.ch\/swiss100\/files\/2026\/02\/uni_carl-vogt_20221011_0060-300x212.jpg 300w, https:\/\/wp.unil.ch\/swiss100\/files\/2026\/02\/uni_carl-vogt_20221011_0060-1024x724.jpg 1024w, https:\/\/wp.unil.ch\/swiss100\/files\/2026\/02\/uni_carl-vogt_20221011_0060-150x106.jpg 150w, https:\/\/wp.unil.ch\/swiss100\/files\/2026\/02\/uni_carl-vogt_20221011_0060-768x543.jpg 768w, https:\/\/wp.unil.ch\/swiss100\/files\/2026\/02\/uni_carl-vogt_20221011_0060-1536x1086.jpg 1536w, https:\/\/wp.unil.ch\/swiss100\/files\/2026\/02\/uni_carl-vogt_20221011_0060-540x382.jpg 540w, https:\/\/wp.unil.ch\/swiss100\/files\/2026\/02\/uni_carl-vogt_20221011_0060-1080x764.jpg 1080w\" sizes=\"auto, (max-width: 1697px) 100vw, 1697px\" \/><\/figure>\n\n\n\n<div class=\"wp-block-group alignwide\"><div class=\"wp-block-group__inner-container is-layout-constrained wp-block-group-is-layout-constrained\">\n<h2 class=\"wp-block-heading\">INFORMATIONEN<\/h2>\n\n\n\n<p><strong>Daten<\/strong>\u00a0: 16. April bis 30. May 2026<\/p>\n\n\n\n<p><strong><strong>Adresse<\/strong><\/strong>&nbsp;:&nbsp;<a href=\"https:\/\/www.google.com\/maps\/place\/Bd+Carl-Vogt+66,+1205+Gen\u00e8ve\/@46.1972915,6.134106,17z\/data=!3m1!4b1!4m6!3m5!1s0x478c7b2b2531115b:0xcb42dafee419f39b!8m2!3d46.1972878!4d6.1366809!16s%2Fg%2F11c29pypjf?entry=ttu&amp;g_ep=EgoyMDI2MDIyMi4wIKXMDSoASAFQAw%3D%3D\">Bd Carl Vogt 66, 1205 Gen\u00e8ve<\/a>, im Ausstellungsraum der UNIGE<\/p>\n\n\n\n<p><strong><strong>\u00d6ffnungszeiten<\/strong><\/strong>&nbsp;: Montag &#8211; Freitag 7:30 bis 19:00, Sonntag 14:00 to 17:00<\/p>\n\n\n\n<h3 class=\"wp-block-heading\">PROGRAMM<\/h3>\n\n\n\n<p><a href=\"https:\/\/docs.google.com\/forms\/d\/e\/1FAIpQLSeeYZnZ17jzXkbnpxgozvnZfHs7nplkP-kgyURwZBbWinDMEg\/viewform?usp=header\">Anmeldung sur Vernissage<\/a> (bei Fragen wenden Sie sich bitte an swiss100@unil.ch)<\/p>\n\n\n\n<details class=\"wp-block-details is-layout-flow wp-block-details-is-layout-flow\"><summary>Vernissage 16.04.2026<\/summary>\n<h6 class=\"wp-block-heading\"><strong>Donnerstag, 16. April 2026, 18:30 Uhr<\/strong><strong><\/strong><\/h6>\n\n\n\n<p><strong>Ein Er\u00f6ffnungsabend, um die Ausstellung zu entdecken und den Dialog \u00fcber Langlebigkeit, den Platz der Hundertj\u00e4hrigen in unserer Gesellschaft und die Erkenntnisse der Forschung in der Schweiz zu er\u00f6ffnen.<\/strong><\/p>\n\n\n\n<p><strong>Begr\u00fcssung<\/strong><strong><\/strong><\/p>\n\n\n\n<p>Dr. Thiago H\u00e9rick de S\u00e1, Verantwortlicher des Programms f\u00fcr altersfreundliche Umgebungen der Weltgesundheitsorganisation (WHO)<br>Pablo Ferreiro, Beauftragter f\u00fcr Langlebigkeitspolitik, Stadt Genf<br>Carlo Santarelli, Generaldirektor von Pro Senectute Genf<\/p>\n\n\n\n<p><strong>Pr\u00e4sentationen<\/strong><br><strong>Gesund altern: Lehren aus dem Leben der Hundertj\u00e4hrigen und aus hundert Jahren Forschung<\/strong><br><em>Prof. Karl-Heinz Krause<br>La Tulipe, Stiftung f\u00fcr medizinische Forschung, Genf<\/em><\/p>\n\n\n\n<p><strong>Ein Jahrhundert leben: Demografie, Gesellschaft und Feierkultur in der Stadt Genf<br><\/strong><em>Pablo Ferreiro<br>Departement f\u00fcr sozialen Zusammenhalt und Solidarit\u00e4t, Stadt Genf<\/em><\/p>\n\n\n\n<p><strong>Hundertj\u00e4hrige in der Schweiz: SWISS100-Studie und Ausstellung<br><\/strong><em>Prof. Daniela JoppInstitut f\u00fcr Psychologie, Universit\u00e4t Lausanne<\/em><\/p>\n\n\n\n<p><strong>Austausch und Diskussion zwischen Fachpersonen und Publikum<\/strong><\/p>\n<\/details>\n\n\n\n<details class=\"wp-block-details is-layout-flow wp-block-details-is-layout-flow\"><summary>Vortragsabend 23.04.2026 \u2013 Biologische Aspekte der Langlebigkeit<\/summary>\n<h6 class=\"wp-block-heading\"><strong>Donnerstag, 23. April 2026, 18:30 Uhr<\/strong><strong><\/strong><\/h6>\n\n\n\n<p><strong>Biologische Aspekte der Langlebigkeit<\/strong><strong><\/strong><\/p>\n\n\n\n<p><em>Abend zu Ehren von Prof. Fran\u00e7ois Herrmann<\/em><\/p>\n\n\n\n<p><strong>Eine Begegnung zu den biologischen Dimensionen aussergew\u00f6hnlicher Langlebigkeit, zum Gesundheitszustand von Hundertj\u00e4hrigen und zu den Mechanismen des Alterns.<\/strong><\/p>\n\n\n\n<p><strong>Pr\u00e4sentationen<\/strong><br><strong>Gesundheit von Hundertj\u00e4hrigen<\/strong><br><em>Dr. Justine Falciola<\/em><br><em>HUG<\/em><\/p>\n\n\n\n<p><strong>Die Analyse des Plasma-Proteoms von Hundertj\u00e4hrigen in der Schweiz bringt Schl\u00fcsselproteine ans Licht, die mit Jugendlichkeit verbunden sind<br><\/strong><em>Dr. Flavien Delhaes<br>UNIGE<\/em><\/p>\n\n\n\n<p><strong>Ein Jahrhundert Leben, ein fitter Geist: Mythos oder Realit\u00e4t?<br><\/strong><em>Prof. Dina Zekry<br>HUG, UNIGE<\/em><\/p>\n\n\n\n<p><strong>Austausch und Diskussion zwischen Fachpersonen und Publikum<\/strong><\/p>\n<\/details>\n\n\n\n<details class=\"wp-block-details is-layout-flow wp-block-details-is-layout-flow\"><summary>Vortragsabend 30.04.2026 \u2013 Pr\u00e4diktoren des kognitiven Alterns<\/summary>\n<h6 class=\"wp-block-heading\"><strong>Donnerstag, 30. April 2026, 18:30 Uhr<\/strong><strong><\/strong><\/h6>\n\n\n\n<p><strong>Pr\u00e4diktoren des kognitiven Alterns<\/strong><strong><\/strong><\/p>\n\n\n\n<p><strong>Dieser Abend beleuchtet soziale, relationale und psychologische Faktoren, die die kognitive Leistungsf\u00e4higkeit im Verlauf des Alters beeinflussen.<\/strong><\/p>\n\n\n\n<p><strong>Pr\u00e4sentationen<\/strong><br><strong>Soziale Isolation, Einsamkeitsgef\u00fchl und kognitive Leistungsf\u00e4higkeit \u00e4lterer Menschen<\/strong><br><em>Dr. Charikleia Lampraki<br>UNIGE \/ UNIL<\/em><\/p>\n\n\n\n<p><strong>Gemeinsam altern: die Rolle von Haustieren f\u00fcr unsere Kognition und unser Wohlbefinden<br><\/strong><em>Adriana Rostekova<br>UNIGE<\/em><\/p>\n\n\n\n<p><strong>Empowerment, um bewusst \u00e4lter zu werden, statt im R\u00fcckspiegel auf das eigene Altern zu blicken und es zu verleugnen<br><\/strong><em>Dr. Hans-Peter Graf<br>Stiftung f\u00fcr die Bildung \u00e4lterer Menschen in Genf<\/em><em><\/em><\/p>\n\n\n\n<p><strong>Austausch und Diskussion zwischen Fachpersonen und Publikum<\/strong><\/p>\n<\/details>\n\n\n\n<details class=\"wp-block-details is-layout-flow wp-block-details-is-layout-flow\"><summary>Vortragsabend 21.05.2026 \u2013 Pflege, Unterst\u00fctzung und Verbleib zu Hause im Alter<\/summary>\n<h6 class=\"wp-block-heading\"><strong>Donnerstag, 21. Mai 2026, 18:30 Uhr<\/strong><strong><\/strong><\/h6>\n\n\n\n<p><strong>Pflege, Unterst\u00fctzung und Verbleib zu Hause im Alter<\/strong><strong><\/strong><\/p>\n\n\n\n<p><strong>Ein Abend zu den Bedingungen, die das Altern zu Hause erm\u00f6glichen, zu Unterst\u00fctzungsbedarfen und zu den Ressourcen, die rund um hochaltrige Menschen mobilisiert werden.<\/strong><\/p>\n\n\n\n<p><strong>Pr\u00e4sentationen<\/strong><br><strong>Pflegesituation bei Hundertj\u00e4hrigen<\/strong><br><em>Prof. Daniela Jopp (UNIL) &amp; Dr. Barbara Masotti (SUPSI)<\/em><\/p>\n\n\n\n<p><strong>Altern zu Hause: Ressourcen mobilisieren<br><\/strong><em>Dr. Catherine Busnel<br>IMAD<\/em><\/p>\n\n\n\n<p><strong>Begleitung zu Hause: Unterst\u00fctzungsdienst f\u00fcr Angeh\u00f6rige<br><\/strong><em>Cornelia Knio<br>Pro Senectute Genf<\/em><\/p>\n\n\n\n<p><strong>Austausch und Diskussion zwischen Fachpersonen und Publikum<\/strong><\/p>\n<\/details>\n\n\n\n<details class=\"wp-block-details is-layout-flow wp-block-details-is-layout-flow\"><summary>Finissage 29.05.2026<\/summary>\n<h6 class=\"wp-block-heading\"><strong>Freitag, 29. Mai 2026, 19:30 Uhr<\/strong><strong><\/strong><\/h6>\n\n\n\n<p><strong>Gesund altern: Pr\u00e4vention und Interventionen<\/strong><strong><\/strong><\/p>\n\n\n\n<p><strong>Zum Abschluss der Ausstellung zeigt dieser Abend konkrete Wege auf, um die k\u00f6rperliche, psychische und kognitive Gesundheit zu erhalten und das eigene Leben im Alter aktiv zu gestalten.<\/strong><\/p>\n\n\n\n<p><strong>Pr\u00e4sentationen<\/strong><br><strong>Was hilft, die psychische und kognitive Gesundheit im Alter zu st\u00e4rken?<\/strong><br><em>Einblick in das Projekt ADVANCE<\/em><br><em>Dr. Melanie Mack<\/em><br><em>UNIGE<\/em><\/p>\n\n\n\n<p><strong>Von der Forschung zur Praxis: Workshops, um das Ged\u00e4chtnis zu pflegen und das eigene Leben aktiv zu gestalten<br><\/strong><em>Dr. Emilie Joly-Burra<br>UNIGE<\/em><\/p>\n\n\n\n<p><strong>Gut altern: Was k\u00f6nnen wir von Hundertj\u00e4hrigen lernen?<br><\/strong><em>Prof. Daniela Jopp &amp; Adar Hoffman<br>UNIL<\/em><\/p>\n\n\n\n<p><strong>Austausch und Diskussion zwischen Fachpersonen und Publikum<\/strong><\/p>\n<\/details>\n\n\n\n<h3 class=\"wp-block-heading alignwide\">INFORMATIONEN F\u00dcR SCHULKLASSEN<\/h3>\n\n\n\n<p>F\u00fchrungen f\u00fcr Sch\u00fclerinnen und Sch\u00fcler der 5P bis 10P<\/p>\n\n\n\n<p>Die Ausstellung l\u00e4dt Schulklassen zu einer&nbsp;<strong>immersiven und interaktiven Erfahrung<\/strong>&nbsp;rund um das Thema Alter ein. Anhand von 28 Fotoportr\u00e4ts, Lebensgeschichten und den Ergebnissen einer umfassenden wissenschaftlichen Studie entdecken die Sch\u00fcler das \u00c4lterwerden aus einer ganz neuen Perspektive \u2013 fernab von g\u00e4ngigen Klischees.<\/p>\n\n\n\n<p>Der Besuch er\u00f6ffnet einen&nbsp;<strong>Raum f\u00fcr den Dialog zwischen den Generationen<\/strong>, regt zur kritischen Reflexion \u00fcber das Vergehen der Zeit an und f\u00f6rdert Empathie, Neugier sowie das Hinterfragen von Altersstereotypen.<\/p>\n\n\n\n<p>Sind Sie an einer F\u00fchrung f\u00fcr Ihre Klasse interessiert? : <a href=\"https:\/\/forms.gle\/5oVGA3TViDUNcAdY6\">Anmeldung f\u00fcr Schulklassen<\/a><\/p>\n<\/div><\/div>\n\n\n\n<p><\/p>\n","protected":false},"excerpt":{"rendered":"<p>WELCOME TO YOUR FUTURE: HUNDERTJ\u00c4HRIGE IN DER SCHWEIZ&nbsp;&nbsp;&nbsp;&nbsp;&nbsp;&nbsp;&nbsp;&nbsp;&nbsp;&nbsp;&nbsp;AUSSTELLUNG im Ausstellungsraum der UNIGE INFORMATIONEN Daten\u00a0: 16. April bis 30. May 2026 Adresse&nbsp;:&nbsp;Bd Carl Vogt 66, 1205 Gen\u00e8ve, im Ausstellungsraum&hellip;<\/p>\n","protected":false},"author":1003048,"featured_media":0,"parent":0,"menu_order":0,"comment_status":"closed","ping_status":"closed","template":"","meta":{"_seopress_robots_primary_cat":"","_seopress_titles_title":"","_seopress_titles_desc":"","_seopress_robots_index":"","footnotes":""},"class_list":["post-7814","page","type-page","status-publish","has-post-thumbnail"],"_links":{"self":[{"href":"https:\/\/wp.unil.ch\/swiss100\/de\/wp-json\/wp\/v2\/pages\/7814","targetHints":{"allow":["GET"]}}],"collection":[{"href":"https:\/\/wp.unil.ch\/swiss100\/de\/wp-json\/wp\/v2\/pages"}],"about":[{"href":"https:\/\/wp.unil.ch\/swiss100\/de\/wp-json\/wp\/v2\/types\/page"}],"author":[{"embeddable":true,"href":"https:\/\/wp.unil.ch\/swiss100\/de\/wp-json\/wp\/v2\/users\/1003048"}],"replies":[{"embeddable":true,"href":"https:\/\/wp.unil.ch\/swiss100\/de\/wp-json\/wp\/v2\/comments?post=7814"}],"version-history":[{"count":5,"href":"https:\/\/wp.unil.ch\/swiss100\/de\/wp-json\/wp\/v2\/pages\/7814\/revisions"}],"predecessor-version":[{"id":7964,"href":"https:\/\/wp.unil.ch\/swiss100\/de\/wp-json\/wp\/v2\/pages\/7814\/revisions\/7964"}],"wp:attachment":[{"href":"https:\/\/wp.unil.ch\/swiss100\/de\/wp-json\/wp\/v2\/media?parent=7814"}],"curies":[{"name":"wp","href":"https:\/\/api.w.org\/{rel}","templated":true}]}}