{"id":6918,"date":"2026-01-20T14:17:58","date_gmt":"2026-01-20T13:17:58","guid":{"rendered":"https:\/\/wp.unil.ch\/swiss100\/zurich\/"},"modified":"2026-03-27T14:47:49","modified_gmt":"2026-03-27T13:47:49","slug":"zurich","status":"publish","type":"page","link":"https:\/\/wp.unil.ch\/swiss100\/de\/zurich\/","title":{"rendered":"Z\u00fcrich"},"content":{"rendered":"\n<h3 class=\"wp-block-heading alignfull has-text-align-center\">Welcome to your future: Hundertj\u00e4hrige in der Schweiz<br>&nbsp;&nbsp;&nbsp;&nbsp;&nbsp;&nbsp;&nbsp;&nbsp;&nbsp;&nbsp;&nbsp;Ausstellung im Wasserkirche<\/h3>\n\n\n\n<figure class=\"wp-block-image alignwide size-large\"><img alt=\"\" loading=\"lazy\" decoding=\"async\" width=\"1024\" height=\"708\" src=\"https:\/\/wp.unil.ch\/swiss100\/files\/2026\/01\/wasserkirche-1024x708.jpg\" alt=\"\" class=\"wp-image-6909\" srcset=\"https:\/\/wp.unil.ch\/swiss100\/files\/2026\/01\/wasserkirche-1024x708.jpg 1024w, https:\/\/wp.unil.ch\/swiss100\/files\/2026\/01\/wasserkirche-300x207.jpg 300w, https:\/\/wp.unil.ch\/swiss100\/files\/2026\/01\/wasserkirche-150x104.jpg 150w, https:\/\/wp.unil.ch\/swiss100\/files\/2026\/01\/wasserkirche-768x531.jpg 768w, https:\/\/wp.unil.ch\/swiss100\/files\/2026\/01\/wasserkirche-1536x1062.jpg 1536w, https:\/\/wp.unil.ch\/swiss100\/files\/2026\/01\/wasserkirche-540x373.jpg 540w, https:\/\/wp.unil.ch\/swiss100\/files\/2026\/01\/wasserkirche-1080x747.jpg 1080w, https:\/\/wp.unil.ch\/swiss100\/files\/2026\/01\/wasserkirche-1980x1369.jpg 1980w, https:\/\/wp.unil.ch\/swiss100\/files\/2026\/01\/wasserkirche.jpg 2048w\" sizes=\"auto, (max-width: 1024px) 100vw, 1024px\" \/><\/figure>\n\n\n\n<div class=\"wp-block-columns alignwide is-layout-flex wp-container-core-columns-is-layout-9d6595d7 wp-block-columns-is-layout-flex\">\n<div class=\"wp-block-column is-layout-flow wp-block-column-is-layout-flow\">\n<h3 class=\"wp-block-heading\">Informationen<\/h3>\n\n\n\n<div class=\"wp-block-columns is-layout-flex wp-container-core-columns-is-layout-9d6595d7 wp-block-columns-is-layout-flex\">\n<div class=\"wp-block-column is-layout-flow wp-block-column-is-layout-flow\">\n<p class=\"has-text-align-left\"><strong><strong>Date<\/strong>n<\/strong> : 12. M\u00e4rz bis 12. April 2026<\/p>\n\n\n\n<p class=\"has-text-align-left\"><strong><strong>Adresse<\/strong><\/strong> : <a href=\"https:\/\/maps.app.goo.gl\/kAUNgeWQR3MzmRCPA\">Limmatquai 31, 8001 Z\u00fcrich<\/a><\/p>\n\n\n\n<p><strong><strong>\u00d6ffnungszeiten<\/strong><\/strong> : 12-17 Uhr (Di-So)<\/p>\n\n\n\n<div class=\"wp-block-columns is-layout-flex wp-container-core-columns-is-layout-9d6595d7 wp-block-columns-is-layout-flex\">\n<div class=\"wp-block-column is-layout-flow wp-block-column-is-layout-flow\">\n<figure class=\"wp-block-image size-large\"><img alt=\"\" loading=\"lazy\" decoding=\"async\" width=\"768\" height=\"1024\" src=\"https:\/\/wp.unil.ch\/swiss100\/files\/2026\/03\/z1-768x1024.jpg\" alt=\"\" class=\"wp-image-7702\" srcset=\"https:\/\/wp.unil.ch\/swiss100\/files\/2026\/03\/z1-768x1024.jpg 768w, https:\/\/wp.unil.ch\/swiss100\/files\/2026\/03\/z1-225x300.jpg 225w, https:\/\/wp.unil.ch\/swiss100\/files\/2026\/03\/z1-113x150.jpg 113w, https:\/\/wp.unil.ch\/swiss100\/files\/2026\/03\/z1-540x720.jpg 540w, https:\/\/wp.unil.ch\/swiss100\/files\/2026\/03\/z1.jpg 900w\" sizes=\"auto, (max-width: 768px) 100vw, 768px\" \/><\/figure>\n\n\n\n<figure class=\"wp-block-image size-large\"><img alt=\"\" loading=\"lazy\" decoding=\"async\" width=\"1024\" height=\"768\" src=\"https:\/\/wp.unil.ch\/swiss100\/files\/2026\/03\/z5-1024x768.jpg\" alt=\"\" class=\"wp-image-7714\" srcset=\"https:\/\/wp.unil.ch\/swiss100\/files\/2026\/03\/z5-1024x768.jpg 1024w, https:\/\/wp.unil.ch\/swiss100\/files\/2026\/03\/z5-300x225.jpg 300w, https:\/\/wp.unil.ch\/swiss100\/files\/2026\/03\/z5-150x113.jpg 150w, https:\/\/wp.unil.ch\/swiss100\/files\/2026\/03\/z5-768x576.jpg 768w, https:\/\/wp.unil.ch\/swiss100\/files\/2026\/03\/z5-1536x1152.jpg 1536w, https:\/\/wp.unil.ch\/swiss100\/files\/2026\/03\/z5-540x405.jpg 540w, https:\/\/wp.unil.ch\/swiss100\/files\/2026\/03\/z5-1080x810.jpg 1080w, https:\/\/wp.unil.ch\/swiss100\/files\/2026\/03\/z5.jpg 1600w\" sizes=\"auto, (max-width: 1024px) 100vw, 1024px\" \/><\/figure>\n\n\n\n<figure class=\"wp-block-image size-large\"><img alt=\"\" loading=\"lazy\" decoding=\"async\" width=\"1024\" height=\"768\" src=\"https:\/\/wp.unil.ch\/swiss100\/files\/2026\/03\/z10-1024x768.jpg\" alt=\"\" class=\"wp-image-7726\" srcset=\"https:\/\/wp.unil.ch\/swiss100\/files\/2026\/03\/z10-1024x768.jpg 1024w, https:\/\/wp.unil.ch\/swiss100\/files\/2026\/03\/z10-300x225.jpg 300w, https:\/\/wp.unil.ch\/swiss100\/files\/2026\/03\/z10-150x113.jpg 150w, https:\/\/wp.unil.ch\/swiss100\/files\/2026\/03\/z10-768x576.jpg 768w, https:\/\/wp.unil.ch\/swiss100\/files\/2026\/03\/z10-1536x1152.jpg 1536w, https:\/\/wp.unil.ch\/swiss100\/files\/2026\/03\/z10-540x405.jpg 540w, https:\/\/wp.unil.ch\/swiss100\/files\/2026\/03\/z10-1080x810.jpg 1080w, https:\/\/wp.unil.ch\/swiss100\/files\/2026\/03\/z10.jpg 1600w\" sizes=\"auto, (max-width: 1024px) 100vw, 1024px\" \/><\/figure>\n<\/div>\n\n\n\n<div class=\"wp-block-column is-layout-flow wp-block-column-is-layout-flow\">\n<figure class=\"wp-block-image size-large\"><img alt=\"\" loading=\"lazy\" decoding=\"async\" width=\"768\" height=\"1024\" src=\"https:\/\/wp.unil.ch\/swiss100\/files\/2026\/03\/z2-768x1024.jpg\" alt=\"\" class=\"wp-image-7706\" srcset=\"https:\/\/wp.unil.ch\/swiss100\/files\/2026\/03\/z2-768x1024.jpg 768w, https:\/\/wp.unil.ch\/swiss100\/files\/2026\/03\/z2-225x300.jpg 225w, https:\/\/wp.unil.ch\/swiss100\/files\/2026\/03\/z2-113x150.jpg 113w, https:\/\/wp.unil.ch\/swiss100\/files\/2026\/03\/z2-540x720.jpg 540w, https:\/\/wp.unil.ch\/swiss100\/files\/2026\/03\/z2.jpg 900w\" sizes=\"auto, (max-width: 768px) 100vw, 768px\" \/><\/figure>\n\n\n\n<figure class=\"wp-block-image size-large\"><img alt=\"\" loading=\"lazy\" decoding=\"async\" width=\"1024\" height=\"768\" src=\"https:\/\/wp.unil.ch\/swiss100\/files\/2026\/03\/z6-1024x768.jpg\" alt=\"\" class=\"wp-image-7718\" srcset=\"https:\/\/wp.unil.ch\/swiss100\/files\/2026\/03\/z6-1024x768.jpg 1024w, https:\/\/wp.unil.ch\/swiss100\/files\/2026\/03\/z6-300x225.jpg 300w, https:\/\/wp.unil.ch\/swiss100\/files\/2026\/03\/z6-150x113.jpg 150w, https:\/\/wp.unil.ch\/swiss100\/files\/2026\/03\/z6-768x576.jpg 768w, https:\/\/wp.unil.ch\/swiss100\/files\/2026\/03\/z6-1536x1152.jpg 1536w, https:\/\/wp.unil.ch\/swiss100\/files\/2026\/03\/z6-540x405.jpg 540w, https:\/\/wp.unil.ch\/swiss100\/files\/2026\/03\/z6-1080x810.jpg 1080w, https:\/\/wp.unil.ch\/swiss100\/files\/2026\/03\/z6.jpg 1600w\" sizes=\"auto, (max-width: 1024px) 100vw, 1024px\" \/><\/figure>\n\n\n\n<figure class=\"wp-block-image size-large\"><img alt=\"\" loading=\"lazy\" decoding=\"async\" width=\"1024\" height=\"768\" src=\"https:\/\/wp.unil.ch\/swiss100\/files\/2026\/03\/z9-1024x768.jpg\" alt=\"\" class=\"wp-image-7730\" srcset=\"https:\/\/wp.unil.ch\/swiss100\/files\/2026\/03\/z9-1024x768.jpg 1024w, https:\/\/wp.unil.ch\/swiss100\/files\/2026\/03\/z9-300x225.jpg 300w, https:\/\/wp.unil.ch\/swiss100\/files\/2026\/03\/z9-150x113.jpg 150w, https:\/\/wp.unil.ch\/swiss100\/files\/2026\/03\/z9-768x576.jpg 768w, https:\/\/wp.unil.ch\/swiss100\/files\/2026\/03\/z9-540x405.jpg 540w, https:\/\/wp.unil.ch\/swiss100\/files\/2026\/03\/z9-1080x810.jpg 1080w, https:\/\/wp.unil.ch\/swiss100\/files\/2026\/03\/z9.jpg 1365w\" sizes=\"auto, (max-width: 1024px) 100vw, 1024px\" \/><\/figure>\n<\/div>\n\n\n\n<div class=\"wp-block-column is-layout-flow wp-block-column-is-layout-flow\">\n<figure class=\"wp-block-image size-large\"><img alt=\"\" loading=\"lazy\" decoding=\"async\" width=\"768\" height=\"1024\" src=\"https:\/\/wp.unil.ch\/swiss100\/files\/2026\/03\/z3-768x1024.jpg\" alt=\"\" class=\"wp-image-7710\" srcset=\"https:\/\/wp.unil.ch\/swiss100\/files\/2026\/03\/z3-768x1024.jpg 768w, https:\/\/wp.unil.ch\/swiss100\/files\/2026\/03\/z3-225x300.jpg 225w, https:\/\/wp.unil.ch\/swiss100\/files\/2026\/03\/z3-113x150.jpg 113w, https:\/\/wp.unil.ch\/swiss100\/files\/2026\/03\/z3-540x720.jpg 540w, https:\/\/wp.unil.ch\/swiss100\/files\/2026\/03\/z3.jpg 900w\" sizes=\"auto, (max-width: 768px) 100vw, 768px\" \/><\/figure>\n\n\n\n<figure class=\"wp-block-image size-large\"><img alt=\"\" loading=\"lazy\" decoding=\"async\" width=\"1024\" height=\"768\" src=\"https:\/\/wp.unil.ch\/swiss100\/files\/2026\/03\/z8-1024x768.jpg\" alt=\"\" class=\"wp-image-7722\" srcset=\"https:\/\/wp.unil.ch\/swiss100\/files\/2026\/03\/z8-1024x768.jpg 1024w, https:\/\/wp.unil.ch\/swiss100\/files\/2026\/03\/z8-300x225.jpg 300w, https:\/\/wp.unil.ch\/swiss100\/files\/2026\/03\/z8-150x113.jpg 150w, https:\/\/wp.unil.ch\/swiss100\/files\/2026\/03\/z8-768x576.jpg 768w, https:\/\/wp.unil.ch\/swiss100\/files\/2026\/03\/z8-1536x1152.jpg 1536w, https:\/\/wp.unil.ch\/swiss100\/files\/2026\/03\/z8-540x405.jpg 540w, https:\/\/wp.unil.ch\/swiss100\/files\/2026\/03\/z8-1080x810.jpg 1080w, https:\/\/wp.unil.ch\/swiss100\/files\/2026\/03\/z8.jpg 1600w\" sizes=\"auto, (max-width: 1024px) 100vw, 1024px\" \/><\/figure>\n\n\n\n<figure class=\"wp-block-image size-large\"><img alt=\"\" loading=\"lazy\" decoding=\"async\" width=\"1024\" height=\"768\" src=\"https:\/\/wp.unil.ch\/swiss100\/files\/2026\/03\/z4-1024x768.jpg\" alt=\"\" class=\"wp-image-7734\" srcset=\"https:\/\/wp.unil.ch\/swiss100\/files\/2026\/03\/z4-1024x768.jpg 1024w, https:\/\/wp.unil.ch\/swiss100\/files\/2026\/03\/z4-300x225.jpg 300w, https:\/\/wp.unil.ch\/swiss100\/files\/2026\/03\/z4-150x113.jpg 150w, https:\/\/wp.unil.ch\/swiss100\/files\/2026\/03\/z4-768x576.jpg 768w, https:\/\/wp.unil.ch\/swiss100\/files\/2026\/03\/z4-1536x1152.jpg 1536w, https:\/\/wp.unil.ch\/swiss100\/files\/2026\/03\/z4-540x405.jpg 540w, https:\/\/wp.unil.ch\/swiss100\/files\/2026\/03\/z4-1080x810.jpg 1080w, https:\/\/wp.unil.ch\/swiss100\/files\/2026\/03\/z4.jpg 1600w\" sizes=\"auto, (max-width: 1024px) 100vw, 1024px\" \/><\/figure>\n<\/div>\n<\/div>\n<\/div>\n<\/div>\n<\/div>\n<\/div>\n\n\n\n<div class=\"wp-block-columns is-layout-flex wp-container-core-columns-is-layout-9d6595d7 wp-block-columns-is-layout-flex\">\n<div class=\"wp-block-column is-layout-flow wp-block-column-is-layout-flow\"><\/div>\n<\/div>\n\n\n\n<div class=\"wp-block-columns alignwide is-layout-flex wp-container-core-columns-is-layout-9d6595d7 wp-block-columns-is-layout-flex\">\n<div class=\"wp-block-column is-layout-flow wp-block-column-is-layout-flow\">\n<h3 class=\"wp-block-heading\">f\u00fchrungen zur ausstellung<\/h3>\n\n\n\n<p>Wir bieten F\u00fchrungen zu folgenden Terminen an:<\/p>\n\n\n\n<p>-07.04.2026: 14:00<\/p>\n\n\n\n<p>-08.04.2026: 14:00<\/p>\n\n\n\n<p>-09.04.2026: 14:00<\/p>\n\n\n\n<p>-10.04.2026: 14:00<\/p>\n\n\n\n<p>Treffpunkt: Eingangsbereich, Vorplatz Helmhaus.<\/p>\n\n\n\n<div class=\"wp-block-columns is-layout-flex wp-container-core-columns-is-layout-9d6595d7 wp-block-columns-is-layout-flex\"><\/div>\n<\/div>\n<\/div>\n\n\n\n<div class=\"wp-block-columns alignwide is-layout-flex wp-container-core-columns-is-layout-9d6595d7 wp-block-columns-is-layout-flex\">\n<div class=\"wp-block-column is-vertically-aligned-center is-layout-flow wp-block-column-is-layout-flow\">\n<h3 class=\"wp-block-heading\">Informationen f\u00fcr schulklassen<\/h3>\n\n\n\n<p>F\u00fchrungen f\u00fcr Sch\u00fcler.innen der 5. bis 10. Klasse.<\/p>\n\n\n\n<p>Vorgeschlagene Zeiten f\u00fcr Klassenbesuche sind &#8211; bitte schreiben Sie uns via Kontaktformular oder per Email; andere Zeiten nach spezieller Vereinbarung:<\/p>\n\n\n\n<p>-07.04.2026: 11:00<\/p>\n\n\n\n<p>-08.04.2026: 11:00<\/p>\n\n\n\n<p>-09.04.2026: 11:00<\/p>\n\n\n\n<p>-10.04.2026: 11:00<\/p>\n\n\n\n<p><a href=\"https:\/\/docs.google.com\/forms\/d\/e\/1FAIpQLSdmiRa_CaWE9eVw01wZC5y2F5lglIbND9_YfRYooZXyBgrA2g\/viewform?usp=header\">Anmeldung f\u00fcr Klasse<\/a> (Bei Fragen kontaktieren Sie uns bitte unter swiss100@unil.ch)<\/p>\n\n\n\n<h2 class=\"wp-block-heading\">Program<\/h2>\n\n\n\n<div class=\"wp-block-columns is-layout-flex wp-container-core-columns-is-layout-9d6595d7 wp-block-columns-is-layout-flex\">\n<div class=\"wp-block-column is-layout-flow wp-block-column-is-layout-flow\">\n<div class=\"wp-block-columns is-layout-flex wp-container-core-columns-is-layout-9d6595d7 wp-block-columns-is-layout-flex\">\n<div class=\"wp-block-column is-vertically-aligned-top is-layout-flow wp-block-column-is-layout-flow\">\n<div class=\"wp-block-columns is-layout-flex wp-container-core-columns-is-layout-9d6595d7 wp-block-columns-is-layout-flex\">\n<div class=\"wp-block-column is-layout-flow wp-block-column-is-layout-flow\">\n<details class=\"wp-block-details is-layout-flow wp-block-details-is-layout-flow\"><summary><strong>Vernissage, 12.03.2026<\/strong><\/summary>\n<h6 class=\"wp-block-heading\"><strong>Die Rolle der Kunst f\u00fcr Lebensqualit\u00e4t im Alter<\/strong><\/h6>\n\n\n\n<p>1<strong>8:00&nbsp;&nbsp;&nbsp;Grussworte<\/strong><\/p>\n\n\n\n<p><strong>Kurzvortr\u00e4ge<\/strong><\/p>\n\n\n\n<p>Prof. Dr. Daniela Jopp, Universit\u00e9 de Lausanne:&nbsp;<br>SWISS 100 \u2013 Einf\u00fchrung zur ersten nationale Hundertj\u00e4hrigenstudie in der Schweiz sowie zur Ausstellung<\/p>\n\n\n\n<p>Karin Frei Rappenecker, Stadt Winterthur<br>Artists in Residence \u2013 Kunst als Mittel f\u00fcr den Erhalt von Lebensqualit\u00e4t im Alter<\/p>\n\n\n\n<p>Prof. Bitten Stetter, Z\u00fcrcher Hochschule der K\u00fcnste<br>Design f\u00fcr das Lebensende \u2013 Das Beispiel von \u00abfinally\u00bb und Lebensperlen<\/p>\n\n\n\n<p><strong>19:00&nbsp;&nbsp;&nbsp;Ap\u00e9ro und Austausch zwischen Expert:innen und Publikum<\/strong><\/p>\n\n\n\n<div class=\"wp-block-columns is-layout-flex wp-container-core-columns-is-layout-9d6595d7 wp-block-columns-is-layout-flex\">\n<div class=\"wp-block-column is-layout-flow wp-block-column-is-layout-flow\">\n<figure class=\"wp-block-image size-large\"><img alt=\"\" loading=\"lazy\" decoding=\"async\" width=\"768\" height=\"1024\" src=\"https:\/\/wp.unil.ch\/swiss100\/files\/2026\/03\/tempimagejjh0pe-768x1024.jpg\" alt=\"\" class=\"wp-image-7743\" srcset=\"https:\/\/wp.unil.ch\/swiss100\/files\/2026\/03\/tempimagejjh0pe-768x1024.jpg 768w, https:\/\/wp.unil.ch\/swiss100\/files\/2026\/03\/tempimagejjh0pe-225x300.jpg 225w, https:\/\/wp.unil.ch\/swiss100\/files\/2026\/03\/tempimagejjh0pe-113x150.jpg 113w, https:\/\/wp.unil.ch\/swiss100\/files\/2026\/03\/tempimagejjh0pe-540x720.jpg 540w, https:\/\/wp.unil.ch\/swiss100\/files\/2026\/03\/tempimagejjh0pe.jpg 900w\" sizes=\"auto, (max-width: 768px) 100vw, 768px\" \/><\/figure>\n\n\n\n<figure class=\"wp-block-image size-large\"><img alt=\"\" loading=\"lazy\" decoding=\"async\" width=\"1600\" height=\"1067\" src=\"https:\/\/wp.unil.ch\/swiss100\/files\/2026\/03\/tempimageztwpu5-edited.jpg\" alt=\"\" class=\"wp-image-7776\" srcset=\"https:\/\/wp.unil.ch\/swiss100\/files\/2026\/03\/tempimageztwpu5-edited.jpg 1600w, https:\/\/wp.unil.ch\/swiss100\/files\/2026\/03\/tempimageztwpu5-edited-300x200.jpg 300w, https:\/\/wp.unil.ch\/swiss100\/files\/2026\/03\/tempimageztwpu5-edited-1024x683.jpg 1024w, https:\/\/wp.unil.ch\/swiss100\/files\/2026\/03\/tempimageztwpu5-edited-150x100.jpg 150w, https:\/\/wp.unil.ch\/swiss100\/files\/2026\/03\/tempimageztwpu5-edited-768x512.jpg 768w, https:\/\/wp.unil.ch\/swiss100\/files\/2026\/03\/tempimageztwpu5-edited-1536x1024.jpg 1536w, https:\/\/wp.unil.ch\/swiss100\/files\/2026\/03\/tempimageztwpu5-edited-540x360.jpg 540w, https:\/\/wp.unil.ch\/swiss100\/files\/2026\/03\/tempimageztwpu5-edited-1080x720.jpg 1080w\" sizes=\"auto, (max-width: 1600px) 100vw, 1600px\" \/><\/figure>\n<\/div>\n\n\n\n<div class=\"wp-block-column is-layout-flow wp-block-column-is-layout-flow\">\n<figure class=\"wp-block-image size-large\"><img alt=\"\" loading=\"lazy\" decoding=\"async\" width=\"768\" height=\"1024\" src=\"https:\/\/wp.unil.ch\/swiss100\/files\/2026\/03\/tempimage2geadw-768x1024.jpg\" alt=\"\" class=\"wp-image-7747\" srcset=\"https:\/\/wp.unil.ch\/swiss100\/files\/2026\/03\/tempimage2geadw-768x1024.jpg 768w, https:\/\/wp.unil.ch\/swiss100\/files\/2026\/03\/tempimage2geadw-225x300.jpg 225w, https:\/\/wp.unil.ch\/swiss100\/files\/2026\/03\/tempimage2geadw-113x150.jpg 113w, https:\/\/wp.unil.ch\/swiss100\/files\/2026\/03\/tempimage2geadw-540x720.jpg 540w, https:\/\/wp.unil.ch\/swiss100\/files\/2026\/03\/tempimage2geadw.jpg 900w\" sizes=\"auto, (max-width: 768px) 100vw, 768px\" \/><\/figure>\n\n\n\n<figure class=\"wp-block-image size-large\"><img alt=\"\" loading=\"lazy\" decoding=\"async\" width=\"1600\" height=\"1067\" src=\"https:\/\/wp.unil.ch\/swiss100\/files\/2026\/03\/v5-edited.jpeg\" alt=\"\" class=\"wp-image-7768\" srcset=\"https:\/\/wp.unil.ch\/swiss100\/files\/2026\/03\/v5-edited.jpeg 1600w, https:\/\/wp.unil.ch\/swiss100\/files\/2026\/03\/v5-edited-300x200.jpeg 300w, https:\/\/wp.unil.ch\/swiss100\/files\/2026\/03\/v5-edited-1024x683.jpeg 1024w, https:\/\/wp.unil.ch\/swiss100\/files\/2026\/03\/v5-edited-150x100.jpeg 150w, https:\/\/wp.unil.ch\/swiss100\/files\/2026\/03\/v5-edited-768x512.jpeg 768w, https:\/\/wp.unil.ch\/swiss100\/files\/2026\/03\/v5-edited-1536x1024.jpeg 1536w, https:\/\/wp.unil.ch\/swiss100\/files\/2026\/03\/v5-edited-540x360.jpeg 540w, https:\/\/wp.unil.ch\/swiss100\/files\/2026\/03\/v5-edited-1080x720.jpeg 1080w\" sizes=\"auto, (max-width: 1600px) 100vw, 1600px\" \/><\/figure>\n<\/div>\n\n\n\n<div class=\"wp-block-column is-layout-flow wp-block-column-is-layout-flow\">\n<figure class=\"wp-block-image size-large\"><img alt=\"\" loading=\"lazy\" decoding=\"async\" width=\"768\" height=\"1024\" src=\"https:\/\/wp.unil.ch\/swiss100\/files\/2026\/03\/v3-768x1024.jpeg\" alt=\"\" class=\"wp-image-7751\" srcset=\"https:\/\/wp.unil.ch\/swiss100\/files\/2026\/03\/v3-768x1024.jpeg 768w, https:\/\/wp.unil.ch\/swiss100\/files\/2026\/03\/v3-225x300.jpeg 225w, https:\/\/wp.unil.ch\/swiss100\/files\/2026\/03\/v3-113x150.jpeg 113w, https:\/\/wp.unil.ch\/swiss100\/files\/2026\/03\/v3-540x720.jpeg 540w, https:\/\/wp.unil.ch\/swiss100\/files\/2026\/03\/v3.jpeg 900w\" sizes=\"auto, (max-width: 768px) 100vw, 768px\" \/><\/figure>\n\n\n\n<figure class=\"wp-block-image size-large\"><img alt=\"\" loading=\"lazy\" decoding=\"async\" width=\"1535\" height=\"1024\" src=\"https:\/\/wp.unil.ch\/swiss100\/files\/2026\/03\/v4-edited.jpeg\" alt=\"\" class=\"wp-image-7772\" srcset=\"https:\/\/wp.unil.ch\/swiss100\/files\/2026\/03\/v4-edited.jpeg 1535w, https:\/\/wp.unil.ch\/swiss100\/files\/2026\/03\/v4-edited-300x200.jpeg 300w, https:\/\/wp.unil.ch\/swiss100\/files\/2026\/03\/v4-edited-1024x683.jpeg 1024w, https:\/\/wp.unil.ch\/swiss100\/files\/2026\/03\/v4-edited-150x100.jpeg 150w, https:\/\/wp.unil.ch\/swiss100\/files\/2026\/03\/v4-edited-768x512.jpeg 768w, https:\/\/wp.unil.ch\/swiss100\/files\/2026\/03\/v4-edited-540x360.jpeg 540w, https:\/\/wp.unil.ch\/swiss100\/files\/2026\/03\/v4-edited-1080x720.jpeg 1080w\" sizes=\"auto, (max-width: 1535px) 100vw, 1535px\" \/><\/figure>\n<\/div>\n<\/div>\n<\/details>\n\n\n\n<details class=\"wp-block-details is-layout-flow wp-block-details-is-layout-flow\"><summary><strong>Vortragabend, 26.03.2026<\/strong><\/summary>\n<h6 class=\"wp-block-heading\"><strong>Die Vielfalt des Alterns<\/strong><\/h6>\n\n\n\n<p><strong>18:00&nbsp;&nbsp;&nbsp;Kurzvortr\u00e4ge<\/strong><\/p>\n\n\n\n<p>Dr. Burcu Demiray, Universit\u00e4t Z\u00fcrich<br>Jedes Alter z\u00e4hlt<\/p>\n\n\n\n<p>Bernadette Zierl, Universit\u00e4t Z\u00fcrich<br>Das Schweizer&nbsp;LGBTIQ+ Panel \u2013 Wie geht es \u00e4lteren Queers?<\/p>\n\n\n\n<p>Barbara Bosshard, queer Altern Z\u00fcrich<br>queerAltern Z\u00fcrich \u2013 st\u00e4rkend, verbindend durchs queere Alter<\/p>\n\n\n\n<p>Hugo Zimmermann, Initiative queer key<br>Queersensible Pflege und Betreuung \u2013 Initiative queer key<\/p>\n\n\n\n<p><strong>19:00&nbsp;&nbsp;&nbsp;Austausch zwischen Expert:innen und Publikum<\/strong><\/p>\n<\/details>\n\n\n\n<details class=\"wp-block-details is-layout-flow wp-block-details-is-layout-flow\"><summary><strong>Finissage, 12.04.2026<\/strong><\/summary>\n<h6 class=\"wp-block-heading\"><strong>Aktiv bis ins hohe Alter<\/strong><\/h6>\n\n\n\n<p><strong>16:00&nbsp;&nbsp;&nbsp;Kurzvortr\u00e4ge<\/strong><\/p>\n\n\n\n<p>Prof. Daniela Jopp, Universit\u00e4t Lausanne<br>Ein aktives Leben mit 100 Jahre? Ergebnisse der SWISS100 Studie<\/p>\n\n\n\n<p>Melanie Stahlmann, Universit\u00e4t Lausanne &amp; Z\u00fcrich<br>Wie verbringen Hundertj\u00e4hrige ihre Zeit? Befunde von SWISS100<\/p>\n\n\n\n<p>V\u00e9ronique Tischhauser-Ducrot,&nbsp;Pro Senectute Kanton Z\u00fcrich<br>Aktiv und vernetzt bis 100 \u2013 Angebote f\u00fcr ein gesundes \u00e4lter werden<\/p>\n\n\n\n<p>Ruth Mettler Ernst, Nationalen Kompetenzzentrums Alter ohne Gewalt<br>Wenn die Zahl der Hundertj\u00e4hrigen steigt: Herausforderungen f\u00fcr den Schutz vor Gewalt und Diskriminierung<\/p>\n\n\n\n<p><strong>17:00&nbsp;&nbsp;&nbsp;Austausch zwischen Expert:innen und Publikum<\/strong><\/p>\n<\/details>\n<\/div>\n<\/div>\n<\/div>\n<\/div>\n<\/div>\n<\/div>\n<\/div>\n<\/div>\n","protected":false},"excerpt":{"rendered":"<p>Welcome to your future: Hundertj\u00e4hrige in der Schweiz&nbsp;&nbsp;&nbsp;&nbsp;&nbsp;&nbsp;&nbsp;&nbsp;&nbsp;&nbsp;&nbsp;Ausstellung im Wasserkirche Informationen Daten : 12. M\u00e4rz bis 12. April 2026 Adresse : Limmatquai 31, 8001 Z\u00fcrich \u00d6ffnungszeiten : 12-17&hellip;<\/p>\n","protected":false},"author":1003048,"featured_media":0,"parent":0,"menu_order":0,"comment_status":"closed","ping_status":"closed","template":"","meta":{"_seopress_robots_primary_cat":"","_seopress_titles_title":"","_seopress_titles_desc":"","_seopress_robots_index":"","footnotes":""},"class_list":["post-6918","page","type-page","status-publish","has-post-thumbnail"],"_links":{"self":[{"href":"https:\/\/wp.unil.ch\/swiss100\/de\/wp-json\/wp\/v2\/pages\/6918","targetHints":{"allow":["GET"]}}],"collection":[{"href":"https:\/\/wp.unil.ch\/swiss100\/de\/wp-json\/wp\/v2\/pages"}],"about":[{"href":"https:\/\/wp.unil.ch\/swiss100\/de\/wp-json\/wp\/v2\/types\/page"}],"author":[{"embeddable":true,"href":"https:\/\/wp.unil.ch\/swiss100\/de\/wp-json\/wp\/v2\/users\/1003048"}],"replies":[{"embeddable":true,"href":"https:\/\/wp.unil.ch\/swiss100\/de\/wp-json\/wp\/v2\/comments?post=6918"}],"version-history":[{"count":4,"href":"https:\/\/wp.unil.ch\/swiss100\/de\/wp-json\/wp\/v2\/pages\/6918\/revisions"}],"predecessor-version":[{"id":7793,"href":"https:\/\/wp.unil.ch\/swiss100\/de\/wp-json\/wp\/v2\/pages\/6918\/revisions\/7793"}],"wp:attachment":[{"href":"https:\/\/wp.unil.ch\/swiss100\/de\/wp-json\/wp\/v2\/media?parent=6918"}],"curies":[{"name":"wp","href":"https:\/\/api.w.org\/{rel}","templated":true}]}}