{"id":6323,"date":"2025-12-22T16:34:14","date_gmt":"2025-12-22T15:34:14","guid":{"rendered":"https:\/\/wp.unil.ch\/swiss100\/?page_id=6323"},"modified":"2026-03-10T16:17:11","modified_gmt":"2026-03-10T15:17:11","slug":"gerhart-wagner","status":"publish","type":"page","link":"https:\/\/wp.unil.ch\/swiss100\/de\/gerhart-wagner\/","title":{"rendered":"Gerhart Wagner"},"content":{"rendered":"\n<div class=\"wp-block-columns alignwide is-layout-flex wp-container-core-columns-is-layout-9d6595d7 wp-block-columns-is-layout-flex\">\n<div class=\"wp-block-column is-layout-flow wp-block-column-is-layout-flow\">\n<h4 class=\"wp-block-heading has-text-align-center\"><strong>\u201eErstens: t\u00e4glich einen halben Liter Milch. Zweitens: niemals die Rolltreppe.\u201c<\/strong>\u00a0<\/h4>\n<\/div>\n<\/div>\n\n\n\n<div class=\"wp-block-columns alignwide is-layout-flex wp-container-core-columns-is-layout-9d6595d7 wp-block-columns-is-layout-flex\">\n<div class=\"wp-block-column is-layout-flow wp-block-column-is-layout-flow\">\n<figure class=\"wp-block-image size-large\"><img alt=\"\" loading=\"lazy\" decoding=\"async\" width=\"1024\" height=\"1024\" src=\"https:\/\/wp.unil.ch\/swiss100\/files\/2026\/01\/swiss100_wagner2100820-2-1024x1024.jpg\" alt=\"\" class=\"wp-image-6426\" srcset=\"https:\/\/wp.unil.ch\/swiss100\/files\/2026\/01\/swiss100_wagner2100820-2-1024x1024.jpg 1024w, https:\/\/wp.unil.ch\/swiss100\/files\/2026\/01\/swiss100_wagner2100820-2-300x300.jpg 300w, https:\/\/wp.unil.ch\/swiss100\/files\/2026\/01\/swiss100_wagner2100820-2-150x150.jpg 150w, https:\/\/wp.unil.ch\/swiss100\/files\/2026\/01\/swiss100_wagner2100820-2-768x768.jpg 768w, https:\/\/wp.unil.ch\/swiss100\/files\/2026\/01\/swiss100_wagner2100820-2-540x540.jpg 540w, https:\/\/wp.unil.ch\/swiss100\/files\/2026\/01\/swiss100_wagner2100820-2-1080x1080.jpg 1080w, https:\/\/wp.unil.ch\/swiss100\/files\/2026\/01\/swiss100_wagner2100820-2.jpg 1200w\" sizes=\"auto, (max-width: 1024px) 100vw, 1024px\" \/><figcaption class=\"wp-element-caption\">Alter auf dem Foto : 103<\/figcaption><\/figure>\n<\/div>\n\n\n\n<div class=\"wp-block-column is-layout-flow wp-block-column-is-layout-flow\">\n<p>Gerhart Wagner kommt 1920 als f\u00fcnftes von sechs Kindern im Elternhaus zur Welt, nur ein paar Kilometer von seiner heutigen Wohnung entfernt. Sein Vater ist Lehrer, die Mutter bis zur Geburt der Kinder ebenfalls. Als Junge ist er viel draussen unterwegs und fasziniert von der Natur: gemeinsam mit seinem Freund beobachtet er Tiere und schreibt anschliessend Tagebuch.&nbsp;<\/p>\n\n\n\n<p>Gerhart Wagners Jugend endete j\u00e4h mit Beginn des Zweiten Weltkriegs. Obwohl er nun K\u00fche h\u00fcten muss, besteht er alle bis auf eine der noch stattfindenden Maturapr\u00fcfungen mit Bestnote. Sein Lehramtsstudium beginnt er noch, doch im Herbst 1940 wird er einberufen. Nach seiner Offiziersausbildung wird er an der italienischen Grenze stationiert.&nbsp;<\/p>\n\n\n\n<p>Nach dem Krieg studiert er weiter und macht seinen Doktor in Zoologie. Danach unterrichtet er Mathematik, Sport und Biologie. Er heiratet Alice, sie werden Eltern von vier Kindern. Doch seine Frau wird immer unzufriedener, nach 31 Jahren trennt er sich, ein Tiefpunkt in seinem Leben. Doch dann trifft er Annemarie. \u201eEin unverhofftes, unverdientes Gl\u00fcck&#8220;, sagt er. Sie bleiben den Rest ihres Lebens zusammen.<\/p>\n\n\n\n<p>Nach vielen Jahren als Lehrer und sp\u00e4ter als Schulleiter geht Gerhart Wagner mit 63 Jahren in Rente. Er w\u00fcnscht sich mehr Zeit f\u00fcr sein Hobby, die Wissenschaft. &#8222;Meine produktive Zeit&#8220;, sagt er. Morgens arbeitet er zwei oder drei Stunden, wandert mit Freunden oder schreibt Briefe. Die Nachmittage verbringt er mit seiner Frau. Sie trinken Kaffee, singen, unterhalten sich. 14 Jahre lang arbeitet er am Nachschlagwerk \u201eFlora Helvetica\u201c, das 1996 ver\u00f6ffentlicht wird; es ist mittlerweile in 7. Auflage und als App erh\u00e4ltlich. Mit 94 Jahren beendet er ein letztes Buch, \u00fcber Mittelmor\u00e4nen. Mit \u00fcber 100 Jahren schreibt er noch Tagebuch und E-Mails.&nbsp;<\/p>\n\n\n\n<p>Er geht weiterhin gerne in die Berge, freut sich an seltenen Alpenblumen. Erst in seinen Neuzigern hat er zunehmend gesundheitliche Probleme, wird dreimal operiert. Doch schnell war er wieder auf den Beinen und auf seinem Hausberg, dem Bantiger. Doch das das Laufen wird beschwerlicher. Mit 101 gibt er F\u00fchrerschein und Auto ab.&nbsp;&nbsp;&nbsp;<\/p>\n\n\n\n<p>Fragt man Gerhart Wagner nach seinem Geheimnis, zuckt er erst fragend die Schultern, dann hebt er den Zeigefinger. Erstens: t\u00e4glich einen halben Liter Milch. Zweitens: niemals die Rolltreppe. Drittens: gute Gene \u2013 seine Eltern lebten lange, seine Schwester wurde 105. Ausserdem ist er neugierig, extrovertiert, diszipliniert. Wie viele seiner Generation hatte er kein einfaches Leben, aber er hat das Beste daraus gemacht.<\/p>\n\n\n\n<p>Jetzt w\u00e4re es aber solangsam genug, mit dem Leben, meint er. Er ist gerne mit seiner Frau zusammen und seinen Kindern, aber er ist m\u00fcde und vermisst seine Freunde.<\/p>\n<\/div>\n<\/div>\n","protected":false},"excerpt":{"rendered":"<p>\u201eErstens: t\u00e4glich einen halben Liter Milch. Zweitens: niemals die Rolltreppe.\u201c\u00a0 Gerhart Wagner kommt 1920 als f\u00fcnftes von sechs Kindern im Elternhaus zur Welt, nur ein paar Kilometer von&hellip;<\/p>\n","protected":false},"author":1003049,"featured_media":0,"parent":0,"menu_order":0,"comment_status":"closed","ping_status":"closed","template":"","meta":{"_seopress_robots_primary_cat":"","_seopress_titles_title":"","_seopress_titles_desc":"","_seopress_robots_index":"","footnotes":""},"class_list":["post-6323","page","type-page","status-publish","has-post-thumbnail"],"_links":{"self":[{"href":"https:\/\/wp.unil.ch\/swiss100\/de\/wp-json\/wp\/v2\/pages\/6323","targetHints":{"allow":["GET"]}}],"collection":[{"href":"https:\/\/wp.unil.ch\/swiss100\/de\/wp-json\/wp\/v2\/pages"}],"about":[{"href":"https:\/\/wp.unil.ch\/swiss100\/de\/wp-json\/wp\/v2\/types\/page"}],"author":[{"embeddable":true,"href":"https:\/\/wp.unil.ch\/swiss100\/de\/wp-json\/wp\/v2\/users\/1003049"}],"replies":[{"embeddable":true,"href":"https:\/\/wp.unil.ch\/swiss100\/de\/wp-json\/wp\/v2\/comments?post=6323"}],"version-history":[{"count":5,"href":"https:\/\/wp.unil.ch\/swiss100\/de\/wp-json\/wp\/v2\/pages\/6323\/revisions"}],"predecessor-version":[{"id":7350,"href":"https:\/\/wp.unil.ch\/swiss100\/de\/wp-json\/wp\/v2\/pages\/6323\/revisions\/7350"}],"wp:attachment":[{"href":"https:\/\/wp.unil.ch\/swiss100\/de\/wp-json\/wp\/v2\/media?parent=6323"}],"curies":[{"name":"wp","href":"https:\/\/api.w.org\/{rel}","templated":true}]}}