{"id":6289,"date":"2025-12-10T12:53:28","date_gmt":"2025-12-10T11:53:28","guid":{"rendered":"https:\/\/wp.unil.ch\/swiss100\/?page_id=6289"},"modified":"2026-01-20T11:22:03","modified_gmt":"2026-01-20T10:22:03","slug":"marcelle-bucher","status":"publish","type":"page","link":"https:\/\/wp.unil.ch\/swiss100\/de\/marcelle-bucher\/","title":{"rendered":"Marcelle Bucher"},"content":{"rendered":"\n<div class=\"wp-block-columns alignwide is-layout-flex wp-container-core-columns-is-layout-9d6595d7 wp-block-columns-is-layout-flex\">\n<div class=\"wp-block-column is-layout-flow wp-block-column-is-layout-flow\">\n<h4 class=\"wp-block-heading has-text-align-center\"><strong>\u201eDas Leben so nehmen wie es ist und nicht wie man es gerne h\u00e4tte.\u201c<\/strong>&nbsp;<\/h4>\n<\/div>\n<\/div>\n\n\n\n<div class=\"wp-block-columns alignwide is-layout-flex wp-container-core-columns-is-layout-9d6595d7 wp-block-columns-is-layout-flex\">\n<div class=\"wp-block-column is-layout-flow wp-block-column-is-layout-flow\">\n<figure class=\"wp-block-image size-large\"><img alt=\"\" loading=\"lazy\" decoding=\"async\" width=\"1024\" height=\"1024\" src=\"https:\/\/wp.unil.ch\/swiss100\/files\/2025\/12\/dsc09648-1024x1024.jpg\" alt=\"\" class=\"wp-image-6290\" srcset=\"https:\/\/wp.unil.ch\/swiss100\/files\/2025\/12\/dsc09648-1024x1024.jpg 1024w, https:\/\/wp.unil.ch\/swiss100\/files\/2025\/12\/dsc09648-300x300.jpg 300w, https:\/\/wp.unil.ch\/swiss100\/files\/2025\/12\/dsc09648-150x150.jpg 150w, https:\/\/wp.unil.ch\/swiss100\/files\/2025\/12\/dsc09648-768x768.jpg 768w, https:\/\/wp.unil.ch\/swiss100\/files\/2025\/12\/dsc09648-540x540.jpg 540w, https:\/\/wp.unil.ch\/swiss100\/files\/2025\/12\/dsc09648-1080x1080.jpg 1080w, https:\/\/wp.unil.ch\/swiss100\/files\/2025\/12\/dsc09648.jpg 1200w\" sizes=\"auto, (max-width: 1024px) 100vw, 1024px\" \/><figcaption class=\"wp-element-caption\">Alter auf dem Foto: 102 Jahre<\/figcaption><\/figure>\n<\/div>\n\n\n\n<div class=\"wp-block-column is-layout-flow wp-block-column-is-layout-flow\">\n<p>Marcelle Bucher wird 1921 in Genf geboren, doch bereits mit drei Jahren zieht ihre Familie in den Kanton Bern. Verwandte m\u00fctterlicherseits bieten ihrem Vater eine Arbeitsstelle in ihrem Gesch\u00e4ft an. Dort lernt sie Deutsch, was ihr leicht f\u00e4llt, ganz im Gegensatz zum Vater.<\/p>\n\n\n\n<p>Als sie elf Jahre alt ist, wird ihr Bruder geboren. Ihre Mutter arbeitet als Schneiderin zuhause und Marcelle Bucher bekommt schon fr\u00fch die Aufgabe, auf ihren Bruder aufzupassen. Auch wenn sie damals lieber mit den anderen Kindern gespielt h\u00e4tte, so legt sich dadurch der Grundstein f\u00fcr eine enge Beziehung zu ihrem Bruder, die ein Leben lang h\u00e4lt. Nach der Schule absolviert sie eine Lehre und arbeitet danach acht Jahre in der renommierten Samenhandlung Samen Vatter in Bern.<\/p>\n\n\n\n<p>Der Zweite Weltkrieg ist f\u00fcr Marcelle Bucher eine furchtbare Zeit. Die Leute haben Angst davor, was in Europa passiert. Als ihr Vater 1942 stirbt, gibt es noch keine Witwenrente. Damit ist ihre Mutter auf die knappen finanziellen Mittel angewiesen, die Marcelle nach Hause bringt. In dieser schwierigen Zeit gibt es aber auch sch\u00f6ne Momente. Herzlich lachend erz\u00e4hlt Marcelle Bucher, wie sie ihren Mann in einem Berner Casino beim Tanzen kennenlernte. Obwohl er kein guter T\u00e4nzer ist, \u00fcberzeugt er sie. Sie werden ein Paar und heiraten. Im Alter von 32 bekommt sie ihre erste Tochter, im Alter von 34 die zweite. Gemeinsam gehen sie oft wandern, etwa ins T\u00f6sstal, nach Grindelwald oder auf den Gornergrat.&nbsp;<\/p>\n\n\n\n<p>Marcelle Bucher ist ein Leben lang f\u00fcr ihre Familie da und ist sehr stolz auf sie. Als ihre \u00e4lteste Tochter mit 17 Jahren die Lehre abbrechen, heiraten und eine Familie gr\u00fcnden will, ist dies f\u00fcr Marcelle Bucher dennoch nur schwer nachvollziehbar. L\u00e4chelnd denkt sie an ihre nun erwachsene Enkelin: dass man sich manchmal so gro\u00dfe Sorgen macht und dann doch alles gut wird!<\/p>\n\n\n\n<p>Mit 81 Jahren erkrankt ihr Mann an Krebs, sie pflegt ihn zwei Jahre. Er stirbt nach 52 Jahren Ehe an ihrem Hochzeitstag. Nach einem Sturz erfolgt im Alter von 101 Jahren der Umzug ins Altersheim. Dort lebt sie sich gut ein. Sie strickt viel, singt mit den anderen Frauen und erlaubt sich hin und wieder einen Spa\u00df mit den Mitbewohnerinnen. Sie hat immer gerne gelesen, ihre Augen lassen dies allerdings nicht mehr zu. Sie sei aber nicht traurig, erz\u00e4hlt sie, man m\u00fcsse sich damit abfinden, das sei einfach das Alter. Mit dem Leben zu hadern bringe ja nichts.&nbsp;<\/p>\n\n\n\n<p>100 Jahre alt zu werden war nie ein Ziel f\u00fcr Marcelle Bucher. 80 w\u00e4re auch ein gutes Alter gewesen, das h\u00e4tte ihr gereicht. Ein Geheimrezept f\u00fcrs Altern habe sie nicht. Lachend meint sie, am Sport k\u00f6nne es nicht liegen, denn davon habe sie nie viel betrieben. Vielleicht hat die Ern\u00e4hrung geholfen. Auf ihrem Speiseplan standen immer viel Gem\u00fcse und viel Obst, aber kein Fleisch und wenig Alkohol. M\u00f6glicherweise hat auch ihre entspannte Einstellung zum Leben zu ihrem hohen Alter beigetragen.<\/p>\n<\/div>\n<\/div>\n","protected":false},"excerpt":{"rendered":"<p>\u201eDas Leben so nehmen wie es ist und nicht wie man es gerne h\u00e4tte.\u201c&nbsp; Marcelle Bucher wird 1921 in Genf geboren, doch bereits mit drei Jahren zieht ihre&hellip;<\/p>\n","protected":false},"author":1003049,"featured_media":0,"parent":0,"menu_order":0,"comment_status":"closed","ping_status":"closed","template":"","meta":{"_seopress_robots_primary_cat":"","_seopress_titles_title":"","_seopress_titles_desc":"","_seopress_robots_index":"","footnotes":""},"class_list":["post-6289","page","type-page","status-publish","has-post-thumbnail"],"_links":{"self":[{"href":"https:\/\/wp.unil.ch\/swiss100\/de\/wp-json\/wp\/v2\/pages\/6289","targetHints":{"allow":["GET"]}}],"collection":[{"href":"https:\/\/wp.unil.ch\/swiss100\/de\/wp-json\/wp\/v2\/pages"}],"about":[{"href":"https:\/\/wp.unil.ch\/swiss100\/de\/wp-json\/wp\/v2\/types\/page"}],"author":[{"embeddable":true,"href":"https:\/\/wp.unil.ch\/swiss100\/de\/wp-json\/wp\/v2\/users\/1003049"}],"replies":[{"embeddable":true,"href":"https:\/\/wp.unil.ch\/swiss100\/de\/wp-json\/wp\/v2\/comments?post=6289"}],"version-history":[{"count":3,"href":"https:\/\/wp.unil.ch\/swiss100\/de\/wp-json\/wp\/v2\/pages\/6289\/revisions"}],"predecessor-version":[{"id":6690,"href":"https:\/\/wp.unil.ch\/swiss100\/de\/wp-json\/wp\/v2\/pages\/6289\/revisions\/6690"}],"wp:attachment":[{"href":"https:\/\/wp.unil.ch\/swiss100\/de\/wp-json\/wp\/v2\/media?parent=6289"}],"curies":[{"name":"wp","href":"https:\/\/api.w.org\/{rel}","templated":true}]}}