{"id":6285,"date":"2025-12-10T12:39:13","date_gmt":"2025-12-10T11:39:13","guid":{"rendered":"https:\/\/wp.unil.ch\/swiss100\/?page_id=6285"},"modified":"2026-02-09T18:03:03","modified_gmt":"2026-02-09T17:03:03","slug":"walter-mueller","status":"publish","type":"page","link":"https:\/\/wp.unil.ch\/swiss100\/de\/walter-mueller\/","title":{"rendered":"Walter M\u00fcller"},"content":{"rendered":"\n<div class=\"wp-block-columns alignwide is-layout-flex wp-container-core-columns-is-layout-9d6595d7 wp-block-columns-is-layout-flex\">\n<div class=\"wp-block-column is-layout-flow wp-block-column-is-layout-flow\">\n<h4 class=\"wp-block-heading has-text-align-center\">\u201e<strong>Abwarten.<\/strong>\u201c<\/h4>\n<\/div>\n<\/div>\n\n\n\n<div class=\"wp-block-columns alignwide is-layout-flex wp-container-core-columns-is-layout-9d6595d7 wp-block-columns-is-layout-flex\">\n<div class=\"wp-block-column is-layout-flow wp-block-column-is-layout-flow\">\n<figure class=\"wp-block-image size-large\"><img loading=\"lazy\" decoding=\"async\" width=\"1201\" height=\"1200\" src=\"https:\/\/wp.unil.ch\/swiss100\/files\/2025\/12\/dsc08064-edited.jpg\" alt=\"dsc08064\" class=\"wp-image-6278\" srcset=\"https:\/\/wp.unil.ch\/swiss100\/files\/2025\/12\/dsc08064-edited.jpg 1201w, https:\/\/wp.unil.ch\/swiss100\/files\/2025\/12\/dsc08064-edited-300x300.jpg 300w, https:\/\/wp.unil.ch\/swiss100\/files\/2025\/12\/dsc08064-edited-1024x1024.jpg 1024w, https:\/\/wp.unil.ch\/swiss100\/files\/2025\/12\/dsc08064-edited-150x150.jpg 150w, https:\/\/wp.unil.ch\/swiss100\/files\/2025\/12\/dsc08064-edited-768x767.jpg 768w, https:\/\/wp.unil.ch\/swiss100\/files\/2025\/12\/dsc08064-edited-540x540.jpg 540w, https:\/\/wp.unil.ch\/swiss100\/files\/2025\/12\/dsc08064-edited-1080x1079.jpg 1080w\" sizes=\"auto, (max-width: 1201px) 100vw, 1201px\" \/><figcaption class=\"wp-element-caption\">Alter auf dem Foto: 101 Jahre<\/figcaption><\/figure>\n<\/div>\n\n\n\n<div class=\"wp-block-column is-layout-flow wp-block-column-is-layout-flow\">\n<p>Walter M\u00fcller wird 1922 in Z\u00fcrich geboren, seine Familie verf\u00fcgt nur \u00fcber sehr bescheidene Mittel. Er erinnert sich an eine Kindheit ohne Perspektiven: \u00abIch habe ganz unten auf der Leiter angefangen\u00bb, sagt er. Seine Eltern beschliessen f\u00fcr ihn, dass er schon sehr jung in der Schlosserei seines Patenonkels arbeiten soll, um diese sp\u00e4ter zu \u00fcbernehmen. Er muss eine Lehre in der Schlosserei Lerch absolvieren, ohne zu diskutieren, wie es damals \u00fcblich war. Einmal ausgebildet beginnt er jedoch bei den \u00f6ffentlichen Verkehrsunternehmen der Stadt Z\u00fcrich (VBZ).<\/p>\n\n\n\n<p>Walter M\u00fcller heiratet im Jahr 1945, aber 1947 erleidet seine Frau eine Herzklappenentz\u00fcndung, damals inoperabel. Es folgen acht schwere Jahre. 1955 musste er zur Arbeit und will sich bei seiner im Bett liegenden Frau verabschieden. \u00abDa stiess sie zwei grelle Schreie aus und war tot\u00bb, erz\u00e4hlt er. Er wird diesen Moment nie vergessen. Doch das Schicksal meint es gut: 1959 heiratet er erneut. Seine zweite Frau bringt eine Tochter und einen Sohn mit in die Ehe, die er wie seine eigenen annimmt. Selbst mit 101 Jahren hat er mehrmals w\u00f6chentliche Verabredungen mit dem Sohn und dessen Familie.<\/p>\n\n\n\n<p>Bei der VBZ ist Walter M\u00fcller 13 Jahre Kondukteur und 11 Jahre im Dienstb\u00fcro, zust\u00e4ndig f\u00fcr den Rapport des Fahrpersonals und die Dienstzuteilung. Das Klima ist sehr schlecht, fast t\u00e4glich gibt es Streit. Er leidet sehr darunter und hat 1969 einen Zusammenbruch. Sein Nachbar r\u00e4t ihm, sich beim Erkundungsdienst des Sozialamtes zu bewerben, wo er selbst arbeite.&nbsp;<\/p>\n\n\n\n<p>Da unerwartet ein Mitarbeiter verstirbt, bekommt M\u00fcller diese Stelle. Er ist \u00e4u\u00dferst dankbar, denn die Arbeit ist sehr interessant und abwechslungsreich, er hat Kontakt mit allen Schichten der Bev\u00f6lkerung. Walter M\u00fcller sagt: \u00abIch bin dadurch endlich oben angekommen.\u00bb Er verbringt dort 15 sch\u00f6ne Jahre bis zur Pensionierung.<\/p>\n\n\n\n<p>100 Jahre alt zu werden, empfindet Walter M\u00fcller als Geschenk. Auch wenn er zwischendurch gesundheitlich zu k\u00e4mpfen hatte (Lungenembolie und diverse Operationen), geht es ihm gut. Sein Geheimnis liege nicht in speziellen Lebensgewohnheiten, sondern in einer gelassenen Einstellung zum Leben. Auf die Frage, wie er es geschafft hat, so alt zu werden, antwortet er mit einem Schmunzeln: \u00abAbwarten\u00bb.<\/p>\n\n\n\n<p>Trotz seines Alters bleibt Walter M\u00fcller aktiv und voller Lebensfreude. Der Haushalt h\u00e4lt ihn auf Trab, oft ist er bei Freunden oder Familie eingeladen. Er spielt gerne Sudoku, braucht aber eine starke Lupe, oder er schaut einen interessanten Film. Besonders gerne besucht er andere Hundertj\u00e4hrige, um Karten zu spielen und Geschichten auszutauschen. Trotz der Schicksalsschl\u00e4ge ist Walter M\u00fcller ein Mann, der viel Humor verbreitet und zufrieden auf sein Leben zur\u00fcckblickt. Er ist dankbar f\u00fcr alle Erfahrungen, die er machen durfte, und dass er sich immer noch wohlf\u00fchlt.<a href=\"https:\/\/wp.unil.ch\/swiss100\/wp-admin\/post.php?post=4678&amp;action=edit&amp;lang=fr\"><\/a><\/p>\n<\/div>\n<\/div>\n","protected":false},"excerpt":{"rendered":"<p>\u201eAbwarten.\u201c Walter M\u00fcller wird 1922 in Z\u00fcrich geboren, seine Familie verf\u00fcgt nur \u00fcber sehr bescheidene Mittel. Er erinnert sich an eine Kindheit ohne Perspektiven: \u00abIch habe ganz unten&hellip;<\/p>\n","protected":false},"author":1003048,"featured_media":0,"parent":0,"menu_order":0,"comment_status":"closed","ping_status":"closed","template":"","meta":{"_seopress_robots_primary_cat":"","_seopress_titles_title":"","_seopress_titles_desc":"","_seopress_robots_index":"","footnotes":""},"class_list":["post-6285","page","type-page","status-publish","has-post-thumbnail"],"_links":{"self":[{"href":"https:\/\/wp.unil.ch\/swiss100\/de\/wp-json\/wp\/v2\/pages\/6285","targetHints":{"allow":["GET"]}}],"collection":[{"href":"https:\/\/wp.unil.ch\/swiss100\/de\/wp-json\/wp\/v2\/pages"}],"about":[{"href":"https:\/\/wp.unil.ch\/swiss100\/de\/wp-json\/wp\/v2\/types\/page"}],"author":[{"embeddable":true,"href":"https:\/\/wp.unil.ch\/swiss100\/de\/wp-json\/wp\/v2\/users\/1003048"}],"replies":[{"embeddable":true,"href":"https:\/\/wp.unil.ch\/swiss100\/de\/wp-json\/wp\/v2\/comments?post=6285"}],"version-history":[{"count":4,"href":"https:\/\/wp.unil.ch\/swiss100\/de\/wp-json\/wp\/v2\/pages\/6285\/revisions"}],"predecessor-version":[{"id":7068,"href":"https:\/\/wp.unil.ch\/swiss100\/de\/wp-json\/wp\/v2\/pages\/6285\/revisions\/7068"}],"wp:attachment":[{"href":"https:\/\/wp.unil.ch\/swiss100\/de\/wp-json\/wp\/v2\/media?parent=6285"}],"curies":[{"name":"wp","href":"https:\/\/api.w.org\/{rel}","templated":true}]}}