{"id":6242,"date":"2025-12-10T11:55:54","date_gmt":"2025-12-10T10:55:54","guid":{"rendered":"https:\/\/wp.unil.ch\/swiss100\/?page_id=6242"},"modified":"2026-02-09T15:26:50","modified_gmt":"2026-02-09T14:26:50","slug":"leonilde-lurati-2","status":"publish","type":"page","link":"https:\/\/wp.unil.ch\/swiss100\/de\/leonilde-lurati-2\/","title":{"rendered":"Leonilde Lurati"},"content":{"rendered":"\n<div class=\"wp-block-columns alignwide is-layout-flex wp-container-core-columns-is-layout-9d6595d7 wp-block-columns-is-layout-flex\">\n<div class=\"wp-block-column is-layout-flow wp-block-column-is-layout-flow\">\n<h4 class=\"wp-block-heading has-text-align-center\"><strong>\u201eRuhig bleiben, versuchen, nicht zu viel zu haben und nicht vorgeben, die Welt zu verstehen.<\/strong>\u201c\u00a0<\/h4>\n<\/div>\n<\/div>\n\n\n\n<div class=\"wp-block-columns alignwide is-layout-flex wp-container-core-columns-is-layout-9d6595d7 wp-block-columns-is-layout-flex\">\n<div class=\"wp-block-column is-layout-flow wp-block-column-is-layout-flow\">\n<figure class=\"wp-block-image size-large\"><img alt=\"\" loading=\"lazy\" decoding=\"async\" width=\"1024\" height=\"1024\" src=\"https:\/\/wp.unil.ch\/swiss100\/files\/2025\/12\/dsc04079-1024x1024.jpg\" alt=\"\" class=\"wp-image-6248\" srcset=\"https:\/\/wp.unil.ch\/swiss100\/files\/2025\/12\/dsc04079-1024x1024.jpg 1024w, https:\/\/wp.unil.ch\/swiss100\/files\/2025\/12\/dsc04079-300x300.jpg 300w, https:\/\/wp.unil.ch\/swiss100\/files\/2025\/12\/dsc04079-150x150.jpg 150w, https:\/\/wp.unil.ch\/swiss100\/files\/2025\/12\/dsc04079-768x768.jpg 768w, https:\/\/wp.unil.ch\/swiss100\/files\/2025\/12\/dsc04079-540x540.jpg 540w, https:\/\/wp.unil.ch\/swiss100\/files\/2025\/12\/dsc04079-1080x1080.jpg 1080w, https:\/\/wp.unil.ch\/swiss100\/files\/2025\/12\/dsc04079.jpg 1200w\" sizes=\"auto, (max-width: 1024px) 100vw, 1024px\" \/><figcaption class=\"wp-element-caption\">Alter auf dem Foto : 101 ans<\/figcaption><\/figure>\n<\/div>\n\n\n\n<div class=\"wp-block-column is-layout-flow wp-block-column-is-layout-flow\">\n<p>Leonilde Lurati wird 1922 im Dorf Canobbio in der N\u00e4he von Lugano geboren. Als j\u00fcngstes von zehn Kindern w\u00e4chst sie in einer schwierigen Zeit auf: \u00abEs herrschte Armut\u00bb, sagt sie. Dennoch bleiben ihre Erinnerungen fr\u00f6hlich: \u00abWir hatten viele Freunde, ich hatte eine sch\u00f6ne Kindheit.\u00bb&nbsp;Die Kinder spielen auf der Strasse, geben sich mit wenig zufrieden, und schon ein einfacher Ausflug zum Bahnhof, um die Strassenbahn vorbeifahren zu sehen, wird zu einem Ereignis. Sehr bald muss sie jedoch arbeiten. Leonilde Lurati wird Verk\u00e4uferin in Lugano, ein Beruf, den sie sehr liebt, der aber nur von kurzer Dauer ist. Sie arbeitet jedoch weiterhin als \u201cM\u00e4dchen-f\u00fcr-alles\u201d f\u00fcr die Ladenbesitzerin, mit der sie bis zur Pandemie 2020 in Kontakt bleibt.&nbsp;&nbsp;<\/p>\n\n\n\n<p>Auf den Strassen ihres Dorfes lernt Leonilde Lurati Alfredo kennen, ihren zuk\u00fcnftigen Ehemann. Sie heiraten, arbeiten viel und gr\u00fcnden eine Familie mit vier Kindern. 1952 renovieren sie eine alte Scheune im Dorfkern, um sie zu ihrem Familienhaus zu machen. Alle helfen bei den Arbeiten mit, auch die Kinder, die beim Anlegen des Weinbergs und des Gem\u00fcsegartens helfen, um den sich Leonilde Lurati lange Zeit k\u00fcmmern wird. Alfredo wird Gemeindebeamter in Canobbio, und auch sie arbeitet f\u00fcr die Gemeinde: Sie reinigt die R\u00e4umlichkeiten, begleitet die Kinder zum Schulzahnarzt und engagiert sich im Dorfleben.&nbsp;Sehr schmerzhaft ist f\u00fcr sie der Tod ihres Mannes im Jahr 1997 nach 54 Jahren Ehe sowie der Verlust ihrer j\u00fcngsten Tochter, die im Alter von 63 Jahren verstirbt.&nbsp;<\/p>\n\n\n\n<p>Leonilde Lurati engagiert sich sehr im Gemeindeleben und nimmt an 18 Pilgerfahrten nach Lourdes teil, zun\u00e4chst als Gl\u00e4ubige, sp\u00e4ter mit einer Gruppe von Kranken. Sie k\u00fcmmerte sich auch um die kleine Kapelle Unserer Lieben Frau von Lourdes und um die Dekoration der Stra\u00dfen des Dorfes f\u00fcr das Fest der Unbefleckten Empf\u00e4ngnis, die sie mit selbstgemachten Blumen schm\u00fcckte. Diese Leidenschaft begleitet sie bis zum Jahr 2020, dann schmerzen ihre H\u00e4nde zu sehr. Aus Papier, Stoff, Plastik oder Draht fertigt sie Blumen f\u00fcr Hochzeiten, Kommunionen und Dorffeste an: \u201eSie sah eine Blume und konnte sie nachbilden\u201c, erz\u00e4hlt ihre Tochter.&nbsp;&nbsp;&nbsp;<\/p>\n\n\n\n<p>Ihr Haus im Herzen des renovierten Dorfes ist voller Blumen und Fotos: Erinnerungen an Feste, Reisen, gemeinsame Momente. Mit 101 Jahren k\u00fcmmern sich ihre Kinder abwechselnd eine Woche lang um sie. Das Haus wurde an ihre Bed\u00fcrfnisse angepasst, aber f\u00fcr Leonilde Lurati ist es aufgrund der Treppen fast unm\u00f6glich, das Haus zu verlassen: Dies und ihr schweres H\u00f6rproblem halten sie von ihrem geliebten Dorf fern und den wichtigen sozialen Beziehungen, die sie dort unterhielt. Mit \u00fcber hundert Jahren und trotz der Schwierigkeiten aufgrund ihres Alters sowie Schmerzen in H\u00e4nden und Knien lebt Leonilde Lurati selbstst\u00e4ndig in ihrem Haus und bewahrt sich ihre Klarheit und Weisheit: \u00abF\u00fcr mich habe ich alles. Ich kann nicht mehr tun, als ich tue; daher macht mich alles, was ich noch tun kann, gl\u00fccklich.&nbsp;Ich bin zufrieden mit meinem Leben.\u00bb&nbsp;<\/p>\n<\/div>\n<\/div>\n","protected":false},"excerpt":{"rendered":"<p>\u201eRuhig bleiben, versuchen, nicht zu viel zu haben und nicht vorgeben, die Welt zu verstehen.\u201c\u00a0 Leonilde Lurati wird 1922 im Dorf Canobbio in der N\u00e4he von Lugano geboren.&hellip;<\/p>\n","protected":false},"author":1003049,"featured_media":0,"parent":0,"menu_order":0,"comment_status":"closed","ping_status":"closed","template":"","meta":{"_seopress_robots_primary_cat":"","_seopress_titles_title":"","_seopress_titles_desc":"","_seopress_robots_index":"","footnotes":""},"class_list":["post-6242","page","type-page","status-publish","has-post-thumbnail"],"_links":{"self":[{"href":"https:\/\/wp.unil.ch\/swiss100\/de\/wp-json\/wp\/v2\/pages\/6242","targetHints":{"allow":["GET"]}}],"collection":[{"href":"https:\/\/wp.unil.ch\/swiss100\/de\/wp-json\/wp\/v2\/pages"}],"about":[{"href":"https:\/\/wp.unil.ch\/swiss100\/de\/wp-json\/wp\/v2\/types\/page"}],"author":[{"embeddable":true,"href":"https:\/\/wp.unil.ch\/swiss100\/de\/wp-json\/wp\/v2\/users\/1003049"}],"replies":[{"embeddable":true,"href":"https:\/\/wp.unil.ch\/swiss100\/de\/wp-json\/wp\/v2\/comments?post=6242"}],"version-history":[{"count":4,"href":"https:\/\/wp.unil.ch\/swiss100\/de\/wp-json\/wp\/v2\/pages\/6242\/revisions"}],"predecessor-version":[{"id":7049,"href":"https:\/\/wp.unil.ch\/swiss100\/de\/wp-json\/wp\/v2\/pages\/6242\/revisions\/7049"}],"wp:attachment":[{"href":"https:\/\/wp.unil.ch\/swiss100\/de\/wp-json\/wp\/v2\/media?parent=6242"}],"curies":[{"name":"wp","href":"https:\/\/api.w.org\/{rel}","templated":true}]}}