{"id":6196,"date":"2025-12-10T11:25:18","date_gmt":"2025-12-10T10:25:18","guid":{"rendered":"https:\/\/wp.unil.ch\/swiss100\/?page_id=6196"},"modified":"2026-04-08T08:57:12","modified_gmt":"2026-04-08T06:57:12","slug":"oscar-remonda","status":"publish","type":"page","link":"https:\/\/wp.unil.ch\/swiss100\/de\/oscar-remonda\/","title":{"rendered":"Oscar Remonda"},"content":{"rendered":"\n<div class=\"wp-block-columns alignwide is-layout-flex wp-container-core-columns-is-layout-9d6595d7 wp-block-columns-is-layout-flex\">\n<div class=\"wp-block-column is-layout-flow wp-block-column-is-layout-flow\">\n<h4 class=\"wp-block-heading has-text-align-center\"><strong><strong>\u201eMeine Tr\u00e4ume f\u00fcr die Zukunft sind einfach: Ich m\u00f6chte morgens aufstehen und Zeit mit meinem Enkel verbringen, mich an die Vergangenheit erinnern, Geschichten vorlesen und mit ihm reden<\/strong><\/strong>.\u201c<\/h4>\n<\/div>\n<\/div>\n\n\n\n<div class=\"wp-block-columns alignwide is-layout-flex wp-container-core-columns-is-layout-9d6595d7 wp-block-columns-is-layout-flex\">\n<div class=\"wp-block-column is-layout-flow wp-block-column-is-layout-flow\">\n<figure class=\"wp-block-image size-large\"><img alt=\"\" loading=\"lazy\" decoding=\"async\" width=\"1024\" height=\"1024\" src=\"https:\/\/wp.unil.ch\/swiss100\/files\/2026\/01\/dsc_remonda_04344-2-1024x1024.jpg\" alt=\"\" class=\"wp-image-6417\" srcset=\"https:\/\/wp.unil.ch\/swiss100\/files\/2026\/01\/dsc_remonda_04344-2-1024x1024.jpg 1024w, https:\/\/wp.unil.ch\/swiss100\/files\/2026\/01\/dsc_remonda_04344-2-300x300.jpg 300w, https:\/\/wp.unil.ch\/swiss100\/files\/2026\/01\/dsc_remonda_04344-2-150x150.jpg 150w, https:\/\/wp.unil.ch\/swiss100\/files\/2026\/01\/dsc_remonda_04344-2-768x768.jpg 768w, https:\/\/wp.unil.ch\/swiss100\/files\/2026\/01\/dsc_remonda_04344-2-540x540.jpg 540w, https:\/\/wp.unil.ch\/swiss100\/files\/2026\/01\/dsc_remonda_04344-2-1080x1080.jpg 1080w, https:\/\/wp.unil.ch\/swiss100\/files\/2026\/01\/dsc_remonda_04344-2.jpg 1200w\" sizes=\"auto, (max-width: 1024px) 100vw, 1024px\" \/><figcaption class=\"wp-element-caption\">Alter auf dem Foto : 103<\/figcaption><\/figure>\n<\/div>\n\n\n\n<div class=\"wp-block-column is-layout-flow wp-block-column-is-layout-flow\">\n<p>Oscar Remonda wird 1920 in Bellinzona geboren. Sein Vater Peppino stammt aus dem Onsernone-Tal und arbeitet bei der Staatsbank, seine Mutter Irene kommt aus Faido. Er w\u00e4chst mit drei Geschwistern auf und hat gute Erinnerungen an seine Kindheit: die Sommer in den Bergen und den kleinen Hund, den er geschenkt bekommt.<\/p>\n\n\n\n<p>Nach der Primarschule und dem Gymnasium besucht Oscar Remonda das Lyzeum in Lugano. Jeden Morgen nimmt er den Zug um 7 Uhr und rennt zum Parco Ciani, manchmal springt er sogar mit seinen Kameraden in den fahrenden Zug, ihre Taschen durch das Fenster gereicht. Der Ausbruch des Krieges und der Milit\u00e4rdienst durchkreuzen jedoch seine Pl\u00e4ne. Als Soldat hoffte er, Krankenpfleger zu werden, wird jedoch zun\u00e4chst als Carabiniere eingesetzt. Die langen M\u00e4rsche auf dem Gesero verursachen ihm starke R\u00fcckenschmerzen, unter denen er sein ganzes Leben lang leiden wird. Aufgrund seiner Sehprobleme wird er anschlie\u00dfend zum Sanit\u00e4tsdienst versetzt, wo er im Lazarett von Chiasso diente. Dort versorgt er Fl\u00fcchtlinge, Schmuggler, britische Flieger, Deportierte aus den Nazi-Lagern und begegnet sogar Mussolini, der an der Grenze zur\u00fcckgewiesen wurde. Er begleitet auch Mussolinis Tochter Edda Ciano mit dem Zug nach Bellinzona, ohne zu wissen, wer sie ist, und erf\u00e4hrt es erst bei ihrer Ankunft. Er erinnert sich auch lebhaft an den 27. April 1945, als deutsche Soldaten drohten, einen Lastwagen in die Luft zu sprengen, um nach Chiasso vorzudringen.<\/p>\n\n\n\n<p>Nach dem Krieg arbeitet Oscar Remonda in Bern f\u00fcr die Staatsbank, wo er f\u00fcr die Kontakte zu italienischen Kunden zust\u00e4ndig ist und mit seinen Kollegen eine der ersten Pensionskassen aufbaute. In einem Restaurant in Bern lernte er Erika aus Interlaken kennen, die er liebevoll Eki nennt. Sie heiraten 1949 in Luzern, auf halbem Weg zwischen ihren beiden Familien. Sie lassen sich erst in Cassarate und dann in Breganzona nieder, wo ihre Kinder geboren werden, bevor sie sich in Viganello niederlassen. Ihr Leben ist gepr\u00e4gt von Arbeit und famili\u00e4ren Verpflichtungen, aber sie machen oft lange Spazierg\u00e4nge in den Bergen.<\/p>\n\n\n\n<p>Mit 65 Jahren geht Oscar in Rente. Er erinnert sich an die gro\u00dfen Augen, die ihn bei der Geburt seines Enkels Federico angesehen haben. Dieselben Augen, die es ihm heute erm\u00f6glichen, das zu sehen, was er aufgrund seines Sehverlusts selbst nicht mehr erkennen kann. Mit seinem Enkel teilt er Geschichten, Lesungen, politische Diskussionen und Geschichten \u00fcber Don Camillo. Dank dieser Gespr\u00e4che beschlie\u00dft Federico, Lehrer zu werden.<\/p>\n\n\n\n<p>Mit 103 Jahren lebt Oscar Remonda noch immer in seinem Haus in Viganello. Seine Tr\u00e4ume sind einfach: trotz seiner R\u00fcckenschmerzen aus dem Bett aufstehen zu k\u00f6nnen und Zeit mit seinem Enkel zu verbringen, sich zu erinnern, zu lesen und \u00fcber das Weltgeschehen zu diskutieren.&nbsp;<\/p>\n<\/div>\n<\/div>\n\n\n\n<p><\/p>\n","protected":false},"excerpt":{"rendered":"<p>\u201eMeine Tr\u00e4ume f\u00fcr die Zukunft sind einfach: Ich m\u00f6chte morgens aufstehen und Zeit mit meinem Enkel verbringen, mich an die Vergangenheit erinnern, Geschichten vorlesen und mit ihm reden.\u201c&hellip;<\/p>\n","protected":false},"author":1003049,"featured_media":0,"parent":0,"menu_order":0,"comment_status":"closed","ping_status":"closed","template":"","meta":{"_seopress_robots_primary_cat":"","_seopress_titles_title":"","_seopress_titles_desc":"","_seopress_robots_index":"","footnotes":""},"class_list":["post-6196","page","type-page","status-publish","has-post-thumbnail"],"_links":{"self":[{"href":"https:\/\/wp.unil.ch\/swiss100\/de\/wp-json\/wp\/v2\/pages\/6196","targetHints":{"allow":["GET"]}}],"collection":[{"href":"https:\/\/wp.unil.ch\/swiss100\/de\/wp-json\/wp\/v2\/pages"}],"about":[{"href":"https:\/\/wp.unil.ch\/swiss100\/de\/wp-json\/wp\/v2\/types\/page"}],"author":[{"embeddable":true,"href":"https:\/\/wp.unil.ch\/swiss100\/de\/wp-json\/wp\/v2\/users\/1003049"}],"replies":[{"embeddable":true,"href":"https:\/\/wp.unil.ch\/swiss100\/de\/wp-json\/wp\/v2\/comments?post=6196"}],"version-history":[{"count":5,"href":"https:\/\/wp.unil.ch\/swiss100\/de\/wp-json\/wp\/v2\/pages\/6196\/revisions"}],"predecessor-version":[{"id":7907,"href":"https:\/\/wp.unil.ch\/swiss100\/de\/wp-json\/wp\/v2\/pages\/6196\/revisions\/7907"}],"wp:attachment":[{"href":"https:\/\/wp.unil.ch\/swiss100\/de\/wp-json\/wp\/v2\/media?parent=6196"}],"curies":[{"name":"wp","href":"https:\/\/api.w.org\/{rel}","templated":true}]}}