{"id":6159,"date":"2025-12-10T11:06:12","date_gmt":"2025-12-10T10:06:12","guid":{"rendered":"https:\/\/wp.unil.ch\/swiss100\/?page_id=6159"},"modified":"2026-02-09T18:11:15","modified_gmt":"2026-02-09T17:11:15","slug":"martha-scherrer","status":"publish","type":"page","link":"https:\/\/wp.unil.ch\/swiss100\/de\/martha-scherrer\/","title":{"rendered":"Martha Scherrer\u00a0"},"content":{"rendered":"\n<div class=\"wp-block-columns alignwide is-layout-flex wp-container-core-columns-is-layout-9d6595d7 wp-block-columns-is-layout-flex\">\n<div class=\"wp-block-column is-layout-flow wp-block-column-is-layout-flow\">\n<h4 class=\"wp-block-heading has-text-align-center\"><strong><strong><strong>\u201eIch bin eine K\u00e4mpfernatur, ich habe meine Pr\u00fcfungen immer alleine gemeistert !<\/strong>\u201c\u00a0<\/strong><\/strong><\/h4>\n<\/div>\n<\/div>\n\n\n\n<div class=\"wp-block-columns alignwide is-layout-flex wp-container-core-columns-is-layout-9d6595d7 wp-block-columns-is-layout-flex\">\n<div class=\"wp-block-column is-layout-flow wp-block-column-is-layout-flow\">\n<figure class=\"wp-block-image size-large\"><img alt=\"dsc06314\" loading=\"lazy\" decoding=\"async\" width=\"1024\" height=\"1024\" src=\"https:\/\/wp.unil.ch\/swiss100\/files\/2025\/12\/dsc06314-1024x1024.jpg\" alt=\"\" class=\"wp-image-6144\" srcset=\"https:\/\/wp.unil.ch\/swiss100\/files\/2025\/12\/dsc06314-1024x1024.jpg 1024w, https:\/\/wp.unil.ch\/swiss100\/files\/2025\/12\/dsc06314-300x300.jpg 300w, https:\/\/wp.unil.ch\/swiss100\/files\/2025\/12\/dsc06314-150x150.jpg 150w, https:\/\/wp.unil.ch\/swiss100\/files\/2025\/12\/dsc06314-768x768.jpg 768w, https:\/\/wp.unil.ch\/swiss100\/files\/2025\/12\/dsc06314-540x540.jpg 540w, https:\/\/wp.unil.ch\/swiss100\/files\/2025\/12\/dsc06314-1080x1080.jpg 1080w, https:\/\/wp.unil.ch\/swiss100\/files\/2025\/12\/dsc06314.jpg 1200w\" sizes=\"auto, (max-width: 1024px) 100vw, 1024px\" \/><figcaption class=\"wp-element-caption\">Alter auf dem Foto: 102 Jahre<\/figcaption><\/figure>\n<\/div>\n\n\n\n<div class=\"wp-block-column is-layout-flow wp-block-column-is-layout-flow\">\n<p>Martha Scherrer wurde 1921 am Z\u00fcrichsee geboren. Ihr Vater betrieb ein kleines Gesch\u00e4ft, ihre Mutter stammte aus Yverdon. Mit 12 Jahren verliert sie den Vater und kurz darauf die Schwester, die an Meningitis stirbt. Diese Ereignisse pr\u00e4gen sie zutiefst; da sie keine Familie in der Deutschschweiz hat, ziehen sie und ihre Mutter nach Lausanne.&nbsp;<\/p>\n\n\n\n<p>Der Krieg pr\u00e4gt ihre Jugend, doch an einem Sommertag, beim Baden, trifft sie ihren zuk\u00fcnftigen Mann. Ihre Beziehung entwickelt sich, doch die Hochzeit wird auf nach den Krieg verschoben. In dieser Zeit k\u00fcmmert sich Martha f\u00fcnf Jahre lang um zwei Kinder, denen sie sehr verbunden ist.&nbsp;<\/p>\n\n\n\n<p>Das Paar heiratet 1945. Ihre erste Tochter wird geboren, ihre zweite Tochter B\u00e9atrice stirbt mit acht Monaten. Nach 26 Jahren beenden Untreue und L\u00fcgen ihres Mannes die Ehe. Die Scheidung ist kompliziert, weil sie gemeinsam eine BMW-Agentur f\u00fchren und die Garage ihres Ex-Mannes unter ihrer Wohnung liegt. Martha Scherrer f\u00e4llt in eine tiefe Depression: \u201eIch rauchte drei Packungen pro Tag, ich hatte nichts mehr zu verlieren.\u201c&nbsp;<\/p>\n\n\n\n<p>Mit 52 Jahren beginnt sie eine zweite Karriere in einem Juweliergesch\u00e4ft, wo sie 17 Jahre lang bleibt. Sie liebt ihre Arbeit: \u201eSobald jemand Schmuck tr\u00e4gt, f\u00e4llt mir das sofort ins Auge!\u201c Zu ihrer Tochter hat sie eine innige Beziehung: \u201eWir sind eher Freundinnen als Mutter und Tochter, das ist etwas Kostbares!\u201c&nbsp;<\/p>\n\n\n\n<p>Mit 102 bedauert Martha Scherrer, dass es keine Abhilfe f\u00fcr das Zittern ihrer H\u00e4nden gibt: \u201eSie gehen zum Mond, zum Mars\u2026 aber ein Zittern?&nbsp;Nichts!\u201c Sie h\u00e4tte nie gedacht, so alt zu werden, aber ein Kamerad hat ein langes Leben in ihrer Hand gelesen.&nbsp;Ihr k\u00e4mpferisches Wesen hat ihr geholfen, alle Schwierigkeiten zu \u00fcberwinden: \u201eOh, und ich esse Brote mit Honig, ich glaube, das ist gut f\u00fcr die Gesundheit!\u201c&nbsp;<\/p>\n\n\n\n<p>Oft denkt sie an die Kinder, um die sie sich im Krieg k\u00fcmmerte, sie hat sie nie wieder gesehen. Ein weiterer Kummer: dass sie keine Ausbildung machen konnte, sie w\u00e4re gerne Kinderkrankenschwester geworden.&nbsp;<\/p>\n\n\n\n<p>Seit zwei Jahren lebt sie in einem Pflegeheim. Sie f\u00fchlt sich wohl, trotz des Verlusts an Selbstst\u00e4ndigkeit, verursacht durch St\u00fcrze und Lungenembolien, Folgen ihrer Vergangenheit als starke Raucherin. Ihr Arzt, ein gro\u00dfer BMW-Liebhaber, ermutigte sie, mit dem Rauchen aufzuh\u00f6ren. Ihren 100. Geburtstag feierte sie mehrere Tage, trotz M\u00fcdigkeit. Sie k\u00fcmmert sich um sich selbst, macht ihre K\u00f6rperpflege allein und ist den Pflegekr\u00e4ften gegen\u00fcber sehr einf\u00fchlsam: Martha Scherrer hat ein gro\u00dfes Herz.&nbsp;Mit Hilfe des Personals organisiert sie regelm\u00e4\u00dfig Besuche bei der Tochter und f\u00fcrchtet, dass diese vor ihr sterben k\u00f6nnte. Mit ausgezeichneter Sehkraft, scharfem Humor und vielf\u00e4ltigen Interessen, sogar f\u00fcr die Bundespolitik, wird ihr nie langweilig.&nbsp;&nbsp;<\/p>\n\n\n\n<p>Jungen Menschen w\u00fcrde sie raten: \u201eLernen, lernen, lernen, alles hier hineinstecken\u201c (wobei sie auf ihren Kopf zeigt), \u201eWissen ist ein wertvoller Besitz, den euch niemand nehmen kann.\u201c&nbsp;&nbsp;<\/p>\n<\/div>\n<\/div>\n","protected":false},"excerpt":{"rendered":"<p>\u201eIch bin eine K\u00e4mpfernatur, ich habe meine Pr\u00fcfungen immer alleine gemeistert !\u201c\u00a0 Martha Scherrer wurde 1921 am Z\u00fcrichsee geboren. Ihr Vater betrieb ein kleines Gesch\u00e4ft, ihre Mutter stammte&hellip;<\/p>\n","protected":false},"author":1003048,"featured_media":0,"parent":0,"menu_order":0,"comment_status":"closed","ping_status":"closed","template":"","meta":{"_seopress_robots_primary_cat":"","_seopress_titles_title":"","_seopress_titles_desc":"","_seopress_robots_index":"","footnotes":""},"class_list":["post-6159","page","type-page","status-publish","has-post-thumbnail"],"_links":{"self":[{"href":"https:\/\/wp.unil.ch\/swiss100\/de\/wp-json\/wp\/v2\/pages\/6159","targetHints":{"allow":["GET"]}}],"collection":[{"href":"https:\/\/wp.unil.ch\/swiss100\/de\/wp-json\/wp\/v2\/pages"}],"about":[{"href":"https:\/\/wp.unil.ch\/swiss100\/de\/wp-json\/wp\/v2\/types\/page"}],"author":[{"embeddable":true,"href":"https:\/\/wp.unil.ch\/swiss100\/de\/wp-json\/wp\/v2\/users\/1003048"}],"replies":[{"embeddable":true,"href":"https:\/\/wp.unil.ch\/swiss100\/de\/wp-json\/wp\/v2\/comments?post=6159"}],"version-history":[{"count":5,"href":"https:\/\/wp.unil.ch\/swiss100\/de\/wp-json\/wp\/v2\/pages\/6159\/revisions"}],"predecessor-version":[{"id":7069,"href":"https:\/\/wp.unil.ch\/swiss100\/de\/wp-json\/wp\/v2\/pages\/6159\/revisions\/7069"}],"wp:attachment":[{"href":"https:\/\/wp.unil.ch\/swiss100\/de\/wp-json\/wp\/v2\/media?parent=6159"}],"curies":[{"name":"wp","href":"https:\/\/api.w.org\/{rel}","templated":true}]}}