{"id":6156,"date":"2025-12-10T11:02:55","date_gmt":"2025-12-10T10:02:55","guid":{"rendered":"https:\/\/wp.unil.ch\/swiss100\/rosa-pozzoni\/"},"modified":"2026-01-20T12:07:37","modified_gmt":"2026-01-20T11:07:37","slug":"rosa-pozzoni","status":"publish","type":"page","link":"https:\/\/wp.unil.ch\/swiss100\/de\/rosa-pozzoni\/","title":{"rendered":"Rosa Pozzoni"},"content":{"rendered":"\n<div class=\"wp-block-columns alignwide is-layout-flex wp-container-core-columns-is-layout-9d6595d7 wp-block-columns-is-layout-flex\">\n<div class=\"wp-block-column is-layout-flow wp-block-column-is-layout-flow\">\n<h4 class=\"wp-block-heading has-text-align-center\"><strong>\u201eWenn fr\u00f6hliche Stimmung herrscht, f\u00fchle ich mich j\u00fcnger, sonst bin ich eine kleine alte Frau.\u201c&nbsp;<\/strong>&nbsp;<\/h4>\n<\/div>\n<\/div>\n\n\n\n<div class=\"wp-block-columns alignwide is-layout-flex wp-container-core-columns-is-layout-9d6595d7 wp-block-columns-is-layout-flex\">\n<div class=\"wp-block-column is-layout-flow wp-block-column-is-layout-flow\">\n<figure class=\"wp-block-image size-large\"><img alt=\"\" loading=\"lazy\" decoding=\"async\" width=\"1024\" height=\"1024\" src=\"https:\/\/wp.unil.ch\/swiss100\/files\/2026\/01\/dsc_bozzini_04772-1024x1024.jpg\" alt=\"\" class=\"wp-image-6339\" srcset=\"https:\/\/wp.unil.ch\/swiss100\/files\/2026\/01\/dsc_bozzini_04772-1024x1024.jpg 1024w, https:\/\/wp.unil.ch\/swiss100\/files\/2026\/01\/dsc_bozzini_04772-300x300.jpg 300w, https:\/\/wp.unil.ch\/swiss100\/files\/2026\/01\/dsc_bozzini_04772-150x150.jpg 150w, https:\/\/wp.unil.ch\/swiss100\/files\/2026\/01\/dsc_bozzini_04772-768x768.jpg 768w, https:\/\/wp.unil.ch\/swiss100\/files\/2026\/01\/dsc_bozzini_04772-540x540.jpg 540w, https:\/\/wp.unil.ch\/swiss100\/files\/2026\/01\/dsc_bozzini_04772-1080x1080.jpg 1080w, https:\/\/wp.unil.ch\/swiss100\/files\/2026\/01\/dsc_bozzini_04772.jpg 1200w\" sizes=\"auto, (max-width: 1024px) 100vw, 1024px\" \/><figcaption class=\"wp-element-caption\">Alter auf dem Foto : 103<\/figcaption><\/figure>\n<\/div>\n\n\n\n<div class=\"wp-block-column is-layout-flow wp-block-column-is-layout-flow\">\n<p>Rosa Pozzoni wird 1920 in Mailand als \u00e4ltestes von drei Kindern geboren; ihre Mutter ist Besitzerin einer Schneiderei und ihr Vater Metallbauer. Nach ihrer Ausbildung zur Schneiderin h\u00e4tte sie gerne studiert, aber die Zeiten sind hart und sie muss ihrer Mutter in ihrem Laden helfen.<\/p>\n\n\n\n<p>1942 heiratet sie einen Tessiner, der in Mailand eine Bar besitzt; zusammen bekommen sie drei Kinder, auch wenn die beiden fr\u00fchgeborenen Zwillinge ihr erstes Lebensjahr nicht erreichen. Ihr Sohn hingegen ist noch immer an ihrer Seite. Das Familienleben von Rosa Pozzoni ist nicht einfach: die Arbeit im Schneiderladen ihrer Mutter, die Bar ihres Mannes, ein kleines Kind, um das sie sich k\u00fcmmern muss, und der Krieg. Sie erz\u00e4hlt bereitwillig von der Kriegszeit, wie sie mit ihrem damals neugeborenen Sohn in den Keller fl\u00fcchten musste, wenn die Sirenen die Flugzeuge ank\u00fcndigten. Die Beziehung zu ihrem Mann verschlechtert sich, und 1956 reicht Rosa Pozzoni die Scheidung ein, die sie jedoch erst nach dem Tod ihres Mannes 1957 erh\u00e4lt: Sie ist Witwe, bevor sie geschieden ist, und das machte damals einen gro\u00dfen Unterschied.<\/p>\n\n\n\n<p>Im selben Jahr beschlie\u00dft sie, das Gesch\u00e4ft, Freunde und Familie in Mailand zu verlassen und ins Tessin zu ziehen, um n\u00e4her bei ihrem Sohn zu sein, der ein Internat in Bellinzona besucht. Mit 37 Jahren er\u00f6ffnet Rosa Pozzoni ihr eigenes Schneideratelier in Bellinzona, lernt Deutsch und passt sich schnell an ihr neues Leben an: Sie er\u00f6ffnet weitere Gesch\u00e4fte, reist viel und bleibt sozial sehr aktiv. Mit 57 Jahren geht sie in Rente, bleibt aber nicht unt\u00e4tig: Sie widmet sich der Freiwilligenarbeit und engagiert sich in verschiedenen Projekten.<\/p>\n\n\n\n<p>Mit 98 Jahren lebt Rosa Pozzoni noch immer in ihrem Haus in Bellinzona. Obwohl sie seit 1993 sehbehindert ist, f\u00fchrt sie ein sehr aktives Leben. Im Jahr 2019 erleidet sie bei einem schweren Sturz einen Oberschenkelbruch und kommt direkt aus dem Krankenhaus ins Altenheim. Dort nimmt sie, solange es ihr Sehverm\u00f6gen und ihre H\u00e4nde zulassen, an allen angebotenen Aktivit\u00e4ten teil, strickt und h\u00e4kelt weiterhin: \u00abWenn es mir gut geht, mache ich alles, was ich zu tun habe; wenn nicht, h\u00f6re ich auf.\u00bb<\/p>\n\n\n\n<p>Mit 103 Jahren erz\u00e4hlt sie nicht mehr viel \u00fcber ihre Kindheit in Mailand, aber die Mitarbeiter des Altenheims, in dem sie lebt, konnten noch bis vor kurzem an ihren Erinnerungen teilhaben. F\u00fcr sie war das soziale Leben immer wichtig und eine Quelle des Wohlbefindens. Sie sagt: \u00abWenn Fr\u00f6hlichkeit herrscht, f\u00fchle ich mich j\u00fcnger, sonst bin ich eine kleine alte Frau.\u00bb<\/p>\n\n\n\n<p>Sie sp\u00fcrt das Alter nicht wirklich, es h\u00e4ngt von der Tagesform ab: \u00abMan geht einen Tag nach dem anderen voran. Wenn man uns dort nicht will, muss man hierbleiben und es so akzeptieren, wie es ist\u00bb, sagt sie lachend. Rosa Pozzoni hat keine besonderen Geheimnisse, die ihr langes Leben erkl\u00e4ren. \u00abVielleicht liegt es am Kaffee mit Grappa und dem rohen Ei, mit denen sie den Tag begann, bis sie ins Altenheim kam?\u00bb, scherzt ihr Sohn.<\/p>\n<\/div>\n<\/div>\n","protected":false},"excerpt":{"rendered":"<p>\u201eWenn fr\u00f6hliche Stimmung herrscht, f\u00fchle ich mich j\u00fcnger, sonst bin ich eine kleine alte Frau.\u201c&nbsp;&nbsp; Rosa Pozzoni wird 1920 in Mailand als \u00e4ltestes von drei Kindern geboren; ihre&hellip;<\/p>\n","protected":false},"author":1003049,"featured_media":0,"parent":0,"menu_order":0,"comment_status":"closed","ping_status":"closed","template":"","meta":{"_seopress_robots_primary_cat":"","_seopress_titles_title":"","_seopress_titles_desc":"","_seopress_robots_index":"","footnotes":""},"class_list":["post-6156","page","type-page","status-publish","has-post-thumbnail"],"_links":{"self":[{"href":"https:\/\/wp.unil.ch\/swiss100\/de\/wp-json\/wp\/v2\/pages\/6156","targetHints":{"allow":["GET"]}}],"collection":[{"href":"https:\/\/wp.unil.ch\/swiss100\/de\/wp-json\/wp\/v2\/pages"}],"about":[{"href":"https:\/\/wp.unil.ch\/swiss100\/de\/wp-json\/wp\/v2\/types\/page"}],"author":[{"embeddable":true,"href":"https:\/\/wp.unil.ch\/swiss100\/de\/wp-json\/wp\/v2\/users\/1003049"}],"replies":[{"embeddable":true,"href":"https:\/\/wp.unil.ch\/swiss100\/de\/wp-json\/wp\/v2\/comments?post=6156"}],"version-history":[{"count":4,"href":"https:\/\/wp.unil.ch\/swiss100\/de\/wp-json\/wp\/v2\/pages\/6156\/revisions"}],"predecessor-version":[{"id":6788,"href":"https:\/\/wp.unil.ch\/swiss100\/de\/wp-json\/wp\/v2\/pages\/6156\/revisions\/6788"}],"wp:attachment":[{"href":"https:\/\/wp.unil.ch\/swiss100\/de\/wp-json\/wp\/v2\/media?parent=6156"}],"curies":[{"name":"wp","href":"https:\/\/api.w.org\/{rel}","templated":true}]}}