{"id":6109,"date":"2025-12-09T13:42:40","date_gmt":"2025-12-09T12:42:40","guid":{"rendered":"https:\/\/wp.unil.ch\/swiss100\/?page_id=6109"},"modified":"2026-04-08T08:55:47","modified_gmt":"2026-04-08T06:55:47","slug":"jitka-polivka","status":"publish","type":"page","link":"https:\/\/wp.unil.ch\/swiss100\/de\/jitka-polivka\/","title":{"rendered":"Jitka\u00a0Polivka"},"content":{"rendered":"\n<div class=\"wp-block-columns alignwide is-layout-flex wp-container-core-columns-is-layout-9d6595d7 wp-block-columns-is-layout-flex\">\n<div class=\"wp-block-column is-layout-flow wp-block-column-is-layout-flow\">\n<h4 class=\"wp-block-heading has-text-align-center\"><strong><strong><strong>\u201ePflegt die Kameradschaft und die Solidarit\u00e4t, denn das ist es, was im Leben wirklich z\u00e4hlt.\u201c&nbsp;<\/strong><\/strong><\/strong><\/h4>\n<\/div>\n<\/div>\n\n\n\n<div class=\"wp-block-columns alignwide is-layout-flex wp-container-core-columns-is-layout-9d6595d7 wp-block-columns-is-layout-flex\">\n<div class=\"wp-block-column is-layout-flow wp-block-column-is-layout-flow\">\n<figure class=\"wp-block-image alignwide size-large\"><img alt=\"dsc00381\" loading=\"lazy\" decoding=\"async\" width=\"1024\" height=\"1024\" src=\"https:\/\/wp.unil.ch\/swiss100\/files\/2025\/12\/dsc00381-1024x1024.jpg\" alt=\"\" class=\"wp-image-6101\" srcset=\"https:\/\/wp.unil.ch\/swiss100\/files\/2025\/12\/dsc00381-1024x1024.jpg 1024w, https:\/\/wp.unil.ch\/swiss100\/files\/2025\/12\/dsc00381-300x300.jpg 300w, https:\/\/wp.unil.ch\/swiss100\/files\/2025\/12\/dsc00381-150x150.jpg 150w, https:\/\/wp.unil.ch\/swiss100\/files\/2025\/12\/dsc00381-768x768.jpg 768w, https:\/\/wp.unil.ch\/swiss100\/files\/2025\/12\/dsc00381-540x540.jpg 540w, https:\/\/wp.unil.ch\/swiss100\/files\/2025\/12\/dsc00381-1080x1080.jpg 1080w, https:\/\/wp.unil.ch\/swiss100\/files\/2025\/12\/dsc00381.jpg 1200w\" sizes=\"auto, (max-width: 1024px) 100vw, 1024px\" \/><figcaption class=\"wp-element-caption\">Alter auf dem Foto: 101 Jahre <\/figcaption><\/figure>\n<\/div>\n\n\n\n<div class=\"wp-block-column is-layout-flow wp-block-column-is-layout-flow\">\n<p><\/p>\n\n\n\n<p>Jitka Polivka wird 1921 in der damaligen Tschechoslowakei geboren. Als Einzelkind w\u00e4chst sie in Pardubice bei ihren liebevollen Grosseltern auf. In einer Zeit grosser politischer Umbr\u00fcche und gesellschaftlicher Ver\u00e4nderungen ist sie als Kind vielen Gefahren ausgesetzt, doch ihre Grosseltern geben ihr ein sicheres Zuhause. Ihre Mutter, eine strenge und hart arbeitende Privatk\u00f6chin f\u00fcr wohlhabende Familien, ist selten daheim. \u00abBabi\u010dka\u00bb (Grossm\u00fctterchen) und Grossvater sorgen aber daf\u00fcr, dass es der kleinen Jitka an nichts fehlt.<\/p>\n\n\n\n<p>Jitka Polivka erinnert sich gerne an ihre Schulzeit. Sie besucht zun\u00e4chst die Grundschule im Dorf, bevor sie f\u00fcr die weiterf\u00fchrende Schule t\u00e4glich drei Kilometer in die Stadt l\u00e4uft. Als Einzelkind, das seinen Vater seit ihrem dritten Lebensjahr nicht mehr gesehen hat, wird sie von ihrer Mutter und den Grosseltern umso mehr verw\u00f6hnt. Ihre Mutter lehnt Unterhaltszahlungen vom Vater ab und versorgt ihre Tochter durch ihre harte Arbeit alleine. Ihre Jugend ist unbeschwert; selbst nach der Besetzung durch die Nazis geht es ihr und ihrer Familie relativ gut.\u00a0<\/p>\n\n\n\n<p>Um der drohenden Zwangsarbeit in Nazi-Deutschland zu entkommen, heiratet Jitka Polivka mit 20 Jahren. Sie haben zwei Kinder, einen Sohn 1944 und eine Tochter 1947. Die Ehe ist nicht von Dauer, nach 12 Jahren kommt es zur Trennung. Sie bleibt erst einige Jahre alleine, konzentriert sich auf die Arbeit und ihre pers\u00f6nliche Unabh\u00e4ngigkeit, bevorsie ihren zweiten Mann, ihren damaligen Vorgesetzten, heiratet.<\/p>\n\n\n\n<p>W\u00e4hrend des Prager Fr\u00fchlings 1968 muss die Familie das Land verlassen und fl\u00fcchtet in die Schweiz. Jitka Polivka ist damals 47 Jahre alt. Das erste Jahr im Exil verbringen sie in Moutier, wo Polivka f\u00fcr Tornos arbeitet. Franz\u00f6sisch lernen f\u00e4llt ihr nicht leicht, aber drei Jahre sp\u00e4ter findet die Familie in Winterthur ein neues Zuhause und baut sich dort ein neues Leben auf.<\/p>\n\n\n\n<p>In der Schweiz f\u00fchrt sie \u00fcber viele Jahre ein zufriedenes Leben, bis ihr Mann im Jahr 2000 verstirbt. \u00abM\u00e4nner sterben immer dann, wenn man sie am meisten braucht\u00bb, bemerkt sie mit einer Spur von Melancholie in ihrer Stimme.&nbsp;<\/p>\n\n\n\n<p>Jitka Polivka f\u00fchrt ihr hohes Alter auf die Gene ihrer Familie zur\u00fcck \u2013ihre Mutter wurde fast 105 Jahre alt. Sich selbst bezeichnet sie gerne als phlegmatische Optimistin. Auch betont sie die Bedeutung einer gesunden Ern\u00e4hrung, des Verzichts auf Fast Food, Alkohol und Zigaretten.&nbsp;<\/p>\n\n\n\n<p>Sie hat gute Erinnerungen an ihre Erziehung, an die Werte, die ihr ihre Grossmutter vermittelt hat, und an die vielen Freundschaften, die ihr Leben bereichert haben. Umgeben von treuen Freunden, die sie jede Woche besuchen, f\u00fchrt sie ein ruhiges und ausgeglichenes Leben. Sie ist zufrieden.<\/p>\n\n\n\n<p>Auf die Frage nach ihrem hohen Alter antwortet sie mit Gewissheit: \u00abMl\u00e1d neum\u0159u\u00bb \u2013 Jung werde ich nicht mehr sterben.&nbsp;&nbsp;<\/p>\n<\/div>\n<\/div>\n","protected":false},"excerpt":{"rendered":"<p>\u201ePflegt die Kameradschaft und die Solidarit\u00e4t, denn das ist es, was im Leben wirklich z\u00e4hlt.\u201c&nbsp; Jitka Polivka wird 1921 in der damaligen Tschechoslowakei geboren. Als Einzelkind w\u00e4chst sie&hellip;<\/p>\n","protected":false},"author":1003048,"featured_media":0,"parent":0,"menu_order":0,"comment_status":"closed","ping_status":"closed","template":"","meta":{"_seopress_robots_primary_cat":"","_seopress_titles_title":"","_seopress_titles_desc":"","_seopress_robots_index":"","footnotes":""},"class_list":["post-6109","page","type-page","status-publish","has-post-thumbnail"],"_links":{"self":[{"href":"https:\/\/wp.unil.ch\/swiss100\/de\/wp-json\/wp\/v2\/pages\/6109","targetHints":{"allow":["GET"]}}],"collection":[{"href":"https:\/\/wp.unil.ch\/swiss100\/de\/wp-json\/wp\/v2\/pages"}],"about":[{"href":"https:\/\/wp.unil.ch\/swiss100\/de\/wp-json\/wp\/v2\/types\/page"}],"author":[{"embeddable":true,"href":"https:\/\/wp.unil.ch\/swiss100\/de\/wp-json\/wp\/v2\/users\/1003048"}],"replies":[{"embeddable":true,"href":"https:\/\/wp.unil.ch\/swiss100\/de\/wp-json\/wp\/v2\/comments?post=6109"}],"version-history":[{"count":4,"href":"https:\/\/wp.unil.ch\/swiss100\/de\/wp-json\/wp\/v2\/pages\/6109\/revisions"}],"predecessor-version":[{"id":7906,"href":"https:\/\/wp.unil.ch\/swiss100\/de\/wp-json\/wp\/v2\/pages\/6109\/revisions\/7906"}],"wp:attachment":[{"href":"https:\/\/wp.unil.ch\/swiss100\/de\/wp-json\/wp\/v2\/media?parent=6109"}],"curies":[{"name":"wp","href":"https:\/\/api.w.org\/{rel}","templated":true}]}}