{"id":4925,"date":"2025-09-26T15:02:16","date_gmt":"2025-09-26T13:02:16","guid":{"rendered":"https:\/\/wp.unil.ch\/swiss100\/?page_id=4925"},"modified":"2026-02-09T14:56:05","modified_gmt":"2026-02-09T13:56:05","slug":"germaine-graf","status":"publish","type":"page","link":"https:\/\/wp.unil.ch\/swiss100\/de\/germaine-graf\/","title":{"rendered":"Germaine Graf"},"content":{"rendered":"\n<div class=\"wp-block-columns alignwide is-layout-flex wp-container-core-columns-is-layout-9d6595d7 wp-block-columns-is-layout-flex\">\n<div class=\"wp-block-column is-vertically-aligned-center is-layout-flow wp-block-column-is-layout-flow\">\n<h4 class=\"wp-block-heading has-text-align-center\"><strong><strong><strong><strong>\u201e<\/strong>Geniesst Sie das Leben, umgebt euch euch mit Liebe!<\/strong><\/strong>\u201c\u00a0<\/strong><\/h4>\n<\/div>\n<\/div>\n\n\n\n<div class=\"wp-block-columns alignwide is-layout-flex wp-container-core-columns-is-layout-9d6595d7 wp-block-columns-is-layout-flex\">\n<div class=\"wp-block-column is-layout-flow wp-block-column-is-layout-flow\">\n<figure class=\"wp-block-image size-large\"><img alt=\"\" loading=\"lazy\" decoding=\"async\" width=\"1024\" height=\"1024\" src=\"https:\/\/wp.unil.ch\/swiss100\/files\/2025\/09\/swiss100_graf05457_fin-1024x1024.jpeg\" alt=\"\" class=\"wp-image-5078\" srcset=\"https:\/\/wp.unil.ch\/swiss100\/files\/2025\/09\/swiss100_graf05457_fin-1024x1024.jpeg 1024w, https:\/\/wp.unil.ch\/swiss100\/files\/2025\/09\/swiss100_graf05457_fin-300x300.jpeg 300w, https:\/\/wp.unil.ch\/swiss100\/files\/2025\/09\/swiss100_graf05457_fin-150x150.jpeg 150w, https:\/\/wp.unil.ch\/swiss100\/files\/2025\/09\/swiss100_graf05457_fin-768x768.jpeg 768w, https:\/\/wp.unil.ch\/swiss100\/files\/2025\/09\/swiss100_graf05457_fin-540x540.jpeg 540w, https:\/\/wp.unil.ch\/swiss100\/files\/2025\/09\/swiss100_graf05457_fin-1080x1080.jpeg 1080w, https:\/\/wp.unil.ch\/swiss100\/files\/2025\/09\/swiss100_graf05457_fin.jpeg 1200w\" sizes=\"auto, (max-width: 1024px) 100vw, 1024px\" \/><figcaption class=\"wp-element-caption\">Alter auf dem Foto: 104 Jahre<\/figcaption><\/figure>\n<\/div>\n\n\n\n<div class=\"wp-block-column is-layout-flow wp-block-column-is-layout-flow\">\n<p>Germaine Graf wird 1919 in Morges geboren. Sie w\u00e4chst zusammen mit ihren drei Schwestern auf und erlebt eine gl\u00fcckliche Kindheit in einer f\u00fcrsorglichen und liebevollen Familie. Die Eltern legen Wert darauf, ihren T\u00f6chtern eine gute Ausbildung zu erm\u00f6glichen.<\/p>\n\n\n\n<p>Germaine Graf entscheidet sich, Modistin zu werden, ein Beruf, der sie erf\u00fcllt. Sie ist begabt und sehr engagiert in ihrer Ausbildung. Sie gewinnt einen Preis f\u00fcr hervorragende Leistungen in der Berufsschule. Sie wird sogar einen Hut f\u00fcr die Ehefrau von General Guisan kreieren! In der Freizeit singt sie im Chor, nimmt an kantonalen Festen teil, begeistert sich f\u00fcr Stickerei. Diese Zeit ist gepr\u00e4gt von Freude, von Austausch, von Familientreffen, von Konzerten, Musik und Gesang. In diesen Jahren begegnet sie auch ihrem zuk\u00fcnftigen Ehemann.<\/p>\n\n\n\n<p>1944 heiratet das Paar, Germaine Graf ist 25 Jahre alt. Zwei Jahre sp\u00e4ter ist sie Mutter von zwei Kindern. Die Ehe ist von einer tiefen Liebe gepr\u00e4gt und wird 60 Jahre dauern. Die Familie lebt im Respekt vor dem Glauben, mit Freude an der Arbeit und in der Liebe zum N\u00e4chsten. Germaine Graf ist es seit jeher wichtig, um jeden Preis dankbar zu sein. Sie sch\u00e4tzt alles, was ihr das Leben schenkt. Sie beh\u00e4lt eine positive Haltung trotz allem, selbst w\u00e4hrend des Krieges, in diesen dunklen Jahren, wenn sie manchmal die Traurigkeit \u00fcberkommt und die Zukunft ihrer Kinder gef\u00e4hrdet scheint. Der Chor und ihr Freundeskreis helfen ihr, fr\u00f6hlich zu bleiben und das Familiengleichgewicht zu bewahren.<\/p>\n\n\n\n<p>Sie muss bis zum Alter von 52 Jahren warten, um das Wahlrecht zu erhalten, aber ihre Unabh\u00e4ngigkeit findet sie in anderen Bereichen. Die Ver\u00e4nderungen in der Welt begeistern sie: der technische Fortschritt, die Luftfahrt, die Ankunft des K\u00fchlschranks in ihrem Leben, der Fernseher und seine Auswirkung auf die Gesellschaft\u2026 So viele Neuerungen in einem so langen Leben!<\/p>\n\n\n\n<p>Bis \u00fcber ihr 68. Lebensjahr hinaus arbeitet sie zusammen mit ihrem Mann im Coiffeursalon am Chauderon Platz in Lausanne. Sie begr\u00fcsst die Kunden, k\u00fcmmert sich um Lehrlinge und Mitarbeiter. In schwierigen Jahren ziehen sie es vor, ihre Angestellten zu Weihnachten zu beschenken, statt sich selbst etwas zu leisten. F\u00fcr Germaine Graf sind Integrit\u00e4t und Dankbarkeit gegen\u00fcber anderen grundlegend in ihrem Beruf.<\/p>\n\n\n\n<p>Germaine Graf h\u00e4tte sich nie vorstellen k\u00f6nnen, so lange zu leben. Vielleicht hat ihre positive Einstellung dazu beigetragen. Viel Sport hat sie nie betrieben, doch sie achtet stets auf gute Ern\u00e4hrung und f\u00fchrt ein Leben voller Wohlwollen und Liebe zu ihren Mitmenschen.<\/p>\n\n\n\n<p>Mit 105 Jahren wohnt Germaine Graf im Pflegeheim B\u00e9thanie in Lausanne. Sie lebt dort seit drei Jahren und findet dies eine gute L\u00f6sung, damit ihre Kinder ein eigenes Leben haben k\u00f6nnen. Ihre Familie besucht sie regelm\u00e4ssig. Jeden Sonntag ist sie bei ihrer Tochter und dem Schwiegersohn zum Mittagessen. Auch die Kinder von verstorbenen Freunden und Angestellten besuchen sie. In dieser wohlwollenden Umgebung, umgeben von einem f\u00fcrsorglichen Personal, wird ihr erneut bewusst, wie viel Gl\u00fcck sie hat. Der Tod beunruhigt sie nicht. Die Tage sind aktiv: Sie nimmt an der Gymnastikgruppe teil und singt im Chor. Den jungen Menschen r\u00e4t sie: \u00abGeniesst das Leben, umgebt euch mit Liebe!\u00bb<\/p>\n<\/div>\n<\/div>\n","protected":false},"excerpt":{"rendered":"<p>\u201eGeniesst Sie das Leben, umgebt euch euch mit Liebe!\u201c\u00a0 Germaine Graf wird 1919 in Morges geboren. Sie w\u00e4chst zusammen mit ihren drei Schwestern auf und erlebt eine gl\u00fcckliche&hellip;<\/p>\n","protected":false},"author":1003048,"featured_media":0,"parent":0,"menu_order":0,"comment_status":"closed","ping_status":"closed","template":"","meta":{"_seopress_robots_primary_cat":"","_seopress_titles_title":"","_seopress_titles_desc":"","_seopress_robots_index":"","footnotes":""},"class_list":["post-4925","page","type-page","status-publish","has-post-thumbnail"],"_links":{"self":[{"href":"https:\/\/wp.unil.ch\/swiss100\/de\/wp-json\/wp\/v2\/pages\/4925","targetHints":{"allow":["GET"]}}],"collection":[{"href":"https:\/\/wp.unil.ch\/swiss100\/de\/wp-json\/wp\/v2\/pages"}],"about":[{"href":"https:\/\/wp.unil.ch\/swiss100\/de\/wp-json\/wp\/v2\/types\/page"}],"author":[{"embeddable":true,"href":"https:\/\/wp.unil.ch\/swiss100\/de\/wp-json\/wp\/v2\/users\/1003048"}],"replies":[{"embeddable":true,"href":"https:\/\/wp.unil.ch\/swiss100\/de\/wp-json\/wp\/v2\/comments?post=4925"}],"version-history":[{"count":5,"href":"https:\/\/wp.unil.ch\/swiss100\/de\/wp-json\/wp\/v2\/pages\/4925\/revisions"}],"predecessor-version":[{"id":7039,"href":"https:\/\/wp.unil.ch\/swiss100\/de\/wp-json\/wp\/v2\/pages\/4925\/revisions\/7039"}],"wp:attachment":[{"href":"https:\/\/wp.unil.ch\/swiss100\/de\/wp-json\/wp\/v2\/media?parent=4925"}],"curies":[{"name":"wp","href":"https:\/\/api.w.org\/{rel}","templated":true}]}}