{"id":4920,"date":"2025-09-26T14:59:40","date_gmt":"2025-09-26T12:59:40","guid":{"rendered":"https:\/\/wp.unil.ch\/swiss100\/?page_id=4920"},"modified":"2026-03-10T16:03:36","modified_gmt":"2026-03-10T15:03:36","slug":"yvette-helfer","status":"publish","type":"page","link":"https:\/\/wp.unil.ch\/swiss100\/de\/yvette-helfer\/","title":{"rendered":"Yvette Helfer"},"content":{"rendered":"\n<div class=\"wp-block-columns alignwide is-layout-flex wp-container-core-columns-is-layout-9d6595d7 wp-block-columns-is-layout-flex\">\n<div class=\"wp-block-column is-vertically-aligned-center is-layout-flow wp-block-column-is-layout-flow\">\n<h4 class=\"wp-block-heading has-text-align-center\"><strong>\u201eFrieden f\u00f6rdern, sich f\u00fcr Solidarit\u00e4t einsetzen und das Leben lieben.\u201c<\/strong>\u00a0<\/h4>\n<\/div>\n<\/div>\n\n\n\n<div class=\"wp-block-columns alignwide is-layout-flex wp-container-core-columns-is-layout-9d6595d7 wp-block-columns-is-layout-flex\">\n<div class=\"wp-block-column is-layout-flow wp-block-column-is-layout-flow\">\n<figure class=\"wp-block-image size-large\"><img alt=\"\" loading=\"lazy\" decoding=\"async\" width=\"1024\" height=\"1024\" src=\"https:\/\/wp.unil.ch\/swiss100\/files\/2025\/09\/dsc07035helfer_fin-1024x1024.jpeg\" alt=\"\" class=\"wp-image-5066\" srcset=\"https:\/\/wp.unil.ch\/swiss100\/files\/2025\/09\/dsc07035helfer_fin-1024x1024.jpeg 1024w, https:\/\/wp.unil.ch\/swiss100\/files\/2025\/09\/dsc07035helfer_fin-300x300.jpeg 300w, https:\/\/wp.unil.ch\/swiss100\/files\/2025\/09\/dsc07035helfer_fin-150x150.jpeg 150w, https:\/\/wp.unil.ch\/swiss100\/files\/2025\/09\/dsc07035helfer_fin-768x768.jpeg 768w, https:\/\/wp.unil.ch\/swiss100\/files\/2025\/09\/dsc07035helfer_fin-540x540.jpeg 540w, https:\/\/wp.unil.ch\/swiss100\/files\/2025\/09\/dsc07035helfer_fin-1080x1080.jpeg 1080w, https:\/\/wp.unil.ch\/swiss100\/files\/2025\/09\/dsc07035helfer_fin.jpeg 1200w\" sizes=\"auto, (max-width: 1024px) 100vw, 1024px\" \/><figcaption class=\"wp-element-caption\">Alter auf dem Foto: 102 Jahre<\/figcaption><\/figure>\n<\/div>\n\n\n\n<div class=\"wp-block-column is-layout-flow wp-block-column-is-layout-flow\">\n<p>Yvette Helfer wird 1921 in Vallorbe geboren. Als Einzelkind liebt sie die Schule, besonders die franz\u00f6sische Literatur und die Sprachen. Nach ihrer Schulzeit beginnt sie zun\u00e4chst eine Lehre als B\u00fcroangestellte, bevor sie als Telefonistin-Telegrafistin angestellt wird. Der Krieg bricht aus, Vallorbe liegt am Grenzposten, und die Verbindungen sind sehr dringend und wichtig. Gerade in der Telefonzentrale von Vallorbe erh\u00e4lt sie einen Anruf, der ihr Leben ver\u00e4ndern wird: den eines Leutnants, der im Fort Pr\u00e9-Girou mobilisiert ist. Eines Abends ruft er sie an und, bezaubert von ihrer Stimme, bittet er sie, noch einen Moment in der Leitung zu bleiben. Das Gespr\u00e4ch dauert an, leicht und vertraut, bis er ihr vorschl\u00e4gt, sich zu treffen. Sie fahren nach Lausanne hinunter und verbringen einen wundersch\u00f6nen Tag in Ouchy. Kurz darauf erh\u00e4lt sie einen Brief, der Beginn einer Liebesgeschichte, die 72 Jahre dauern wird.&nbsp;&nbsp;<\/p>\n\n\n\n<p>Optimistisch und verliebt heiraten sie mitten im Krieg und bauen eine feste Verbindung auf, gegr\u00fcndet auf gegenseitigem Respekt und Unabh\u00e4ngigkeit. 1951 lassen sie sich in Lausanne nieder, wo sie ihre zwei Kinder, Michel und Jocelyne, erziehen, die sie tief liebt.&nbsp;&nbsp;<\/p>\n\n\n\n<p>Nach der Geburt ihrer Kinder engagiert sich Yvette Helfer im Ehrenamt. Sie begleitet junge Frauen, die ihre Kinder nach der Geburt in der Entbindungsklinik nicht behalten k\u00f6nnen, und gr\u00fcndet dann mit einer Freundin das Vestiaire de Terre des Hommes. Mit 50 Jahren nimmt sie ihre Arbeit als Telefonistin in der Telefonzentrale von Lausanne im internationalen Auskunftsdienst wieder auf. Ihre Kenntnisse des Deutschen, Italienischen und Englischen sind ihr dabei sehr n\u00fctzlich.&nbsp;<\/p>\n\n\n\n<p>Nach ihrer Pensionierung engagiert sie sich an der Seite ihrer Tochter, die Pfarrerin ist, in der Lebensmittelausgabe f\u00fcr Drogenabh\u00e4ngige und Bed\u00fcrftige im Rahmen der Kirchgemeinde St-Laurent. Sie \u00fcbernimmt die Verantwortung daf\u00fcr bis 2004.&nbsp;<\/p>\n\n\n\n<p>Als freie und gesellige Frau, tief ber\u00fchrt vom Leid anderer, engagiert sich Yvette Helfer auch politisch, indem sie als Basisaktivistin an der Gr\u00fcndung des \u201eGroupement pour la protection de l\u2019environnement\u201c mit Daniel Br\u00e9laz teilnimmt, das sp\u00e4ter zu den Gr\u00fcnen wird.&nbsp;&nbsp;<\/p>\n\n\n\n<p>Mit den Jahren verschlechtert sich der Gesundheitszustand ihres Mannes; mehrere St\u00fcrze machen das Leben schwieriger. Sie k\u00fcmmert sich mit Hingabe um ihn bis zu seinem Tod im Jahr 2016. Sein Tod ist eine gro\u00dfe Pr\u00fcfung. Im Alter von 95 Jahren beschlie\u00dft sie dann, zu ihrer Tochter zu ziehen.&nbsp;&nbsp;<\/p>\n\n\n\n<p>F\u00fcr Yvette Helfer war es immer wesentlich, im Einklang mit ihren \u00dcberzeugungen zu leben. Sie wei\u00df, wie sehr eine klare und optimistische Sicht die Kraft geben kann, dunkle Zeiten zu \u00fcberstehen. Sie schreibt \u00fcbrigens ihre Langlebigkeit ihrer Lebensfreude zu. Mit 102 Jahren betrachtet sie ihr Alter als eine \u00dcberraschung: weder als Geschenk noch als Last.&nbsp;&nbsp;<\/p>\n\n\n\n<p>Nach einem Leben, reich an Erfahrungen, Reisen und sozialem Engagement, hinterl\u00e4sst Yvette Helfer ein Erbe starker \u00dcberzeugungen und der Liebe.&nbsp;<\/p>\n<\/div>\n<\/div>\n","protected":false},"excerpt":{"rendered":"<p>\u201eFrieden f\u00f6rdern, sich f\u00fcr Solidarit\u00e4t einsetzen und das Leben lieben.\u201c\u00a0 Yvette Helfer wird 1921 in Vallorbe geboren. Als Einzelkind liebt sie die Schule, besonders die franz\u00f6sische Literatur und&hellip;<\/p>\n","protected":false},"author":1003048,"featured_media":0,"parent":0,"menu_order":0,"comment_status":"closed","ping_status":"closed","template":"","meta":{"_seopress_robots_primary_cat":"","_seopress_titles_title":"","_seopress_titles_desc":"","_seopress_robots_index":"","footnotes":""},"class_list":["post-4920","page","type-page","status-publish","has-post-thumbnail"],"_links":{"self":[{"href":"https:\/\/wp.unil.ch\/swiss100\/de\/wp-json\/wp\/v2\/pages\/4920","targetHints":{"allow":["GET"]}}],"collection":[{"href":"https:\/\/wp.unil.ch\/swiss100\/de\/wp-json\/wp\/v2\/pages"}],"about":[{"href":"https:\/\/wp.unil.ch\/swiss100\/de\/wp-json\/wp\/v2\/types\/page"}],"author":[{"embeddable":true,"href":"https:\/\/wp.unil.ch\/swiss100\/de\/wp-json\/wp\/v2\/users\/1003048"}],"replies":[{"embeddable":true,"href":"https:\/\/wp.unil.ch\/swiss100\/de\/wp-json\/wp\/v2\/comments?post=4920"}],"version-history":[{"count":5,"href":"https:\/\/wp.unil.ch\/swiss100\/de\/wp-json\/wp\/v2\/pages\/4920\/revisions"}],"predecessor-version":[{"id":7340,"href":"https:\/\/wp.unil.ch\/swiss100\/de\/wp-json\/wp\/v2\/pages\/4920\/revisions\/7340"}],"wp:attachment":[{"href":"https:\/\/wp.unil.ch\/swiss100\/de\/wp-json\/wp\/v2\/media?parent=4920"}],"curies":[{"name":"wp","href":"https:\/\/api.w.org\/{rel}","templated":true}]}}