{"id":4916,"date":"2025-09-26T14:56:04","date_gmt":"2025-09-26T12:56:04","guid":{"rendered":"https:\/\/wp.unil.ch\/swiss100\/?page_id=4916"},"modified":"2026-02-09T15:32:10","modified_gmt":"2026-02-09T14:32:10","slug":"hans-widmer","status":"publish","type":"page","link":"https:\/\/wp.unil.ch\/swiss100\/de\/hans-widmer\/","title":{"rendered":"Hans Widmer"},"content":{"rendered":"\n<div class=\"wp-block-columns alignwide are-vertically-aligned-center is-layout-flex wp-container-core-columns-is-layout-9d6595d7 wp-block-columns-is-layout-flex\">\n<div class=\"wp-block-column is-vertically-aligned-center is-layout-flow wp-block-column-is-layout-flow\">\n<h4 class=\"wp-block-heading has-text-align-center\"><strong><strong><strong>\u201e<\/strong><\/strong>Man muss unbedingt aus der Vergangenheit lernen und darf nicht die gleichen Fehler wiederholen.\u201c\u00a0<\/strong><\/h4>\n<\/div>\n<\/div>\n\n\n\n<div class=\"wp-block-columns alignwide is-layout-flex wp-container-core-columns-is-layout-9d6595d7 wp-block-columns-is-layout-flex\">\n<div class=\"wp-block-column is-layout-flow wp-block-column-is-layout-flow\">\n<figure class=\"wp-block-image size-large\"><img alt=\"\" loading=\"lazy\" decoding=\"async\" width=\"1024\" height=\"1024\" src=\"https:\/\/wp.unil.ch\/swiss100\/files\/2025\/09\/dsc06735widmer_fin-1024x1024.jpeg\" alt=\"\" class=\"wp-image-5054\" srcset=\"https:\/\/wp.unil.ch\/swiss100\/files\/2025\/09\/dsc06735widmer_fin-1024x1024.jpeg 1024w, https:\/\/wp.unil.ch\/swiss100\/files\/2025\/09\/dsc06735widmer_fin-300x300.jpeg 300w, https:\/\/wp.unil.ch\/swiss100\/files\/2025\/09\/dsc06735widmer_fin-150x150.jpeg 150w, https:\/\/wp.unil.ch\/swiss100\/files\/2025\/09\/dsc06735widmer_fin-768x768.jpeg 768w, https:\/\/wp.unil.ch\/swiss100\/files\/2025\/09\/dsc06735widmer_fin-540x540.jpeg 540w, https:\/\/wp.unil.ch\/swiss100\/files\/2025\/09\/dsc06735widmer_fin-1080x1080.jpeg 1080w, https:\/\/wp.unil.ch\/swiss100\/files\/2025\/09\/dsc06735widmer_fin.jpeg 1200w\" sizes=\"auto, (max-width: 1024px) 100vw, 1024px\" \/><figcaption class=\"wp-element-caption\">Alter auf dem Foto: 101 Jahre<\/figcaption><\/figure>\n<\/div>\n\n\n\n<div class=\"wp-block-column is-layout-flow wp-block-column-is-layout-flow\">\n<p>Hans Widmer wird 1922 als Sohn eines Lehrers im Appenzeller Land geboren. In seinem Dorf gibt es viele Arbeitslose, weil der Textilexport zu dieser Zeit stagniert. Seine Familie wird um den Lohn des Vaters beneidet. Als Sch\u00fcler ist Hans Widmer ehrgeizig und sprachlich begabt. W\u00e4hrend der Zeit am Gymnasium verdient er sich Taschengeld dazu, indem er f\u00fcr reiche Mitsch\u00fcler Aufs\u00e4tze schreibt.&nbsp;&nbsp;<\/p>\n\n\n\n<p>Wie der Vater wird er ebenfalls Lehrer. Nach seiner Ausbildung zum Sekundarschullehrer an der Universit\u00e4t Z\u00fcrich findet er eine Festanstellung an einer Sekundarschule im Kanton Baselland, wo er Sprachen und Geschichte unterrichtet. Nach 12 Jahren wechselt er an die Berufe und Frauenfachschule in Basel. Er wird Vorsteher der Abteilung Gewerbliche Berufsschule und fungiert als Bindeglied zwischen Schule und Lehrbetrieben. Zu dieser Zeit lernt er seine sp\u00e4tere Ehefrau kennen, mit der er sein Leben lang gl\u00fccklich verheiratet bleibt.&nbsp;&nbsp;<\/p>\n\n\n\n<p>Hans Widmer wird im Laufe seines Lebens Zeuge von tiefgreifenden sozialen Ver\u00e4nderungen und historischen Ereignisse, die ihm im Ged\u00e4chtnis bleiben. Zum Beispiel den Generalstreik von 1948, der mit milit\u00e4rischen Ausschreitungen und tragischen Verlusten verbunden ist. Oder die Ereignisse des Zweiten Weltkriegs: So erinnert er sich sehr detailliert an den Tag des Waffenstillstandes am 1. Mai 1945. Als Student erlebt er das Ende der Nazizeit und das kollektive Aufatmen nach dem Krieg. Er beschreibt das Jahrzehnt nach dem Krieg als eines der besten seines Lebens.&nbsp;&nbsp;<\/p>\n\n\n\n<p>100-j\u00e4hrig zu werden war nie ein pers\u00f6nliches Ziel von Hans Widmer. Das Leben ist f\u00fcr ihn ein Geschenk und er habe stets versucht, das Beste daraus zu machen. Trotz aller Herausforderungen bewahrt er sich seine optimistische Lebenseinstellung, seine tiefe Verbundenheit zur Natur und seine Leidenschaft f\u00fcr Literatur.&nbsp; Widmer ern\u00e4hrt sich ausgewogen, lebt seit jeher ohne Exzesse und hat sich immer viel bewegt. Mit dem Blick auf den S\u00e4ntis aufgewachsen, hat er eine grosse Liebe f\u00fcr die Berge. Zusammen mit seiner Ehefrau hat er jede erdenkliche Wanderung in der Schweiz gemacht.&nbsp;&nbsp;<\/p>\n\n\n\n<p>Das ganze Leben sei eine Reihe von Lektionen, meint Hans Widmer und betont, dass er immer schon sein Wissen weitergeben wollte. Zu einer kleinen Gruppe von ehemaligen Sch\u00fclern aus der Sekundarschulzeit hat er heute noch regelm\u00e4ssigen Kontakt und trifft sich einmal im Monat zu Gedankenaustausch und Mittagessen.<\/p>\n\n\n\n<p>Auch im hohen Alters h\u00e4lt er sich \u00fcber das Weltgeschehen und den Klimawandel auf dem Laufenden und sorgt sich um die Zukunft seiner beiden T\u00f6chter. Als 100-J\u00e4hriger habe er schon viele Ver\u00e4nderungen miterlebt und weitere sind zu erwarten. Aus Erfahrung kann er nur raten, dass man flexibel und offen mit den Ver\u00e4nderungen der Welt \u00abmitrudern\u00bb soll, sich aber auch gegen Ver\u00e4nderungen wehren muss, die nicht gut sind. Unbedingt sollte man aus der Vergangenheit lernen und nicht die gleichen Fehler erneut begehen.&nbsp;<\/p>\n<\/div>\n<\/div>\n","protected":false},"excerpt":{"rendered":"<p>\u201eMan muss unbedingt aus der Vergangenheit lernen und darf nicht die gleichen Fehler wiederholen.\u201c\u00a0 Hans Widmer wird 1922 als Sohn eines Lehrers im Appenzeller Land geboren. In seinem&hellip;<\/p>\n","protected":false},"author":1003048,"featured_media":0,"parent":0,"menu_order":0,"comment_status":"closed","ping_status":"closed","template":"","meta":{"_seopress_robots_primary_cat":"","_seopress_titles_title":"","_seopress_titles_desc":"","_seopress_robots_index":"","footnotes":""},"class_list":["post-4916","page","type-page","status-publish","has-post-thumbnail"],"_links":{"self":[{"href":"https:\/\/wp.unil.ch\/swiss100\/de\/wp-json\/wp\/v2\/pages\/4916","targetHints":{"allow":["GET"]}}],"collection":[{"href":"https:\/\/wp.unil.ch\/swiss100\/de\/wp-json\/wp\/v2\/pages"}],"about":[{"href":"https:\/\/wp.unil.ch\/swiss100\/de\/wp-json\/wp\/v2\/types\/page"}],"author":[{"embeddable":true,"href":"https:\/\/wp.unil.ch\/swiss100\/de\/wp-json\/wp\/v2\/users\/1003048"}],"replies":[{"embeddable":true,"href":"https:\/\/wp.unil.ch\/swiss100\/de\/wp-json\/wp\/v2\/comments?post=4916"}],"version-history":[{"count":5,"href":"https:\/\/wp.unil.ch\/swiss100\/de\/wp-json\/wp\/v2\/pages\/4916\/revisions"}],"predecessor-version":[{"id":7052,"href":"https:\/\/wp.unil.ch\/swiss100\/de\/wp-json\/wp\/v2\/pages\/4916\/revisions\/7052"}],"wp:attachment":[{"href":"https:\/\/wp.unil.ch\/swiss100\/de\/wp-json\/wp\/v2\/media?parent=4916"}],"curies":[{"name":"wp","href":"https:\/\/api.w.org\/{rel}","templated":true}]}}