{"id":4912,"date":"2025-09-26T14:52:21","date_gmt":"2025-09-26T12:52:21","guid":{"rendered":"https:\/\/wp.unil.ch\/swiss100\/?page_id=4912"},"modified":"2026-01-20T12:14:56","modified_gmt":"2026-01-20T11:14:56","slug":"matilda-von-dardel","status":"publish","type":"page","link":"https:\/\/wp.unil.ch\/swiss100\/de\/matilda-von-dardel\/","title":{"rendered":"Matilda Von Dardel"},"content":{"rendered":"\n<div class=\"wp-block-columns alignwide is-layout-flex wp-container-core-columns-is-layout-9d6595d7 wp-block-columns-is-layout-flex\">\n<div class=\"wp-block-column is-vertically-aligned-center is-layout-flow wp-block-column-is-layout-flow\">\n<h4 class=\"wp-block-heading has-text-align-center\"><strong>\u201eWagen, das zu tun, was man liebt, ungeachtet der eigenen \u00c4ngste, die Seele durch Kultur zu n\u00e4hren und niemals aufzuh\u00f6ren, neugierig zu sein, sich zu interessieren, Fragen zu stellen.\u201c<\/strong>&nbsp;<\/h4>\n<\/div>\n<\/div>\n\n\n\n<div class=\"wp-block-columns alignwide is-layout-flex wp-container-core-columns-is-layout-9d6595d7 wp-block-columns-is-layout-flex\">\n<div class=\"wp-block-column is-layout-flow wp-block-column-is-layout-flow\">\n<figure class=\"wp-block-image size-large\"><img alt=\"\" loading=\"lazy\" decoding=\"async\" width=\"1024\" height=\"1024\" src=\"https:\/\/wp.unil.ch\/swiss100\/files\/2025\/09\/dsc06633vondardel_fin-1024x1024.jpeg\" alt=\"\" class=\"wp-image-5050\" srcset=\"https:\/\/wp.unil.ch\/swiss100\/files\/2025\/09\/dsc06633vondardel_fin-1024x1024.jpeg 1024w, https:\/\/wp.unil.ch\/swiss100\/files\/2025\/09\/dsc06633vondardel_fin-300x300.jpeg 300w, https:\/\/wp.unil.ch\/swiss100\/files\/2025\/09\/dsc06633vondardel_fin-150x150.jpeg 150w, https:\/\/wp.unil.ch\/swiss100\/files\/2025\/09\/dsc06633vondardel_fin-768x768.jpeg 768w, https:\/\/wp.unil.ch\/swiss100\/files\/2025\/09\/dsc06633vondardel_fin-540x540.jpeg 540w, https:\/\/wp.unil.ch\/swiss100\/files\/2025\/09\/dsc06633vondardel_fin-1080x1080.jpeg 1080w, https:\/\/wp.unil.ch\/swiss100\/files\/2025\/09\/dsc06633vondardel_fin.jpeg 1200w\" sizes=\"auto, (max-width: 1024px) 100vw, 1024px\" \/><figcaption class=\"wp-element-caption\">Alter auf dem Foto: 101 Jahre<\/figcaption><\/figure>\n<\/div>\n\n\n\n<div class=\"wp-block-column is-layout-flow wp-block-column-is-layout-flow\">\n<p>Matilda von Dardel wird im Jahr 1922 in Stockholm geboren. Sie w\u00e4chst in einer Familie auf, in der Kunst und Kultur allgegenw\u00e4rtig sind. Ihre amerikanischen Mutter arbeitet als \u00dcbersetzerin und ihr schwedischen Vater ist Maler. Als Einzelkind tr\u00e4umt sie davon, ihre Freuden und Sorgen mit Geschwistern zu teilen. So bildet sie sich in der Schule einen kleinen, aber wertvollen Freundeskreis, wobei sie Qualit\u00e4t der Quantit\u00e4t vorzieht.&nbsp;<\/p>\n\n\n\n<p>Ihre Sommer verbringt Matilda von Dardel in der Ruhe D\u00e4nemarks, bei ihrer Grossmutter, einer zentralen m\u00fctterlichen Figur. Die beiden lesen und malen viel. Diese Sommer, so sagt sie, haben ihre Entwicklung stark beeinflusst.&nbsp;<\/p>\n\n\n\n<p>Auch die k\u00fcnstlerische Sensibilit\u00e4t, die sie von ihrem Vater geerbt hat, pr\u00e4gt Matilda von Dardel und sie begeistert sich schon fr\u00fch f\u00fcr Kunst. Sie begleitet ihren Vater in Museen und entwickelt eine ausgepr\u00e4gte Vorliebe f\u00fcr die Form, insbesondere in der Bildhauerei. Doch im Bewusstsein der wirtschaftlichen und sozialen Schwierigkeiten, die ein K\u00fcnstlerinnenleben gerade f\u00fcr eine Frau mit sich bringt, w\u00e4hlt sie den Weg der Stabilit\u00e4t, indem sie einen Physiker heiratet. Diese Entscheidung schm\u00e4lert jedoch nicht ihre Liebe zur Kunst, die im Lauf der Jahre weiterhin einen zentralen Platz in ihrem Leben einnimmt.&nbsp;<\/p>\n\n\n\n<p>Ihren Mann lernt sie \u00fcber amerikanische Freunde in Stockholm kennen. Dort leben sie f\u00fcnf Jahre, bevor sie 1954 in die Schweiz ziehen, in die N\u00e4he des Genfer Flughafens. Er arbeitet am CERN, sie verbringt ihre Zeit an der Kunsthochschule. Gemeinsam haben sie zwei T\u00f6chter und teilen die Liebe zur Natur \u2013 bis hin zu einer Tour zum Mont Blanc, den sie in einer Woche gemeinsam umrunden.&nbsp;<\/p>\n\n\n\n<p>Das Leben von Matilda von Dardel nimmt eine unerwartete Wendung an dem Tag, an dem sie sich mit Freunden an Bord eines Flugzeugs befindet, das abst\u00fcrzt. Sie ist die einzige \u00dcberlebende dieses Ungl\u00fccks. Dieses Erlebnis ver\u00e4ndert ihr Verh\u00e4ltnis zu Leben und Tod\u202f: Sie ist nun \u00fcberzeugt, dass man keine Angst vor dem Tod haben sollte; sie betrachtet ihn als \u201eein wunderbares Licht, das keine Lust macht, auf die Erde zur\u00fcckzukehren\u201c.&nbsp;<\/p>\n\n\n\n<p>Matilda von Dardel schreibt ihre Langlebigkeit den langen Bergwanderungen, der sportlichen Aktivit\u00e4t, ihrer Anpassungsf\u00e4higkeit und der ihrer Leidenschaft f\u00fcr die Kultur zu. Ob sie ihr langes Leben als Geschenk empfindet kann sie nicht sage. Auch wenn sie oft m\u00fcde ist, f\u00fchlt sie sich vom Gl\u00fcck umgeben. Sie ist gl\u00fccklich mit 101 Jahren noch in ihrer Wohnung leben zu k\u00f6nnen, wo sie Geborgenheit, Freunde und ihren wohlverdienten Frieden findet.&nbsp;&nbsp;<\/p>\n<\/div>\n<\/div>\n","protected":false},"excerpt":{"rendered":"<p>\u201eWagen, das zu tun, was man liebt, ungeachtet der eigenen \u00c4ngste, die Seele durch Kultur zu n\u00e4hren und niemals aufzuh\u00f6ren, neugierig zu sein, sich zu interessieren, Fragen zu&hellip;<\/p>\n","protected":false},"author":1003048,"featured_media":0,"parent":0,"menu_order":0,"comment_status":"closed","ping_status":"closed","template":"","meta":{"_seopress_robots_primary_cat":"","_seopress_titles_title":"","_seopress_titles_desc":"","_seopress_robots_index":"","footnotes":""},"class_list":["post-4912","page","type-page","status-publish","has-post-thumbnail"],"_links":{"self":[{"href":"https:\/\/wp.unil.ch\/swiss100\/de\/wp-json\/wp\/v2\/pages\/4912","targetHints":{"allow":["GET"]}}],"collection":[{"href":"https:\/\/wp.unil.ch\/swiss100\/de\/wp-json\/wp\/v2\/pages"}],"about":[{"href":"https:\/\/wp.unil.ch\/swiss100\/de\/wp-json\/wp\/v2\/types\/page"}],"author":[{"embeddable":true,"href":"https:\/\/wp.unil.ch\/swiss100\/de\/wp-json\/wp\/v2\/users\/1003048"}],"replies":[{"embeddable":true,"href":"https:\/\/wp.unil.ch\/swiss100\/de\/wp-json\/wp\/v2\/comments?post=4912"}],"version-history":[{"count":5,"href":"https:\/\/wp.unil.ch\/swiss100\/de\/wp-json\/wp\/v2\/pages\/4912\/revisions"}],"predecessor-version":[{"id":6809,"href":"https:\/\/wp.unil.ch\/swiss100\/de\/wp-json\/wp\/v2\/pages\/4912\/revisions\/6809"}],"wp:attachment":[{"href":"https:\/\/wp.unil.ch\/swiss100\/de\/wp-json\/wp\/v2\/media?parent=4912"}],"curies":[{"name":"wp","href":"https:\/\/api.w.org\/{rel}","templated":true}]}}