{"id":4879,"date":"2025-09-26T14:34:15","date_gmt":"2025-09-26T12:34:15","guid":{"rendered":"https:\/\/wp.unil.ch\/swiss100\/?page_id=4879"},"modified":"2026-04-08T08:54:35","modified_gmt":"2026-04-08T06:54:35","slug":"jeannette-loesch","status":"publish","type":"page","link":"https:\/\/wp.unil.ch\/swiss100\/de\/jeannette-loesch\/","title":{"rendered":"Jeannette Loesch"},"content":{"rendered":"\n<div class=\"wp-block-columns alignwide is-layout-flex wp-container-core-columns-is-layout-9d6595d7 wp-block-columns-is-layout-flex\">\n<div class=\"wp-block-column is-layout-flow wp-block-column-is-layout-flow\" style=\"flex-basis:100%\">\n<h4 class=\"wp-block-heading has-text-align-center\"><strong><strong><strong><strong>\u201e<\/strong><\/strong>Studiert lange, in diesen Jahren erwirbt man Wissen und kn\u00fcpft Freundschaften f\u00fcrs Leben.<\/strong>\u201c&nbsp;<\/strong><\/h4>\n<\/div>\n<\/div>\n\n\n\n<div class=\"wp-block-columns alignwide is-layout-flex wp-container-core-columns-is-layout-9d6595d7 wp-block-columns-is-layout-flex\">\n<div class=\"wp-block-column is-layout-flow wp-block-column-is-layout-flow\">\n<figure class=\"wp-block-image size-large\"><img alt=\"\" loading=\"lazy\" decoding=\"async\" width=\"986\" height=\"1024\" src=\"https:\/\/wp.unil.ch\/swiss100\/files\/2025\/09\/dsc_01981loesch-986x1024.jpg\" alt=\"\" class=\"wp-image-5022\" srcset=\"https:\/\/wp.unil.ch\/swiss100\/files\/2025\/09\/dsc_01981loesch-986x1024.jpg 986w, https:\/\/wp.unil.ch\/swiss100\/files\/2025\/09\/dsc_01981loesch-289x300.jpg 289w, https:\/\/wp.unil.ch\/swiss100\/files\/2025\/09\/dsc_01981loesch-145x150.jpg 145w, https:\/\/wp.unil.ch\/swiss100\/files\/2025\/09\/dsc_01981loesch-768x797.jpg 768w, https:\/\/wp.unil.ch\/swiss100\/files\/2025\/09\/dsc_01981loesch-540x561.jpg 540w, https:\/\/wp.unil.ch\/swiss100\/files\/2025\/09\/dsc_01981loesch-1080x1121.jpg 1080w, https:\/\/wp.unil.ch\/swiss100\/files\/2025\/09\/dsc_01981loesch.jpg 1156w\" sizes=\"auto, (max-width: 986px) 100vw, 986px\" \/><figcaption class=\"wp-element-caption\">Alter auf dem Foto: 101 Jahre<\/figcaption><\/figure>\n<\/div>\n\n\n\n<div class=\"wp-block-column is-layout-flow wp-block-column-is-layout-flow\">\n<p>Jeanette Loesch wird 1923 in Vietnam geboren und w\u00e4chst in einer Familie mit zehn Kindern auf. Sie lebt mit ihren Eltern, Geschwistern, ihrem Onkel und ihren Cousins in einer engen Familiengemeinschaft.&nbsp;&nbsp;<\/p>\n\n\n\n<p>Der t\u00e4gliche Schulweg ist beschwerlich: man muss ein gutes St\u00fcck gehen und eine Rikscha nehmen. Jeanette Loesch ist ein begabtes Kind, das gerne lernt. Trotzdem muss sie \u2013 wie es f\u00fcr M\u00e4dchen damals \u00fcblich war \u2013 ihre Ausbildung nach dem \u201ecertificat d\u2019\u00e9tudes\u201c beenden und ihrer Mutter helfen, sich um die Geschwister zu k\u00fcmmern. Sie steht ihrer Mutter, die sie \u00fcber alles liebt, sehr nah, und hat ein enges Verh\u00e4ltnis zu ihrem Vater, mit dem sie oft \u00fcber Politik spricht.\u00a0<\/p>\n\n\n\n<p>Mit 17 Jahren beginnt Jeanette Loesch ihre berufliche Laufbahn als Zahnarzthelferin. Sp\u00e4ter arbeitet sie in einer Apotheke. Von ihren Ersparnissen kann sie sich ihre ersten Ferien leisten \u2013 der Beginn einer Reihe wohlverdienter Reisen. Diese Reisen erm\u00f6glichen es ihr, wunderbare Menschen kennenzulernen. Viele Kontakte pflegt sie \u00fcber Jahre hinweg. Auf einer dieser Reisen begegnet sie auch dem Vater ihrer Tochter. Ihre Beziehung dauert mehrere Jahre, endet jedoch, als Jeanette ihre Schwangerschaft entdeckt, die er nicht wollte. Fest entschlossen, ihre Tochter alleine gro\u00dfzuziehen, verl\u00e4sst Jeanette Loesch Saigon mit dem Schiff \u2013 zum ersten Mal, im Alter von 27 Jahren, mit dem Ziel Nizza.&nbsp;<\/p>\n\n\n\n<p>Doch die Realit\u00e4t in Frankreich ist weit entfernt von dem Paradies, das ihr Vater beschrieben hatte. Die beruflichen M\u00f6glichkeiten sind begrenzt, eine Karriere ist nicht m\u00f6glich. Ein Jahr nach ihrer Ankunft erh\u00e4lt Jeanette eine Nachricht von einem ehemaligen Apothekerkollegen, der ihr seine Gef\u00fchle gesteht und ihr Hilfe anbietet. Sie entscheidet sich, nach Saigon zur\u00fcckzukehren&nbsp; \u2013 unter einer Bedingung: Ihre Tochter soll in Europa studieren und sie will jedes Jahr Weihnachten und die Sommerferien mit ihr verbringen. Zur\u00fcck in Vietnam kommt ihre Tochter in den Kindergarten, bevor sie sp\u00e4ter wieder nach Frankreich geht.&nbsp;&nbsp;<\/p>\n\n\n\n<p>Das Leben von Jeanette Loesch ist gepr\u00e4gt von h\u00e4ufigen Reisen und Umz\u00fcgen. Sie reist oft mit dem Passagierschiff zwischen Frankreich und Vietnam hin und her, um ihre Familie zu besuchen und zu helfen. Sp\u00e4ter zieht sie wegen des Vietnam-Kriegs nach Kambodscha, wo sie zehn Jahre mit ihrem Lebensgef\u00e4hrten bleibt. Dank ihrer Kontakte kann sie ihre Tochter nach Z\u00fcrich und sp\u00e4ter nach England schicken, wo das M\u00e4dchen seine Ausbildung abschlie\u00dft.&nbsp;<\/p>\n\n\n\n<p>Einige Jahre sp\u00e4ter kehrt Jeanette Loesch nach Europa zur\u00fcck: zuerst lebt sie in Paris, dann in Nizza und schlie\u00dflich in Genf, wo sie sich bei ihrer bereits dort lebenden Tochter niederl\u00e4sst und dort ihren 100. Geburtstag feiert.&nbsp;<br>&nbsp;<\/p>\n\n\n\n<p>Trotz ihres hohen Alters f\u00fchrt Jeanette Loesch noch immer ein sehr aktives Leben. Sie kocht, geht mit ihrer Tochter einkaufen, k\u00fcmmert sich um ihre Pflanzen, besucht Konzerte und&nbsp; Theaterauff\u00fchrungen. Sie bewahrt stets eine positive Einstellung zum Leben, so wie es sie es von ihrer Mutter gelernt hat. Diese hat ihr auch beigebracht, den Menschen treu zu bleiben, die man liebt.&nbsp;<\/p>\n<\/div>\n<\/div>\n\n\n\n<p><\/p>\n","protected":false},"excerpt":{"rendered":"<p>\u201eStudiert lange, in diesen Jahren erwirbt man Wissen und kn\u00fcpft Freundschaften f\u00fcrs Leben.\u201c&nbsp; Jeanette Loesch wird 1923 in Vietnam geboren und w\u00e4chst in einer Familie mit zehn Kindern&hellip;<\/p>\n","protected":false},"author":1003048,"featured_media":0,"parent":0,"menu_order":0,"comment_status":"closed","ping_status":"closed","template":"","meta":{"_seopress_robots_primary_cat":"","_seopress_titles_title":"","_seopress_titles_desc":"","_seopress_robots_index":"","footnotes":""},"class_list":["post-4879","page","type-page","status-publish","has-post-thumbnail"],"_links":{"self":[{"href":"https:\/\/wp.unil.ch\/swiss100\/de\/wp-json\/wp\/v2\/pages\/4879","targetHints":{"allow":["GET"]}}],"collection":[{"href":"https:\/\/wp.unil.ch\/swiss100\/de\/wp-json\/wp\/v2\/pages"}],"about":[{"href":"https:\/\/wp.unil.ch\/swiss100\/de\/wp-json\/wp\/v2\/types\/page"}],"author":[{"embeddable":true,"href":"https:\/\/wp.unil.ch\/swiss100\/de\/wp-json\/wp\/v2\/users\/1003048"}],"replies":[{"embeddable":true,"href":"https:\/\/wp.unil.ch\/swiss100\/de\/wp-json\/wp\/v2\/comments?post=4879"}],"version-history":[{"count":5,"href":"https:\/\/wp.unil.ch\/swiss100\/de\/wp-json\/wp\/v2\/pages\/4879\/revisions"}],"predecessor-version":[{"id":7905,"href":"https:\/\/wp.unil.ch\/swiss100\/de\/wp-json\/wp\/v2\/pages\/4879\/revisions\/7905"}],"wp:attachment":[{"href":"https:\/\/wp.unil.ch\/swiss100\/de\/wp-json\/wp\/v2\/media?parent=4879"}],"curies":[{"name":"wp","href":"https:\/\/api.w.org\/{rel}","templated":true}]}}