{"id":4864,"date":"2025-09-26T14:20:10","date_gmt":"2025-09-26T12:20:10","guid":{"rendered":"https:\/\/wp.unil.ch\/swiss100\/?page_id=4864"},"modified":"2026-01-20T11:30:33","modified_gmt":"2026-01-20T10:30:33","slug":"william-de-rham","status":"publish","type":"page","link":"https:\/\/wp.unil.ch\/swiss100\/de\/william-de-rham\/","title":{"rendered":"William de Rham"},"content":{"rendered":"\n<div class=\"wp-block-columns alignwide is-layout-flex wp-container-core-columns-is-layout-9d6595d7 wp-block-columns-is-layout-flex\">\n<div class=\"wp-block-column is-layout-flow wp-block-column-is-layout-flow\" style=\"flex-basis:100%\">\n<h4 class=\"wp-block-heading has-text-align-center\"><strong>\u201eBleibt euch selbst treu, lasst euch nicht von anderen beeinflussen und pflegt ein unersch\u00fctterliches Vertrauen in eure F\u00e4higkeiten!\u201c<\/strong>&nbsp;<\/h4>\n<\/div>\n<\/div>\n\n\n\n<div class=\"wp-block-columns alignwide is-layout-flex wp-container-core-columns-is-layout-9d6595d7 wp-block-columns-is-layout-flex\">\n<div class=\"wp-block-column is-layout-flow wp-block-column-is-layout-flow\">\n<figure class=\"wp-block-image size-large\"><img alt=\"\" loading=\"lazy\" decoding=\"async\" width=\"1024\" height=\"1024\" src=\"https:\/\/wp.unil.ch\/swiss100\/files\/2025\/09\/dsc06810derahm_fin-1024x1024.jpeg\" alt=\"\" class=\"wp-image-5058\" srcset=\"https:\/\/wp.unil.ch\/swiss100\/files\/2025\/09\/dsc06810derahm_fin-1024x1024.jpeg 1024w, https:\/\/wp.unil.ch\/swiss100\/files\/2025\/09\/dsc06810derahm_fin-300x300.jpeg 300w, https:\/\/wp.unil.ch\/swiss100\/files\/2025\/09\/dsc06810derahm_fin-150x150.jpeg 150w, https:\/\/wp.unil.ch\/swiss100\/files\/2025\/09\/dsc06810derahm_fin-768x768.jpeg 768w, https:\/\/wp.unil.ch\/swiss100\/files\/2025\/09\/dsc06810derahm_fin-540x540.jpeg 540w, https:\/\/wp.unil.ch\/swiss100\/files\/2025\/09\/dsc06810derahm_fin-1080x1080.jpeg 1080w, https:\/\/wp.unil.ch\/swiss100\/files\/2025\/09\/dsc06810derahm_fin.jpeg 1200w\" sizes=\"auto, (max-width: 1024px) 100vw, 1024px\" \/><figcaption class=\"wp-element-caption\">Alter auf dem Foto: 102 Jahre<\/figcaption><\/figure>\n<\/div>\n\n\n\n<div class=\"wp-block-column is-layout-flow wp-block-column-is-layout-flow\">\n<p>William de Rham wird 1922 in Lausanne geboren, als \u00e4ltester von f\u00fcnf Geschwistern. Er w\u00e4chst gegen\u00fcber der Klinik \u201eLa Source\u201c im Herzen der Stadt auf.&nbsp;Seine Schulzeit pr\u00e4gt ihn nachhaltig: Sowohl die Jahre in Pully, wo er zugibt, nicht besonders gegl\u00e4nzt zu haben, als auch die Jahre an der \u00c9cole Nouvelle von Chailly, wo er eine P\u00e4dagogik entdeckt, die auf Praxis und Eigenverantwortung ausgerichtet ist. Auf dem Weg zur Schule begegnet er jeden Morgen in der Strassenbahn General Guisan \u2013 eine diskrete, aber bedeutende Begegnung, die sein sp\u00e4teres milit\u00e4risches Engagement beeinflusst.&nbsp;&nbsp;<\/p>\n\n\n\n<p>Mit 15 Jahren beginnt er, sich f\u00fcr das Reiten zu begeistern. Diese Leidenschaft wird ihn sein ganzes Lebens begleiten, er reitet t\u00e4glich. Er nimmt an Wettbewerben teil und schlie\u00dft sich der Kavallerie an. 1956 startet er sogar bei den Olympischen Spielen in Stockholm, bei denen er mit seinem Pferd <em>Va Vite<\/em> die Schweiz vertritt.&nbsp;&nbsp;<\/p>\n\n\n\n<p>Seine berufliche Karriere beginnt William de Rham mit einem Handelsstudium und dient anschlie\u00dfend vier Jahre als Offizier in der Armee.&nbsp; Seine Familie ist mittlerweile aufs Land gezogen, wo er ein breites Spektrum an Fertigkeiten entwickelt: Er lernt zu schreinern, sich um Tiere zu k\u00fcmmern und entwickelt eine tiefe Liebe zur Natur. Sein weiterer Lebensweg wird von diesen Erfahrungen gepr\u00e4gt.&nbsp;Nach dem Milit\u00e4rdienst tritt er ins Familienunternehmen <em>de Rham Immobilier<\/em> ein, wo er sich dank seiner wohlwollenden Kollegen schnell einlebt. Er \u00fcbernimmt zunehmend mehr Verantwortung, bis er 1960 die Nachfolge des Vaters antritt. Er leitet das Unternehmen bis 1990.&nbsp;Bis ins hohe Alter bleibt William de Rham dem Familienunternehmen verbunden. Er bleibt daher weiterhin in die Leitung des Unternehmens eingebunden. Er geht nie wirklich in den Ruhestand, da er stets in die F\u00fchrung der Familiengesch\u00e4fte eingebunden bleibt. Zun\u00e4chst begleitet er seine Kinder, sp\u00e4ter seine Enkelkinder bei der Leitung des Unternehmens und sorgt so f\u00fcr die Fortf\u00fchrung der Tradition.&nbsp;<\/p>\n\n\n\n<p>Die Geschichte seiner Ehe? Gl\u00fccklichen Umst\u00e4nde oder Schicksal? Eine versp\u00e4tete Schiffsabfahrt nach Amerika gibt William de Rham die Gelegenheit, mehr Zeit mit einer jungen Holl\u00e4nderin zu verbringen, die bei seinen Eltern zu Gast ist. Die beiden hatten sich bereits als Kinder in den Ferien kennengelernt, jetzt springt der Funke \u00fcber. Die Beziehung wird ein Jahr lang per Briefwechsel aufrechterhalten. Vier Jahre sp\u00e4ter, im Jahr 1949, heiraten sie und ziehen im historischen Familienanwesen gemeinsam vier Kinder gross. Bis zum Tod seiner Ehefrau im Jahr 2023 teilen sie ein langes Leben voller Gl\u00fcck und Harmonie.&nbsp;<\/p>\n\n\n\n<p>Im Alter von 102 Jahren spricht William de Rham mit Bescheidenheit \u00fcber seine Langlebigkeit.&nbsp;Er ist davon \u00fcberzeugt, dass das Reiten zu seiner Vitalit\u00e4t beigetragen hat &#8211; bis zum Alter von 85 Jahren sitzt er im Sattel. Zudem f\u00fchrt er sein hohes Alter auf eine gesunde Ern\u00e4hrung, seine f\u00fcrsorgliche Frau sowie auf seinen Optimismus zur\u00fcck, der ihn bis heute tr\u00e4gt.&nbsp;<\/p>\n<\/div>\n<\/div>\n","protected":false},"excerpt":{"rendered":"<p>\u201eBleibt euch selbst treu, lasst euch nicht von anderen beeinflussen und pflegt ein unersch\u00fctterliches Vertrauen in eure F\u00e4higkeiten!\u201c&nbsp; William de Rham wird 1922 in Lausanne geboren, als \u00e4ltester&hellip;<\/p>\n","protected":false},"author":1003048,"featured_media":0,"parent":0,"menu_order":0,"comment_status":"closed","ping_status":"closed","template":"","meta":{"_seopress_robots_primary_cat":"","_seopress_titles_title":"","_seopress_titles_desc":"","_seopress_robots_index":"","footnotes":""},"class_list":["post-4864","page","type-page","status-publish","has-post-thumbnail"],"_links":{"self":[{"href":"https:\/\/wp.unil.ch\/swiss100\/de\/wp-json\/wp\/v2\/pages\/4864","targetHints":{"allow":["GET"]}}],"collection":[{"href":"https:\/\/wp.unil.ch\/swiss100\/de\/wp-json\/wp\/v2\/pages"}],"about":[{"href":"https:\/\/wp.unil.ch\/swiss100\/de\/wp-json\/wp\/v2\/types\/page"}],"author":[{"embeddable":true,"href":"https:\/\/wp.unil.ch\/swiss100\/de\/wp-json\/wp\/v2\/users\/1003048"}],"replies":[{"embeddable":true,"href":"https:\/\/wp.unil.ch\/swiss100\/de\/wp-json\/wp\/v2\/comments?post=4864"}],"version-history":[{"count":5,"href":"https:\/\/wp.unil.ch\/swiss100\/de\/wp-json\/wp\/v2\/pages\/4864\/revisions"}],"predecessor-version":[{"id":6719,"href":"https:\/\/wp.unil.ch\/swiss100\/de\/wp-json\/wp\/v2\/pages\/4864\/revisions\/6719"}],"wp:attachment":[{"href":"https:\/\/wp.unil.ch\/swiss100\/de\/wp-json\/wp\/v2\/media?parent=4864"}],"curies":[{"name":"wp","href":"https:\/\/api.w.org\/{rel}","templated":true}]}}