{"id":4844,"date":"2025-09-26T14:08:45","date_gmt":"2025-09-26T12:08:45","guid":{"rendered":"https:\/\/wp.unil.ch\/swiss100\/?page_id=4844"},"modified":"2026-04-08T08:52:58","modified_gmt":"2026-04-08T06:52:58","slug":"georges-auguste-dubois","status":"publish","type":"page","link":"https:\/\/wp.unil.ch\/swiss100\/de\/georges-auguste-dubois\/","title":{"rendered":"Georges Auguste Dubois"},"content":{"rendered":"\n<div class=\"wp-block-columns alignwide is-layout-flex wp-container-core-columns-is-layout-9d6595d7 wp-block-columns-is-layout-flex\">\n<div class=\"wp-block-column is-vertically-aligned-center is-layout-flow wp-block-column-is-layout-flow\">\n<h4 class=\"wp-block-heading has-text-align-center\"><strong>\u201eNichts \u00fcbertreiben, aber alles geniessen!\u201c<\/strong>&nbsp;<\/h4>\n<\/div>\n<\/div>\n\n\n\n<div class=\"wp-block-columns alignwide is-layout-flex wp-container-core-columns-is-layout-9d6595d7 wp-block-columns-is-layout-flex\">\n<div class=\"wp-block-column is-layout-flow wp-block-column-is-layout-flow\">\n<figure class=\"wp-block-image size-large\"><img alt=\"\" loading=\"lazy\" decoding=\"async\" width=\"1024\" height=\"1024\" src=\"https:\/\/wp.unil.ch\/swiss100\/files\/2025\/09\/dsc06530dubois_fin-1024x1024.jpeg\" alt=\"\" class=\"wp-image-5046\" srcset=\"https:\/\/wp.unil.ch\/swiss100\/files\/2025\/09\/dsc06530dubois_fin-1024x1024.jpeg 1024w, https:\/\/wp.unil.ch\/swiss100\/files\/2025\/09\/dsc06530dubois_fin-300x300.jpeg 300w, https:\/\/wp.unil.ch\/swiss100\/files\/2025\/09\/dsc06530dubois_fin-150x150.jpeg 150w, https:\/\/wp.unil.ch\/swiss100\/files\/2025\/09\/dsc06530dubois_fin-768x768.jpeg 768w, https:\/\/wp.unil.ch\/swiss100\/files\/2025\/09\/dsc06530dubois_fin-540x540.jpeg 540w, https:\/\/wp.unil.ch\/swiss100\/files\/2025\/09\/dsc06530dubois_fin-1080x1080.jpeg 1080w, https:\/\/wp.unil.ch\/swiss100\/files\/2025\/09\/dsc06530dubois_fin.jpeg 1200w\" sizes=\"auto, (max-width: 1024px) 100vw, 1024px\" \/><figcaption class=\"wp-element-caption\">Alter auf dem Foto: 102 Jahre<\/figcaption><\/figure>\n<\/div>\n\n\n\n<div class=\"wp-block-column is-layout-flow wp-block-column-is-layout-flow\">\n<p>Georges Auguste Dubois wird 1921 im Genfer Stadtteil Eaux-Vives als zweites Kind geboren. Er w\u00e4chst in einem gl\u00fccklichen Umfeld auf, umgeben von der au\u00dfergew\u00f6hnlichen Liebe seiner Eltern, und hat eine sehr enge Beziehung zu seiner Schwester.\u202f\u202f\u00a0<\/p>\n\n\n\n<p>Da die Technik der Uhrmacherei faszinieren und ihm das Handwerkliche liegt, entscheidet sich Georges Auguste Dubois, die Uhrmacherschule in Genf zu besuchen. Er muss seine Ausbildung jedoch wegen des Krieges unterbrechen und kann keinen Abschluss machen. Obwohl zu Beginn eher verst\u00f6rend, hilft ihm die Erfahrung in der Armee, reifer zu werden. Nach dem Krieg legt er seine Pr\u00fcfungen ab und arbeitet drei Jahre lang bei der Uhrenmanufaktur Rolex.\u202f\u202f&nbsp;<\/p>\n\n\n\n<p>Eine schwere Krankheit zwingt Georges Auguste Dubois sich einer umfassenden Operation zu unterziehen. Geschw\u00e4cht gibt er seine Anstellung auf und w\u00e4hlt einen ungew\u00f6hnlichen Weg: Er arbeitet auf einem Bauernhof als Freiwilliger, lehnt jede Bezahlung ab und \u00fcbernimmt dem\u00fctig alle anfallenden Aufgaben. Diese arbeitsame Einsamkeit erm\u00f6glicht es ihm, nach und nach neue Kraft zu sch\u00f6pfen und sein Selbstwertgef\u00fchl zur\u00fcckzugewinnen.&nbsp;<\/p>\n\n\n\n<p>Im Alter von 27 Jahren, wieder in bester Verfassung, nimmt Georges Auguste Dubois seinen Beruf als Uhrmacher wieder auf und beginnt bei der Firma Patek Philippe zu arbeiten. In dieser Phase, in der sein eigenes Leben wieder in Gang kommt, trifft ihn ein erneuter Schicksalsschlag: Seine Schwester stirbt im Alter von 33 Jahren an Leuk\u00e4mie.\u202f&nbsp;<\/p>\n\n\n\n<p>Bei Patek Philippe arbeitet Georges Auguste Dubois 38 Jahre lang als Werkstattleiter, bis zu seiner Pensionierung. Er liebt seinen Beruf und findet eine enorme Befriedigung darin, selbst aussergew\u00f6hnliche Uhren herzustellen. Hier lernt er auch die Frau seines Lebens kennen: \u201eWir waren das Patek-Paar!\u201c. Die beiden heiraten 1956 in Petit-Lancy und f\u00fchren eine lange und gl\u00fcckliche Ehe. Gemeisam haben sie zwei T\u00f6chter, denen er sehr verbunden ist. Gemeinsam teilen sie eine gro\u00dfe Liebe zur Natur.&nbsp;<\/p>\n\n\n\n<p>Im Jahr 1991 verliert er seine Frau an den Folgen einer Krebserkrankung. Die Wunde sitzt tief und wird sich niemals schlie\u00dfen. Trotz allem bleibt Georges Auguste Dubois unerm\u00fcdlich \u2013 vor und nach dem Ruhestand. Er bereist die Welt und besucht rund drei\u00dfig L\u00e4nder. Er ist freundlich und warmherzig, umgibt sich mit treuen Freunden. Er liebt das Gespr\u00e4ch, den Austausch, und empf\u00e4ngt regelm\u00e4\u00dfig Besuch. Sein Haus steht stets offen f\u00fcr Besucher. \u201eDie Liebe zu den Menschen habe ich von meinem Vater geerbt\u201c, verr\u00e4t er.&nbsp;&nbsp;<\/p>\n\n\n\n<p>Georges Auguste Dubois bleibt ein aktiver Mensch, vor und nach seiner Verrentung. Er reist viel und besucht \u00fcber 30 L\u00e4nder. Er ist freundlich und warmherzig, hat ein gutes soziales Umfeld. Er verbringt gerne Zeit mit Unterhaltungen, schlie\u00dft gerne neue Bekanntschaften und empf\u00e4ngt regelm\u00e4\u00dfig Besuch. <\/p>\n\n\n\n<p>Zudem kennzeichnet Georges Auguste Dubois diese unglaublichen Neugier f\u00fcr moderne Technologie: im Alter von 103 bedient sein iPad und iPhone mit Leichtigkeit. Die Fortschritte in der Kommunikation faszinieren ihn. \u201eAls ich klein war\u201c, sagt er, \u201emusste man zu Fu\u00df gehen, um Freunde einzuladen. Jetzt schickt mir meine Tochter live Fotos aus den Vereinigten Staaten!\u201c\u202f&nbsp;<\/p>\n\n\n\n<p>Mit 84 Jahren besiegt er einen aggressiven Krebs. Er geht daraus gest\u00e4rkt und lebendiger hervor. Mit 103 Jahren f\u00fchlt er das Gewicht der Jahre kaum und lebt weiterhin allein in dem kleinen Haus, das er von seinen Eltern geerbt hat. Sein Geheimnis f\u00fcr ein langes Leben l\u00e4sst sich einfach zusammenfassen: \u201eNichts \u00fcbertreiben, aber alles geniessen!\u201c\u202f&nbsp;<\/p>\n<\/div>\n<\/div>\n\n\n\n<p><\/p>\n","protected":false},"excerpt":{"rendered":"<p>\u201eNichts \u00fcbertreiben, aber alles geniessen!\u201c&nbsp; Georges Auguste Dubois wird 1921 im Genfer Stadtteil Eaux-Vives als zweites Kind geboren. Er w\u00e4chst in einem gl\u00fccklichen Umfeld auf, umgeben von der&hellip;<\/p>\n","protected":false},"author":1003048,"featured_media":0,"parent":0,"menu_order":0,"comment_status":"closed","ping_status":"closed","template":"","meta":{"_seopress_robots_primary_cat":"","_seopress_titles_title":"","_seopress_titles_desc":"","_seopress_robots_index":"","footnotes":""},"class_list":["post-4844","page","type-page","status-publish","has-post-thumbnail"],"_links":{"self":[{"href":"https:\/\/wp.unil.ch\/swiss100\/de\/wp-json\/wp\/v2\/pages\/4844","targetHints":{"allow":["GET"]}}],"collection":[{"href":"https:\/\/wp.unil.ch\/swiss100\/de\/wp-json\/wp\/v2\/pages"}],"about":[{"href":"https:\/\/wp.unil.ch\/swiss100\/de\/wp-json\/wp\/v2\/types\/page"}],"author":[{"embeddable":true,"href":"https:\/\/wp.unil.ch\/swiss100\/de\/wp-json\/wp\/v2\/users\/1003048"}],"replies":[{"embeddable":true,"href":"https:\/\/wp.unil.ch\/swiss100\/de\/wp-json\/wp\/v2\/comments?post=4844"}],"version-history":[{"count":5,"href":"https:\/\/wp.unil.ch\/swiss100\/de\/wp-json\/wp\/v2\/pages\/4844\/revisions"}],"predecessor-version":[{"id":7904,"href":"https:\/\/wp.unil.ch\/swiss100\/de\/wp-json\/wp\/v2\/pages\/4844\/revisions\/7904"}],"wp:attachment":[{"href":"https:\/\/wp.unil.ch\/swiss100\/de\/wp-json\/wp\/v2\/media?parent=4844"}],"curies":[{"name":"wp","href":"https:\/\/api.w.org\/{rel}","templated":true}]}}