{"id":4840,"date":"2025-09-26T13:59:56","date_gmt":"2025-09-26T11:59:56","guid":{"rendered":"https:\/\/wp.unil.ch\/swiss100\/?page_id=4840"},"modified":"2026-01-20T11:17:31","modified_gmt":"2026-01-20T10:17:31","slug":"france-blanc","status":"publish","type":"page","link":"https:\/\/wp.unil.ch\/swiss100\/de\/france-blanc\/","title":{"rendered":"France Blanc"},"content":{"rendered":"\n<div class=\"wp-block-columns alignwide is-layout-flex wp-container-core-columns-is-layout-9d6595d7 wp-block-columns-is-layout-flex\">\n<div class=\"wp-block-column is-layout-flow wp-block-column-is-layout-flow\" style=\"flex-basis:100%\">\n<h4 class=\"wp-block-heading has-text-align-center\"><strong><strong><strong>\u201e<\/strong>Sehr alt zu sein wie ich, das ist nicht lustig. Man muss jeden Tag k\u00e4mpfen.\u201c&nbsp;<\/strong>&nbsp;<\/strong>&nbsp;<\/h4>\n<\/div>\n<\/div>\n\n\n\n<div class=\"wp-block-columns alignwide is-layout-flex wp-container-core-columns-is-layout-9d6595d7 wp-block-columns-is-layout-flex\">\n<div class=\"wp-block-column is-layout-flow wp-block-column-is-layout-flow\">\n<figure class=\"wp-block-image alignwide size-large\"><img alt=\"\" loading=\"lazy\" decoding=\"async\" width=\"1018\" height=\"1024\" src=\"https:\/\/wp.unil.ch\/swiss100\/files\/2025\/09\/dscblanc06614_fin-1018x1024.jpeg\" alt=\"\" class=\"wp-image-5070\" srcset=\"https:\/\/wp.unil.ch\/swiss100\/files\/2025\/09\/dscblanc06614_fin-1018x1024.jpeg 1018w, https:\/\/wp.unil.ch\/swiss100\/files\/2025\/09\/dscblanc06614_fin-298x300.jpeg 298w, https:\/\/wp.unil.ch\/swiss100\/files\/2025\/09\/dscblanc06614_fin-150x150.jpeg 150w, https:\/\/wp.unil.ch\/swiss100\/files\/2025\/09\/dscblanc06614_fin-768x773.jpeg 768w, https:\/\/wp.unil.ch\/swiss100\/files\/2025\/09\/dscblanc06614_fin-540x543.jpeg 540w, https:\/\/wp.unil.ch\/swiss100\/files\/2025\/09\/dscblanc06614_fin-1080x1086.jpeg 1080w, https:\/\/wp.unil.ch\/swiss100\/files\/2025\/09\/dscblanc06614_fin.jpeg 1193w\" sizes=\"auto, (max-width: 1018px) 100vw, 1018px\" \/><figcaption class=\"wp-element-caption\">Alter auf dem Foto: 105 Jahre<\/figcaption><\/figure>\n<\/div>\n\n\n\n<div class=\"wp-block-column is-layout-flow wp-block-column-is-layout-flow\">\n<p>France Blanc wird 1919 in Genf geboren. Als ihr Vater ihre winzige Gr\u00f6\u00dfe und ihre blasse Haut sah, sagte er zu ihrer Mutter: \u201eMarie, freu dich nicht so, dieses kleine M\u00e4dchen wird nicht lange leben.\u201c Worauf ihre Mutter antwortete: \u201eIch werde daf\u00fcr sorgen, dass sie lebt!\u201c&nbsp;&nbsp;<\/p>\n\n\n\n<p>Ihr Vater ist Taxifahrer und ihre Mutter arbeitet als Schneiderin. Sie verbringt eine einfache, aber gl\u00fcckliche Kindheit. Sie hat eine innige, fast symbiotische Beziehung zu ihrer Mutter, die sie liebevoll \u201e\u00c4pfelchen\u201c nennt. Ihr Vater ist streng und achtet darauf, dass zu Hause die Regeln eingehalten werden. Sie hat auch eine Schwester, mit der sie sich nicht so gut versteht, woran sie etwas bittere Erinnerungen hat.&nbsp;<\/p>\n\n\n\n<p>Sp\u00e4ter, als junge Frau, begegnet France Blanc beim Spazierengehen einem Mann, der zu ihr anspricht: \u00abGuten Tag, Fr\u00e4ulein, erkennen Sie mich nicht? Wir waren doch zusammen im Kindergarten.\u00bb Es ist ihr ehemaliger Klassenkamerad Louis. Diese Begegnung ver\u00e4ndert ihr Leben. Die beiden verlieben sich und heiraten 1945.&nbsp;&nbsp;<\/p>\n\n\n\n<p>Als Schneiderin verdient France Blanc zu dieser Zeit nur einen bescheidenen Lebensunterhalt. Um ihr Einkommen zu sichern, dr\u00e4ngt sie ihren Mann, einen Beruf zu erlernen, er wird Tischler. Trotz seines unbestreitbaren Talents f\u00fchrt sein starker Charakter dazu, dass er regelm\u00e4\u00dfig seinen Arbeitsplatz wechselt, sehr zum Leidwesen seiner Frau.&nbsp;<\/p>\n\n\n\n<p>France Blanc hat immer davon getr\u00e4umt, Kinder zu haben. Nach sieben Jahren Ehe wird sie endlich schwanger. F\u00fcr sie ist das die sch\u00f6nste Nachricht ihres Lebens. Ihre Tochter Fran\u00e7oise erf\u00fcllt sie mit Gl\u00fcck und einige Jahre sp\u00e4ter kommt ihre zweite Tochter, Christine, dazu. Ihre Kinder sind ihr Ein und Alles.&nbsp;<\/p>\n\n\n\n<p>&nbsp;1992 verliert France Blanc ihren Mann, der an Krebs stirbt. 2008 wird ihr Leben erneut auf den Kopf gestellt : Diesmal muss sie den Tod ihrer Tochter Christine verkraften&nbsp;Sie denkt jeden Tag an ihre J\u00fcngste, die eine gro\u00dfe L\u00fccke hinterl\u00e4sst. &nbsp;<\/p>\n\n\n\n<p>In schwierigen Zeiten beh\u00e4lt France Blanc ihr L\u00e4cheln und ihre gute Laune, denn sie liebt es zu lachen, Witze zu machen und Zeit mit ihren Liebsten zu verbringen. Humor hat ihr Leben schon immer mit Leichtigkeit erf\u00fcllt, selbst in den dunkelsten Momenten.&nbsp;<\/p>\n\n\n\n<p>F\u00fcr France Blanc ist es dennoch kein Geschenk, 100 Jahre alt zu sein, sondern ein t\u00e4glicher Krampf. Als gl\u00e4ubige Frau bittet sie den lieben Gott w\u00e4hrend ihrer Gebete manchmal darum, sie nicht zu vergessen. Sie sagt ihm auch, dass ihre Anstrengungen ihm gelten und dass sie, selbst wenn sie gerne zu ihm kommen w\u00fcrde, geduldig ist.&nbsp;&nbsp;<\/p>\n\n\n\n<p>Auch mit 105 Jahren interessiert sich France Blanc noch f\u00fcr das aktuelle Geschehen. Sie beschreibt sich selbst als sozial und \u00f6kologisch eingestellt und macht sich Sorgen um die Zukunft. Gepr\u00e4gt von den Leiden des Zweiten Weltkriegs, tr\u00e4gt sie davon eine tiefe Traurigkeit in sich. Sie versteht nicht, dass Menschen \u00fcberhaupt noch daran denken k\u00f6nnen, Kriege zu f\u00fchren, nachdem sie bereits so viele Schrecken erlebt haben.&nbsp;<\/p>\n<\/div>\n<\/div>\n","protected":false},"excerpt":{"rendered":"<p>\u201eSehr alt zu sein wie ich, das ist nicht lustig. Man muss jeden Tag k\u00e4mpfen.\u201c&nbsp;&nbsp;&nbsp; France Blanc wird 1919 in Genf geboren. Als ihr Vater ihre winzige Gr\u00f6\u00dfe&hellip;<\/p>\n","protected":false},"author":1003048,"featured_media":0,"parent":0,"menu_order":0,"comment_status":"closed","ping_status":"closed","template":"","meta":{"_seopress_robots_primary_cat":"","_seopress_titles_title":"","_seopress_titles_desc":"","_seopress_robots_index":"","footnotes":""},"class_list":["post-4840","page","type-page","status-publish","has-post-thumbnail"],"_links":{"self":[{"href":"https:\/\/wp.unil.ch\/swiss100\/de\/wp-json\/wp\/v2\/pages\/4840","targetHints":{"allow":["GET"]}}],"collection":[{"href":"https:\/\/wp.unil.ch\/swiss100\/de\/wp-json\/wp\/v2\/pages"}],"about":[{"href":"https:\/\/wp.unil.ch\/swiss100\/de\/wp-json\/wp\/v2\/types\/page"}],"author":[{"embeddable":true,"href":"https:\/\/wp.unil.ch\/swiss100\/de\/wp-json\/wp\/v2\/users\/1003048"}],"replies":[{"embeddable":true,"href":"https:\/\/wp.unil.ch\/swiss100\/de\/wp-json\/wp\/v2\/comments?post=4840"}],"version-history":[{"count":5,"href":"https:\/\/wp.unil.ch\/swiss100\/de\/wp-json\/wp\/v2\/pages\/4840\/revisions"}],"predecessor-version":[{"id":6680,"href":"https:\/\/wp.unil.ch\/swiss100\/de\/wp-json\/wp\/v2\/pages\/4840\/revisions\/6680"}],"wp:attachment":[{"href":"https:\/\/wp.unil.ch\/swiss100\/de\/wp-json\/wp\/v2\/media?parent=4840"}],"curies":[{"name":"wp","href":"https:\/\/api.w.org\/{rel}","templated":true}]}}