{"id":4831,"date":"2025-09-25T11:58:13","date_gmt":"2025-09-25T09:58:13","guid":{"rendered":"https:\/\/wp.unil.ch\/swiss100\/?page_id=4831"},"modified":"2026-02-09T14:52:56","modified_gmt":"2026-02-09T13:52:56","slug":"jean-jacques-sollberger","status":"publish","type":"page","link":"https:\/\/wp.unil.ch\/swiss100\/de\/jean-jacques-sollberger\/","title":{"rendered":"Jean-Jacques Sollberger"},"content":{"rendered":"\n<div class=\"wp-block-columns alignwide is-layout-flex wp-container-core-columns-is-layout-9d6595d7 wp-block-columns-is-layout-flex\">\n<div class=\"wp-block-column is-layout-flow wp-block-column-is-layout-flow\" style=\"flex-basis:100%\">\n<h4 class=\"wp-block-heading has-text-align-center\"><strong><strong>\u00a0<\/strong>\u201eNutzt all die M\u00f6glichkeiten, die sich euch bieten! St\u00fcrzt euch ins Leben! Aber niemals auf Kredit. Das wird euch zerst\u00f6ren.<\/strong>\u201c<\/h4>\n<\/div>\n<\/div>\n\n\n\n<div class=\"wp-block-columns alignwide is-layout-flex wp-container-core-columns-is-layout-9d6595d7 wp-block-columns-is-layout-flex\">\n<div class=\"wp-block-column is-layout-flow wp-block-column-is-layout-flow\">\n<figure class=\"wp-block-image size-large\"><img alt=\"\" loading=\"lazy\" decoding=\"async\" width=\"1014\" height=\"1024\" src=\"https:\/\/wp.unil.ch\/swiss100\/files\/2025\/09\/swiss100_sollberger06090_fin-1014x1024.jpeg\" alt=\"\" class=\"wp-image-5082\" srcset=\"https:\/\/wp.unil.ch\/swiss100\/files\/2025\/09\/swiss100_sollberger06090_fin-1014x1024.jpeg 1014w, https:\/\/wp.unil.ch\/swiss100\/files\/2025\/09\/swiss100_sollberger06090_fin-297x300.jpeg 297w, https:\/\/wp.unil.ch\/swiss100\/files\/2025\/09\/swiss100_sollberger06090_fin-150x150.jpeg 150w, https:\/\/wp.unil.ch\/swiss100\/files\/2025\/09\/swiss100_sollberger06090_fin-768x776.jpeg 768w, https:\/\/wp.unil.ch\/swiss100\/files\/2025\/09\/swiss100_sollberger06090_fin-540x545.jpeg 540w, https:\/\/wp.unil.ch\/swiss100\/files\/2025\/09\/swiss100_sollberger06090_fin-1080x1091.jpeg 1080w, https:\/\/wp.unil.ch\/swiss100\/files\/2025\/09\/swiss100_sollberger06090_fin.jpeg 1188w\" sizes=\"auto, (max-width: 1014px) 100vw, 1014px\" \/><figcaption class=\"wp-element-caption\">Alter auf dem Foto: 101 Jahre<\/figcaption><\/figure>\n<\/div>\n\n\n\n<div class=\"wp-block-column is-layout-flow wp-block-column-is-layout-flow\">\n<p>Jean-Jacques Sollberger wird 1922 in Montreux geboren. An seine fr\u00fche Kindheit erinnert er sich nicht besonders. Eher an die Schulzeit, in der er versucht, Geld zu verdienen, um der Familie zu helfen: Er arbeitet als Ruderer f\u00fcr englische Touristinnen, die sich in kleinen Booten \u00fcber den See fahren lassen, sammelt f\u00fcr den Winter Treibholz am Strand oder Kohlenreste unter den Zugwaggons am Bahnhof.<\/p>\n\n\n\n<p>Als Jugendlicher interessiert sich Sollberger f\u00fcr die Fotografie. Er entdeckt ein Fotogesch\u00e4ft, in dem er kleine Arbeiten \u00fcbernimmt und f\u00fcr zwei Jahre die Technik und Laborarbeiten kennenlernt. Es ist der Beginn der Farbfotographie! Doch sein Vater will nicht, dass er eine Ausbildung in diesem \u00abHungerleider-Beruf\u00bb macht. Schliesslich absolvierte er seine Lehre in einem Eisenwarengesch\u00e4ft. Vom ersten Tag an lernte er, alles an seinen Platz zu verstauen.<\/p>\n\n\n\n<p>Nach drei Jahren Ausbildung arbeitet Jean-Jacques Sollberger in verschiedenen Firmen. Er ist ein gesch\u00e4tzter Mitarbeiter und als tief ehrlicher und geradliniger Mensch bekannt. Sein Weg f\u00fchrt ihn nach Moudon, nach Biel und nach Luzern. Hier lernt er 1944 seine Frau kennen. Sie ziehen nach dem Krieg nach Le Locle und heiraten 1954. Viele Jahre bleibt das Paar kinderlos, tr\u00f6stet sich mit einem Hund. Bis 1959 schliesslich Tochter Christiane geboren wird. Ein Jahr sp\u00e4ter folgt Tochter Nicole. Das Gl\u00fcck der Familie ist vollkommen.<\/p>\n\n\n\n<p>Nachdem sie ihre beiden T\u00f6chter grossgezogen haben, kehrt das Paar 1976 nach Montreux zur\u00fcck. Hier f\u00fchren sie das elterliche Familiengesch\u00e4ft weiter. Auf der einen Seite des Ladens: Schmuck, Silberwaren, Uhren \u2013 das Reich seiner Frau. Auf der anderen Seite: Souvenirs, Spielwaren und Modelleisenbahnen \u2013 sein Reich. Eine echte Leidenschaft!<\/p>\n\n\n\n<p>20 Jahre sp\u00e4ter geben sie das Gesch\u00e4ft auf und gehen in Rente. Bei der Gesch\u00e4ftsaufl\u00f6sung bleibt ein grosser Teil des Warenbestands zur\u00fcck und wird im Keller seines Hauses in Blonay eingelagert, wo er mit Blick auf den Genfersee lebt.<\/p>\n\n\n\n<p>Von seinem Leben hat er fast alles aufgehoben: die Briefmarkensammlung, Fotos, Filme, Enzyklop\u00e4dien, Unterlagen von unz\u00e4hligen Reisen, Landkarten, die Zeitschrift Reader&#8217;s Digest seit der allerersten Ausgabe, Sammlerpuppen \u2013 noch immer fein frisiert \u2013 und die Fotos der lieben Verstorbenen, die die W\u00e4nde schm\u00fccken und die er von seinem grossen Holzschreibtisch aus betrachtet, wo er bis heute seinen Papierkram erledigt.<\/p>\n\n\n\n<p>Jean-Jacques Sollberger liest t\u00e4glich die Zeitung 24 Heures und schaut fern. Seine T\u00f6chter besuchen ihn regelm\u00e4ssig. Die Trauer um seine im Jahr 2022 verstorbene, geliebte Frau wird allm\u00e4hlich leichter. Sie waren 75 Jahre verheiratet. So f\u00fchlt er sich nach ihrem Tod recht einsam, aber da ist noch sein \u00fcber 80-j\u00e4hriger G\u00e4rtnerfreund, mit dem er gerne spricht.<\/p>\n\n\n\n<p>Gefragt, was er der jungen Generation r\u00e4t, antwortet er: \u00abNutzt all die M\u00f6glichkeiten, die sich bieten \u2013 st\u00fcrzt euch ins Leben!&nbsp;Heute k\u00f6nnen junge Menschen ihren Beruf w\u00e4hlen \u2013 wie wunderbar! \u00bb<\/p>\n\n\n\n<p><a id=\"_msocom_1\"><\/a><\/p>\n<\/div>\n<\/div>\n","protected":false},"excerpt":{"rendered":"<p>\u00a0\u201eNutzt all die M\u00f6glichkeiten, die sich euch bieten! St\u00fcrzt euch ins Leben! Aber niemals auf Kredit. Das wird euch zerst\u00f6ren.\u201c Jean-Jacques Sollberger wird 1922 in Montreux geboren. An&hellip;<\/p>\n","protected":false},"author":1002828,"featured_media":0,"parent":0,"menu_order":0,"comment_status":"closed","ping_status":"closed","template":"","meta":{"_seopress_robots_primary_cat":"","_seopress_titles_title":"","_seopress_titles_desc":"","_seopress_robots_index":"","footnotes":""},"class_list":["post-4831","page","type-page","status-publish","has-post-thumbnail"],"_links":{"self":[{"href":"https:\/\/wp.unil.ch\/swiss100\/de\/wp-json\/wp\/v2\/pages\/4831","targetHints":{"allow":["GET"]}}],"collection":[{"href":"https:\/\/wp.unil.ch\/swiss100\/de\/wp-json\/wp\/v2\/pages"}],"about":[{"href":"https:\/\/wp.unil.ch\/swiss100\/de\/wp-json\/wp\/v2\/types\/page"}],"author":[{"embeddable":true,"href":"https:\/\/wp.unil.ch\/swiss100\/de\/wp-json\/wp\/v2\/users\/1002828"}],"replies":[{"embeddable":true,"href":"https:\/\/wp.unil.ch\/swiss100\/de\/wp-json\/wp\/v2\/comments?post=4831"}],"version-history":[{"count":5,"href":"https:\/\/wp.unil.ch\/swiss100\/de\/wp-json\/wp\/v2\/pages\/4831\/revisions"}],"predecessor-version":[{"id":7038,"href":"https:\/\/wp.unil.ch\/swiss100\/de\/wp-json\/wp\/v2\/pages\/4831\/revisions\/7038"}],"wp:attachment":[{"href":"https:\/\/wp.unil.ch\/swiss100\/de\/wp-json\/wp\/v2\/media?parent=4831"}],"curies":[{"name":"wp","href":"https:\/\/api.w.org\/{rel}","templated":true}]}}