{"id":3788,"date":"2023-02-14T12:41:12","date_gmt":"2023-02-14T11:41:12","guid":{"rendered":"https:\/\/wp.unil.ch\/swiss100\/?page_id=3788"},"modified":"2023-02-21T12:07:13","modified_gmt":"2023-02-21T11:07:13","slug":"christina-roecke","status":"publish","type":"page","link":"https:\/\/wp.unil.ch\/swiss100\/de\/team\/christina-roecke\/","title":{"rendered":"Christina R\u00f6cke"},"content":{"rendered":"\n<div class=\"wp-block-columns is-layout-flex wp-container-core-columns-is-layout-9d6595d7 wp-block-columns-is-layout-flex\">\n<div class=\"wp-block-column is-layout-flow wp-block-column-is-layout-flow\" style=\"flex-basis:33.33%\">\n<figure class=\"wp-block-image size-large\"><img alt=\"\" loading=\"lazy\" decoding=\"async\" width=\"819\" height=\"1024\" src=\"https:\/\/wp.unil.ch\/swiss100\/files\/2023\/02\/Christina-Rocke-print2-819x1024.jpg\" alt=\"\" class=\"wp-image-3831\" srcset=\"https:\/\/wp.unil.ch\/swiss100\/files\/2023\/02\/Christina-Rocke-print2-819x1024.jpg 819w, https:\/\/wp.unil.ch\/swiss100\/files\/2023\/02\/Christina-Rocke-print2-240x300.jpg 240w, https:\/\/wp.unil.ch\/swiss100\/files\/2023\/02\/Christina-Rocke-print2-120x150.jpg 120w, https:\/\/wp.unil.ch\/swiss100\/files\/2023\/02\/Christina-Rocke-print2-768x960.jpg 768w, https:\/\/wp.unil.ch\/swiss100\/files\/2023\/02\/Christina-Rocke-print2-540x675.jpg 540w, https:\/\/wp.unil.ch\/swiss100\/files\/2023\/02\/Christina-Rocke-print2.jpg 960w\" sizes=\"auto, (max-width: 819px) 100vw, 819px\" \/><figcaption class=\"wp-element-caption\">Projektpartnerin<\/figcaption><\/figure>\n\n\n\n<blockquote class=\"wp-block-quote is-layout-flow wp-block-quote-is-layout-flow\">\n<p><\/p>\n<\/blockquote>\n<\/div>\n\n\n\n<div class=\"wp-block-column is-layout-flow wp-block-column-is-layout-flow\" style=\"flex-basis:66.66%\">\n<h2 class=\"has-medium-font-size wp-block-heading\">Aktuelle PositionEN<\/h2>\n\n\n\n<ul class=\"wp-block-list\">\n<li>Wissenschaftliche Gesch\u00e4ftsleitung Zentrum f\u00fcr Gerontologie, Ko-Direktion UFSP &#8222;Dynamik Gesunden Alterns&#8220; und Healthy Longevity Center, Universit\u00e4t Z\u00fcrich<\/li>\n\n\n\n<li>Wissenschaftliche Projektleitung SWISS100 an der Universit\u00e4t Z\u00fcrich<\/li>\n<\/ul>\n\n\n\n<h2 class=\"has-medium-font-size wp-block-heading\">akademischer Hintergrund<\/h2>\n\n\n\n<ul class=\"wp-block-list\">\n<li>Dipl.-Psych., Freie Universit\u00e4t Berlin<\/li>\n\n\n\n<li>Dr. phil. Psychologie, Freie Universit\u00e4t Berlin\/Max-Planck-Institut f\u00fcr Bildungsforschung, Berlin<\/li>\n<\/ul>\n\n\n\n<h2 class=\"has-medium-font-size wp-block-heading\">Vorherige Erfahrungen<\/h2>\n\n\n\n<ul class=\"wp-block-list\">\n<li>PostDoc Lifespan Lab, Brandeis University, USA &amp; Life-Management Lab, Universit\u00e4t Z\u00fcrich<\/li>\n\n\n\n<li>Scientific Coordinator International Normal Aging and Plasticity Center, Universit\u00e4t Z\u00fcrich<\/li>\n<\/ul>\n\n\n\n<h2 class=\"has-medium-font-size wp-block-heading\">Forschungsschwerpunkte<\/h2>\n\n\n\n<ul class=\"wp-block-list\">\n<li>Subjektives Wohlbefinden und emotionales Altern<\/li>\n\n\n\n<li>Aktivit\u00e4ten und Mobilit\u00e4t im Alltag<\/li>\n\n\n\n<li>Intraindividuelle Variabilit\u00e4t und Ambulatorisches Assessment<\/li>\n<\/ul>\n\n\n\n<h2 class=\"has-medium-font-size wp-block-heading\"><strong>Zus\u00e4tzliche Erfahrungen\/Meilensteine<\/strong><\/h2>\n\n\n\n<ul class=\"wp-block-list\">\n<li>Vontobel Preis f\u00fcr Alternsforschung 2009<\/li>\n\n\n\n<li>Domain Expert Projekt NESTORE (Horizon 2020)<\/li>\n<\/ul>\n\n\n\n<h5 class=\"wp-block-heading\">Rolle in Swiss100<\/h5>\n\n\n\n<ul class=\"wp-block-list\">\n<li>Projekt Ko-Leitung an der Universit\u00e4t Z\u00fcrich f\u00fcr die Datenerhebung in der Deutschschweiz<\/li>\n<\/ul>\n<\/div>\n<\/div>\n","protected":false},"excerpt":{"rendered":"<p>Aktuelle PositionEN akademischer Hintergrund Vorherige Erfahrungen Forschungsschwerpunkte Zus\u00e4tzliche Erfahrungen\/Meilensteine Rolle in Swiss100<\/p>\n","protected":false},"author":1002150,"featured_media":0,"parent":919,"menu_order":0,"comment_status":"closed","ping_status":"closed","template":"template-full-width.php","meta":{"_seopress_robots_primary_cat":"","_seopress_titles_title":"","_seopress_titles_desc":"","_seopress_robots_index":"","footnotes":""},"class_list":["post-3788","page","type-page","status-publish","has-post-thumbnail"],"_links":{"self":[{"href":"https:\/\/wp.unil.ch\/swiss100\/de\/wp-json\/wp\/v2\/pages\/3788","targetHints":{"allow":["GET"]}}],"collection":[{"href":"https:\/\/wp.unil.ch\/swiss100\/de\/wp-json\/wp\/v2\/pages"}],"about":[{"href":"https:\/\/wp.unil.ch\/swiss100\/de\/wp-json\/wp\/v2\/types\/page"}],"author":[{"embeddable":true,"href":"https:\/\/wp.unil.ch\/swiss100\/de\/wp-json\/wp\/v2\/users\/1002150"}],"replies":[{"embeddable":true,"href":"https:\/\/wp.unil.ch\/swiss100\/de\/wp-json\/wp\/v2\/comments?post=3788"}],"version-history":[{"count":0,"href":"https:\/\/wp.unil.ch\/swiss100\/de\/wp-json\/wp\/v2\/pages\/3788\/revisions"}],"up":[{"embeddable":true,"href":"https:\/\/wp.unil.ch\/swiss100\/de\/wp-json\/wp\/v2\/pages\/919"}],"wp:attachment":[{"href":"https:\/\/wp.unil.ch\/swiss100\/de\/wp-json\/wp\/v2\/media?parent=3788"}],"curies":[{"name":"wp","href":"https:\/\/api.w.org\/{rel}","templated":true}]}}