{"id":2887,"date":"2022-03-16T15:36:03","date_gmt":"2022-03-16T14:36:03","guid":{"rendered":"https:\/\/wp.unil.ch\/swiss100\/?page_id=2887"},"modified":"2022-03-16T15:36:05","modified_gmt":"2022-03-16T14:36:05","slug":"stefano-cavalli","status":"publish","type":"page","link":"https:\/\/wp.unil.ch\/swiss100\/de\/team\/stefano-cavalli\/","title":{"rendered":"Stefano Cavalli"},"content":{"rendered":"\n<div class=\"wp-block-columns is-layout-flex wp-container-core-columns-is-layout-9d6595d7 wp-block-columns-is-layout-flex\">\n<div class=\"wp-block-column is-layout-flow wp-block-column-is-layout-flow\" style=\"flex-basis:33.33%\">\n<div class=\"wp-block-image\"><figure class=\"aligncenter size-large\"><img alt=\"\" loading=\"lazy\" decoding=\"async\" width=\"819\" height=\"1024\" src=\"https:\/\/wp.unil.ch\/swiss100\/files\/2021\/12\/stefanoVH-819x1024.jpg\" alt=\"\" class=\"wp-image-2478\" srcset=\"https:\/\/wp.unil.ch\/swiss100\/files\/2021\/12\/stefanoVH-819x1024.jpg 819w, https:\/\/wp.unil.ch\/swiss100\/files\/2021\/12\/stefanoVH-240x300.jpg 240w, https:\/\/wp.unil.ch\/swiss100\/files\/2021\/12\/stefanoVH-120x150.jpg 120w, https:\/\/wp.unil.ch\/swiss100\/files\/2021\/12\/stefanoVH-768x960.jpg 768w, https:\/\/wp.unil.ch\/swiss100\/files\/2021\/12\/stefanoVH-540x675.jpg 540w, https:\/\/wp.unil.ch\/swiss100\/files\/2021\/12\/stefanoVH.jpg 960w\" sizes=\"auto, (max-width: 819px) 100vw, 819px\" \/><figcaption><strong>Projektverantwortlicher<\/strong><\/figcaption><\/figure><\/div>\n\n\n\n<blockquote class=\"wp-block-quote is-layout-flow wp-block-quote-is-layout-flow\"><p><em><em>In SWISS100 interessiere ich mich vor allem daf\u00fcr, wie Hundertj\u00e4hrige Ver\u00e4nderungen in ihrem Leben erleben und wie historische Zeiten und Orte ihren Lebenslauf pr\u00e4gen.<\/em><\/em><\/p><\/blockquote>\n<\/div>\n\n\n\n<div class=\"wp-block-column is-layout-flow wp-block-column-is-layout-flow\" style=\"flex-basis:66.66%\">\n<h2 class=\"has-medium-font-size wp-block-heading\">positionen<\/h2>\n\n\n\n<ul class=\"wp-block-list\"><li>Professor f\u00fcr Lebenslauf und Altern, Fachhochschule der S\u00fcdschweiz (SUPSI)<\/li><li>Leiter des Kompetenzzentrums f\u00fcr Altern, SUPSI<\/li><li>Fakult\u00e4tsmitglied, Schweizerische Schule f\u00fcr \u00f6ffentliche Gesundheit (SSPH+)<\/li><\/ul>\n\n\n\n<h2 class=\"has-medium-font-size wp-block-heading\">Akademischer Hintergrund<\/h2>\n\n\n\n<ul class=\"wp-block-list\"><li>Doktorat in Soziologie, Universit\u00e4t Genf<\/li><\/ul>\n\n\n\n<h2 class=\"has-medium-font-size wp-block-heading\">Vorherige Erfahrungen<\/h2>\n\n\n\n<ul class=\"wp-block-list\"><li>Wissenschaftler, Zentrum f\u00fcr interdisziplin\u00e4re Studien zur Gerontologie und Vulnerabilit\u00e4t (CIGEV), Universit\u00e4t Genf<\/li><li>Wissenschaftler, NCCR LIVES &#8222;\u00dcberwindung der Vulnerabilit\u00e4t: Perspektiven im Lebensverlauf&#8220;<\/li><li>Gastwissenschaftler, Abteilung f\u00fcr Soziologie, Case Western Reserve University, USA<\/li><li>Lehrbeauftragter: Universit\u00e4t Lausanne, Universit\u00e4t Genf, Universidad de Chile<\/li><\/ul>\n\n\n\n<h2 class=\"has-medium-font-size wp-block-heading\">Forschungsschwerpunkte<\/h2>\n\n\n\n<ul class=\"wp-block-list\"><li>Soziale Konstruktion des Lebenslaufs<\/li><li>\u00dcberg\u00e4nge, Lebensereignisse und Wendepunkte<\/li><li>Vulnerabilit\u00e4t und soziale Ausgrenzung im Alter<\/li><\/ul>\n\n\n\n<h2 class=\"has-medium-font-size wp-block-heading\"><strong>Zus\u00e4tzliche Erfahrungen\/Meilensteine<\/strong><\/h2>\n\n\n\n<ul class=\"wp-block-list\"><li>CEVI &#8211; Ver\u00e4nderungen und Ereignisse im Lebensverlauf: Eine internationale Studie (15 L\u00e4nder) (Direktor und Koordinator des internationalen Netzwerks)<\/li><li>Eintreten f\u00fcr eine Gesellschaft des Rechts auf Sterben: Die Analyse eines \u00dcbergangs im Lebensverlauf (Principal Investigator)<\/li><li>Mitglied der Forschungsgruppe &#8222;Kultur, Kognition und Emotionen&#8220;, Universit\u00e4t des Baskenlandes, Spanien<\/li><\/ul>\n<\/div>\n<\/div>\n","protected":false},"excerpt":{"rendered":"<p>In SWISS100 interessiere ich mich vor allem daf\u00fcr, wie Hundertj\u00e4hrige Ver\u00e4nderungen in ihrem Leben erleben und wie historische Zeiten und Orte ihren Lebenslauf pr\u00e4gen. positionen Professor f\u00fcr Lebenslauf&hellip;<\/p>\n","protected":false},"author":1002150,"featured_media":0,"parent":919,"menu_order":-1,"comment_status":"closed","ping_status":"closed","template":"template-full-width.php","meta":{"_seopress_robots_primary_cat":"","_seopress_titles_title":"","_seopress_titles_desc":"","_seopress_robots_index":"","footnotes":""},"class_list":["post-2887","page","type-page","status-publish","has-post-thumbnail"],"_links":{"self":[{"href":"https:\/\/wp.unil.ch\/swiss100\/de\/wp-json\/wp\/v2\/pages\/2887","targetHints":{"allow":["GET"]}}],"collection":[{"href":"https:\/\/wp.unil.ch\/swiss100\/de\/wp-json\/wp\/v2\/pages"}],"about":[{"href":"https:\/\/wp.unil.ch\/swiss100\/de\/wp-json\/wp\/v2\/types\/page"}],"author":[{"embeddable":true,"href":"https:\/\/wp.unil.ch\/swiss100\/de\/wp-json\/wp\/v2\/users\/1002150"}],"replies":[{"embeddable":true,"href":"https:\/\/wp.unil.ch\/swiss100\/de\/wp-json\/wp\/v2\/comments?post=2887"}],"version-history":[{"count":0,"href":"https:\/\/wp.unil.ch\/swiss100\/de\/wp-json\/wp\/v2\/pages\/2887\/revisions"}],"up":[{"embeddable":true,"href":"https:\/\/wp.unil.ch\/swiss100\/de\/wp-json\/wp\/v2\/pages\/919"}],"wp:attachment":[{"href":"https:\/\/wp.unil.ch\/swiss100\/de\/wp-json\/wp\/v2\/media?parent=2887"}],"curies":[{"name":"wp","href":"https:\/\/api.w.org\/{rel}","templated":true}]}}